{"id":8785,"date":"2023-06-27T14:22:22","date_gmt":"2023-06-27T17:22:22","guid":{"rendered":"https:\/\/lightyellow-zebra-660216.hostingersite.com\/produto\/base-7-furos-tamanho-b\/"},"modified":"2023-08-01T10:03:55","modified_gmt":"2023-08-01T13:03:55","slug":"base-7-furos-tamanho-b","status":"publish","type":"product","link":"https:\/\/roboflex.com.br\/es\/produto\/base-7-furos-tamanho-b\/","title":{"rendered":"Base 7 Agujeros Tama\u00f1o B"},"content":{"rendered":"\t\t<div data-elementor-type=\"product-post\" data-elementor-id=\"8785\" class=\"elementor elementor-8785 elementor-2881\" data-elementor-post-type=\"product\">\n\t\t\t\t<div class=\"elementor-element elementor-element-9b505d7 elementor-hidden-tablet elementor-hidden-mobile e-flex e-con-boxed e-con e-parent\" data-id=\"9b505d7\" data-element_type=\"container\" data-e-type=\"container\">\n\t\t\t\t\t<div class=\"e-con-inner\">\n\t\t\t\t<div class=\"elementor-element elementor-element-60c097f elementor-widget elementor-widget-image\" data-id=\"60c097f\" data-element_type=\"widget\" data-e-type=\"widget\" data-widget_type=\"image.default\">\n\t\t\t\t<div class=\"elementor-widget-container\">\n\t\t\t\t\t\t\t\t\t\t\t\t\t\t\t<img decoding=\"async\" src=\"https:\/\/roboflex.com.br\/wp-content\/uploads\/elementor\/thumbs\/material-resistente-rcmke3a0y964ak5z33uf5rl3azk6734vyqr4lji74g.png\" title=\"material-resistente\" alt=\"material resistente\" loading=\"lazy\" \/>\t\t\t\t\t\t\t\t\t\t\t\t\t\t\t<\/div>\n\t\t\t\t<\/div>\n\t\t\t\t<div class=\"elementor-element elementor-element-d29846a elementor-widget elementor-widget-text-editor\" data-id=\"d29846a\" data-element_type=\"widget\" data-e-type=\"widget\" data-widget_type=\"text-editor.default\">\n\t\t\t\t<div class=\"elementor-widget-container\">\n\t\t\t\t\t\t\t\t\t<p>\u00a0Fabricado con material de alta resistencia y fiabilidad para los entornos m\u00e1s exigentes.<\/p>\t\t\t\t\t\t\t\t<\/div>\n\t\t\t\t<\/div>\n\t\t\t\t\t<\/div>\n\t\t\t\t<\/div>\n\t\t<div class=\"elementor-element elementor-element-d512945 elementor-hidden-tablet elementor-hidden-mobile e-flex e-con-boxed e-con e-parent\" data-id=\"d512945\" data-element_type=\"container\" data-e-type=\"container\">\n\t\t\t\t\t<div class=\"e-con-inner\">\n\t\t\t\t<div class=\"elementor-element elementor-element-daf016e elementor-widget elementor-widget-image\" data-id=\"daf016e\" data-element_type=\"widget\" data-e-type=\"widget\" data-widget_type=\"image.default\">\n\t\t\t\t<div class=\"elementor-widget-container\">\n\t\t\t\t\t\t\t\t\t\t\t\t\t\t\t<img decoding=\"async\" src=\"https:\/\/roboflex.com.br\/wp-content\/uploads\/elementor\/thumbs\/intemperies-rcmke3a10g3xvgknt1vz9kj0curr4oao9bzdwm124i.png\" title=\"intemp\u00e9ries\" alt=\"prote\u00e7\u00e3o contra intemp\u00e9ries\" loading=\"lazy\" \/>\t\t\t\t\t\t\t\t\t\t\t\t\t\t\t<\/div>\n\t\t\t\t<\/div>\n\t\t\t\t<div class=\"elementor-element elementor-element-63b30be elementor-widget elementor-widget-text-editor\" data-id=\"63b30be\" data-element_type=\"widget\" data-e-type=\"widget\" data-widget_type=\"text-editor.default\">\n\t\t\t\t<div class=\"elementor-widget-container\">\n\t\t\t\t\t\t\t\t\t<p>Protecci\u00f3n contra la intemperie (agua, luz, oxidaci\u00f3n, niebla salina y otros agentes externos).<\/p>\t\t\t\t\t\t\t\t<\/div>\n\t\t\t\t<\/div>\n\t\t\t\t\t<\/div>\n\t\t\t\t<\/div>\n\t\t<div class=\"elementor-element elementor-element-5dd817d elementor-hidden-tablet elementor-hidden-mobile e-flex e-con-boxed e-con e-parent\" data-id=\"5dd817d\" data-element_type=\"container\" data-e-type=\"container\">\n\t\t\t\t\t<div class=\"e-con-inner\">\n\t\t\t\t<div class=\"elementor-element elementor-element-a6bfdec elementor-widget elementor-widget-image\" data-id=\"a6bfdec\" data-element_type=\"widget\" data-e-type=\"widget\" data-widget_type=\"image.default\">\n\t\t\t\t<div class=\"elementor-widget-container\">\n\t\t\t\t\t\t\t\t\t\t\t\t\t\t\t<img decoding=\"async\" src=\"https:\/\/roboflex.com.br\/wp-content\/uploads\/elementor\/thumbs\/material-leve-rcmke1eckl3jnc8pe3160s2647tfroxfahg5mzkzgw.png\" title=\"material leve\" alt=\"material leve\" loading=\"lazy\" \/>\t\t\t\t\t\t\t\t\t\t\t\t\t\t\t<\/div>\n\t\t\t\t<\/div>\n\t\t\t\t<div class=\"elementor-element elementor-element-63f426b elementor-widget elementor-widget-text-editor\" data-id=\"63f426b\" data-element_type=\"widget\" data-e-type=\"widget\" data-widget_type=\"text-editor.default\">\n\t\t\t\t<div class=\"elementor-widget-container\">\n\t\t\t\t\t\t\t\t\t<p>\u00a0Producto de poco peso y dise\u00f1o moderno.<\/p>\t\t\t\t\t\t\t\t<\/div>\n\t\t\t\t<\/div>\n\t\t\t\t\t<\/div>\n\t\t\t\t<\/div>\n\t\t<div class=\"elementor-element elementor-element-dc91311 elementor-hidden-tablet elementor-hidden-mobile e-flex e-con-boxed e-con e-parent\" data-id=\"dc91311\" data-element_type=\"container\" data-e-type=\"container\">\n\t\t\t\t\t<div class=\"e-con-inner\">\n\t\t\t\t<div class=\"elementor-element elementor-element-7ec9c27 elementor-widget elementor-widget-image\" data-id=\"7ec9c27\" data-element_type=\"widget\" data-e-type=\"widget\" data-widget_type=\"image.default\">\n\t\t\t\t<div class=\"elementor-widget-container\">\n\t\t\t\t\t\t\t\t\t\t\t\t\t\t\t<img decoding=\"async\" src=\"https:\/\/roboflex.com.br\/wp-content\/uploads\/elementor\/thumbs\/longa-duracao-rcmke55pbx8oxs38s4noar40hrawmhccn023k3fes0.png\" title=\"longa dura\u00e7\u00e3o\" alt=\"longa dura\u00e7\u00e3o\" loading=\"lazy\" \/>\t\t\t\t\t\t\t\t\t\t\t\t\t\t\t<\/div>\n\t\t\t\t<\/div>\n\t\t\t\t<div class=\"elementor-element elementor-element-f597063 elementor-widget elementor-widget-text-editor\" data-id=\"f597063\" data-element_type=\"widget\" data-e-type=\"widget\" data-widget_type=\"text-editor.default\">\n\t\t\t\t<div class=\"elementor-widget-container\">\n\t\t\t\t\t\t\t\t\t<p>\u00a0Producto de larga duraci\u00f3n.<\/p>\t\t\t\t\t\t\t\t<\/div>\n\t\t\t\t<\/div>\n\t\t\t\t\t<\/div>\n\t\t\t\t<\/div>\n\t\t<div class=\"elementor-element elementor-element-6a4b65f elementor-hidden-desktop e-flex e-con-boxed e-con e-parent\" data-id=\"6a4b65f\" data-element_type=\"container\" data-e-type=\"container\">\n\t\t\t\t\t<div class=\"e-con-inner\">\n\t\t\t\t<div class=\"elementor-element elementor-element-c015cd7 elementor-widget elementor-widget-image\" data-id=\"c015cd7\" data-element_type=\"widget\" data-e-type=\"widget\" data-widget_type=\"image.default\">\n\t\t\t\t<div class=\"elementor-widget-container\">\n\t\t\t\t\t\t\t\t\t\t\t\t\t\t\t<img fetchpriority=\"high\" decoding=\"async\" width=\"800\" height=\"160\" src=\"https:\/\/roboflex.com.br\/wp-content\/uploads\/2023\/06\/material-resistente-celular-es.png\" class=\"attachment-large size-large wp-image-9438\" alt=\"\" srcset=\"https:\/\/roboflex.com.br\/wp-content\/uploads\/2023\/06\/material-resistente-celular-es.png 800w, https:\/\/roboflex.com.br\/wp-content\/uploads\/2023\/06\/material-resistente-celular-es-300x60.png 300w, https:\/\/roboflex.com.br\/wp-content\/uploads\/2023\/06\/material-resistente-celular-es-768x154.png 768w, https:\/\/roboflex.com.br\/wp-content\/uploads\/2023\/06\/material-resistente-celular-es-500x100.png 500w\" sizes=\"(max-width: 800px) 100vw, 800px\" \/>\t\t\t\t\t\t\t\t\t\t\t\t\t\t\t<\/div>\n\t\t\t\t<\/div>\n\t\t\t\t<div class=\"elementor-element elementor-element-0d4524c elementor-widget elementor-widget-image\" data-id=\"0d4524c\" data-element_type=\"widget\" data-e-type=\"widget\" data-widget_type=\"image.default\">\n\t\t\t\t<div class=\"elementor-widget-container\">\n\t\t\t\t\t\t\t\t\t\t\t\t\t\t\t<img decoding=\"async\" width=\"800\" height=\"160\" src=\"https:\/\/roboflex.com.br\/wp-content\/uploads\/2023\/06\/intemperies-celular-es.png\" class=\"attachment-large size-large wp-image-9441\" alt=\"\" srcset=\"https:\/\/roboflex.com.br\/wp-content\/uploads\/2023\/06\/intemperies-celular-es.png 800w, https:\/\/roboflex.com.br\/wp-content\/uploads\/2023\/06\/intemperies-celular-es-300x60.png 300w, https:\/\/roboflex.com.br\/wp-content\/uploads\/2023\/06\/intemperies-celular-es-768x154.png 768w, https:\/\/roboflex.com.br\/wp-content\/uploads\/2023\/06\/intemperies-celular-es-500x100.png 500w\" sizes=\"(max-width: 800px) 100vw, 800px\" \/>\t\t\t\t\t\t\t\t\t\t\t\t\t\t\t<\/div>\n\t\t\t\t<\/div>\n\t\t\t\t<div class=\"elementor-element elementor-element-4592d66 elementor-widget elementor-widget-image\" data-id=\"4592d66\" data-element_type=\"widget\" data-e-type=\"widget\" data-widget_type=\"image.default\">\n\t\t\t\t<div class=\"elementor-widget-container\">\n\t\t\t\t\t\t\t\t\t\t\t\t\t\t\t<img decoding=\"async\" width=\"800\" height=\"160\" src=\"https:\/\/roboflex.com.br\/wp-content\/uploads\/2023\/06\/material-leve-celular-es.png\" class=\"attachment-large size-large wp-image-9444\" alt=\"\" srcset=\"https:\/\/roboflex.com.br\/wp-content\/uploads\/2023\/06\/material-leve-celular-es.png 800w, https:\/\/roboflex.com.br\/wp-content\/uploads\/2023\/06\/material-leve-celular-es-300x60.png 300w, https:\/\/roboflex.com.br\/wp-content\/uploads\/2023\/06\/material-leve-celular-es-768x154.png 768w, https:\/\/roboflex.com.br\/wp-content\/uploads\/2023\/06\/material-leve-celular-es-500x100.png 500w\" sizes=\"(max-width: 800px) 100vw, 800px\" \/>\t\t\t\t\t\t\t\t\t\t\t\t\t\t\t<\/div>\n\t\t\t\t<\/div>\n\t\t\t\t<div class=\"elementor-element elementor-element-0247747 elementor-widget elementor-widget-image\" data-id=\"0247747\" data-element_type=\"widget\" data-e-type=\"widget\" data-widget_type=\"image.default\">\n\t\t\t\t<div class=\"elementor-widget-container\">\n\t\t\t\t\t\t\t\t\t\t\t\t\t\t\t<img loading=\"lazy\" decoding=\"async\" width=\"800\" height=\"160\" src=\"https:\/\/roboflex.com.br\/wp-content\/uploads\/2023\/06\/longa-duracao-celular-es.png\" class=\"attachment-large size-large wp-image-9447\" alt=\"\" srcset=\"https:\/\/roboflex.com.br\/wp-content\/uploads\/2023\/06\/longa-duracao-celular-es.png 800w, https:\/\/roboflex.com.br\/wp-content\/uploads\/2023\/06\/longa-duracao-celular-es-300x60.png 300w, https:\/\/roboflex.com.br\/wp-content\/uploads\/2023\/06\/longa-duracao-celular-es-768x154.png 768w, https:\/\/roboflex.com.br\/wp-content\/uploads\/2023\/06\/longa-duracao-celular-es-500x100.png 500w\" sizes=\"(max-width: 800px) 100vw, 800px\" \/>\t\t\t\t\t\t\t\t\t\t\t\t\t\t\t<\/div>\n\t\t\t\t<\/div>\n\t\t\t\t\t<\/div>\n\t\t\t\t<\/div>\n\t\t<div class=\"elementor-element elementor-element-5a13861 elementor-hidden-mobile e-flex e-con-boxed e-con e-parent\" data-id=\"5a13861\" data-element_type=\"container\" data-e-type=\"container\">\n\t\t\t\t\t<div class=\"e-con-inner\">\n\t\t\t\t<div class=\"elementor-element elementor-element-f51a349 elementor-widget elementor-widget-heading\" data-id=\"f51a349\" data-element_type=\"widget\" data-e-type=\"widget\" data-widget_type=\"heading.default\">\n\t\t\t\t<div class=\"elementor-widget-container\">\n\t\t\t\t\t<h2 class=\"elementor-heading-title elementor-size-default\">Complete su soluci\u00f3n<\/h2>\t\t\t\t<\/div>\n\t\t\t\t<\/div>\n\t\t\t\t\t<\/div>\n\t\t\t\t<\/div>\n\t\t<div class=\"elementor-element elementor-element-dfd9aa2 elementor-hidden-desktop elementor-hidden-tablet e-flex e-con-boxed e-con e-parent\" data-id=\"dfd9aa2\" data-element_type=\"container\" data-e-type=\"container\">\n\t\t\t\t\t<div class=\"e-con-inner\">\n\t\t\t\t<div class=\"elementor-element elementor-element-9b26791 elementor-widget elementor-widget-heading\" data-id=\"9b26791\" data-element_type=\"widget\" data-e-type=\"widget\" data-widget_type=\"heading.default\">\n\t\t\t\t<div class=\"elementor-widget-container\">\n\t\t\t\t\t<h2 class=\"elementor-heading-title elementor-size-default\">Complete su soluci\u00f3n<\/h2>\t\t\t\t<\/div>\n\t\t\t\t<\/div>\n\t\t\t\t\t<\/div>\n\t\t\t\t<\/div>\n\t\t\t\t<\/div>\n\t\t","protected":false},"excerpt":{"rendered":"<ul>\n<li>Base de 7 orificios para fijar a una superficie plana o a un equipo.<\/li>\n<li>Compatible con productos de tama\u00f1o B (bola de 1&#8243;), soporta hasta 1 kg en estado est\u00e1tico y 0,7 kg en estado vibratorio.<\/li>\n<\/ul>\n<p><img loading=\"lazy\" decoding=\"async\" class=\"size-medium wp-image-2882 alignright\" src=\"https:\/\/lightyellow-zebra-660216.hostingersite.com\/wp-content\/uploads\/2023\/06\/Amps-base-7-furos-300x300.png\" alt=\"\" width=\"300\" height=\"300\" srcset=\"https:\/\/roboflex.com.br\/wp-content\/uploads\/2023\/06\/Amps-base-7-furos-300x300.png 300w, https:\/\/roboflex.com.br\/wp-content\/uploads\/2023\/06\/Amps-base-7-furos-150x150.png 150w, https:\/\/roboflex.com.br\/wp-content\/uploads\/2023\/06\/Amps-base-7-furos-768x768.png 768w, https:\/\/roboflex.com.br\/wp-content\/uploads\/2023\/06\/Amps-base-7-furos-500x500.png 500w, https:\/\/roboflex.com.br\/wp-content\/uploads\/2023\/06\/Amps-base-7-furos-100x100.png 100w, https:\/\/roboflex.com.br\/wp-content\/uploads\/2023\/06\/Amps-base-7-furos.png 1000w\" sizes=\"(max-width: 300px) 100vw, 300px\" \/><\/p>\n<p>&nbsp;<\/p>\n<p>&nbsp;<\/p>\n<p>&nbsp;<\/p>\n<ul>\n<li>Patr\u00f3n de agujeros: 4 agujeros AMPS 30 x 38 mm<\/li>\n<\/ul>\n<p>&nbsp;<\/p>\n<ul>\n<li>Peso: 60g<\/li>\n<li>Dimensiones: 61,50 mm x 52 mm(C x L)<\/li>\n<li>Tornillos y elementos de fijaci\u00f3n no incluidos en el producto<\/li>\n<\/ul>\n<p>&nbsp;<\/p>\n","protected":false},"featured_media":2887,"template":"","meta":{"_acf_changed":false,"site-sidebar-layout":"no-sidebar","site-content-layout":"page-builder","ast-site-content-layout":"full-width-container","site-content-style":"unboxed","site-sidebar-style":"unboxed","ast-global-header-display":"","ast-banner-title-visibility":"","ast-main-header-display":"","ast-hfb-above-header-display":"","ast-hfb-below-header-display":"","ast-hfb-mobile-header-display":"","site-post-title":"disabled","ast-breadcrumbs-content":"","ast-featured-img":"disabled","footer-sml-layout":"","theme-transparent-header-meta":"default","adv-header-id-meta":"","stick-header-meta":"","header-above-stick-meta":"","header-main-stick-meta":"","header-below-stick-meta":"","astra-migrate-meta-layouts":"default","ast-page-background-enabled":"default","ast-page-background-meta":{"desktop":{"background-color":"var(--ast-global-color-4)","background-image":"","background-repeat":"repeat","background-position":"center center","background-size":"auto","background-attachment":"scroll","background-type":"","background-media":"","overlay-type":"","overlay-color":"","overlay-opacity":"","overlay-gradient":""},"tablet":{"background-color":"","background-image":"","background-repeat":"repeat","background-position":"center center","background-size":"auto","background-attachment":"scroll","background-type":"","background-media":"","overlay-type":"","overlay-color":"","overlay-opacity":"","overlay-gradient":""},"mobile":{"background-color":"","background-image":"","background-repeat":"repeat","background-position":"center center","background-size":"auto","background-attachment":"scroll","background-type":"","background-media":"","overlay-type":"","overlay-color":"","overlay-opacity":"","overlay-gradient":""}},"ast-content-background-meta":{"desktop":{"background-color":"var(--ast-global-color-5)","background-image":"","background-repeat":"repeat","background-position":"center center","background-size":"auto","background-attachment":"scroll","background-type":"","background-media":"","overlay-type":"","overlay-color":"","overlay-opacity":"","overlay-gradient":""},"tablet":{"background-color":"var(--ast-global-color-5)","background-image":"","background-repeat":"repeat","background-position":"center center","background-size":"auto","background-attachment":"scroll","background-type":"","background-media":"","overlay-type":"","overlay-color":"","overlay-opacity":"","overlay-gradient":""},"mobile":{"background-color":"var(--ast-global-color-5)","background-image":"","background-repeat":"repeat","background-position":"center center","background-size":"auto","background-attachment":"scroll","background-type":"","background-media":"","overlay-type":"","overlay-color":"","overlay-opacity":"","overlay-gradient":""}}},"product_brand":[],"product_cat":[188,180,166],"product_tag":[211],"class_list":{"0":"post-8785","1":"product","2":"type-product","3":"status-publish","4":"has-post-thumbnail","6":"product_cat-atornillado-es","7":"product_cat-bases-es","8":"product_cat-soportes-es","9":"product_tag-base-1-es","10":"desktop-align-left","11":"tablet-align-left","12":"mobile-align-left","14":"first","15":"instock","16":"shipping-taxable","17":"product-type-simple"},"acf":[],"_links":{"self":[{"href":"https:\/\/roboflex.com.br\/es\/wp-json\/wp\/v2\/product\/8785","targetHints":{"allow":["GET"]}}],"collection":[{"href":"https:\/\/roboflex.com.br\/es\/wp-json\/wp\/v2\/product"}],"about":[{"href":"https:\/\/roboflex.com.br\/es\/wp-json\/wp\/v2\/types\/product"}],"version-history":[{"count":0,"href":"https:\/\/roboflex.com.br\/es\/wp-json\/wp\/v2\/product\/8785\/revisions"}],"wp:featuredmedia":[{"embeddable":true,"href":"https:\/\/roboflex.com.br\/es\/wp-json\/wp\/v2\/media\/2887"}],"wp:attachment":[{"href":"https:\/\/roboflex.com.br\/es\/wp-json\/wp\/v2\/media?parent=8785"}],"wp:term":[{"taxonomy":"product_brand","embeddable":true,"href":"https:\/\/roboflex.com.br\/es\/wp-json\/wp\/v2\/product_brand?post=8785"},{"taxonomy":"product_cat","embeddable":true,"href":"https:\/\/roboflex.com.br\/es\/wp-json\/wp\/v2\/product_cat?post=8785"},{"taxonomy":"product_tag","embeddable":true,"href":"https:\/\/roboflex.com.br\/es\/wp-json\/wp\/v2\/product_tag?post=8785"}],"curies":[{"name":"wp","href":"https:\/\/api.w.org\/{rel}","templated":true}]}}