{"id":8765,"date":"2023-06-27T20:16:40","date_gmt":"2023-06-27T23:16:40","guid":{"rendered":"https:\/\/lightyellow-zebra-660216.hostingersite.com\/produto\/base-tubular-dupla-tamanho-b\/"},"modified":"2023-08-01T10:53:12","modified_gmt":"2023-08-01T13:53:12","slug":"base-tubular-dupla-tamanho-b","status":"publish","type":"product","link":"https:\/\/roboflex.com.br\/es\/produto\/base-tubular-dupla-tamanho-b\/","title":{"rendered":"Base tubular doble Tama\u00f1o B"},"content":{"rendered":"\t\t<div data-elementor-type=\"product-post\" data-elementor-id=\"8765\" class=\"elementor elementor-8765 elementor-3150\" data-elementor-post-type=\"product\">\n\t\t\t\t<div class=\"elementor-element elementor-element-ff68b41 elementor-hidden-tablet elementor-hidden-mobile e-flex e-con-boxed e-con e-parent\" data-id=\"ff68b41\" data-element_type=\"container\" data-e-type=\"container\">\n\t\t\t\t\t<div class=\"e-con-inner\">\n\t\t\t\t<div class=\"elementor-element elementor-element-cf78f4b elementor-widget elementor-widget-image\" data-id=\"cf78f4b\" data-element_type=\"widget\" data-e-type=\"widget\" data-widget_type=\"image.default\">\n\t\t\t\t<div class=\"elementor-widget-container\">\n\t\t\t\t\t\t\t\t\t\t\t\t\t\t\t<img decoding=\"async\" src=\"https:\/\/roboflex.com.br\/wp-content\/uploads\/elementor\/thumbs\/material-resistente-rcmke3a0y964ak5z33uf5rl3azk6734vyqr4lji74g.png\" title=\"material-resistente\" alt=\"material resistente\" loading=\"lazy\" \/>\t\t\t\t\t\t\t\t\t\t\t\t\t\t\t<\/div>\n\t\t\t\t<\/div>\n\t\t\t\t<div class=\"elementor-element elementor-element-a4ba479 elementor-widget elementor-widget-text-editor\" data-id=\"a4ba479\" data-element_type=\"widget\" data-e-type=\"widget\" data-widget_type=\"text-editor.default\">\n\t\t\t\t<div class=\"elementor-widget-container\">\n\t\t\t\t\t\t\t\t\t<p>Fabricado con material de alta resistencia y fiabilidad para los entornos m\u00e1s exigentes.<\/p>\t\t\t\t\t\t\t\t<\/div>\n\t\t\t\t<\/div>\n\t\t\t\t\t<\/div>\n\t\t\t\t<\/div>\n\t\t<div class=\"elementor-element elementor-element-265277a elementor-hidden-tablet elementor-hidden-mobile e-flex e-con-boxed e-con e-parent\" data-id=\"265277a\" data-element_type=\"container\" data-e-type=\"container\">\n\t\t\t\t\t<div class=\"e-con-inner\">\n\t\t\t\t<div class=\"elementor-element elementor-element-be3a95d elementor-widget elementor-widget-image\" data-id=\"be3a95d\" data-element_type=\"widget\" data-e-type=\"widget\" data-widget_type=\"image.default\">\n\t\t\t\t<div class=\"elementor-widget-container\">\n\t\t\t\t\t\t\t\t\t\t\t\t\t\t\t<img decoding=\"async\" src=\"https:\/\/roboflex.com.br\/wp-content\/uploads\/elementor\/thumbs\/intemperies-rcmke3a10g3xvgknt1vz9kj0curr4oao9bzdwm124i.png\" title=\"intemp\u00e9ries\" alt=\"prote\u00e7\u00e3o contra intemp\u00e9ries\" loading=\"lazy\" \/>\t\t\t\t\t\t\t\t\t\t\t\t\t\t\t<\/div>\n\t\t\t\t<\/div>\n\t\t\t\t<div class=\"elementor-element elementor-element-eb7e5c6 elementor-widget elementor-widget-text-editor\" data-id=\"eb7e5c6\" data-element_type=\"widget\" data-e-type=\"widget\" data-widget_type=\"text-editor.default\">\n\t\t\t\t<div class=\"elementor-widget-container\">\n\t\t\t\t\t\t\t\t\t<p>Protecci\u00f3n contra la intemperie (agua, luz, oxidaci\u00f3n, niebla salina y otros agentes externos).<\/p>\t\t\t\t\t\t\t\t<\/div>\n\t\t\t\t<\/div>\n\t\t\t\t\t<\/div>\n\t\t\t\t<\/div>\n\t\t<div class=\"elementor-element elementor-element-ca036df elementor-hidden-tablet elementor-hidden-mobile e-flex e-con-boxed e-con e-parent\" data-id=\"ca036df\" data-element_type=\"container\" data-e-type=\"container\">\n\t\t\t\t\t<div class=\"e-con-inner\">\n\t\t\t\t<div class=\"elementor-element elementor-element-d4e4f83 elementor-widget elementor-widget-image\" data-id=\"d4e4f83\" data-element_type=\"widget\" data-e-type=\"widget\" data-widget_type=\"image.default\">\n\t\t\t\t<div class=\"elementor-widget-container\">\n\t\t\t\t\t\t\t\t\t\t\t\t\t\t\t<img decoding=\"async\" src=\"https:\/\/roboflex.com.br\/wp-content\/uploads\/elementor\/thumbs\/longa-duracao-rcmke55pbx8oxs38s4noar40hrawmhccn023k3fes0.png\" title=\"longa dura\u00e7\u00e3o\" alt=\"longa dura\u00e7\u00e3o\" loading=\"lazy\" \/>\t\t\t\t\t\t\t\t\t\t\t\t\t\t\t<\/div>\n\t\t\t\t<\/div>\n\t\t\t\t<div class=\"elementor-element elementor-element-cbd9a55 elementor-widget elementor-widget-text-editor\" data-id=\"cbd9a55\" data-element_type=\"widget\" data-e-type=\"widget\" data-widget_type=\"text-editor.default\">\n\t\t\t\t<div class=\"elementor-widget-container\">\n\t\t\t\t\t\t\t\t\t<p>Producto de larga duraci\u00f3n.<\/p>\t\t\t\t\t\t\t\t<\/div>\n\t\t\t\t<\/div>\n\t\t\t\t\t<\/div>\n\t\t\t\t<\/div>\n\t\t<div class=\"elementor-element elementor-element-534ac25 elementor-hidden-desktop e-flex e-con-boxed e-con e-parent\" data-id=\"534ac25\" data-element_type=\"container\" data-e-type=\"container\">\n\t\t\t\t\t<div class=\"e-con-inner\">\n\t\t\t\t<div class=\"elementor-element elementor-element-ecb93c8 elementor-widget elementor-widget-image\" data-id=\"ecb93c8\" data-element_type=\"widget\" data-e-type=\"widget\" data-widget_type=\"image.default\">\n\t\t\t\t<div class=\"elementor-widget-container\">\n\t\t\t\t\t\t\t\t\t\t\t\t\t\t\t<img fetchpriority=\"high\" decoding=\"async\" width=\"800\" height=\"160\" src=\"https:\/\/roboflex.com.br\/wp-content\/uploads\/2023\/06\/material-resistente-celular-es.png\" class=\"attachment-large size-large wp-image-9438\" alt=\"\" srcset=\"https:\/\/roboflex.com.br\/wp-content\/uploads\/2023\/06\/material-resistente-celular-es.png 800w, https:\/\/roboflex.com.br\/wp-content\/uploads\/2023\/06\/material-resistente-celular-es-300x60.png 300w, https:\/\/roboflex.com.br\/wp-content\/uploads\/2023\/06\/material-resistente-celular-es-768x154.png 768w, https:\/\/roboflex.com.br\/wp-content\/uploads\/2023\/06\/material-resistente-celular-es-500x100.png 500w\" sizes=\"(max-width: 800px) 100vw, 800px\" \/>\t\t\t\t\t\t\t\t\t\t\t\t\t\t\t<\/div>\n\t\t\t\t<\/div>\n\t\t\t\t<div class=\"elementor-element elementor-element-3b12e17 elementor-widget elementor-widget-image\" data-id=\"3b12e17\" data-element_type=\"widget\" data-e-type=\"widget\" data-widget_type=\"image.default\">\n\t\t\t\t<div class=\"elementor-widget-container\">\n\t\t\t\t\t\t\t\t\t\t\t\t\t\t\t<img decoding=\"async\" width=\"800\" height=\"160\" src=\"https:\/\/roboflex.com.br\/wp-content\/uploads\/2023\/06\/intemperies-celular-es.png\" class=\"attachment-large size-large wp-image-9441\" alt=\"\" srcset=\"https:\/\/roboflex.com.br\/wp-content\/uploads\/2023\/06\/intemperies-celular-es.png 800w, https:\/\/roboflex.com.br\/wp-content\/uploads\/2023\/06\/intemperies-celular-es-300x60.png 300w, https:\/\/roboflex.com.br\/wp-content\/uploads\/2023\/06\/intemperies-celular-es-768x154.png 768w, https:\/\/roboflex.com.br\/wp-content\/uploads\/2023\/06\/intemperies-celular-es-500x100.png 500w\" sizes=\"(max-width: 800px) 100vw, 800px\" \/>\t\t\t\t\t\t\t\t\t\t\t\t\t\t\t<\/div>\n\t\t\t\t<\/div>\n\t\t\t\t<div class=\"elementor-element elementor-element-0ce90a7 elementor-widget elementor-widget-image\" data-id=\"0ce90a7\" data-element_type=\"widget\" data-e-type=\"widget\" data-widget_type=\"image.default\">\n\t\t\t\t<div class=\"elementor-widget-container\">\n\t\t\t\t\t\t\t\t\t\t\t\t\t\t\t<img decoding=\"async\" width=\"800\" height=\"160\" src=\"https:\/\/roboflex.com.br\/wp-content\/uploads\/2023\/06\/longa-duracao-celular-es.png\" class=\"attachment-large size-large wp-image-9447\" alt=\"\" srcset=\"https:\/\/roboflex.com.br\/wp-content\/uploads\/2023\/06\/longa-duracao-celular-es.png 800w, https:\/\/roboflex.com.br\/wp-content\/uploads\/2023\/06\/longa-duracao-celular-es-300x60.png 300w, https:\/\/roboflex.com.br\/wp-content\/uploads\/2023\/06\/longa-duracao-celular-es-768x154.png 768w, https:\/\/roboflex.com.br\/wp-content\/uploads\/2023\/06\/longa-duracao-celular-es-500x100.png 500w\" sizes=\"(max-width: 800px) 100vw, 800px\" \/>\t\t\t\t\t\t\t\t\t\t\t\t\t\t\t<\/div>\n\t\t\t\t<\/div>\n\t\t\t\t\t<\/div>\n\t\t\t\t<\/div>\n\t\t<div class=\"elementor-element elementor-element-999a60d elementor-hidden-mobile e-flex e-con-boxed e-con e-parent\" data-id=\"999a60d\" data-element_type=\"container\" data-e-type=\"container\">\n\t\t\t\t\t<div class=\"e-con-inner\">\n\t\t\t\t<div class=\"elementor-element elementor-element-8cfbe1d elementor-widget elementor-widget-heading\" data-id=\"8cfbe1d\" data-element_type=\"widget\" data-e-type=\"widget\" data-widget_type=\"heading.default\">\n\t\t\t\t<div class=\"elementor-widget-container\">\n\t\t\t\t\t<h2 class=\"elementor-heading-title elementor-size-default\">Complete su soluci\u00f3n<\/h2>\t\t\t\t<\/div>\n\t\t\t\t<\/div>\n\t\t\t\t\t<\/div>\n\t\t\t\t<\/div>\n\t\t<div class=\"elementor-element elementor-element-cd60c6a elementor-hidden-desktop elementor-hidden-tablet e-flex e-con-boxed e-con e-parent\" data-id=\"cd60c6a\" data-element_type=\"container\" data-e-type=\"container\">\n\t\t\t\t\t<div class=\"e-con-inner\">\n\t\t\t\t<div class=\"elementor-element elementor-element-8a29d25 elementor-widget elementor-widget-heading\" data-id=\"8a29d25\" data-element_type=\"widget\" data-e-type=\"widget\" data-widget_type=\"heading.default\">\n\t\t\t\t<div class=\"elementor-widget-container\">\n\t\t\t\t\t<h2 class=\"elementor-heading-title elementor-size-default\">Complete su soluci\u00f3n<\/h2>\t\t\t\t<\/div>\n\t\t\t\t<\/div>\n\t\t\t\t\t<\/div>\n\t\t\t\t<\/div>\n\t\t\t\t<\/div>\n\t\t","protected":false},"excerpt":{"rendered":"<ul>\n<li>Las bases tubulares ofrecen una soluci\u00f3n pr\u00e1ctica y segura para la fijaci\u00f3n a objetos de forma tubular<\/li>\n<li>Ideal para instalar en carretillas elevadoras, tractores y otros espacios con tubos redondos<\/li>\n<li>Compatible con productos de tama\u00f1o B (bola de 1&#8243;), soporta hasta 1 kg en estado est\u00e1tico y 0,7 kg en estado vibratorio.<br \/>\n<img loading=\"lazy\" decoding=\"async\" class=\"alignright wp-image-3039\" src=\"https:\/\/lightyellow-zebra-660216.hostingersite.com\/wp-content\/uploads\/2023\/06\/diametro-base-tubular-300x300.png\" alt=\"\" width=\"250\" height=\"250\" srcset=\"https:\/\/roboflex.com.br\/wp-content\/uploads\/2023\/06\/diametro-base-tubular-300x300.png 300w, https:\/\/roboflex.com.br\/wp-content\/uploads\/2023\/06\/diametro-base-tubular-150x150.png 150w, https:\/\/roboflex.com.br\/wp-content\/uploads\/2023\/06\/diametro-base-tubular-100x100.png 100w, https:\/\/roboflex.com.br\/wp-content\/uploads\/2023\/06\/diametro-base-tubular.png 500w\" sizes=\"(max-width: 250px) 100vw, 250px\" \/><\/li>\n<\/ul>\n<p>&nbsp;<\/p>\n<p>&nbsp;<\/p>\n<p>Puede instalarse en tubos de hasta 28 mm.<\/p>\n<p>&nbsp;<\/p>\n<p>Peso: 200g<br \/>\nArt\u00edculos incluidos:<\/p>\n<ul>\n<li>1 base con bola tama\u00f1o B<\/li>\n<li>2 Abrazaderas en U<\/li>\n<li>4 Tuercas de 1\/4&#8243;<\/li>\n<li>4 arandelas 1\/4&#8243;<\/li>\n<\/ul>\n","protected":false},"featured_media":3457,"template":"","meta":{"_acf_changed":false,"site-sidebar-layout":"no-sidebar","site-content-layout":"page-builder","ast-site-content-layout":"full-width-container","site-content-style":"unboxed","site-sidebar-style":"unboxed","ast-global-header-display":"","ast-banner-title-visibility":"","ast-main-header-display":"","ast-hfb-above-header-display":"","ast-hfb-below-header-display":"","ast-hfb-mobile-header-display":"","site-post-title":"disabled","ast-breadcrumbs-content":"","ast-featured-img":"disabled","footer-sml-layout":"","theme-transparent-header-meta":"default","adv-header-id-meta":"","stick-header-meta":"","header-above-stick-meta":"","header-main-stick-meta":"","header-below-stick-meta":"","astra-migrate-meta-layouts":"default","ast-page-background-enabled":"default","ast-page-background-meta":{"desktop":{"background-color":"var(--ast-global-color-4)","background-image":"","background-repeat":"repeat","background-position":"center center","background-size":"auto","background-attachment":"scroll","background-type":"","background-media":"","overlay-type":"","overlay-color":"","overlay-opacity":"","overlay-gradient":""},"tablet":{"background-color":"","background-image":"","background-repeat":"repeat","background-position":"center center","background-size":"auto","background-attachment":"scroll","background-type":"","background-media":"","overlay-type":"","overlay-color":"","overlay-opacity":"","overlay-gradient":""},"mobile":{"background-color":"","background-image":"","background-repeat":"repeat","background-position":"center center","background-size":"auto","background-attachment":"scroll","background-type":"","background-media":"","overlay-type":"","overlay-color":"","overlay-opacity":"","overlay-gradient":""}},"ast-content-background-meta":{"desktop":{"background-color":"var(--ast-global-color-5)","background-image":"","background-repeat":"repeat","background-position":"center center","background-size":"auto","background-attachment":"scroll","background-type":"","background-media":"","overlay-type":"","overlay-color":"","overlay-opacity":"","overlay-gradient":""},"tablet":{"background-color":"var(--ast-global-color-5)","background-image":"","background-repeat":"repeat","background-position":"center center","background-size":"auto","background-attachment":"scroll","background-type":"","background-media":"","overlay-type":"","overlay-color":"","overlay-opacity":"","overlay-gradient":""},"mobile":{"background-color":"var(--ast-global-color-5)","background-image":"","background-repeat":"repeat","background-position":"center center","background-size":"auto","background-attachment":"scroll","background-type":"","background-media":"","overlay-type":"","overlay-color":"","overlay-opacity":"","overlay-gradient":""}}},"product_brand":[],"product_cat":[180,190,166],"product_tag":[211],"class_list":{"0":"post-8765","1":"product","2":"type-product","3":"status-publish","4":"has-post-thumbnail","6":"product_cat-bases-es","7":"product_cat-movil-es","8":"product_cat-soportes-es","9":"product_tag-base-1-es","10":"desktop-align-left","11":"tablet-align-left","12":"mobile-align-left","14":"first","15":"instock","16":"shipping-taxable","17":"product-type-simple"},"acf":[],"_links":{"self":[{"href":"https:\/\/roboflex.com.br\/es\/wp-json\/wp\/v2\/product\/8765","targetHints":{"allow":["GET"]}}],"collection":[{"href":"https:\/\/roboflex.com.br\/es\/wp-json\/wp\/v2\/product"}],"about":[{"href":"https:\/\/roboflex.com.br\/es\/wp-json\/wp\/v2\/types\/product"}],"version-history":[{"count":0,"href":"https:\/\/roboflex.com.br\/es\/wp-json\/wp\/v2\/product\/8765\/revisions"}],"wp:featuredmedia":[{"embeddable":true,"href":"https:\/\/roboflex.com.br\/es\/wp-json\/wp\/v2\/media\/3457"}],"wp:attachment":[{"href":"https:\/\/roboflex.com.br\/es\/wp-json\/wp\/v2\/media?parent=8765"}],"wp:term":[{"taxonomy":"product_brand","embeddable":true,"href":"https:\/\/roboflex.com.br\/es\/wp-json\/wp\/v2\/product_brand?post=8765"},{"taxonomy":"product_cat","embeddable":true,"href":"https:\/\/roboflex.com.br\/es\/wp-json\/wp\/v2\/product_cat?post=8765"},{"taxonomy":"product_tag","embeddable":true,"href":"https:\/\/roboflex.com.br\/es\/wp-json\/wp\/v2\/product_tag?post=8765"}],"curies":[{"name":"wp","href":"https:\/\/api.w.org\/{rel}","templated":true}]}}