{"id":8761,"date":"2023-06-27T20:39:31","date_gmt":"2023-06-27T23:39:31","guid":{"rendered":"https:\/\/lightyellow-zebra-660216.hostingersite.com\/produto\/base-adesiva-tamanho-b\/"},"modified":"2023-08-01T11:43:33","modified_gmt":"2023-08-01T14:43:33","slug":"base-adesiva-tamanho-b","status":"publish","type":"product","link":"https:\/\/roboflex.com.br\/es\/produto\/base-adesiva-tamanho-b\/","title":{"rendered":"Base adhesiva Tama\u00f1o B"},"content":{"rendered":"\t\t<div data-elementor-type=\"product-post\" data-elementor-id=\"8761\" class=\"elementor elementor-8761 elementor-3184\" data-elementor-post-type=\"product\">\n\t\t\t\t<div class=\"elementor-element elementor-element-200074b elementor-hidden-tablet elementor-hidden-mobile e-flex e-con-boxed e-con e-parent\" data-id=\"200074b\" data-element_type=\"container\" data-e-type=\"container\">\n\t\t\t\t\t<div class=\"e-con-inner\">\n\t\t\t\t<div class=\"elementor-element elementor-element-af83996 elementor-widget elementor-widget-image\" data-id=\"af83996\" data-element_type=\"widget\" data-e-type=\"widget\" data-widget_type=\"image.default\">\n\t\t\t\t<div class=\"elementor-widget-container\">\n\t\t\t\t\t\t\t\t\t\t\t\t\t\t\t<img decoding=\"async\" src=\"https:\/\/roboflex.com.br\/wp-content\/uploads\/elementor\/thumbs\/resistencia-base-adesiva-rcmke0gimitjnbwtfcsrvi2dqaseacgu4pppdzptnc.png\" title=\"resist\u00eancia base adesiva\" alt=\"resist\u00eancia base adesiva\" loading=\"lazy\" \/>\t\t\t\t\t\t\t\t\t\t\t\t\t\t\t<\/div>\n\t\t\t\t<\/div>\n\t\t\t\t<div class=\"elementor-element elementor-element-99adff5 elementor-widget elementor-widget-text-editor\" data-id=\"99adff5\" data-element_type=\"widget\" data-e-type=\"widget\" data-widget_type=\"text-editor.default\">\n\t\t\t\t<div class=\"elementor-widget-container\">\n\t\t\t\t\t\t\t\t\t<p>Adhesivo de alto rendimiento con una resistencia de hasta 150 \u00baC despu\u00e9s de su aplicaci\u00f3n.<\/p>\t\t\t\t\t\t\t\t<\/div>\n\t\t\t\t<\/div>\n\t\t\t\t\t<\/div>\n\t\t\t\t<\/div>\n\t\t<div class=\"elementor-element elementor-element-d11cd6c elementor-hidden-tablet elementor-hidden-mobile e-flex e-con-boxed e-con e-parent\" data-id=\"d11cd6c\" data-element_type=\"container\" data-e-type=\"container\">\n\t\t\t\t\t<div class=\"e-con-inner\">\n\t\t\t\t<div class=\"elementor-element elementor-element-de2de4c elementor-widget elementor-widget-image\" data-id=\"de2de4c\" data-element_type=\"widget\" data-e-type=\"widget\" data-widget_type=\"image.default\">\n\t\t\t\t<div class=\"elementor-widget-container\">\n\t\t\t\t\t\t\t\t\t\t\t\t\t\t\t<img decoding=\"async\" src=\"https:\/\/roboflex.com.br\/wp-content\/uploads\/elementor\/thumbs\/remocao-base-adesiva-rcmke3a170xem5spyw0nkzcrigehxfs153o5ttln4o.png\" title=\"remo\u00e7\u00e3o base adesiva\" alt=\"remo\u00e7\u00e3o base adesiva\" loading=\"lazy\" \/>\t\t\t\t\t\t\t\t\t\t\t\t\t\t\t<\/div>\n\t\t\t\t<\/div>\n\t\t\t\t<div class=\"elementor-element elementor-element-872ae15 elementor-widget elementor-widget-text-editor\" data-id=\"872ae15\" data-element_type=\"widget\" data-e-type=\"widget\" data-widget_type=\"text-editor.default\">\n\t\t\t\t<div class=\"elementor-widget-container\">\n\t\t\t\t\t\t\t\t\t<p>F\u00e1cil proceso de retirada del producto despu\u00e9s de su periodo de uso.<\/p>\t\t\t\t\t\t\t\t<\/div>\n\t\t\t\t<\/div>\n\t\t\t\t\t<\/div>\n\t\t\t\t<\/div>\n\t\t<div class=\"elementor-element elementor-element-2d20ef0 elementor-hidden-tablet elementor-hidden-mobile e-flex e-con-boxed e-con e-parent\" data-id=\"2d20ef0\" data-element_type=\"container\" data-e-type=\"container\">\n\t\t\t\t\t<div class=\"e-con-inner\">\n\t\t\t\t<div class=\"elementor-element elementor-element-2ec4e09 elementor-widget elementor-widget-image\" data-id=\"2ec4e09\" data-element_type=\"widget\" data-e-type=\"widget\" data-widget_type=\"image.default\">\n\t\t\t\t<div class=\"elementor-widget-container\">\n\t\t\t\t\t\t\t\t\t\t\t\t\t\t\t<img decoding=\"async\" src=\"https:\/\/roboflex.com.br\/wp-content\/uploads\/elementor\/thumbs\/fixacao-base-adesiva-rcmke47vduyoxrrctefa5h483u9v54vrh8bnb3k8yg.png\" title=\"fixa\u00e7\u00e3o base adesiva\" alt=\"fixa\u00e7\u00e3o base adesiva\" loading=\"lazy\" \/>\t\t\t\t\t\t\t\t\t\t\t\t\t\t\t<\/div>\n\t\t\t\t<\/div>\n\t\t\t\t<div class=\"elementor-element elementor-element-98f8185 elementor-widget elementor-widget-text-editor\" data-id=\"98f8185\" data-element_type=\"widget\" data-e-type=\"widget\" data-widget_type=\"text-editor.default\">\n\t\t\t\t<div class=\"elementor-widget-container\">\n\t\t\t\t\t\t\t\t\t<p>Adhesivo de alta tecnolog\u00eda para la fijaci\u00f3n. Reutilizable con kit de recambio (no incluido).<\/p>\t\t\t\t\t\t\t\t<\/div>\n\t\t\t\t<\/div>\n\t\t\t\t\t<\/div>\n\t\t\t\t<\/div>\n\t\t<div class=\"elementor-element elementor-element-468b4f5 elementor-hidden-desktop e-flex e-con-boxed e-con e-parent\" data-id=\"468b4f5\" data-element_type=\"container\" data-e-type=\"container\">\n\t\t\t\t\t<div class=\"e-con-inner\">\n\t\t\t\t<div class=\"elementor-element elementor-element-c0aa5aa elementor-widget elementor-widget-image\" data-id=\"c0aa5aa\" data-element_type=\"widget\" data-e-type=\"widget\" data-widget_type=\"image.default\">\n\t\t\t\t<div class=\"elementor-widget-container\">\n\t\t\t\t\t\t\t\t\t\t\t\t\t\t\t<img fetchpriority=\"high\" decoding=\"async\" width=\"800\" height=\"160\" src=\"https:\/\/roboflex.com.br\/wp-content\/uploads\/2023\/06\/resistencia-base-adesiva-mobile-es.png\" class=\"attachment-large size-large wp-image-9489\" alt=\"\" srcset=\"https:\/\/roboflex.com.br\/wp-content\/uploads\/2023\/06\/resistencia-base-adesiva-mobile-es.png 800w, https:\/\/roboflex.com.br\/wp-content\/uploads\/2023\/06\/resistencia-base-adesiva-mobile-es-300x60.png 300w, https:\/\/roboflex.com.br\/wp-content\/uploads\/2023\/06\/resistencia-base-adesiva-mobile-es-768x154.png 768w, https:\/\/roboflex.com.br\/wp-content\/uploads\/2023\/06\/resistencia-base-adesiva-mobile-es-500x100.png 500w\" sizes=\"(max-width: 800px) 100vw, 800px\" \/>\t\t\t\t\t\t\t\t\t\t\t\t\t\t\t<\/div>\n\t\t\t\t<\/div>\n\t\t\t\t<div class=\"elementor-element elementor-element-379b18b elementor-widget elementor-widget-image\" data-id=\"379b18b\" data-element_type=\"widget\" data-e-type=\"widget\" data-widget_type=\"image.default\">\n\t\t\t\t<div class=\"elementor-widget-container\">\n\t\t\t\t\t\t\t\t\t\t\t\t\t\t\t<img decoding=\"async\" width=\"800\" height=\"160\" src=\"https:\/\/roboflex.com.br\/wp-content\/uploads\/2023\/06\/remocao-base-adesiva-mobile-es.png\" class=\"attachment-large size-large wp-image-9492\" alt=\"\" srcset=\"https:\/\/roboflex.com.br\/wp-content\/uploads\/2023\/06\/remocao-base-adesiva-mobile-es.png 800w, https:\/\/roboflex.com.br\/wp-content\/uploads\/2023\/06\/remocao-base-adesiva-mobile-es-300x60.png 300w, https:\/\/roboflex.com.br\/wp-content\/uploads\/2023\/06\/remocao-base-adesiva-mobile-es-768x154.png 768w, https:\/\/roboflex.com.br\/wp-content\/uploads\/2023\/06\/remocao-base-adesiva-mobile-es-500x100.png 500w\" sizes=\"(max-width: 800px) 100vw, 800px\" \/>\t\t\t\t\t\t\t\t\t\t\t\t\t\t\t<\/div>\n\t\t\t\t<\/div>\n\t\t\t\t<div class=\"elementor-element elementor-element-dce8597 elementor-widget elementor-widget-image\" data-id=\"dce8597\" data-element_type=\"widget\" data-e-type=\"widget\" data-widget_type=\"image.default\">\n\t\t\t\t<div class=\"elementor-widget-container\">\n\t\t\t\t\t\t\t\t\t\t\t\t\t\t\t<img decoding=\"async\" width=\"800\" height=\"160\" src=\"https:\/\/roboflex.com.br\/wp-content\/uploads\/2023\/06\/fixacao-base-adesiva-mobile-es.png\" class=\"attachment-large size-large wp-image-9496\" alt=\"\" srcset=\"https:\/\/roboflex.com.br\/wp-content\/uploads\/2023\/06\/fixacao-base-adesiva-mobile-es.png 800w, https:\/\/roboflex.com.br\/wp-content\/uploads\/2023\/06\/fixacao-base-adesiva-mobile-es-300x60.png 300w, https:\/\/roboflex.com.br\/wp-content\/uploads\/2023\/06\/fixacao-base-adesiva-mobile-es-768x154.png 768w, https:\/\/roboflex.com.br\/wp-content\/uploads\/2023\/06\/fixacao-base-adesiva-mobile-es-500x100.png 500w\" sizes=\"(max-width: 800px) 100vw, 800px\" \/>\t\t\t\t\t\t\t\t\t\t\t\t\t\t\t<\/div>\n\t\t\t\t<\/div>\n\t\t\t\t\t<\/div>\n\t\t\t\t<\/div>\n\t\t<div class=\"elementor-element elementor-element-292168e elementor-hidden-mobile e-flex e-con-boxed e-con e-parent\" data-id=\"292168e\" data-element_type=\"container\" data-e-type=\"container\">\n\t\t\t\t\t<div class=\"e-con-inner\">\n\t\t\t\t<div class=\"elementor-element elementor-element-8fd0b1c elementor-widget elementor-widget-heading\" data-id=\"8fd0b1c\" data-element_type=\"widget\" data-e-type=\"widget\" data-widget_type=\"heading.default\">\n\t\t\t\t<div class=\"elementor-widget-container\">\n\t\t\t\t\t<h2 class=\"elementor-heading-title elementor-size-default\">Complete su soluci\u00f3n<\/h2>\t\t\t\t<\/div>\n\t\t\t\t<\/div>\n\t\t\t\t\t<\/div>\n\t\t\t\t<\/div>\n\t\t<div class=\"elementor-element elementor-element-3d73a88 elementor-hidden-desktop elementor-hidden-tablet e-flex e-con-boxed e-con e-parent\" data-id=\"3d73a88\" data-element_type=\"container\" data-e-type=\"container\">\n\t\t\t\t\t<div class=\"e-con-inner\">\n\t\t\t\t<div class=\"elementor-element elementor-element-149f91e elementor-widget elementor-widget-heading\" data-id=\"149f91e\" data-element_type=\"widget\" data-e-type=\"widget\" data-widget_type=\"heading.default\">\n\t\t\t\t<div class=\"elementor-widget-container\">\n\t\t\t\t\t<h2 class=\"elementor-heading-title elementor-size-default\">Complete su soluci\u00f3n<\/h2>\t\t\t\t<\/div>\n\t\t\t\t<\/div>\n\t\t\t\t\t<\/div>\n\t\t\t\t<\/div>\n\t\t\t\t<\/div>\n\t\t","protected":false},"excerpt":{"rendered":"<ul>\n<li>La base adhesiva permite su aplicaci\u00f3n en el equipo sin necesidad de hacer agujeros ni modificar la superficie. Ideal para casos en los que se requiere su retirada al cabo de un tiempo.<\/li>\n<\/ul>\n<ul>\n<li>Base plana maleable de 100 mm de di\u00e1metro que permite moldear sobre superficies curvas o incluso org\u00e1nicas. Puede aplicarse a pl\u00e1sticos, vidrio y metal.<\/li>\n<\/ul>\n<ul>\n<li>Compatible con productos de tama\u00f1o B (bola de 1&#8243;), soporta hasta 1 kg en estado est\u00e1tico y 0,7 kg en estado vibratorio.<\/li>\n<\/ul>\n<ul>\n<li>Peso: 60g<\/li>\n<li>Art\u00edculos incluidos:\n<ul>\n<li>1 base adhesiva con bola tama\u00f1o B<\/li>\n<li>1 manual de instalaci\u00f3n<\/li>\n<li>1 bolsita con alcohol para la limpieza e instalaci\u00f3n del producto<\/li>\n<\/ul>\n<\/li>\n<\/ul>\n","protected":false},"featured_media":3199,"template":"","meta":{"_acf_changed":false,"site-sidebar-layout":"no-sidebar","site-content-layout":"page-builder","ast-site-content-layout":"full-width-container","site-content-style":"unboxed","site-sidebar-style":"unboxed","ast-global-header-display":"","ast-banner-title-visibility":"","ast-main-header-display":"","ast-hfb-above-header-display":"","ast-hfb-below-header-display":"","ast-hfb-mobile-header-display":"","site-post-title":"disabled","ast-breadcrumbs-content":"","ast-featured-img":"disabled","footer-sml-layout":"","theme-transparent-header-meta":"default","adv-header-id-meta":"","stick-header-meta":"","header-above-stick-meta":"","header-main-stick-meta":"","header-below-stick-meta":"","astra-migrate-meta-layouts":"default","ast-page-background-enabled":"default","ast-page-background-meta":{"desktop":{"background-color":"var(--ast-global-color-4)","background-image":"","background-repeat":"repeat","background-position":"center center","background-size":"auto","background-attachment":"scroll","background-type":"","background-media":"","overlay-type":"","overlay-color":"","overlay-opacity":"","overlay-gradient":""},"tablet":{"background-color":"","background-image":"","background-repeat":"repeat","background-position":"center center","background-size":"auto","background-attachment":"scroll","background-type":"","background-media":"","overlay-type":"","overlay-color":"","overlay-opacity":"","overlay-gradient":""},"mobile":{"background-color":"","background-image":"","background-repeat":"repeat","background-position":"center center","background-size":"auto","background-attachment":"scroll","background-type":"","background-media":"","overlay-type":"","overlay-color":"","overlay-opacity":"","overlay-gradient":""}},"ast-content-background-meta":{"desktop":{"background-color":"var(--ast-global-color-5)","background-image":"","background-repeat":"repeat","background-position":"center center","background-size":"auto","background-attachment":"scroll","background-type":"","background-media":"","overlay-type":"","overlay-color":"","overlay-opacity":"","overlay-gradient":""},"tablet":{"background-color":"var(--ast-global-color-5)","background-image":"","background-repeat":"repeat","background-position":"center center","background-size":"auto","background-attachment":"scroll","background-type":"","background-media":"","overlay-type":"","overlay-color":"","overlay-opacity":"","overlay-gradient":""},"mobile":{"background-color":"var(--ast-global-color-5)","background-image":"","background-repeat":"repeat","background-position":"center center","background-size":"auto","background-attachment":"scroll","background-type":"","background-media":"","overlay-type":"","overlay-color":"","overlay-opacity":"","overlay-gradient":""}}},"product_brand":[],"product_cat":[180,190,166],"product_tag":[211],"class_list":{"0":"post-8761","1":"product","2":"type-product","3":"status-publish","4":"has-post-thumbnail","6":"product_cat-bases-es","7":"product_cat-movil-es","8":"product_cat-soportes-es","9":"product_tag-base-1-es","10":"desktop-align-left","11":"tablet-align-left","12":"mobile-align-left","14":"first","15":"instock","16":"shipping-taxable","17":"product-type-simple"},"acf":[],"_links":{"self":[{"href":"https:\/\/roboflex.com.br\/es\/wp-json\/wp\/v2\/product\/8761","targetHints":{"allow":["GET"]}}],"collection":[{"href":"https:\/\/roboflex.com.br\/es\/wp-json\/wp\/v2\/product"}],"about":[{"href":"https:\/\/roboflex.com.br\/es\/wp-json\/wp\/v2\/types\/product"}],"version-history":[{"count":0,"href":"https:\/\/roboflex.com.br\/es\/wp-json\/wp\/v2\/product\/8761\/revisions"}],"wp:featuredmedia":[{"embeddable":true,"href":"https:\/\/roboflex.com.br\/es\/wp-json\/wp\/v2\/media\/3199"}],"wp:attachment":[{"href":"https:\/\/roboflex.com.br\/es\/wp-json\/wp\/v2\/media?parent=8761"}],"wp:term":[{"taxonomy":"product_brand","embeddable":true,"href":"https:\/\/roboflex.com.br\/es\/wp-json\/wp\/v2\/product_brand?post=8761"},{"taxonomy":"product_cat","embeddable":true,"href":"https:\/\/roboflex.com.br\/es\/wp-json\/wp\/v2\/product_cat?post=8761"},{"taxonomy":"product_tag","embeddable":true,"href":"https:\/\/roboflex.com.br\/es\/wp-json\/wp\/v2\/product_tag?post=8761"}],"curies":[{"name":"wp","href":"https:\/\/api.w.org\/{rel}","templated":true}]}}