{"id":8757,"date":"2023-06-27T21:24:22","date_gmt":"2023-06-28T00:24:22","guid":{"rendered":"https:\/\/lightyellow-zebra-660216.hostingersite.com\/produto\/base-adesiva-tamanho-c\/"},"modified":"2023-08-01T11:51:21","modified_gmt":"2023-08-01T14:51:21","slug":"base-adesiva-tamanho-c","status":"publish","type":"product","link":"https:\/\/roboflex.com.br\/es\/produto\/base-adesiva-tamanho-c\/","title":{"rendered":"Base adhesiva Tama\u00f1o C"},"content":{"rendered":"\t\t<div data-elementor-type=\"product-post\" data-elementor-id=\"8757\" class=\"elementor elementor-8757 elementor-3259\" data-elementor-post-type=\"product\">\n\t\t\t\t<div class=\"elementor-element elementor-element-e88cb4f elementor-hidden-tablet elementor-hidden-mobile e-flex e-con-boxed e-con e-parent\" data-id=\"e88cb4f\" data-element_type=\"container\" data-e-type=\"container\">\n\t\t\t\t\t<div class=\"e-con-inner\">\n\t\t\t\t<div class=\"elementor-element elementor-element-116e576 elementor-widget elementor-widget-image\" data-id=\"116e576\" data-element_type=\"widget\" data-e-type=\"widget\" data-widget_type=\"image.default\">\n\t\t\t\t<div class=\"elementor-widget-container\">\n\t\t\t\t\t\t\t\t\t\t\t\t\t\t\t<img decoding=\"async\" src=\"https:\/\/roboflex.com.br\/wp-content\/uploads\/elementor\/thumbs\/Base-adesiva-BSE10046-1000-\u00d7-800-px-rcmke55qb09pbegeh02f53zi13ueg2n1ist5lb1lfk.png\" title=\"Base adesiva BSE10046 (1000\u00a0\u00d7\u00a0800\u00a0px)\" alt=\"Base adesiva BSE10046 (1000\u00a0\u00d7\u00a0800\u00a0px)\" loading=\"lazy\" \/>\t\t\t\t\t\t\t\t\t\t\t\t\t\t\t<\/div>\n\t\t\t\t<\/div>\n\t\t\t\t<div class=\"elementor-element elementor-element-e613586 elementor-widget elementor-widget-text-editor\" data-id=\"e613586\" data-element_type=\"widget\" data-e-type=\"widget\" data-widget_type=\"text-editor.default\">\n\t\t\t\t<div class=\"elementor-widget-container\">\n\t\t\t\t\t\t\t\t\t<p>Permite sustituir el adhesivo por un recambio (no incluido) despu\u00e9s de desatornillar la base de la superficie y retirar los tornillos de la parte inferior.<\/p>\t\t\t\t\t\t\t\t<\/div>\n\t\t\t\t<\/div>\n\t\t\t\t\t<\/div>\n\t\t\t\t<\/div>\n\t\t<div class=\"elementor-element elementor-element-ebb11ed elementor-hidden-tablet elementor-hidden-mobile e-flex e-con-boxed e-con e-parent\" data-id=\"ebb11ed\" data-element_type=\"container\" data-e-type=\"container\">\n\t\t\t\t\t<div class=\"e-con-inner\">\n\t\t\t\t<div class=\"elementor-element elementor-element-f49ec48 elementor-widget elementor-widget-image\" data-id=\"f49ec48\" data-element_type=\"widget\" data-e-type=\"widget\" data-widget_type=\"image.default\">\n\t\t\t\t<div class=\"elementor-widget-container\">\n\t\t\t\t\t\t\t\t\t\t\t\t\t\t\t<img decoding=\"async\" src=\"https:\/\/roboflex.com.br\/wp-content\/uploads\/elementor\/thumbs\/resistencia-base-adesiva-rcmke0gimitjnbwtfcsrvi2dqaseacgu4pppdzptnc.png\" title=\"resist\u00eancia base adesiva\" alt=\"resist\u00eancia base adesiva\" loading=\"lazy\" \/>\t\t\t\t\t\t\t\t\t\t\t\t\t\t\t<\/div>\n\t\t\t\t<\/div>\n\t\t\t\t<div class=\"elementor-element elementor-element-6afcfd5 elementor-widget elementor-widget-text-editor\" data-id=\"6afcfd5\" data-element_type=\"widget\" data-e-type=\"widget\" data-widget_type=\"text-editor.default\">\n\t\t\t\t<div class=\"elementor-widget-container\">\n\t\t\t\t\t\t\t\t\t<p>Adhesivo de alto rendimiento con una resistencia de hasta 150 \u00baC despu\u00e9s de su aplicaci\u00f3n.<\/p>\t\t\t\t\t\t\t\t<\/div>\n\t\t\t\t<\/div>\n\t\t\t\t\t<\/div>\n\t\t\t\t<\/div>\n\t\t<div class=\"elementor-element elementor-element-c1b8233 elementor-hidden-tablet elementor-hidden-mobile e-flex e-con-boxed e-con e-parent\" data-id=\"c1b8233\" data-element_type=\"container\" data-e-type=\"container\">\n\t\t\t\t\t<div class=\"e-con-inner\">\n\t\t\t\t<div class=\"elementor-element elementor-element-511e00e elementor-widget elementor-widget-image\" data-id=\"511e00e\" data-element_type=\"widget\" data-e-type=\"widget\" data-widget_type=\"image.default\">\n\t\t\t\t<div class=\"elementor-widget-container\">\n\t\t\t\t\t\t\t\t\t\t\t\t\t\t\t<img decoding=\"async\" src=\"https:\/\/roboflex.com.br\/wp-content\/uploads\/elementor\/thumbs\/remocao-base-adesiva-rcmke3a170xem5spyw0nkzcrigehxfs153o5ttln4o.png\" title=\"remo\u00e7\u00e3o base adesiva\" alt=\"remo\u00e7\u00e3o base adesiva\" loading=\"lazy\" \/>\t\t\t\t\t\t\t\t\t\t\t\t\t\t\t<\/div>\n\t\t\t\t<\/div>\n\t\t\t\t<div class=\"elementor-element elementor-element-6ef32dc elementor-widget elementor-widget-text-editor\" data-id=\"6ef32dc\" data-element_type=\"widget\" data-e-type=\"widget\" data-widget_type=\"text-editor.default\">\n\t\t\t\t<div class=\"elementor-widget-container\">\n\t\t\t\t\t\t\t\t\t<p>F\u00e1cil proceso de retirada del producto despu\u00e9s de su periodo de uso.<\/p>\t\t\t\t\t\t\t\t<\/div>\n\t\t\t\t<\/div>\n\t\t\t\t\t<\/div>\n\t\t\t\t<\/div>\n\t\t<div class=\"elementor-element elementor-element-8bd6883 elementor-hidden-tablet elementor-hidden-mobile e-flex e-con-boxed e-con e-parent\" data-id=\"8bd6883\" data-element_type=\"container\" data-e-type=\"container\">\n\t\t\t\t\t<div class=\"e-con-inner\">\n\t\t\t\t<div class=\"elementor-element elementor-element-3a0bdb7 elementor-widget elementor-widget-image\" data-id=\"3a0bdb7\" data-element_type=\"widget\" data-e-type=\"widget\" data-widget_type=\"image.default\">\n\t\t\t\t<div class=\"elementor-widget-container\">\n\t\t\t\t\t\t\t\t\t\t\t\t\t\t\t<img decoding=\"async\" src=\"https:\/\/roboflex.com.br\/wp-content\/uploads\/elementor\/thumbs\/fixacao-base-adesiva-rcmke47vduyoxrrctefa5h483u9v54vrh8bnb3k8yg.png\" title=\"fixa\u00e7\u00e3o base adesiva\" alt=\"fixa\u00e7\u00e3o base adesiva\" loading=\"lazy\" \/>\t\t\t\t\t\t\t\t\t\t\t\t\t\t\t<\/div>\n\t\t\t\t<\/div>\n\t\t\t\t<div class=\"elementor-element elementor-element-5eabc68 elementor-widget elementor-widget-text-editor\" data-id=\"5eabc68\" data-element_type=\"widget\" data-e-type=\"widget\" data-widget_type=\"text-editor.default\">\n\t\t\t\t<div class=\"elementor-widget-container\">\n\t\t\t\t\t\t\t\t\t<p>Adhesivo de alta tecnolog\u00eda para la fijaci\u00f3n. Reutilizable con kit de recambio (no incluido).<\/p>\t\t\t\t\t\t\t\t<\/div>\n\t\t\t\t<\/div>\n\t\t\t\t\t<\/div>\n\t\t\t\t<\/div>\n\t\t<div class=\"elementor-element elementor-element-ce558d1 elementor-hidden-desktop e-flex e-con-boxed e-con e-parent\" data-id=\"ce558d1\" data-element_type=\"container\" data-e-type=\"container\">\n\t\t\t\t\t<div class=\"e-con-inner\">\n\t\t\t\t<div class=\"elementor-element elementor-element-a7d21f9 elementor-widget elementor-widget-image\" data-id=\"a7d21f9\" data-element_type=\"widget\" data-e-type=\"widget\" data-widget_type=\"image.default\">\n\t\t\t\t<div class=\"elementor-widget-container\">\n\t\t\t\t\t\t\t\t\t\t\t\t\t\t\t<img fetchpriority=\"high\" decoding=\"async\" width=\"800\" height=\"160\" src=\"https:\/\/roboflex.com.br\/wp-content\/uploads\/2023\/06\/troca-refil-base-adesiva-C-mobile-es.png\" class=\"attachment-large size-large wp-image-9502\" alt=\"\" srcset=\"https:\/\/roboflex.com.br\/wp-content\/uploads\/2023\/06\/troca-refil-base-adesiva-C-mobile-es.png 800w, https:\/\/roboflex.com.br\/wp-content\/uploads\/2023\/06\/troca-refil-base-adesiva-C-mobile-es-300x60.png 300w, https:\/\/roboflex.com.br\/wp-content\/uploads\/2023\/06\/troca-refil-base-adesiva-C-mobile-es-768x154.png 768w, https:\/\/roboflex.com.br\/wp-content\/uploads\/2023\/06\/troca-refil-base-adesiva-C-mobile-es-500x100.png 500w\" sizes=\"(max-width: 800px) 100vw, 800px\" \/>\t\t\t\t\t\t\t\t\t\t\t\t\t\t\t<\/div>\n\t\t\t\t<\/div>\n\t\t\t\t<div class=\"elementor-element elementor-element-8522919 elementor-widget elementor-widget-image\" data-id=\"8522919\" data-element_type=\"widget\" data-e-type=\"widget\" data-widget_type=\"image.default\">\n\t\t\t\t<div class=\"elementor-widget-container\">\n\t\t\t\t\t\t\t\t\t\t\t\t\t\t\t<img decoding=\"async\" width=\"800\" height=\"160\" src=\"https:\/\/roboflex.com.br\/wp-content\/uploads\/2023\/06\/resistencia-base-adesiva-mobile-es.png\" class=\"attachment-large size-large wp-image-9489\" alt=\"\" srcset=\"https:\/\/roboflex.com.br\/wp-content\/uploads\/2023\/06\/resistencia-base-adesiva-mobile-es.png 800w, https:\/\/roboflex.com.br\/wp-content\/uploads\/2023\/06\/resistencia-base-adesiva-mobile-es-300x60.png 300w, https:\/\/roboflex.com.br\/wp-content\/uploads\/2023\/06\/resistencia-base-adesiva-mobile-es-768x154.png 768w, https:\/\/roboflex.com.br\/wp-content\/uploads\/2023\/06\/resistencia-base-adesiva-mobile-es-500x100.png 500w\" sizes=\"(max-width: 800px) 100vw, 800px\" \/>\t\t\t\t\t\t\t\t\t\t\t\t\t\t\t<\/div>\n\t\t\t\t<\/div>\n\t\t\t\t<div class=\"elementor-element elementor-element-463b0f0 elementor-widget elementor-widget-image\" data-id=\"463b0f0\" data-element_type=\"widget\" data-e-type=\"widget\" data-widget_type=\"image.default\">\n\t\t\t\t<div class=\"elementor-widget-container\">\n\t\t\t\t\t\t\t\t\t\t\t\t\t\t\t<img decoding=\"async\" width=\"800\" height=\"160\" src=\"https:\/\/roboflex.com.br\/wp-content\/uploads\/2023\/06\/remocao-base-adesiva-mobile-es.png\" class=\"attachment-large size-large wp-image-9492\" alt=\"\" srcset=\"https:\/\/roboflex.com.br\/wp-content\/uploads\/2023\/06\/remocao-base-adesiva-mobile-es.png 800w, https:\/\/roboflex.com.br\/wp-content\/uploads\/2023\/06\/remocao-base-adesiva-mobile-es-300x60.png 300w, https:\/\/roboflex.com.br\/wp-content\/uploads\/2023\/06\/remocao-base-adesiva-mobile-es-768x154.png 768w, https:\/\/roboflex.com.br\/wp-content\/uploads\/2023\/06\/remocao-base-adesiva-mobile-es-500x100.png 500w\" sizes=\"(max-width: 800px) 100vw, 800px\" \/>\t\t\t\t\t\t\t\t\t\t\t\t\t\t\t<\/div>\n\t\t\t\t<\/div>\n\t\t\t\t<div class=\"elementor-element elementor-element-d229092 elementor-widget elementor-widget-image\" data-id=\"d229092\" data-element_type=\"widget\" data-e-type=\"widget\" data-widget_type=\"image.default\">\n\t\t\t\t<div class=\"elementor-widget-container\">\n\t\t\t\t\t\t\t\t\t\t\t\t\t\t\t<img loading=\"lazy\" decoding=\"async\" width=\"800\" height=\"160\" src=\"https:\/\/roboflex.com.br\/wp-content\/uploads\/2023\/06\/fixacao-base-adesiva-mobile-es.png\" class=\"attachment-large size-large wp-image-9496\" alt=\"\" srcset=\"https:\/\/roboflex.com.br\/wp-content\/uploads\/2023\/06\/fixacao-base-adesiva-mobile-es.png 800w, https:\/\/roboflex.com.br\/wp-content\/uploads\/2023\/06\/fixacao-base-adesiva-mobile-es-300x60.png 300w, https:\/\/roboflex.com.br\/wp-content\/uploads\/2023\/06\/fixacao-base-adesiva-mobile-es-768x154.png 768w, https:\/\/roboflex.com.br\/wp-content\/uploads\/2023\/06\/fixacao-base-adesiva-mobile-es-500x100.png 500w\" sizes=\"(max-width: 800px) 100vw, 800px\" \/>\t\t\t\t\t\t\t\t\t\t\t\t\t\t\t<\/div>\n\t\t\t\t<\/div>\n\t\t\t\t\t<\/div>\n\t\t\t\t<\/div>\n\t\t<div class=\"elementor-element elementor-element-ecb334f elementor-hidden-mobile e-flex e-con-boxed e-con e-parent\" data-id=\"ecb334f\" data-element_type=\"container\" data-e-type=\"container\">\n\t\t\t\t\t<div class=\"e-con-inner\">\n\t\t\t\t<div class=\"elementor-element elementor-element-a7db8bc elementor-widget elementor-widget-heading\" data-id=\"a7db8bc\" data-element_type=\"widget\" data-e-type=\"widget\" data-widget_type=\"heading.default\">\n\t\t\t\t<div class=\"elementor-widget-container\">\n\t\t\t\t\t<h2 class=\"elementor-heading-title elementor-size-default\">Complete su soluci\u00f3n<\/h2>\t\t\t\t<\/div>\n\t\t\t\t<\/div>\n\t\t\t\t\t<\/div>\n\t\t\t\t<\/div>\n\t\t<div class=\"elementor-element elementor-element-5ae4726 elementor-hidden-desktop elementor-hidden-tablet e-flex e-con-boxed e-con e-parent\" data-id=\"5ae4726\" data-element_type=\"container\" data-e-type=\"container\">\n\t\t\t\t\t<div class=\"e-con-inner\">\n\t\t\t\t<div class=\"elementor-element elementor-element-e56b35c elementor-widget elementor-widget-heading\" data-id=\"e56b35c\" data-element_type=\"widget\" data-e-type=\"widget\" data-widget_type=\"heading.default\">\n\t\t\t\t<div class=\"elementor-widget-container\">\n\t\t\t\t\t<h2 class=\"elementor-heading-title elementor-size-default\">Complete su soluci\u00f3n<\/h2>\t\t\t\t<\/div>\n\t\t\t\t<\/div>\n\t\t\t\t\t<\/div>\n\t\t\t\t<\/div>\n\t\t\t\t<\/div>\n\t\t","protected":false},"excerpt":{"rendered":"<ul>\n<li>La base adhesiva permite su aplicaci\u00f3n en el equipo sin necesidad de hacer agujeros ni modificar la superficie. Ideal para casos en los que se requiere su retirada al cabo de un tiempo.<\/li>\n<\/ul>\n<ul>\n<li>Base plana maleable de 100 mm de di\u00e1metro que permite moldear sobre superficies curvas o incluso org\u00e1nicas. Puede aplicarse a pl\u00e1sticos, vidrio y metal.<\/li>\n<\/ul>\n<ul>\n<li>Compatible con productos de tama\u00f1o C (bola de 1,5&#8243;), soporta hasta 2 kg en estado est\u00e1tico y 1,8 kg en estado vibratorio.<\/li>\n<\/ul>\n<ul>\n<li>Peso: 80g<\/li>\n<li>Art\u00edculos incluidos:\n<ul>\n<li>1 base adhesiva con bola tama\u00f1o C<\/li>\n<li>1 manual de instalaci\u00f3n<\/li>\n<li>1 sachet con alcohol para la limpieza e instalaci\u00f3n del producto<\/li>\n<\/ul>\n<\/li>\n<\/ul>\n","protected":false},"featured_media":3266,"template":"","meta":{"_acf_changed":false,"site-sidebar-layout":"no-sidebar","site-content-layout":"page-builder","ast-site-content-layout":"full-width-container","site-content-style":"unboxed","site-sidebar-style":"unboxed","ast-global-header-display":"","ast-banner-title-visibility":"","ast-main-header-display":"","ast-hfb-above-header-display":"","ast-hfb-below-header-display":"","ast-hfb-mobile-header-display":"","site-post-title":"disabled","ast-breadcrumbs-content":"","ast-featured-img":"disabled","footer-sml-layout":"","theme-transparent-header-meta":"default","adv-header-id-meta":"","stick-header-meta":"","header-above-stick-meta":"","header-main-stick-meta":"","header-below-stick-meta":"","astra-migrate-meta-layouts":"default","ast-page-background-enabled":"default","ast-page-background-meta":{"desktop":{"background-color":"var(--ast-global-color-4)","background-image":"","background-repeat":"repeat","background-position":"center center","background-size":"auto","background-attachment":"scroll","background-type":"","background-media":"","overlay-type":"","overlay-color":"","overlay-opacity":"","overlay-gradient":""},"tablet":{"background-color":"","background-image":"","background-repeat":"repeat","background-position":"center center","background-size":"auto","background-attachment":"scroll","background-type":"","background-media":"","overlay-type":"","overlay-color":"","overlay-opacity":"","overlay-gradient":""},"mobile":{"background-color":"","background-image":"","background-repeat":"repeat","background-position":"center center","background-size":"auto","background-attachment":"scroll","background-type":"","background-media":"","overlay-type":"","overlay-color":"","overlay-opacity":"","overlay-gradient":""}},"ast-content-background-meta":{"desktop":{"background-color":"var(--ast-global-color-5)","background-image":"","background-repeat":"repeat","background-position":"center center","background-size":"auto","background-attachment":"scroll","background-type":"","background-media":"","overlay-type":"","overlay-color":"","overlay-opacity":"","overlay-gradient":""},"tablet":{"background-color":"var(--ast-global-color-5)","background-image":"","background-repeat":"repeat","background-position":"center center","background-size":"auto","background-attachment":"scroll","background-type":"","background-media":"","overlay-type":"","overlay-color":"","overlay-opacity":"","overlay-gradient":""},"mobile":{"background-color":"var(--ast-global-color-5)","background-image":"","background-repeat":"repeat","background-position":"center center","background-size":"auto","background-attachment":"scroll","background-type":"","background-media":"","overlay-type":"","overlay-color":"","overlay-opacity":"","overlay-gradient":""}}},"product_brand":[],"product_cat":[180,190,166],"product_tag":[213],"class_list":{"0":"post-8757","1":"product","2":"type-product","3":"status-publish","4":"has-post-thumbnail","6":"product_cat-bases-es","7":"product_cat-movil-es","8":"product_cat-soportes-es","9":"product_tag-base-1-5-es","10":"desktop-align-left","11":"tablet-align-left","12":"mobile-align-left","14":"first","15":"instock","16":"shipping-taxable","17":"product-type-simple"},"acf":[],"_links":{"self":[{"href":"https:\/\/roboflex.com.br\/es\/wp-json\/wp\/v2\/product\/8757","targetHints":{"allow":["GET"]}}],"collection":[{"href":"https:\/\/roboflex.com.br\/es\/wp-json\/wp\/v2\/product"}],"about":[{"href":"https:\/\/roboflex.com.br\/es\/wp-json\/wp\/v2\/types\/product"}],"version-history":[{"count":0,"href":"https:\/\/roboflex.com.br\/es\/wp-json\/wp\/v2\/product\/8757\/revisions"}],"wp:featuredmedia":[{"embeddable":true,"href":"https:\/\/roboflex.com.br\/es\/wp-json\/wp\/v2\/media\/3266"}],"wp:attachment":[{"href":"https:\/\/roboflex.com.br\/es\/wp-json\/wp\/v2\/media?parent=8757"}],"wp:term":[{"taxonomy":"product_brand","embeddable":true,"href":"https:\/\/roboflex.com.br\/es\/wp-json\/wp\/v2\/product_brand?post=8757"},{"taxonomy":"product_cat","embeddable":true,"href":"https:\/\/roboflex.com.br\/es\/wp-json\/wp\/v2\/product_cat?post=8757"},{"taxonomy":"product_tag","embeddable":true,"href":"https:\/\/roboflex.com.br\/es\/wp-json\/wp\/v2\/product_tag?post=8757"}],"curies":[{"name":"wp","href":"https:\/\/api.w.org\/{rel}","templated":true}]}}