{"id":8452,"date":"2023-06-29T22:07:00","date_gmt":"2023-06-30T01:07:00","guid":{"rendered":"https:\/\/lightyellow-zebra-660216.hostingersite.com\/produto\/doca-para-tablet-samsung-active-3-indoor\/"},"modified":"2024-01-19T12:00:16","modified_gmt":"2024-01-19T15:00:16","slug":"doca-para-tablet-samsung-active-3-indoor","status":"publish","type":"product","link":"https:\/\/roboflex.com.br\/es\/produto\/doca-para-tablet-samsung-active-3-indoor\/","title":{"rendered":"Base para tableta Samsung Active 3 Indoor"},"content":{"rendered":"\t\t<div data-elementor-type=\"product-post\" data-elementor-id=\"8452\" class=\"elementor elementor-8452 elementor-4658\" data-elementor-post-type=\"product\">\n\t\t\t\t<div class=\"elementor-element elementor-element-b0beea6 e-flex e-con-boxed e-con e-parent\" data-id=\"b0beea6\" data-element_type=\"container\" data-e-type=\"container\">\n\t\t\t\t\t<div class=\"e-con-inner\">\n\t\t\t\t<div class=\"elementor-element elementor-element-626117f elementor-widget elementor-widget-image\" data-id=\"626117f\" data-element_type=\"widget\" data-e-type=\"widget\" data-widget_type=\"image.default\">\n\t\t\t\t<div class=\"elementor-widget-container\">\n\t\t\t\t\t\t\t\t\t\t\t\t\t\t\t<img fetchpriority=\"high\" decoding=\"async\" width=\"1024\" height=\"478\" src=\"https:\/\/roboflex.com.br\/wp-content\/uploads\/2023\/06\/doca-es-1024x478.png\" class=\"attachment-large size-large wp-image-9777\" alt=\"\" srcset=\"https:\/\/roboflex.com.br\/wp-content\/uploads\/2023\/06\/doca-es-1024x478.png 1024w, https:\/\/roboflex.com.br\/wp-content\/uploads\/2023\/06\/doca-es-300x140.png 300w, https:\/\/roboflex.com.br\/wp-content\/uploads\/2023\/06\/doca-es-768x358.png 768w, https:\/\/roboflex.com.br\/wp-content\/uploads\/2023\/06\/doca-es-500x233.png 500w, https:\/\/roboflex.com.br\/wp-content\/uploads\/2023\/06\/doca-es.png 1500w\" sizes=\"(max-width: 1024px) 100vw, 1024px\" \/>\t\t\t\t\t\t\t\t\t\t\t\t\t\t\t<\/div>\n\t\t\t\t<\/div>\n\t\t\t\t\t<\/div>\n\t\t\t\t<\/div>\n\t\t<div class=\"elementor-element elementor-element-98e7cf8 elementor-hidden-mobile e-flex e-con-boxed e-con e-parent\" data-id=\"98e7cf8\" data-element_type=\"container\" data-e-type=\"container\">\n\t\t\t\t\t<div class=\"e-con-inner\">\n\t\t\t\t<div class=\"elementor-element elementor-element-586836e elementor-widget elementor-widget-heading\" data-id=\"586836e\" data-element_type=\"widget\" data-e-type=\"widget\" data-widget_type=\"heading.default\">\n\t\t\t\t<div class=\"elementor-widget-container\">\n\t\t\t\t\t<h2 class=\"elementor-heading-title elementor-size-default\">Complete su soluci\u00f3n\n<\/h2>\t\t\t\t<\/div>\n\t\t\t\t<\/div>\n\t\t\t\t\t<\/div>\n\t\t\t\t<\/div>\n\t\t<div class=\"elementor-element elementor-element-c3db5e0 elementor-hidden-desktop elementor-hidden-tablet e-flex e-con-boxed e-con e-parent\" data-id=\"c3db5e0\" data-element_type=\"container\" data-e-type=\"container\">\n\t\t\t\t\t<div class=\"e-con-inner\">\n\t\t\t\t<div class=\"elementor-element elementor-element-7e2bf81 elementor-widget elementor-widget-heading\" data-id=\"7e2bf81\" data-element_type=\"widget\" data-e-type=\"widget\" data-widget_type=\"heading.default\">\n\t\t\t\t<div class=\"elementor-widget-container\">\n\t\t\t\t\t<h2 class=\"elementor-heading-title elementor-size-default\">Complete su soluci\u00f3n\n<\/h2>\t\t\t\t<\/div>\n\t\t\t\t<\/div>\n\t\t\t\t\t<\/div>\n\t\t\t\t<\/div>\n\t\t\t\t<\/div>\n\t\t","protected":false},"excerpt":{"rendered":"<p>El dise\u00f1o del Dock es compatible con el uso de todas las funciones de la tableta, incluida la comunicaci\u00f3n simult\u00e1nea de datos y la carga a trav\u00e9s de la entrada pogo pin, lo que permite el uso de accesorios y dispositivos a\u00f1adidos a su funcionamiento.<\/p>\n<ul>\n<li>Acceso directo a la tableta<\/li>\n<li>Cerradura con llave que hace imposible que personas no autorizadas retiren el equipo de la estaci\u00f3n.<\/li>\n<li>Tiene un puerto USB por defecto, por lo que puede conectarse a una amplia gama de perif\u00e9ricos<\/li>\n<li>Carga por contacto: En cuanto la tableta se enchufe a la estaci\u00f3n realizar\u00e1 la carga (siempre que el dispositivo est\u00e9 conectado a alguna fuente de alimentaci\u00f3n)<\/li>\n<li>Acomoda y protege la tableta con una funda protectora<\/li>\n<li>Dise\u00f1ado para uso horizontal<\/li>\n<\/ul>\n<p>Se necesita un cargador de tableta est\u00e1ndar<br \/>\nTableta no incluida<br \/>\nArt\u00edculos incluidos:<\/p>\n<ul>\n<li>1 base para tableta Samsung Active 3<\/li>\n<li>1 base 4 agujeros tama\u00f1o C (bola de 1,5&#8243;)<\/li>\n<li>par de llaves<\/li>\n<\/ul>\n","protected":false},"featured_media":4266,"template":"","meta":{"_acf_changed":false,"site-sidebar-layout":"no-sidebar","site-content-layout":"page-builder","ast-site-content-layout":"full-width-container","site-content-style":"unboxed","site-sidebar-style":"unboxed","ast-global-header-display":"","ast-banner-title-visibility":"","ast-main-header-display":"","ast-hfb-above-header-display":"","ast-hfb-below-header-display":"","ast-hfb-mobile-header-display":"","site-post-title":"disabled","ast-breadcrumbs-content":"","ast-featured-img":"disabled","footer-sml-layout":"","theme-transparent-header-meta":"default","adv-header-id-meta":"","stick-header-meta":"","header-above-stick-meta":"","header-main-stick-meta":"","header-below-stick-meta":"","astra-migrate-meta-layouts":"default","ast-page-background-enabled":"default","ast-page-background-meta":{"desktop":{"background-color":"var(--ast-global-color-4)","background-image":"","background-repeat":"repeat","background-position":"center center","background-size":"auto","background-attachment":"scroll","background-type":"","background-media":"","overlay-type":"","overlay-color":"","overlay-opacity":"","overlay-gradient":""},"tablet":{"background-color":"","background-image":"","background-repeat":"repeat","background-position":"center center","background-size":"auto","background-attachment":"scroll","background-type":"","background-media":"","overlay-type":"","overlay-color":"","overlay-opacity":"","overlay-gradient":""},"mobile":{"background-color":"","background-image":"","background-repeat":"repeat","background-position":"center center","background-size":"auto","background-attachment":"scroll","background-type":"","background-media":"","overlay-type":"","overlay-color":"","overlay-opacity":"","overlay-gradient":""}},"ast-content-background-meta":{"desktop":{"background-color":"var(--ast-global-color-5)","background-image":"","background-repeat":"repeat","background-position":"center center","background-size":"auto","background-attachment":"scroll","background-type":"","background-media":"","overlay-type":"","overlay-color":"","overlay-opacity":"","overlay-gradient":""},"tablet":{"background-color":"var(--ast-global-color-5)","background-image":"","background-repeat":"repeat","background-position":"center center","background-size":"auto","background-attachment":"scroll","background-type":"","background-media":"","overlay-type":"","overlay-color":"","overlay-opacity":"","overlay-gradient":""},"mobile":{"background-color":"var(--ast-global-color-5)","background-image":"","background-repeat":"repeat","background-position":"center center","background-size":"auto","background-attachment":"scroll","background-type":"","background-media":"","overlay-type":"","overlay-color":"","overlay-opacity":"","overlay-gradient":""}}},"product_brand":[],"product_cat":[178],"product_tag":[278],"class_list":{"0":"post-8452","1":"product","2":"type-product","3":"status-publish","4":"has-post-thumbnail","6":"product_cat-base-para-tableta-es","7":"product_tag-samsung","8":"desktop-align-left","9":"tablet-align-left","10":"mobile-align-left","12":"first","13":"instock","14":"shipping-taxable","15":"product-type-simple"},"acf":[],"_links":{"self":[{"href":"https:\/\/roboflex.com.br\/es\/wp-json\/wp\/v2\/product\/8452","targetHints":{"allow":["GET"]}}],"collection":[{"href":"https:\/\/roboflex.com.br\/es\/wp-json\/wp\/v2\/product"}],"about":[{"href":"https:\/\/roboflex.com.br\/es\/wp-json\/wp\/v2\/types\/product"}],"version-history":[{"count":0,"href":"https:\/\/roboflex.com.br\/es\/wp-json\/wp\/v2\/product\/8452\/revisions"}],"wp:featuredmedia":[{"embeddable":true,"href":"https:\/\/roboflex.com.br\/es\/wp-json\/wp\/v2\/media\/4266"}],"wp:attachment":[{"href":"https:\/\/roboflex.com.br\/es\/wp-json\/wp\/v2\/media?parent=8452"}],"wp:term":[{"taxonomy":"product_brand","embeddable":true,"href":"https:\/\/roboflex.com.br\/es\/wp-json\/wp\/v2\/product_brand?post=8452"},{"taxonomy":"product_cat","embeddable":true,"href":"https:\/\/roboflex.com.br\/es\/wp-json\/wp\/v2\/product_cat?post=8452"},{"taxonomy":"product_tag","embeddable":true,"href":"https:\/\/roboflex.com.br\/es\/wp-json\/wp\/v2\/product_tag?post=8452"}],"curies":[{"name":"wp","href":"https:\/\/api.w.org\/{rel}","templated":true}]}}