{"id":8379,"date":"2023-06-30T09:34:21","date_gmt":"2023-06-30T12:34:21","guid":{"rendered":"https:\/\/lightyellow-zebra-660216.hostingersite.com\/produto\/case-para-tablet-samsung-galaxy-tab-a7-lite-t220-t225-magnetica\/"},"modified":"2024-01-19T11:58:39","modified_gmt":"2024-01-19T14:58:39","slug":"case-para-tablet-samsung-galaxy-tab-a7-lite-t220-t225-magnetica","status":"publish","type":"product","link":"https:\/\/roboflex.com.br\/es\/produto\/case-para-tablet-samsung-galaxy-tab-a7-lite-t220-t225-magnetica\/","title":{"rendered":"Funda magn\u00e9tica para la tableta Samsung Galaxy Tab A7 Lite T220\/T225"},"content":{"rendered":"\t\t<div data-elementor-type=\"product-post\" data-elementor-id=\"8379\" class=\"elementor elementor-8379 elementor-4781\" data-elementor-post-type=\"product\">\n\t\t\t\t<div class=\"elementor-element elementor-element-648efc2 e-flex e-con-boxed e-con e-parent\" data-id=\"648efc2\" data-element_type=\"container\" data-e-type=\"container\">\n\t\t\t\t\t<div class=\"e-con-inner\">\n\t\t\t\t<div class=\"elementor-element elementor-element-3d3d166 elementor-widget elementor-widget-image\" data-id=\"3d3d166\" data-element_type=\"widget\" data-e-type=\"widget\" data-widget_type=\"image.default\">\n\t\t\t\t<div class=\"elementor-widget-container\">\n\t\t\t\t\t\t\t\t\t\t\t\t\t\t\t<img fetchpriority=\"high\" decoding=\"async\" width=\"1024\" height=\"410\" src=\"https:\/\/roboflex.com.br\/wp-content\/uploads\/2023\/06\/T220-CST040118-e-CST040126-e-CST040127-es-1024x410.png\" class=\"attachment-large size-large wp-image-9662\" alt=\"\" srcset=\"https:\/\/roboflex.com.br\/wp-content\/uploads\/2023\/06\/T220-CST040118-e-CST040126-e-CST040127-es-1024x410.png 1024w, https:\/\/roboflex.com.br\/wp-content\/uploads\/2023\/06\/T220-CST040118-e-CST040126-e-CST040127-es-300x120.png 300w, https:\/\/roboflex.com.br\/wp-content\/uploads\/2023\/06\/T220-CST040118-e-CST040126-e-CST040127-es-768x307.png 768w, https:\/\/roboflex.com.br\/wp-content\/uploads\/2023\/06\/T220-CST040118-e-CST040126-e-CST040127-es-500x200.png 500w, https:\/\/roboflex.com.br\/wp-content\/uploads\/2023\/06\/T220-CST040118-e-CST040126-e-CST040127-es.png 1500w\" sizes=\"(max-width: 1024px) 100vw, 1024px\" \/>\t\t\t\t\t\t\t\t\t\t\t\t\t\t\t<\/div>\n\t\t\t\t<\/div>\n\t\t\t\t<div class=\"elementor-element elementor-element-a027693 elementor-widget elementor-widget-image\" data-id=\"a027693\" data-element_type=\"widget\" data-e-type=\"widget\" data-widget_type=\"image.default\">\n\t\t\t\t<div class=\"elementor-widget-container\">\n\t\t\t\t\t\t\t\t\t\t\t\t\t\t\t<img decoding=\"async\" width=\"1024\" height=\"410\" src=\"https:\/\/roboflex.com.br\/wp-content\/uploads\/2023\/06\/Fundo-T220-magnetico-impact-CST040126-es-1024x410.png\" class=\"attachment-large size-large wp-image-9804\" alt=\"\" srcset=\"https:\/\/roboflex.com.br\/wp-content\/uploads\/2023\/06\/Fundo-T220-magnetico-impact-CST040126-es-1024x410.png 1024w, https:\/\/roboflex.com.br\/wp-content\/uploads\/2023\/06\/Fundo-T220-magnetico-impact-CST040126-es-300x120.png 300w, https:\/\/roboflex.com.br\/wp-content\/uploads\/2023\/06\/Fundo-T220-magnetico-impact-CST040126-es-768x307.png 768w, https:\/\/roboflex.com.br\/wp-content\/uploads\/2023\/06\/Fundo-T220-magnetico-impact-CST040126-es-500x200.png 500w, https:\/\/roboflex.com.br\/wp-content\/uploads\/2023\/06\/Fundo-T220-magnetico-impact-CST040126-es.png 1500w\" sizes=\"(max-width: 1024px) 100vw, 1024px\" \/>\t\t\t\t\t\t\t\t\t\t\t\t\t\t\t<\/div>\n\t\t\t\t<\/div>\n\t\t\t\t\t<\/div>\n\t\t\t\t<\/div>\n\t\t<div class=\"elementor-element elementor-element-b1de34d e-flex e-con-boxed e-con e-parent\" data-id=\"b1de34d\" data-element_type=\"container\" data-e-type=\"container\">\n\t\t\t\t\t<div class=\"e-con-inner\">\n\t\t\t\t<div class=\"elementor-element elementor-element-6b6cc16 elementor-widget elementor-widget-video\" data-id=\"6b6cc16\" data-element_type=\"widget\" data-e-type=\"widget\" data-settings=\"{&quot;youtube_url&quot;:&quot;https:\\\/\\\/www.youtube.com\\\/watch?v=EkvFqPa1d4A&quot;,&quot;mute&quot;:&quot;yes&quot;,&quot;video_type&quot;:&quot;youtube&quot;,&quot;controls&quot;:&quot;yes&quot;}\" data-widget_type=\"video.default\">\n\t\t\t\t<div class=\"elementor-widget-container\">\n\t\t\t\t\t\t\t<div class=\"elementor-wrapper elementor-open-inline\">\n\t\t\t<div class=\"elementor-video\"><\/div>\t\t<\/div>\n\t\t\t\t\t\t<\/div>\n\t\t\t\t<\/div>\n\t\t\t\t\t<\/div>\n\t\t\t\t<\/div>\n\t\t<div class=\"elementor-element elementor-element-3492cff elementor-hidden-mobile e-flex e-con-boxed e-con e-parent\" data-id=\"3492cff\" data-element_type=\"container\" data-e-type=\"container\">\n\t\t\t\t\t<div class=\"e-con-inner\">\n\t\t\t\t<div class=\"elementor-element elementor-element-d0afa66 elementor-widget elementor-widget-heading\" data-id=\"d0afa66\" data-element_type=\"widget\" data-e-type=\"widget\" data-widget_type=\"heading.default\">\n\t\t\t\t<div class=\"elementor-widget-container\">\n\t\t\t\t\t<h2 class=\"elementor-heading-title elementor-size-default\">Complete su soluci\u00f3n\n<\/h2>\t\t\t\t<\/div>\n\t\t\t\t<\/div>\n\t\t\t\t\t<\/div>\n\t\t\t\t<\/div>\n\t\t<div class=\"elementor-element elementor-element-636e6d7 elementor-hidden-desktop elementor-hidden-tablet e-flex e-con-boxed e-con e-parent\" data-id=\"636e6d7\" data-element_type=\"container\" data-e-type=\"container\">\n\t\t\t\t\t<div class=\"e-con-inner\">\n\t\t\t\t<div class=\"elementor-element elementor-element-2a6968f elementor-widget elementor-widget-heading\" data-id=\"2a6968f\" data-element_type=\"widget\" data-e-type=\"widget\" data-widget_type=\"heading.default\">\n\t\t\t\t<div class=\"elementor-widget-container\">\n\t\t\t\t\t<h2 class=\"elementor-heading-title elementor-size-default\">Complete su soluci\u00f3n\n<\/h2>\t\t\t\t<\/div>\n\t\t\t\t<\/div>\n\t\t\t\t\t<\/div>\n\t\t\t\t<\/div>\n\t\t\t\t<\/div>\n\t\t","protected":false},"excerpt":{"rendered":"<p><img decoding=\"async\" class=\"alignleft wp-image-4391\" src=\"https:\/\/lightyellow-zebra-660216.hostingersite.com\/wp-content\/uploads\/2023\/06\/IP54-novo-300x300.png\" alt=\"\" width=\"60\" height=\"60\" srcset=\"https:\/\/roboflex.com.br\/wp-content\/uploads\/2023\/06\/IP54-novo-300x300.png 300w, https:\/\/roboflex.com.br\/wp-content\/uploads\/2023\/06\/IP54-novo-150x150.png 150w, https:\/\/roboflex.com.br\/wp-content\/uploads\/2023\/06\/IP54-novo-100x100.png 100w, https:\/\/roboflex.com.br\/wp-content\/uploads\/2023\/06\/IP54-novo.png 500w\" sizes=\"(max-width: 60px) 100vw, 60px\" \/>Protecci\u00f3n contra el polvo y las proyecciones de agua.<\/p>\n<p>&nbsp;<\/p>\n<p><img loading=\"lazy\" decoding=\"async\" class=\"alignleft wp-image-5986\" src=\"https:\/\/lightyellow-zebra-660216.hostingersite.com\/wp-content\/uploads\/2023\/07\/MIL-STD-810G-300x300.png\" alt=\"\" width=\"60\" height=\"60\" srcset=\"https:\/\/roboflex.com.br\/wp-content\/uploads\/2023\/07\/MIL-STD-810G-300x300.png 300w, https:\/\/roboflex.com.br\/wp-content\/uploads\/2023\/07\/MIL-STD-810G-150x150.png 150w, https:\/\/roboflex.com.br\/wp-content\/uploads\/2023\/07\/MIL-STD-810G-100x100.png 100w, https:\/\/roboflex.com.br\/wp-content\/uploads\/2023\/07\/MIL-STD-810G.png 500w\" sizes=\"(max-width: 60px) 100vw, 60px\" \/><\/p>\n<p>Protecci\u00f3n y resistencia contra ca\u00eddas, impactos y vibraciones conforme a MIL-STD 810G.<\/p>\n<p>&nbsp;<\/p>\n<ul>\n<li>El sistema magn\u00e9tico es una tecnolog\u00eda patentada que permite cargar los dispositivos en las fundas del ecosistema Roboflex.<\/li>\n<li>Ofrece robustez en la actividad de campo, soportando situaciones agresivas como vibraciones, impactos y condiciones meteorol\u00f3gicas.<\/li>\n<li>Ideal para situaciones en las que hay que retirar constantemente el producto durante la operaci\u00f3n, como las listas de comprobaci\u00f3n operativas, la necesidad de realizar anotaciones fuera del lugar de fijaci\u00f3n y la posibilidad de trasladar el dispositivo a otro lugar de operaci\u00f3n.<\/li>\n<li>Tiene salida de sonido<\/li>\n<\/ul>\n<ul>\n<li>Peso: 360g<\/li>\n<li>Tableta no incluida<\/li>\n<li>Se necesita conector magn\u00e9tico<\/li>\n<li>Art\u00edculos incluidos:\n<ul>\n<li>1 Funda magn\u00e9tica compatible con la tableta Samsung T220\/T225<\/li>\n<li>8 tornillos para cerrar la funda<\/li>\n<\/ul>\n<\/li>\n<\/ul>\n","protected":false},"featured_media":4802,"template":"","meta":{"_acf_changed":false,"site-sidebar-layout":"no-sidebar","site-content-layout":"page-builder","ast-site-content-layout":"full-width-container","site-content-style":"unboxed","site-sidebar-style":"unboxed","ast-global-header-display":"","ast-banner-title-visibility":"","ast-main-header-display":"","ast-hfb-above-header-display":"","ast-hfb-below-header-display":"","ast-hfb-mobile-header-display":"","site-post-title":"disabled","ast-breadcrumbs-content":"","ast-featured-img":"disabled","footer-sml-layout":"","theme-transparent-header-meta":"default","adv-header-id-meta":"","stick-header-meta":"","header-above-stick-meta":"","header-main-stick-meta":"","header-below-stick-meta":"","astra-migrate-meta-layouts":"default","ast-page-background-enabled":"default","ast-page-background-meta":{"desktop":{"background-color":"var(--ast-global-color-4)","background-image":"","background-repeat":"repeat","background-position":"center center","background-size":"auto","background-attachment":"scroll","background-type":"","background-media":"","overlay-type":"","overlay-color":"","overlay-opacity":"","overlay-gradient":""},"tablet":{"background-color":"","background-image":"","background-repeat":"repeat","background-position":"center center","background-size":"auto","background-attachment":"scroll","background-type":"","background-media":"","overlay-type":"","overlay-color":"","overlay-opacity":"","overlay-gradient":""},"mobile":{"background-color":"","background-image":"","background-repeat":"repeat","background-position":"center center","background-size":"auto","background-attachment":"scroll","background-type":"","background-media":"","overlay-type":"","overlay-color":"","overlay-opacity":"","overlay-gradient":""}},"ast-content-background-meta":{"desktop":{"background-color":"var(--ast-global-color-5)","background-image":"","background-repeat":"repeat","background-position":"center center","background-size":"auto","background-attachment":"scroll","background-type":"","background-media":"","overlay-type":"","overlay-color":"","overlay-opacity":"","overlay-gradient":""},"tablet":{"background-color":"var(--ast-global-color-5)","background-image":"","background-repeat":"repeat","background-position":"center center","background-size":"auto","background-attachment":"scroll","background-type":"","background-media":"","overlay-type":"","overlay-color":"","overlay-opacity":"","overlay-gradient":""},"mobile":{"background-color":"var(--ast-global-color-5)","background-image":"","background-repeat":"repeat","background-position":"center center","background-size":"auto","background-attachment":"scroll","background-type":"","background-media":"","overlay-type":"","overlay-color":"","overlay-opacity":"","overlay-gradient":""}}},"product_brand":[],"product_cat":[164,172],"product_tag":[278],"class_list":{"0":"post-8379","1":"product","2":"type-product","3":"status-publish","4":"has-post-thumbnail","6":"product_cat-fundas","7":"product_cat-tab-a7-lite-es","8":"product_tag-samsung","9":"desktop-align-left","10":"tablet-align-left","11":"mobile-align-left","13":"first","14":"instock","15":"shipping-taxable","16":"product-type-simple"},"acf":[],"_links":{"self":[{"href":"https:\/\/roboflex.com.br\/es\/wp-json\/wp\/v2\/product\/8379","targetHints":{"allow":["GET"]}}],"collection":[{"href":"https:\/\/roboflex.com.br\/es\/wp-json\/wp\/v2\/product"}],"about":[{"href":"https:\/\/roboflex.com.br\/es\/wp-json\/wp\/v2\/types\/product"}],"version-history":[{"count":0,"href":"https:\/\/roboflex.com.br\/es\/wp-json\/wp\/v2\/product\/8379\/revisions"}],"wp:featuredmedia":[{"embeddable":true,"href":"https:\/\/roboflex.com.br\/es\/wp-json\/wp\/v2\/media\/4802"}],"wp:attachment":[{"href":"https:\/\/roboflex.com.br\/es\/wp-json\/wp\/v2\/media?parent=8379"}],"wp:term":[{"taxonomy":"product_brand","embeddable":true,"href":"https:\/\/roboflex.com.br\/es\/wp-json\/wp\/v2\/product_brand?post=8379"},{"taxonomy":"product_cat","embeddable":true,"href":"https:\/\/roboflex.com.br\/es\/wp-json\/wp\/v2\/product_cat?post=8379"},{"taxonomy":"product_tag","embeddable":true,"href":"https:\/\/roboflex.com.br\/es\/wp-json\/wp\/v2\/product_tag?post=8379"}],"curies":[{"name":"wp","href":"https:\/\/api.w.org\/{rel}","templated":true}]}}