{"id":40249,"date":"2026-01-23T17:06:42","date_gmt":"2026-01-23T20:06:42","guid":{"rendered":"https:\/\/roboflex.com.br\/?post_type=product&#038;p=40249"},"modified":"2026-01-26T16:58:46","modified_gmt":"2026-01-26T19:58:46","slug":"case-para-tablet-impact-parafusada-tab-a11","status":"publish","type":"product","link":"https:\/\/roboflex.com.br\/es\/produto\/case-para-tablet-impact-parafusada-tab-a11\/","title":{"rendered":"Case para tablet Impact Magn\u00e9tica Samsung Tab A11 SM-X133"},"content":{"rendered":"","protected":false},"excerpt":{"rendered":"<p><img decoding=\"async\" class=\"wp-image-25756 alignnone\" src=\"https:\/\/roboflex.com.br\/wp-content\/uploads\/2024\/07\/icone-impact.webp\" alt=\"\" width=\"60\" height=\"60\" srcset=\"https:\/\/roboflex.com.br\/wp-content\/uploads\/2024\/07\/icone-impact.webp 500w, https:\/\/roboflex.com.br\/wp-content\/uploads\/2024\/07\/icone-impact-300x300.webp 300w, https:\/\/roboflex.com.br\/wp-content\/uploads\/2024\/07\/icone-impact-150x150.webp 150w, https:\/\/roboflex.com.br\/wp-content\/uploads\/2024\/07\/icone-impact-100x100.webp 100w\" sizes=\"(max-width: 60px) 100vw, 60px\" \/>Compat\u00edvel com IP51: prote\u00e7\u00e3o contra poeira e respingos de \u00e1gua<\/p>\n<p><img decoding=\"async\" class=\"wp-image-5986 alignnone\" src=\"https:\/\/roboflex.com.br\/wp-content\/uploads\/2023\/07\/MIL-STD-810G.png\" alt=\"\" width=\"60\" height=\"60\" srcset=\"https:\/\/roboflex.com.br\/wp-content\/uploads\/2023\/07\/MIL-STD-810G.png 500w, https:\/\/roboflex.com.br\/wp-content\/uploads\/2023\/07\/MIL-STD-810G-300x300.png 300w, https:\/\/roboflex.com.br\/wp-content\/uploads\/2023\/07\/MIL-STD-810G-150x150.png 150w, https:\/\/roboflex.com.br\/wp-content\/uploads\/2023\/07\/MIL-STD-810G-100x100.png 100w\" sizes=\"(max-width: 60px) 100vw, 60px\" \/>Prote\u00e7\u00e3o e resist\u00eancia contra quedas, impactos e vibra\u00e7\u00f5es com enquadramento na norma MIL-STD 810G.<\/p>\n<p><img decoding=\"async\" class=\"alignnone wp-image-16687\" src=\"https:\/\/roboflex.com.br\/wp-content\/uploads\/2024\/01\/certificacao-safety-2-1.png\" alt=\"\" width=\"60\" height=\"60\" srcset=\"https:\/\/roboflex.com.br\/wp-content\/uploads\/2024\/01\/certificacao-safety-2-1.png 500w, https:\/\/roboflex.com.br\/wp-content\/uploads\/2024\/01\/certificacao-safety-2-1-300x300.png 300w, https:\/\/roboflex.com.br\/wp-content\/uploads\/2024\/01\/certificacao-safety-2-1-150x150.png 150w, https:\/\/roboflex.com.br\/wp-content\/uploads\/2024\/01\/certificacao-safety-2-1-100x100.png 100w\" sizes=\"(max-width: 60px) 100vw, 60px\" \/> Produto certificado com padr\u00e3o internacional de seguran\u00e7a.<\/p>\n<p>A Case Impact Magn\u00e9tica para Samsung Tab A11 possui tecnologia exclusiva Roboflex que permite remo\u00e7\u00e3o e fixa\u00e7\u00e3o r\u00e1pida do tablet, al\u00e9m do carregamento do dispositivo sempre que est\u00e1 conectado ao plug magn\u00e9tico. Projetada para empresas e integradores de solu\u00e7\u00f5es, ela combina alta resist\u00eancia com um sistema de fixa\u00e7\u00e3o seguro, garantindo estabilidade, durabilidade e confiabilidade mesmo em condi\u00e7\u00f5es severas de uso.<\/p>\n<ul>\n<li>Ideal para situa\u00e7\u00f5es onde h\u00e1 a constante remo\u00e7\u00e3o do produto no decorrer da opera\u00e7\u00e3o como por exemplo checklists operacionais, necessidade de apontamentos fora do local de fixa\u00e7\u00e3o e possibilidade de deslocamento do dispositivo para outro local de opera\u00e7\u00e3o.<\/li>\n<li>Prote\u00e7\u00e3o refor\u00e7ada contra quedas, impactos e vibra\u00e7\u00f5es, reduzindo riscos de danos ao tablet<\/li>\n<li>Maior robustez para atividades em campo e ambientes industriais exigentes<\/li>\n<li>Prote\u00e7\u00e3o contra poeira e respingos de \u00e1gua, aumentando a vida \u00fatil do equipamento<\/li>\n<li>Personaliza\u00e7\u00e3o com a logo do cliente<\/li>\n<li>Itens inclusos:\n<ul>\n<li>1 Case Impact Magn\u00e9tica compat\u00edvel com Samsung Tab A11 SM-X133\/X135<\/li>\n<li>6 parafusos para fechamento da case<\/li>\n<\/ul>\n<\/li>\n<\/ul>\n","protected":false},"featured_media":40251,"template":"","meta":{"_acf_changed":false,"site-sidebar-layout":"default","site-content-layout":"","ast-site-content-layout":"default","site-content-style":"default","site-sidebar-style":"default","ast-global-header-display":"","ast-banner-title-visibility":"","ast-main-header-display":"","ast-hfb-above-header-display":"","ast-hfb-below-header-display":"","ast-hfb-mobile-header-display":"","site-post-title":"","ast-breadcrumbs-content":"","ast-featured-img":"","footer-sml-layout":"","theme-transparent-header-meta":"default","adv-header-id-meta":"","stick-header-meta":"","header-above-stick-meta":"","header-main-stick-meta":"","header-below-stick-meta":"","astra-migrate-meta-layouts":"set","ast-page-background-enabled":"default","ast-page-background-meta":{"desktop":{"background-color":"var(--ast-global-color-4)","background-image":"","background-repeat":"repeat","background-position":"center center","background-size":"auto","background-attachment":"scroll","background-type":"","background-media":"","overlay-type":"","overlay-color":"","overlay-opacity":"","overlay-gradient":""},"tablet":{"background-color":"","background-image":"","background-repeat":"repeat","background-position":"center center","background-size":"auto","background-attachment":"scroll","background-type":"","background-media":"","overlay-type":"","overlay-color":"","overlay-opacity":"","overlay-gradient":""},"mobile":{"background-color":"","background-image":"","background-repeat":"repeat","background-position":"center center","background-size":"auto","background-attachment":"scroll","background-type":"","background-media":"","overlay-type":"","overlay-color":"","overlay-opacity":"","overlay-gradient":""}},"ast-content-background-meta":{"desktop":{"background-color":"var(--ast-global-color-5)","background-image":"","background-repeat":"repeat","background-position":"center center","background-size":"auto","background-attachment":"scroll","background-type":"","background-media":"","overlay-type":"","overlay-color":"","overlay-opacity":"","overlay-gradient":""},"tablet":{"background-color":"var(--ast-global-color-5)","background-image":"","background-repeat":"repeat","background-position":"center center","background-size":"auto","background-attachment":"scroll","background-type":"","background-media":"","overlay-type":"","overlay-color":"","overlay-opacity":"","overlay-gradient":""},"mobile":{"background-color":"var(--ast-global-color-5)","background-image":"","background-repeat":"repeat","background-position":"center center","background-size":"auto","background-attachment":"scroll","background-type":"","background-media":"","overlay-type":"","overlay-color":"","overlay-opacity":"","overlay-gradient":""}}},"product_brand":[],"product_cat":[18,331],"product_tag":[324,278],"class_list":{"0":"post-40249","1":"product","2":"type-product","3":"status-publish","4":"has-post-thumbnail","6":"product_cat-cases","7":"product_cat-cases-linha-hard","8":"product_tag-impact","9":"product_tag-samsung","10":"desktop-align-left","11":"tablet-align-left","12":"mobile-align-left","14":"first","15":"instock","16":"shipping-taxable","17":"product-type-simple"},"acf":[],"_links":{"self":[{"href":"https:\/\/roboflex.com.br\/es\/wp-json\/wp\/v2\/product\/40249","targetHints":{"allow":["GET"]}}],"collection":[{"href":"https:\/\/roboflex.com.br\/es\/wp-json\/wp\/v2\/product"}],"about":[{"href":"https:\/\/roboflex.com.br\/es\/wp-json\/wp\/v2\/types\/product"}],"version-history":[{"count":4,"href":"https:\/\/roboflex.com.br\/es\/wp-json\/wp\/v2\/product\/40249\/revisions"}],"predecessor-version":[{"id":40273,"href":"https:\/\/roboflex.com.br\/es\/wp-json\/wp\/v2\/product\/40249\/revisions\/40273"}],"wp:featuredmedia":[{"embeddable":true,"href":"https:\/\/roboflex.com.br\/es\/wp-json\/wp\/v2\/media\/40251"}],"wp:attachment":[{"href":"https:\/\/roboflex.com.br\/es\/wp-json\/wp\/v2\/media?parent=40249"}],"wp:term":[{"taxonomy":"product_brand","embeddable":true,"href":"https:\/\/roboflex.com.br\/es\/wp-json\/wp\/v2\/product_brand?post=40249"},{"taxonomy":"product_cat","embeddable":true,"href":"https:\/\/roboflex.com.br\/es\/wp-json\/wp\/v2\/product_cat?post=40249"},{"taxonomy":"product_tag","embeddable":true,"href":"https:\/\/roboflex.com.br\/es\/wp-json\/wp\/v2\/product_tag?post=40249"}],"curies":[{"name":"wp","href":"https:\/\/api.w.org\/{rel}","templated":true}]}}