{"id":39410,"date":"2025-10-31T08:35:37","date_gmt":"2025-10-31T11:35:37","guid":{"rendered":"https:\/\/roboflex.com.br\/?post_type=product&#038;p=39410"},"modified":"2025-10-31T08:35:37","modified_gmt":"2025-10-31T11:35:37","slug":"base-aperto","status":"publish","type":"product","link":"https:\/\/roboflex.com.br\/es\/produto\/base-aperto\/","title":{"rendered":"Base Aperto"},"content":{"rendered":"","protected":false},"excerpt":{"rendered":"<p>A base aperto \u00e9 uma solu\u00e7\u00e3o desenvolvida para a fixa\u00e7\u00e3o segura de suportes em superf\u00edcies planas como, mesas, bancadas, tubula\u00e7\u00f5es e outras estruturas planas sem a necessidade de ferramentas para a instala\u00e7\u00e3o.<\/p>\n<ul>\n<li>Permite instala\u00e7\u00e3o e remo\u00e7\u00e3o r\u00e1pidas e sem ferramentas.<\/li>\n<li>Solu\u00e7\u00e3o ideal para implanta\u00e7\u00f5es n\u00e3o permanentes, esta\u00e7\u00f5es de demonstra\u00e7\u00e3o ou ambientes que exigem reconfigura\u00e7\u00e3o frequente.<\/li>\n<li>Ajusta-se a superf\u00edcies planas com extens\u00e3o m\u00e1xima de 83mm.<\/li>\n<li>Compativel com bases parafusadas 2 ou 4 furos (n\u00e3o inclusas).<\/li>\n<\/ul>\n","protected":false},"featured_media":39417,"template":"","meta":{"_acf_changed":false,"site-sidebar-layout":"default","site-content-layout":"","ast-site-content-layout":"default","site-content-style":"default","site-sidebar-style":"default","ast-global-header-display":"","ast-banner-title-visibility":"","ast-main-header-display":"","ast-hfb-above-header-display":"","ast-hfb-below-header-display":"","ast-hfb-mobile-header-display":"","site-post-title":"","ast-breadcrumbs-content":"","ast-featured-img":"","footer-sml-layout":"","theme-transparent-header-meta":"default","adv-header-id-meta":"","stick-header-meta":"","header-above-stick-meta":"","header-main-stick-meta":"","header-below-stick-meta":"","astra-migrate-meta-layouts":"set","ast-page-background-enabled":"default","ast-page-background-meta":{"desktop":{"background-color":"var(--ast-global-color-4)","background-image":"","background-repeat":"repeat","background-position":"center center","background-size":"auto","background-attachment":"scroll","background-type":"","background-media":"","overlay-type":"","overlay-color":"","overlay-opacity":"","overlay-gradient":""},"tablet":{"background-color":"","background-image":"","background-repeat":"repeat","background-position":"center center","background-size":"auto","background-attachment":"scroll","background-type":"","background-media":"","overlay-type":"","overlay-color":"","overlay-opacity":"","overlay-gradient":""},"mobile":{"background-color":"","background-image":"","background-repeat":"repeat","background-position":"center center","background-size":"auto","background-attachment":"scroll","background-type":"","background-media":"","overlay-type":"","overlay-color":"","overlay-opacity":"","overlay-gradient":""}},"ast-content-background-meta":{"desktop":{"background-color":"var(--ast-global-color-5)","background-image":"","background-repeat":"repeat","background-position":"center center","background-size":"auto","background-attachment":"scroll","background-type":"","background-media":"","overlay-type":"","overlay-color":"","overlay-opacity":"","overlay-gradient":""},"tablet":{"background-color":"var(--ast-global-color-5)","background-image":"","background-repeat":"repeat","background-position":"center center","background-size":"auto","background-attachment":"scroll","background-type":"","background-media":"","overlay-type":"","overlay-color":"","overlay-opacity":"","overlay-gradient":""},"mobile":{"background-color":"var(--ast-global-color-5)","background-image":"","background-repeat":"repeat","background-position":"center center","background-size":"auto","background-attachment":"scroll","background-type":"","background-media":"","overlay-type":"","overlay-color":"","overlay-opacity":"","overlay-gradient":""}}},"product_brand":[],"product_cat":[28,63,68],"product_tag":[380],"class_list":{"0":"post-39410","1":"product","2":"type-product","3":"status-publish","4":"has-post-thumbnail","6":"product_cat-suportes","7":"product_cat-bases","8":"product_cat-moveis","9":"product_tag-novidade","10":"desktop-align-left","11":"tablet-align-left","12":"mobile-align-left","14":"first","15":"instock","16":"shipping-taxable","17":"product-type-simple"},"acf":[],"_links":{"self":[{"href":"https:\/\/roboflex.com.br\/es\/wp-json\/wp\/v2\/product\/39410","targetHints":{"allow":["GET"]}}],"collection":[{"href":"https:\/\/roboflex.com.br\/es\/wp-json\/wp\/v2\/product"}],"about":[{"href":"https:\/\/roboflex.com.br\/es\/wp-json\/wp\/v2\/types\/product"}],"version-history":[{"count":3,"href":"https:\/\/roboflex.com.br\/es\/wp-json\/wp\/v2\/product\/39410\/revisions"}],"predecessor-version":[{"id":39424,"href":"https:\/\/roboflex.com.br\/es\/wp-json\/wp\/v2\/product\/39410\/revisions\/39424"}],"wp:featuredmedia":[{"embeddable":true,"href":"https:\/\/roboflex.com.br\/es\/wp-json\/wp\/v2\/media\/39417"}],"wp:attachment":[{"href":"https:\/\/roboflex.com.br\/es\/wp-json\/wp\/v2\/media?parent=39410"}],"wp:term":[{"taxonomy":"product_brand","embeddable":true,"href":"https:\/\/roboflex.com.br\/es\/wp-json\/wp\/v2\/product_brand?post=39410"},{"taxonomy":"product_cat","embeddable":true,"href":"https:\/\/roboflex.com.br\/es\/wp-json\/wp\/v2\/product_cat?post=39410"},{"taxonomy":"product_tag","embeddable":true,"href":"https:\/\/roboflex.com.br\/es\/wp-json\/wp\/v2\/product_tag?post=39410"}],"curies":[{"name":"wp","href":"https:\/\/api.w.org\/{rel}","templated":true}]}}