{"id":39391,"date":"2025-10-31T08:35:20","date_gmt":"2025-10-31T11:35:20","guid":{"rendered":"https:\/\/roboflex.com.br\/?post_type=product&#038;p=39391"},"modified":"2025-10-31T08:35:21","modified_gmt":"2025-10-31T11:35:21","slug":"base-reta-longa-tamanho-b","status":"publish","type":"product","link":"https:\/\/roboflex.com.br\/es\/produto\/base-reta-longa-tamanho-b\/","title":{"rendered":"Base Reta Longa Tamanho B"},"content":{"rendered":"","protected":false},"excerpt":{"rendered":"<p>A Base Reta Longa \u00e9 uma solu\u00e7\u00e3o pr\u00e1tica e resistente desenvolvida para a fixa\u00e7\u00e3o segura de suportes em tubos quadrados ou retangulares, sem necessidade de fura\u00e7\u00e3o. Ideal para aplica\u00e7\u00f5es em empilhadeiras ou qualquer estrutura met\u00e1lica, oferece instala\u00e7\u00e3o r\u00e1pida e vers\u00e1til, preservando a integridade do equipamento e da superf\u00edcie de fixa\u00e7\u00e3o. Proporciona ajuste preciso e fixa\u00e7\u00e3o firme, mesmo em condi\u00e7\u00f5es de vibra\u00e7\u00e3o e movimenta\u00e7\u00e3o constante.<\/p>\n<ul>\n<li>Instala\u00e7\u00e3o sem fura\u00e7\u00e3o, preservando a estrutura original.<\/li>\n<li><span style=\"font-size: 16px;\">Compat\u00edvel com tubos quadrados ou retangulares de at\u00e9 104,4mm de largura e 52mm de altura m\u00e1xima.<\/span><\/li>\n<li>Compat\u00edvel com bra\u00e7os tamanho B (1&#8243;)<\/li>\n<\/ul>\n","protected":false},"featured_media":39392,"template":"","meta":{"_acf_changed":false,"site-sidebar-layout":"default","site-content-layout":"","ast-site-content-layout":"default","site-content-style":"default","site-sidebar-style":"default","ast-global-header-display":"","ast-banner-title-visibility":"","ast-main-header-display":"","ast-hfb-above-header-display":"","ast-hfb-below-header-display":"","ast-hfb-mobile-header-display":"","site-post-title":"","ast-breadcrumbs-content":"","ast-featured-img":"","footer-sml-layout":"","theme-transparent-header-meta":"default","adv-header-id-meta":"","stick-header-meta":"","header-above-stick-meta":"","header-main-stick-meta":"","header-below-stick-meta":"","astra-migrate-meta-layouts":"set","ast-page-background-enabled":"default","ast-page-background-meta":{"desktop":{"background-color":"var(--ast-global-color-4)","background-image":"","background-repeat":"repeat","background-position":"center center","background-size":"auto","background-attachment":"scroll","background-type":"","background-media":"","overlay-type":"","overlay-color":"","overlay-opacity":"","overlay-gradient":""},"tablet":{"background-color":"","background-image":"","background-repeat":"repeat","background-position":"center center","background-size":"auto","background-attachment":"scroll","background-type":"","background-media":"","overlay-type":"","overlay-color":"","overlay-opacity":"","overlay-gradient":""},"mobile":{"background-color":"","background-image":"","background-repeat":"repeat","background-position":"center center","background-size":"auto","background-attachment":"scroll","background-type":"","background-media":"","overlay-type":"","overlay-color":"","overlay-opacity":"","overlay-gradient":""}},"ast-content-background-meta":{"desktop":{"background-color":"var(--ast-global-color-5)","background-image":"","background-repeat":"repeat","background-position":"center center","background-size":"auto","background-attachment":"scroll","background-type":"","background-media":"","overlay-type":"","overlay-color":"","overlay-opacity":"","overlay-gradient":""},"tablet":{"background-color":"var(--ast-global-color-5)","background-image":"","background-repeat":"repeat","background-position":"center center","background-size":"auto","background-attachment":"scroll","background-type":"","background-media":"","overlay-type":"","overlay-color":"","overlay-opacity":"","overlay-gradient":""},"mobile":{"background-color":"var(--ast-global-color-5)","background-image":"","background-repeat":"repeat","background-position":"center center","background-size":"auto","background-attachment":"scroll","background-type":"","background-media":"","overlay-type":"","overlay-color":"","overlay-opacity":"","overlay-gradient":""}}},"product_brand":[],"product_cat":[28,63,68],"product_tag":[380],"class_list":{"0":"post-39391","1":"product","2":"type-product","3":"status-publish","4":"has-post-thumbnail","6":"product_cat-suportes","7":"product_cat-bases","8":"product_cat-moveis","9":"product_tag-novidade","10":"desktop-align-left","11":"tablet-align-left","12":"mobile-align-left","14":"first","15":"instock","16":"shipping-taxable","17":"product-type-simple"},"acf":[],"_links":{"self":[{"href":"https:\/\/roboflex.com.br\/es\/wp-json\/wp\/v2\/product\/39391","targetHints":{"allow":["GET"]}}],"collection":[{"href":"https:\/\/roboflex.com.br\/es\/wp-json\/wp\/v2\/product"}],"about":[{"href":"https:\/\/roboflex.com.br\/es\/wp-json\/wp\/v2\/types\/product"}],"version-history":[{"count":1,"href":"https:\/\/roboflex.com.br\/es\/wp-json\/wp\/v2\/product\/39391\/revisions"}],"predecessor-version":[{"id":39401,"href":"https:\/\/roboflex.com.br\/es\/wp-json\/wp\/v2\/product\/39391\/revisions\/39401"}],"wp:featuredmedia":[{"embeddable":true,"href":"https:\/\/roboflex.com.br\/es\/wp-json\/wp\/v2\/media\/39392"}],"wp:attachment":[{"href":"https:\/\/roboflex.com.br\/es\/wp-json\/wp\/v2\/media?parent=39391"}],"wp:term":[{"taxonomy":"product_brand","embeddable":true,"href":"https:\/\/roboflex.com.br\/es\/wp-json\/wp\/v2\/product_brand?post=39391"},{"taxonomy":"product_cat","embeddable":true,"href":"https:\/\/roboflex.com.br\/es\/wp-json\/wp\/v2\/product_cat?post=39391"},{"taxonomy":"product_tag","embeddable":true,"href":"https:\/\/roboflex.com.br\/es\/wp-json\/wp\/v2\/product_tag?post=39391"}],"curies":[{"name":"wp","href":"https:\/\/api.w.org\/{rel}","templated":true}]}}