{"id":39351,"date":"2025-10-31T08:36:56","date_gmt":"2025-10-31T11:36:56","guid":{"rendered":"https:\/\/roboflex.com.br\/?post_type=product&#038;p=39351"},"modified":"2025-11-07T10:47:04","modified_gmt":"2025-11-07T13:47:04","slug":"base-tubular-gancho-tamanho-c","status":"publish","type":"product","link":"https:\/\/roboflex.com.br\/es\/produto\/base-tubular-gancho-tamanho-c\/","title":{"rendered":"Base Tubular Gancho Tamanho C"},"content":{"rendered":"","protected":false},"excerpt":{"rendered":"<p>A Base Tubular Gancho da Roboflex\u00ae foi desenvolvida para proporcionar fixa\u00e7\u00e3o segura e vers\u00e1til para dispositivos em estruturas cil\u00edndricas. Tem design robusto e f\u00e1cil montagem j\u00e1 que dispensa o uso de ferramentas para instala\u00e7\u00e3o.<\/p>\n<ul>\n<li>A instala\u00e7\u00e3o por encaixe r\u00e1pida e firme, \u00e9 ideal para empilhadeiras, tratores, carrinhos de picking e outros ve\u00edculos ou tubos.<\/li>\n<li>Compat\u00edvel com tubos de \u00f830mm a \u00f875mm de di\u00e2metro<\/li>\n<li>Compat\u00edvel com bra\u00e7os tamanho C (1,5&#8243; polegada)<\/li>\n<\/ul>\n","protected":false},"featured_media":39356,"template":"","meta":{"_acf_changed":false,"site-sidebar-layout":"default","site-content-layout":"","ast-site-content-layout":"default","site-content-style":"default","site-sidebar-style":"default","ast-global-header-display":"","ast-banner-title-visibility":"","ast-main-header-display":"","ast-hfb-above-header-display":"","ast-hfb-below-header-display":"","ast-hfb-mobile-header-display":"","site-post-title":"","ast-breadcrumbs-content":"","ast-featured-img":"","footer-sml-layout":"","theme-transparent-header-meta":"default","adv-header-id-meta":"","stick-header-meta":"","header-above-stick-meta":"","header-main-stick-meta":"","header-below-stick-meta":"","astra-migrate-meta-layouts":"set","ast-page-background-enabled":"default","ast-page-background-meta":{"desktop":{"background-color":"var(--ast-global-color-4)","background-image":"","background-repeat":"repeat","background-position":"center center","background-size":"auto","background-attachment":"scroll","background-type":"","background-media":"","overlay-type":"","overlay-color":"","overlay-opacity":"","overlay-gradient":""},"tablet":{"background-color":"","background-image":"","background-repeat":"repeat","background-position":"center center","background-size":"auto","background-attachment":"scroll","background-type":"","background-media":"","overlay-type":"","overlay-color":"","overlay-opacity":"","overlay-gradient":""},"mobile":{"background-color":"","background-image":"","background-repeat":"repeat","background-position":"center center","background-size":"auto","background-attachment":"scroll","background-type":"","background-media":"","overlay-type":"","overlay-color":"","overlay-opacity":"","overlay-gradient":""}},"ast-content-background-meta":{"desktop":{"background-color":"var(--ast-global-color-5)","background-image":"","background-repeat":"repeat","background-position":"center center","background-size":"auto","background-attachment":"scroll","background-type":"","background-media":"","overlay-type":"","overlay-color":"","overlay-opacity":"","overlay-gradient":""},"tablet":{"background-color":"var(--ast-global-color-5)","background-image":"","background-repeat":"repeat","background-position":"center center","background-size":"auto","background-attachment":"scroll","background-type":"","background-media":"","overlay-type":"","overlay-color":"","overlay-opacity":"","overlay-gradient":""},"mobile":{"background-color":"var(--ast-global-color-5)","background-image":"","background-repeat":"repeat","background-position":"center center","background-size":"auto","background-attachment":"scroll","background-type":"","background-media":"","overlay-type":"","overlay-color":"","overlay-opacity":"","overlay-gradient":""}}},"product_brand":[],"product_cat":[28,63,68],"product_tag":[82,380],"class_list":{"0":"post-39351","1":"product","2":"type-product","3":"status-publish","4":"has-post-thumbnail","6":"product_cat-suportes","7":"product_cat-bases","8":"product_cat-moveis","9":"product_tag-base-tubular","10":"product_tag-novidade","11":"desktop-align-left","12":"tablet-align-left","13":"mobile-align-left","15":"first","16":"instock","17":"shipping-taxable","18":"product-type-simple"},"acf":[],"_links":{"self":[{"href":"https:\/\/roboflex.com.br\/es\/wp-json\/wp\/v2\/product\/39351","targetHints":{"allow":["GET"]}}],"collection":[{"href":"https:\/\/roboflex.com.br\/es\/wp-json\/wp\/v2\/product"}],"about":[{"href":"https:\/\/roboflex.com.br\/es\/wp-json\/wp\/v2\/types\/product"}],"version-history":[{"count":3,"href":"https:\/\/roboflex.com.br\/es\/wp-json\/wp\/v2\/product\/39351\/revisions"}],"predecessor-version":[{"id":39425,"href":"https:\/\/roboflex.com.br\/es\/wp-json\/wp\/v2\/product\/39351\/revisions\/39425"}],"wp:featuredmedia":[{"embeddable":true,"href":"https:\/\/roboflex.com.br\/es\/wp-json\/wp\/v2\/media\/39356"}],"wp:attachment":[{"href":"https:\/\/roboflex.com.br\/es\/wp-json\/wp\/v2\/media?parent=39351"}],"wp:term":[{"taxonomy":"product_brand","embeddable":true,"href":"https:\/\/roboflex.com.br\/es\/wp-json\/wp\/v2\/product_brand?post=39351"},{"taxonomy":"product_cat","embeddable":true,"href":"https:\/\/roboflex.com.br\/es\/wp-json\/wp\/v2\/product_cat?post=39351"},{"taxonomy":"product_tag","embeddable":true,"href":"https:\/\/roboflex.com.br\/es\/wp-json\/wp\/v2\/product_tag?post=39351"}],"curies":[{"name":"wp","href":"https:\/\/api.w.org\/{rel}","templated":true}]}}