{"id":37798,"date":"2025-07-17T14:03:36","date_gmt":"2025-07-17T17:03:36","guid":{"rendered":"https:\/\/lightyellow-zebra-660216.hostingersite.com\/?post_type=product&#038;p=37798"},"modified":"2026-02-10T11:45:57","modified_gmt":"2026-02-10T14:45:57","slug":"power-line-regua-de-carregamento-tablets","status":"publish","type":"product","link":"https:\/\/roboflex.com.br\/es\/produto\/power-line-regua-de-carregamento-tablets\/","title":{"rendered":"Power Line \u2013 R\u00e9gua de Carregamento para Tablets"},"content":{"rendered":"\t\t<div data-elementor-type=\"product-post\" data-elementor-id=\"37798\" class=\"elementor elementor-37798\" data-elementor-post-type=\"product\">\n\t\t\t\t<div class=\"elementor-element elementor-element-a56bad9 elementor-hidden-mobile e-flex e-con-boxed e-con e-parent\" data-id=\"a56bad9\" data-element_type=\"container\" data-e-type=\"container\">\n\t\t\t\t\t<div class=\"e-con-inner\">\n\t\t\t\t<div class=\"elementor-element elementor-element-38f80b4 elementor-widget__width-initial elementor-widget elementor-widget-button\" data-id=\"38f80b4\" data-element_type=\"widget\" data-e-type=\"widget\" data-widget_type=\"button.default\">\n\t\t\t\t<div class=\"elementor-widget-container\">\n\t\t\t\t\t\t\t\t\t<div class=\"elementor-button-wrapper\">\n\t\t\t\t\t<a class=\"elementor-button elementor-button-link elementor-size-sm\" href=\"https:\/\/roboflex.com.br\/wp-content\/uploads\/2026\/02\/Manual-Power-Line-3.pdf\" target=\"_blank\">\n\t\t\t\t\t\t<span class=\"elementor-button-content-wrapper\">\n\t\t\t\t\t\t<span class=\"elementor-button-icon\">\n\t\t\t\t<i aria-hidden=\"true\" class=\"far fa-file-pdf\"><\/i>\t\t\t<\/span>\n\t\t\t\t\t\t\t\t\t<span class=\"elementor-button-text\">Acesse o manual de instru\u00e7\u00f5es<\/span>\n\t\t\t\t\t<\/span>\n\t\t\t\t\t<\/a>\n\t\t\t\t<\/div>\n\t\t\t\t\t\t\t\t<\/div>\n\t\t\t\t<\/div>\n\t\t\t\t\t<\/div>\n\t\t\t\t<\/div>\n\t\t<div class=\"elementor-element elementor-element-4eb4e39 e-flex e-con-boxed e-con e-parent\" data-id=\"4eb4e39\" data-element_type=\"container\" data-e-type=\"container\">\n\t\t\t\t\t<div class=\"e-con-inner\">\n\t\t\t\t<div class=\"elementor-element elementor-element-7e87639 elementor-widget elementor-widget-video\" data-id=\"7e87639\" data-element_type=\"widget\" data-e-type=\"widget\" data-settings=\"{&quot;video_type&quot;:&quot;hosted&quot;,&quot;mute&quot;:&quot;yes&quot;,&quot;controls&quot;:&quot;yes&quot;}\" data-widget_type=\"video.default\">\n\t\t\t\t<div class=\"elementor-widget-container\">\n\t\t\t\t\t\t\t<div class=\"e-hosted-video elementor-wrapper elementor-open-inline\">\n\t\t\t\t\t<video class=\"elementor-video\" src=\"https:\/\/roboflex.com.br\/wp-content\/uploads\/2025\/07\/Power-Line-regua.mp4\" controls=\"\" preload=\"metadata\" muted=\"muted\" controlsList=\"nodownload\" poster=\"https:\/\/roboflex.com.br\/wp-content\/uploads\/2025\/07\/Capa-Power-Line-video.jpg\"><\/video>\n\t\t\t\t<\/div>\n\t\t\t\t\t\t<\/div>\n\t\t\t\t<\/div>\n\t\t\t\t\t<\/div>\n\t\t\t\t<\/div>\n\t\t\t\t<\/div>\n\t\t","protected":false},"excerpt":{"rendered":"<p>A Power Line \u00e9 uma r\u00e9gua de carregamento modular desenvolvida para opera\u00e7\u00f5es que utilizam m\u00faltiplos tablets no dia a dia. Projetada para ambientes corporativos, comerciais e industriais, o sistema garante organiza\u00e7\u00e3o, seguran\u00e7a e efici\u00eancia ao processo de recarga, eliminando a necessidade de cabos expostos e reduzindo falhas operacionais por mau contato.<\/p>\n<ul>\n<li>Carregamento simult\u00e2neo de v\u00e1rios dispositivos com estrutura fixa e organizada<\/li>\n<li>Elimina\u00e7\u00e3o de fios aparentes, trazendo mais seguran\u00e7a e est\u00e9tica ao ambiente<\/li>\n<li>Facilidade de uso com conex\u00e3o magn\u00e9tica pr\u00e1tica e confi\u00e1vel<\/li>\n<li>Ideal para opera\u00e7\u00f5es com checklist, PDVs com revezamento de tablets, servi\u00e7os de food service, opera\u00e7\u00f5es internas com demanda de recarga r\u00e1pida e organizada<\/li>\n<\/ul>\n<p>Especifica\u00e7\u00f5es<\/p>\n<ul>\n<li>Possibilidade de inclus\u00e3o de mais linhas de carregamento<\/li>\n<li>At\u00e9 4 tablets acoplados e carregando por linha<\/li>\n<li>Bivolt<\/li>\n<li>Tens\u00e3o de entrada: 85-265V~50\/60Hz<\/li>\n<li>Compat\u00edvel com cases magn\u00e9ticas Roboflex<\/li>\n<\/ul>\n","protected":false},"featured_media":37806,"template":"","meta":{"_acf_changed":false,"site-sidebar-layout":"no-sidebar","site-content-layout":"page-builder","ast-site-content-layout":"full-width-container","site-content-style":"default","site-sidebar-style":"default","ast-global-header-display":"","ast-banner-title-visibility":"","ast-main-header-display":"","ast-hfb-above-header-display":"","ast-hfb-below-header-display":"","ast-hfb-mobile-header-display":"","site-post-title":"disabled","ast-breadcrumbs-content":"","ast-featured-img":"disabled","footer-sml-layout":"","theme-transparent-header-meta":"default","adv-header-id-meta":"","stick-header-meta":"","header-above-stick-meta":"","header-main-stick-meta":"","header-below-stick-meta":"","astra-migrate-meta-layouts":"set","ast-page-background-enabled":"default","ast-page-background-meta":{"desktop":{"background-color":"var(--ast-global-color-4)","background-image":"","background-repeat":"repeat","background-position":"center center","background-size":"auto","background-attachment":"scroll","background-type":"","background-media":"","overlay-type":"","overlay-color":"","overlay-opacity":"","overlay-gradient":""},"tablet":{"background-color":"","background-image":"","background-repeat":"repeat","background-position":"center center","background-size":"auto","background-attachment":"scroll","background-type":"","background-media":"","overlay-type":"","overlay-color":"","overlay-opacity":"","overlay-gradient":""},"mobile":{"background-color":"","background-image":"","background-repeat":"repeat","background-position":"center center","background-size":"auto","background-attachment":"scroll","background-type":"","background-media":"","overlay-type":"","overlay-color":"","overlay-opacity":"","overlay-gradient":""}},"ast-content-background-meta":{"desktop":{"background-color":"var(--ast-global-color-5)","background-image":"","background-repeat":"repeat","background-position":"center center","background-size":"auto","background-attachment":"scroll","background-type":"","background-media":"","overlay-type":"","overlay-color":"","overlay-opacity":"","overlay-gradient":""},"tablet":{"background-color":"var(--ast-global-color-5)","background-image":"","background-repeat":"repeat","background-position":"center center","background-size":"auto","background-attachment":"scroll","background-type":"","background-media":"","overlay-type":"","overlay-color":"","overlay-opacity":"","overlay-gradient":""},"mobile":{"background-color":"var(--ast-global-color-5)","background-image":"","background-repeat":"repeat","background-position":"center center","background-size":"auto","background-attachment":"scroll","background-type":"","background-media":"","overlay-type":"","overlay-color":"","overlay-opacity":"","overlay-gradient":""}}},"product_brand":[],"product_cat":[37],"product_tag":[],"class_list":{"0":"post-37798","1":"product","2":"type-product","3":"status-publish","4":"has-post-thumbnail","6":"product_cat-carregadores","7":"desktop-align-left","8":"tablet-align-left","9":"mobile-align-left","11":"first","12":"instock","13":"shipping-taxable","14":"product-type-simple"},"acf":[],"_links":{"self":[{"href":"https:\/\/roboflex.com.br\/es\/wp-json\/wp\/v2\/product\/37798","targetHints":{"allow":["GET"]}}],"collection":[{"href":"https:\/\/roboflex.com.br\/es\/wp-json\/wp\/v2\/product"}],"about":[{"href":"https:\/\/roboflex.com.br\/es\/wp-json\/wp\/v2\/types\/product"}],"version-history":[{"count":19,"href":"https:\/\/roboflex.com.br\/es\/wp-json\/wp\/v2\/product\/37798\/revisions"}],"predecessor-version":[{"id":40618,"href":"https:\/\/roboflex.com.br\/es\/wp-json\/wp\/v2\/product\/37798\/revisions\/40618"}],"wp:featuredmedia":[{"embeddable":true,"href":"https:\/\/roboflex.com.br\/es\/wp-json\/wp\/v2\/media\/37806"}],"wp:attachment":[{"href":"https:\/\/roboflex.com.br\/es\/wp-json\/wp\/v2\/media?parent=37798"}],"wp:term":[{"taxonomy":"product_brand","embeddable":true,"href":"https:\/\/roboflex.com.br\/es\/wp-json\/wp\/v2\/product_brand?post=37798"},{"taxonomy":"product_cat","embeddable":true,"href":"https:\/\/roboflex.com.br\/es\/wp-json\/wp\/v2\/product_cat?post=37798"},{"taxonomy":"product_tag","embeddable":true,"href":"https:\/\/roboflex.com.br\/es\/wp-json\/wp\/v2\/product_tag?post=37798"}],"curies":[{"name":"wp","href":"https:\/\/api.w.org\/{rel}","templated":true}]}}