{"id":37207,"date":"2025-06-30T14:25:33","date_gmt":"2025-06-30T17:25:33","guid":{"rendered":"https:\/\/lightyellow-zebra-660216.hostingersite.com\/?post_type=product&#038;p=37207"},"modified":"2025-07-10T15:19:01","modified_gmt":"2025-07-10T18:19:01","slug":"manipulo-autotravante-com-chave","status":"publish","type":"product","link":"https:\/\/roboflex.com.br\/es\/produto\/manipulo-autotravante-com-chave\/","title":{"rendered":"Man\u00edpulo autotravante com chave"},"content":{"rendered":"\t\t<div data-elementor-type=\"product-post\" data-elementor-id=\"37207\" class=\"elementor elementor-37207\" data-elementor-post-type=\"product\">\n\t\t\t\t<div class=\"elementor-element elementor-element-4d3f2a3 e-con-full e-flex e-con e-parent\" data-id=\"4d3f2a3\" data-element_type=\"container\" data-e-type=\"container\">\n\t\t\t\t<div class=\"elementor-element elementor-element-5f213ce elementor-widget__width-inherit elementor-widget elementor-widget-video\" data-id=\"5f213ce\" data-element_type=\"widget\" data-e-type=\"widget\" data-settings=\"{&quot;video_type&quot;:&quot;hosted&quot;,&quot;mute&quot;:&quot;yes&quot;,&quot;controls&quot;:&quot;yes&quot;}\" data-widget_type=\"video.default\">\n\t\t\t\t<div class=\"elementor-widget-container\">\n\t\t\t\t\t\t\t<div class=\"e-hosted-video elementor-wrapper elementor-open-inline\">\n\t\t\t\t\t<video class=\"elementor-video\" src=\"https:\/\/roboflex.com.br\/wp-content\/uploads\/2025\/06\/manipulo-autotravante.mp4\" controls=\"\" preload=\"metadata\" muted=\"muted\" controlsList=\"nodownload\"><\/video>\n\t\t\t\t<\/div>\n\t\t\t\t\t\t<\/div>\n\t\t\t\t<\/div>\n\t\t\t\t<\/div>\n\t\t\t\t<\/div>\n\t\t","protected":false},"excerpt":{"rendered":"<p>Desenvolvido para garantir maior seguran\u00e7a e controle, o man\u00edpulo com chave exclusiva permite o ajuste ou a remo\u00e7\u00e3o do bra\u00e7o apenas por usu\u00e1rios autorizados.<\/p>\n<ul>\n<li>Ideal para ambientes onde a integridade da instala\u00e7\u00e3o \u00e9 essencial<\/li>\n<li>O sistema com chave evita manuseios indevidos e refor\u00e7a a prote\u00e7\u00e3o do equipamento<\/li>\n<li>Compat\u00edvel com bra\u00e7os Roboflex de todos os tamanhos que utilizam man\u00edpulo tradicional, este acess\u00f3rio pode ser adquirido separadamente para atualiza\u00e7\u00e3o dos modelos j\u00e1 instalados.<\/li>\n<\/ul>\n<p hidden=\"Refer\u00eancia: ACS040011\">\n","protected":false},"featured_media":37265,"template":"","meta":{"_acf_changed":false,"site-sidebar-layout":"no-sidebar","site-content-layout":"page-builder","ast-site-content-layout":"full-width-container","site-content-style":"default","site-sidebar-style":"default","ast-global-header-display":"","ast-banner-title-visibility":"","ast-main-header-display":"","ast-hfb-above-header-display":"","ast-hfb-below-header-display":"","ast-hfb-mobile-header-display":"","site-post-title":"disabled","ast-breadcrumbs-content":"","ast-featured-img":"disabled","footer-sml-layout":"","theme-transparent-header-meta":"default","adv-header-id-meta":"","stick-header-meta":"","header-above-stick-meta":"","header-main-stick-meta":"","header-below-stick-meta":"","astra-migrate-meta-layouts":"set","ast-page-background-enabled":"default","ast-page-background-meta":{"desktop":{"background-color":"var(--ast-global-color-4)","background-image":"","background-repeat":"repeat","background-position":"center center","background-size":"auto","background-attachment":"scroll","background-type":"","background-media":"","overlay-type":"","overlay-color":"","overlay-opacity":"","overlay-gradient":""},"tablet":{"background-color":"","background-image":"","background-repeat":"repeat","background-position":"center center","background-size":"auto","background-attachment":"scroll","background-type":"","background-media":"","overlay-type":"","overlay-color":"","overlay-opacity":"","overlay-gradient":""},"mobile":{"background-color":"","background-image":"","background-repeat":"repeat","background-position":"center center","background-size":"auto","background-attachment":"scroll","background-type":"","background-media":"","overlay-type":"","overlay-color":"","overlay-opacity":"","overlay-gradient":""}},"ast-content-background-meta":{"desktop":{"background-color":"var(--ast-global-color-5)","background-image":"","background-repeat":"repeat","background-position":"center center","background-size":"auto","background-attachment":"scroll","background-type":"","background-media":"","overlay-type":"","overlay-color":"","overlay-opacity":"","overlay-gradient":""},"tablet":{"background-color":"var(--ast-global-color-5)","background-image":"","background-repeat":"repeat","background-position":"center center","background-size":"auto","background-attachment":"scroll","background-type":"","background-media":"","overlay-type":"","overlay-color":"","overlay-opacity":"","overlay-gradient":""},"mobile":{"background-color":"var(--ast-global-color-5)","background-image":"","background-repeat":"repeat","background-position":"center center","background-size":"auto","background-attachment":"scroll","background-type":"","background-media":"","overlay-type":"","overlay-color":"","overlay-opacity":"","overlay-gradient":""}}},"product_brand":[],"product_cat":[105],"product_tag":[],"class_list":{"0":"post-37207","1":"product","2":"type-product","3":"status-publish","4":"has-post-thumbnail","6":"product_cat-acessorios","7":"desktop-align-left","8":"tablet-align-left","9":"mobile-align-left","11":"first","12":"instock","13":"shipping-taxable","14":"product-type-simple"},"acf":[],"_links":{"self":[{"href":"https:\/\/roboflex.com.br\/es\/wp-json\/wp\/v2\/product\/37207","targetHints":{"allow":["GET"]}}],"collection":[{"href":"https:\/\/roboflex.com.br\/es\/wp-json\/wp\/v2\/product"}],"about":[{"href":"https:\/\/roboflex.com.br\/es\/wp-json\/wp\/v2\/types\/product"}],"version-history":[{"count":11,"href":"https:\/\/roboflex.com.br\/es\/wp-json\/wp\/v2\/product\/37207\/revisions"}],"predecessor-version":[{"id":37783,"href":"https:\/\/roboflex.com.br\/es\/wp-json\/wp\/v2\/product\/37207\/revisions\/37783"}],"wp:featuredmedia":[{"embeddable":true,"href":"https:\/\/roboflex.com.br\/es\/wp-json\/wp\/v2\/media\/37265"}],"wp:attachment":[{"href":"https:\/\/roboflex.com.br\/es\/wp-json\/wp\/v2\/media?parent=37207"}],"wp:term":[{"taxonomy":"product_brand","embeddable":true,"href":"https:\/\/roboflex.com.br\/es\/wp-json\/wp\/v2\/product_brand?post=37207"},{"taxonomy":"product_cat","embeddable":true,"href":"https:\/\/roboflex.com.br\/es\/wp-json\/wp\/v2\/product_cat?post=37207"},{"taxonomy":"product_tag","embeddable":true,"href":"https:\/\/roboflex.com.br\/es\/wp-json\/wp\/v2\/product_tag?post=37207"}],"curies":[{"name":"wp","href":"https:\/\/api.w.org\/{rel}","templated":true}]}}