{"id":27457,"date":"2024-05-20T16:49:20","date_gmt":"2024-05-20T19:49:20","guid":{"rendered":"https:\/\/lightyellow-zebra-660216.hostingersite.com\/produto\/case-connected-charger-tablet-samsung-tab-a9-magnetica\/"},"modified":"2025-06-03T15:16:36","modified_gmt":"2025-06-03T18:16:36","slug":"case-connected-charger-tablet-samsung-tab-a9-magnetica","status":"publish","type":"product","link":"https:\/\/roboflex.com.br\/es\/produto\/case-connected-charger-tablet-samsung-tab-a9-magnetica\/","title":{"rendered":"Funda Magn\u00e9tica Connected Charger para tablet Samsung Tab A9 8,7&#8243; Impact"},"content":{"rendered":"\t\t<div data-elementor-type=\"product-post\" data-elementor-id=\"27457\" class=\"elementor elementor-27457 elementor-21203\" data-elementor-post-type=\"product\">\n\t\t\t\t<div class=\"elementor-element elementor-element-852a8c0 elementor-hidden-mobile elementor-hidden-desktop elementor-hidden-tablet e-flex e-con-boxed e-con e-parent\" data-id=\"852a8c0\" data-element_type=\"container\" data-e-type=\"container\">\n\t\t\t\t\t<div class=\"e-con-inner\">\n\t\t\t\t<div class=\"elementor-element elementor-element-1c75af7 elementor-widget__width-initial elementor-widget elementor-widget-button\" data-id=\"1c75af7\" data-element_type=\"widget\" data-e-type=\"widget\" data-widget_type=\"button.default\">\n\t\t\t\t<div class=\"elementor-widget-container\">\n\t\t\t\t\t\t\t\t\t<div class=\"elementor-button-wrapper\">\n\t\t\t\t\t<a class=\"elementor-button elementor-button-link elementor-size-sm\" href=\"https:\/\/roboflex.com.br\/wp-content\/uploads\/2024\/03\/Manual-case-A9.pdf\" target=\"_blank\">\n\t\t\t\t\t\t<span class=\"elementor-button-content-wrapper\">\n\t\t\t\t\t\t<span class=\"elementor-button-icon\">\n\t\t\t\t<i aria-hidden=\"true\" class=\"far fa-file-pdf\"><\/i>\t\t\t<\/span>\n\t\t\t\t\t\t\t\t\t<span class=\"elementor-button-text\">Acesse o manual de instru\u00e7\u00f5es<\/span>\n\t\t\t\t\t<\/span>\n\t\t\t\t\t<\/a>\n\t\t\t\t<\/div>\n\t\t\t\t\t\t\t\t<\/div>\n\t\t\t\t<\/div>\n\t\t\t\t\t<\/div>\n\t\t\t\t<\/div>\n\t\t<div class=\"elementor-element elementor-element-337c25a e-flex e-con-boxed e-con e-parent\" data-id=\"337c25a\" data-element_type=\"container\" data-e-type=\"container\">\n\t\t\t\t\t<div class=\"e-con-inner\">\n\t\t\t\t<div class=\"elementor-element elementor-element-9599d07 elementor-widget elementor-widget-image\" data-id=\"9599d07\" data-element_type=\"widget\" data-e-type=\"widget\" data-widget_type=\"image.default\">\n\t\t\t\t<div class=\"elementor-widget-container\">\n\t\t\t\t\t\t\t\t\t\t\t\t\t\t\t<img fetchpriority=\"high\" decoding=\"async\" width=\"1024\" height=\"387\" src=\"https:\/\/roboflex.com.br\/wp-content\/uploads\/2024\/05\/Descricao-A9-CC-es-1024x387.webp\" class=\"attachment-large size-large wp-image-27500\" alt=\"\" srcset=\"https:\/\/roboflex.com.br\/wp-content\/uploads\/2024\/05\/Descricao-A9-CC-es-1024x387.webp 1024w, https:\/\/roboflex.com.br\/wp-content\/uploads\/2024\/05\/Descricao-A9-CC-es-300x113.webp 300w, https:\/\/roboflex.com.br\/wp-content\/uploads\/2024\/05\/Descricao-A9-CC-es-768x290.webp 768w, https:\/\/roboflex.com.br\/wp-content\/uploads\/2024\/05\/Descricao-A9-CC-es-1536x581.webp 1536w, https:\/\/roboflex.com.br\/wp-content\/uploads\/2024\/05\/Descricao-A9-CC-es-500x189.webp 500w, https:\/\/roboflex.com.br\/wp-content\/uploads\/2024\/05\/Descricao-A9-CC-es.webp 1547w\" sizes=\"(max-width: 1024px) 100vw, 1024px\" \/>\t\t\t\t\t\t\t\t\t\t\t\t\t\t\t<\/div>\n\t\t\t\t<\/div>\n\t\t\t\t<div class=\"elementor-element elementor-element-8817128 elementor-widget elementor-widget-image\" data-id=\"8817128\" data-element_type=\"widget\" data-e-type=\"widget\" data-widget_type=\"image.default\">\n\t\t\t\t<div class=\"elementor-widget-container\">\n\t\t\t\t\t\t\t\t\t\t\t\t\t\t\t<img decoding=\"async\" src=\"https:\/\/roboflex.com.br\/wp-content\/uploads\/elementor\/thumbs\/detalhes-fundo-A9-cc-es-rcmkdjjqjcrl9isoawm0tstqvjmcctx52k8hvr8wrs.webp\" title=\"detalhes fundo A9 cc es\" alt=\"Case magn\u00e9tica A9 Connected Charger\" loading=\"lazy\" \/>\t\t\t\t\t\t\t\t\t\t\t\t\t\t\t<\/div>\n\t\t\t\t<\/div>\n\t\t\t\t\t<\/div>\n\t\t\t\t<\/div>\n\t\t<div class=\"elementor-element elementor-element-673013e e-flex e-con-boxed e-con e-parent\" data-id=\"673013e\" data-element_type=\"container\" data-e-type=\"container\">\n\t\t\t\t\t<div class=\"e-con-inner\">\n\t\t\t\t<div class=\"elementor-element elementor-element-1c4e253 elementor-widget elementor-widget-video\" data-id=\"1c4e253\" data-element_type=\"widget\" data-e-type=\"widget\" data-settings=\"{&quot;youtube_url&quot;:&quot;https:\\\/\\\/www.youtube.com\\\/watch?v=EkvFqPa1d4A&quot;,&quot;mute&quot;:&quot;yes&quot;,&quot;video_type&quot;:&quot;youtube&quot;,&quot;controls&quot;:&quot;yes&quot;}\" data-widget_type=\"video.default\">\n\t\t\t\t<div class=\"elementor-widget-container\">\n\t\t\t\t\t\t\t<div class=\"elementor-wrapper elementor-open-inline\">\n\t\t\t<div class=\"elementor-video\"><\/div>\t\t<\/div>\n\t\t\t\t\t\t<\/div>\n\t\t\t\t<\/div>\n\t\t\t\t\t<\/div>\n\t\t\t\t<\/div>\n\t\t<div class=\"elementor-element elementor-element-bc1a83b elementor-hidden-desktop elementor-hidden-tablet e-flex e-con-boxed e-con e-parent\" data-id=\"bc1a83b\" data-element_type=\"container\" data-e-type=\"container\">\n\t\t\t\t\t<div class=\"e-con-inner\">\n\t\t\t\t<div data-dce-background-color=\"#3D8B8E\" class=\"elementor-element elementor-element-2954ea9 elementor-widget__width-initial elementor-widget elementor-widget-button\" data-id=\"2954ea9\" data-element_type=\"widget\" data-e-type=\"widget\" data-widget_type=\"button.default\">\n\t\t\t\t<div class=\"elementor-widget-container\">\n\t\t\t\t\t\t\t\t\t<div class=\"elementor-button-wrapper\">\n\t\t\t\t\t<a class=\"elementor-button elementor-button-link elementor-size-sm\" href=\"https:\/\/roboflex.com.br\/wp-content\/uploads\/2024\/03\/Manual-case-A9.pdf\">\n\t\t\t\t\t\t<span class=\"elementor-button-content-wrapper\">\n\t\t\t\t\t\t<span class=\"elementor-button-icon\">\n\t\t\t\t<i aria-hidden=\"true\" class=\"far fa-file-pdf\"><\/i>\t\t\t<\/span>\n\t\t\t\t\t\t\t\t\t<span class=\"elementor-button-text\">Acesse o manual de instru\u00e7\u00f5es<\/span>\n\t\t\t\t\t<\/span>\n\t\t\t\t\t<\/a>\n\t\t\t\t<\/div>\n\t\t\t\t\t\t\t\t<\/div>\n\t\t\t\t<\/div>\n\t\t\t\t\t<\/div>\n\t\t\t\t<\/div>\n\t\t<div class=\"elementor-element elementor-element-683316e elementor-hidden-mobile e-flex e-con-boxed e-con e-parent\" data-id=\"683316e\" data-element_type=\"container\" data-e-type=\"container\">\n\t\t\t\t\t<div class=\"e-con-inner\">\n\t\t\t\t<div class=\"elementor-element elementor-element-b3ab2f5 elementor-widget elementor-widget-heading\" data-id=\"b3ab2f5\" data-element_type=\"widget\" data-e-type=\"widget\" data-widget_type=\"heading.default\">\n\t\t\t\t<div class=\"elementor-widget-container\">\n\t\t\t\t\t<h2 class=\"elementor-heading-title elementor-size-default\">Complete su soluci\u00f3n<\/h2>\t\t\t\t<\/div>\n\t\t\t\t<\/div>\n\t\t\t\t\t<\/div>\n\t\t\t\t<\/div>\n\t\t<div class=\"elementor-element elementor-element-df486ad elementor-hidden-desktop elementor-hidden-tablet e-flex e-con-boxed e-con e-parent\" data-id=\"df486ad\" data-element_type=\"container\" data-e-type=\"container\">\n\t\t\t\t\t<div class=\"e-con-inner\">\n\t\t\t\t<div class=\"elementor-element elementor-element-b0aa746 elementor-widget elementor-widget-heading\" data-id=\"b0aa746\" data-element_type=\"widget\" data-e-type=\"widget\" data-widget_type=\"heading.default\">\n\t\t\t\t<div class=\"elementor-widget-container\">\n\t\t\t\t\t<h2 class=\"elementor-heading-title elementor-size-default\">Complete su soluci\u00f3n<\/h2>\t\t\t\t<\/div>\n\t\t\t\t<\/div>\n\t\t\t\t\t<\/div>\n\t\t\t\t<\/div>\n\t\t\t\t<\/div>\n\t\t","protected":false},"excerpt":{"rendered":"<p><img decoding=\"async\" class=\"alignleft wp-image-23991\" src=\"https:\/\/lightyellow-zebra-660216.hostingersite.com\/wp-content\/uploads\/2024\/05\/icone-impact.webp\" alt=\"\" width=\"75\" height=\"75\" srcset=\"https:\/\/roboflex.com.br\/wp-content\/uploads\/2024\/05\/icone-impact.webp 500w, https:\/\/roboflex.com.br\/wp-content\/uploads\/2024\/05\/icone-impact-300x300.webp 300w, https:\/\/roboflex.com.br\/wp-content\/uploads\/2024\/05\/icone-impact-150x150.webp 150w, https:\/\/roboflex.com.br\/wp-content\/uploads\/2024\/05\/icone-impact-100x100.webp 100w\" sizes=\"(max-width: 75px) 100vw, 75px\" \/>Conformidad IP54: protecci\u00f3n contra el polvo y las proyecciones de agua.<\/p>\n<p>&nbsp;<\/p>\n<p><img decoding=\"async\" class=\"alignleft wp-image-5986\" src=\"https:\/\/lightyellow-zebra-660216.hostingersite.com\/wp-content\/uploads\/2023\/07\/MIL-STD-810G-300x300.png\" alt=\"\" width=\"60\" height=\"60\" srcset=\"https:\/\/roboflex.com.br\/wp-content\/uploads\/2023\/07\/MIL-STD-810G-300x300.png 300w, https:\/\/roboflex.com.br\/wp-content\/uploads\/2023\/07\/MIL-STD-810G-150x150.png 150w, https:\/\/roboflex.com.br\/wp-content\/uploads\/2023\/07\/MIL-STD-810G-100x100.png 100w, https:\/\/roboflex.com.br\/wp-content\/uploads\/2023\/07\/MIL-STD-810G.png 500w\" sizes=\"(max-width: 60px) 100vw, 60px\" \/><\/p>\n<p>Protecci\u00f3n y resistencia contra ca\u00eddas, impactos y vibraciones conforme a MIL-STD 810G.<\/p>\n<p>&nbsp;<\/p>\n<p><img loading=\"lazy\" decoding=\"async\" class=\"wp-image-16687 alignleft\" src=\"https:\/\/lightyellow-zebra-660216.hostingersite.com\/wp-content\/uploads\/2024\/01\/certificacao-safety-2-1.png\" alt=\"\" width=\"60\" height=\"60\" srcset=\"https:\/\/roboflex.com.br\/wp-content\/uploads\/2024\/01\/certificacao-safety-2-1.png 500w, https:\/\/roboflex.com.br\/wp-content\/uploads\/2024\/01\/certificacao-safety-2-1-300x300.png 300w, https:\/\/roboflex.com.br\/wp-content\/uploads\/2024\/01\/certificacao-safety-2-1-150x150.png 150w, https:\/\/roboflex.com.br\/wp-content\/uploads\/2024\/01\/certificacao-safety-2-1-100x100.png 100w\" sizes=\"(max-width: 60px) 100vw, 60px\" \/><\/p>\n<p>Producto certificado conforme a las normas internacionales de seguridad<\/p>\n<p>&nbsp;<\/p>\n<ul>\n<li>El sistema magn\u00e9tico es una tecnolog\u00eda patentada que permite cargar dispositivos en fundas del ecosistema Roboflex.<\/li>\n<li>Compatible con la tecnolog\u00eda Connected Charger, que permite conectar perif\u00e9ricos y cargar el dispositivo simult\u00e1neamente, al tiempo que lo mantiene protegido.<\/li>\n<li>Ofrece robustez sobre el terreno, soportando situaciones agresivas como vibraciones, impactos e inclemencias meteorol\u00f3gicas.<\/li>\n<li>Ideal para situaciones en las que el producto debe extraerse constantemente durante el transcurso de la operaci\u00f3n, como las listas de comprobaci\u00f3n operativas, la necesidad de tomar notas fuera del lugar de sujeci\u00f3n y la posibilidad de trasladar el dispositivo a otro lugar de operaci\u00f3n.<\/li>\n<\/ul>\n<ul>\n<li>Peso: 428g<\/li>\n<li>Tableta no incluida<\/li>\n<li>Requiere enchufe magn\u00e9tico<\/li>\n<li>Art\u00edculos incluidos\n<ul>\n<li>1 Funda magn\u00e9tica compatible con Tab A9 SM-X110\/X115<\/li>\n<li>9 Tornillos para cerrar la caja<\/li>\n<\/ul>\n<\/li>\n<\/ul>\n<p hidden=\"Refer\u00eancia: CST040152\">\n","protected":false},"featured_media":21206,"template":"","meta":{"_acf_changed":false,"site-sidebar-layout":"no-sidebar","site-content-layout":"page-builder","ast-site-content-layout":"default","site-content-style":"default","site-sidebar-style":"default","ast-global-header-display":"","ast-banner-title-visibility":"","ast-main-header-display":"","ast-hfb-above-header-display":"","ast-hfb-below-header-display":"","ast-hfb-mobile-header-display":"","site-post-title":"disabled","ast-breadcrumbs-content":"","ast-featured-img":"disabled","footer-sml-layout":"","theme-transparent-header-meta":"default","adv-header-id-meta":"","stick-header-meta":"","header-above-stick-meta":"","header-main-stick-meta":"","header-below-stick-meta":"","astra-migrate-meta-layouts":"set","ast-page-background-enabled":"default","ast-page-background-meta":{"desktop":{"background-color":"var(--ast-global-color-4)","background-image":"","background-repeat":"repeat","background-position":"center center","background-size":"auto","background-attachment":"scroll","background-type":"","background-media":"","overlay-type":"","overlay-color":"","overlay-opacity":"","overlay-gradient":""},"tablet":{"background-color":"","background-image":"","background-repeat":"repeat","background-position":"center center","background-size":"auto","background-attachment":"scroll","background-type":"","background-media":"","overlay-type":"","overlay-color":"","overlay-opacity":"","overlay-gradient":""},"mobile":{"background-color":"","background-image":"","background-repeat":"repeat","background-position":"center center","background-size":"auto","background-attachment":"scroll","background-type":"","background-media":"","overlay-type":"","overlay-color":"","overlay-opacity":"","overlay-gradient":""}},"ast-content-background-meta":{"desktop":{"background-color":"var(--ast-global-color-5)","background-image":"","background-repeat":"repeat","background-position":"center center","background-size":"auto","background-attachment":"scroll","background-type":"","background-media":"","overlay-type":"","overlay-color":"","overlay-opacity":"","overlay-gradient":""},"tablet":{"background-color":"var(--ast-global-color-5)","background-image":"","background-repeat":"repeat","background-position":"center center","background-size":"auto","background-attachment":"scroll","background-type":"","background-media":"","overlay-type":"","overlay-color":"","overlay-opacity":"","overlay-gradient":""},"mobile":{"background-color":"var(--ast-global-color-5)","background-image":"","background-repeat":"repeat","background-position":"center center","background-size":"auto","background-attachment":"scroll","background-type":"","background-media":"","overlay-type":"","overlay-color":"","overlay-opacity":"","overlay-gradient":""}}},"product_brand":[],"product_cat":[164,306],"product_tag":[285,324,323,278,302],"class_list":{"0":"post-27457","1":"product","2":"type-product","3":"status-publish","4":"has-post-thumbnail","6":"product_cat-fundas","7":"product_cat-tab-a9-es","8":"product_tag-case-magnetica","9":"product_tag-impact","10":"product_tag-linha-connected-charger","11":"product_tag-samsung","12":"product_tag-tab-a9-8-7","13":"desktop-align-left","14":"tablet-align-left","15":"mobile-align-left","17":"first","18":"instock","19":"shipping-taxable","20":"product-type-simple"},"acf":[],"_links":{"self":[{"href":"https:\/\/roboflex.com.br\/es\/wp-json\/wp\/v2\/product\/27457","targetHints":{"allow":["GET"]}}],"collection":[{"href":"https:\/\/roboflex.com.br\/es\/wp-json\/wp\/v2\/product"}],"about":[{"href":"https:\/\/roboflex.com.br\/es\/wp-json\/wp\/v2\/types\/product"}],"version-history":[{"count":1,"href":"https:\/\/roboflex.com.br\/es\/wp-json\/wp\/v2\/product\/27457\/revisions"}],"predecessor-version":[{"id":36390,"href":"https:\/\/roboflex.com.br\/es\/wp-json\/wp\/v2\/product\/27457\/revisions\/36390"}],"wp:featuredmedia":[{"embeddable":true,"href":"https:\/\/roboflex.com.br\/es\/wp-json\/wp\/v2\/media\/21206"}],"wp:attachment":[{"href":"https:\/\/roboflex.com.br\/es\/wp-json\/wp\/v2\/media?parent=27457"}],"wp:term":[{"taxonomy":"product_brand","embeddable":true,"href":"https:\/\/roboflex.com.br\/es\/wp-json\/wp\/v2\/product_brand?post=27457"},{"taxonomy":"product_cat","embeddable":true,"href":"https:\/\/roboflex.com.br\/es\/wp-json\/wp\/v2\/product_cat?post=27457"},{"taxonomy":"product_tag","embeddable":true,"href":"https:\/\/roboflex.com.br\/es\/wp-json\/wp\/v2\/product_tag?post=27457"}],"curies":[{"name":"wp","href":"https:\/\/api.w.org\/{rel}","templated":true}]}}