{"id":26994,"date":"2024-07-31T10:04:24","date_gmt":"2024-07-31T13:04:24","guid":{"rendered":"https:\/\/lightyellow-zebra-660216.hostingersite.com\/produto\/suporte-para-tablet-de-mesa\/"},"modified":"2024-08-16T11:05:53","modified_gmt":"2024-08-16T14:05:53","slug":"suporte-para-tablet-de-mesa","status":"publish","type":"product","link":"https:\/\/roboflex.com.br\/es\/produto\/suporte-para-tablet-de-mesa\/","title":{"rendered":"Soporte de mesa para tableta"},"content":{"rendered":"\t\t<div data-elementor-type=\"product-post\" data-elementor-id=\"26994\" class=\"elementor elementor-26994 elementor-25993\" data-elementor-post-type=\"product\">\n\t\t\t\t<div class=\"elementor-element elementor-element-680de9d e-flex e-con-boxed e-con e-parent\" data-id=\"680de9d\" data-element_type=\"container\" data-e-type=\"container\">\n\t\t\t\t\t<div class=\"e-con-inner\">\n\t\t\t\t<div class=\"elementor-element elementor-element-b81be64 elementor-widget elementor-widget-image\" data-id=\"b81be64\" data-element_type=\"widget\" data-e-type=\"widget\" data-widget_type=\"image.default\">\n\t\t\t\t<div class=\"elementor-widget-container\">\n\t\t\t\t\t\t\t\t\t\t\t\t\t\t\t<img decoding=\"async\" src=\"https:\/\/roboflex.com.br\/wp-content\/uploads\/elementor\/thumbs\/Detalhes-suporte-de-mesa-es-rcmkdgq6vdrg9f69otfaw8tui8tk2ghv3p3fqbt48k.webp\" title=\"Detalhes suporte de mesa es\" alt=\"Detalhes suporte de mesa es\" loading=\"lazy\" \/>\t\t\t\t\t\t\t\t\t\t\t\t\t\t\t<\/div>\n\t\t\t\t<\/div>\n\t\t\t\t\t<\/div>\n\t\t\t\t<\/div>\n\t\t\t\t<\/div>\n\t\t","protected":false},"excerpt":{"rendered":"<p>Los soportes de sobremesa para tabletas Roboflex\u00ae Lite Line son econ\u00f3micos y funcionales, ideales para entornos comerciales y oficinas. Ofrecen seguridad, eficacia y practicidad, y pueden utilizarse con sistemas de programaci\u00f3n, puntos de venta electr\u00f3nicos, monitores de atenci\u00f3n al cliente y mucho m\u00e1s.<\/p>\n<ul>\n<li>Son compatibles con tabletas de cualquier tama\u00f1o, pantallas de marco abierto o aparatos electr\u00f3nicos con pantallas t\u00e1ctiles.<\/li>\n<li>Fabricados en acr\u00edlico, ofrecen una protecci\u00f3n fiable y un dise\u00f1o aerodin\u00e1mico y moderno.<\/li>\n<li>Tiene un soporte met\u00e1lico que le permite apoyarse en mesas, bancos y superficies planas.<\/li>\n<li>Se puede personalizar con el logotipo y los colores de la empresa.<\/li>\n<\/ul>\n<p>Art\u00edculos incluidos:<\/p>\n<ul>\n<li>1 Soporte de mesa Lite<\/li>\n<\/ul>\n","protected":false},"featured_media":26015,"template":"","meta":{"_acf_changed":false,"site-sidebar-layout":"no-sidebar","site-content-layout":"page-builder","ast-site-content-layout":"default","site-content-style":"default","site-sidebar-style":"default","ast-global-header-display":"","ast-banner-title-visibility":"","ast-main-header-display":"","ast-hfb-above-header-display":"","ast-hfb-below-header-display":"","ast-hfb-mobile-header-display":"","site-post-title":"disabled","ast-breadcrumbs-content":"","ast-featured-img":"disabled","footer-sml-layout":"","theme-transparent-header-meta":"default","adv-header-id-meta":"","stick-header-meta":"","header-above-stick-meta":"","header-main-stick-meta":"","header-below-stick-meta":"","astra-migrate-meta-layouts":"set","ast-page-background-enabled":"default","ast-page-background-meta":{"desktop":{"background-color":"var(--ast-global-color-4)","background-image":"","background-repeat":"repeat","background-position":"center center","background-size":"auto","background-attachment":"scroll","background-type":"","background-media":"","overlay-type":"","overlay-color":"","overlay-opacity":"","overlay-gradient":""},"tablet":{"background-color":"","background-image":"","background-repeat":"repeat","background-position":"center center","background-size":"auto","background-attachment":"scroll","background-type":"","background-media":"","overlay-type":"","overlay-color":"","overlay-opacity":"","overlay-gradient":""},"mobile":{"background-color":"","background-image":"","background-repeat":"repeat","background-position":"center center","background-size":"auto","background-attachment":"scroll","background-type":"","background-media":"","overlay-type":"","overlay-color":"","overlay-opacity":"","overlay-gradient":""}},"ast-content-background-meta":{"desktop":{"background-color":"var(--ast-global-color-5)","background-image":"","background-repeat":"repeat","background-position":"center center","background-size":"auto","background-attachment":"scroll","background-type":"","background-media":"","overlay-type":"","overlay-color":"","overlay-opacity":"","overlay-gradient":""},"tablet":{"background-color":"var(--ast-global-color-5)","background-image":"","background-repeat":"repeat","background-position":"center center","background-size":"auto","background-attachment":"scroll","background-type":"","background-media":"","overlay-type":"","overlay-color":"","overlay-opacity":"","overlay-gradient":""},"mobile":{"background-color":"var(--ast-global-color-5)","background-image":"","background-repeat":"repeat","background-position":"center center","background-size":"auto","background-attachment":"scroll","background-type":"","background-media":"","overlay-type":"","overlay-color":"","overlay-opacity":"","overlay-gradient":""}}},"product_brand":[],"product_cat":[350,164],"product_tag":[],"class_list":{"0":"post-26994","1":"product","2":"type-product","3":"status-publish","4":"has-post-thumbnail","6":"product_cat-cases-linha-lite-es","7":"product_cat-fundas","8":"desktop-align-left","9":"tablet-align-left","10":"mobile-align-left","12":"first","13":"instock","14":"shipping-taxable","15":"product-type-simple"},"acf":[],"_links":{"self":[{"href":"https:\/\/roboflex.com.br\/es\/wp-json\/wp\/v2\/product\/26994","targetHints":{"allow":["GET"]}}],"collection":[{"href":"https:\/\/roboflex.com.br\/es\/wp-json\/wp\/v2\/product"}],"about":[{"href":"https:\/\/roboflex.com.br\/es\/wp-json\/wp\/v2\/types\/product"}],"version-history":[{"count":0,"href":"https:\/\/roboflex.com.br\/es\/wp-json\/wp\/v2\/product\/26994\/revisions"}],"wp:featuredmedia":[{"embeddable":true,"href":"https:\/\/roboflex.com.br\/es\/wp-json\/wp\/v2\/media\/26015"}],"wp:attachment":[{"href":"https:\/\/roboflex.com.br\/es\/wp-json\/wp\/v2\/media?parent=26994"}],"wp:term":[{"taxonomy":"product_brand","embeddable":true,"href":"https:\/\/roboflex.com.br\/es\/wp-json\/wp\/v2\/product_brand?post=26994"},{"taxonomy":"product_cat","embeddable":true,"href":"https:\/\/roboflex.com.br\/es\/wp-json\/wp\/v2\/product_cat?post=26994"},{"taxonomy":"product_tag","embeddable":true,"href":"https:\/\/roboflex.com.br\/es\/wp-json\/wp\/v2\/product_tag?post=26994"}],"curies":[{"name":"wp","href":"https:\/\/api.w.org\/{rel}","templated":true}]}}