{"id":26990,"date":"2024-08-02T10:33:08","date_gmt":"2024-08-02T13:33:08","guid":{"rendered":"https:\/\/lightyellow-zebra-660216.hostingersite.com\/produto\/case-lite\/"},"modified":"2024-08-16T11:55:35","modified_gmt":"2024-08-16T14:55:35","slug":"case-lite","status":"publish","type":"product","link":"https:\/\/roboflex.com.br\/es\/produto\/case-lite\/","title":{"rendered":"Funda para tableta de la l\u00ednea Lite"},"content":{"rendered":"\t\t<div data-elementor-type=\"product-post\" data-elementor-id=\"26990\" class=\"elementor elementor-26990 elementor-26259\" data-elementor-post-type=\"product\">\n\t\t\t\t<div class=\"elementor-element elementor-element-96ce3c1 e-flex e-con-boxed e-con e-parent\" data-id=\"96ce3c1\" data-element_type=\"container\" data-e-type=\"container\">\n\t\t\t\t\t<div class=\"e-con-inner\">\n\t\t\t\t<div class=\"elementor-element elementor-element-7ead91f elementor-widget elementor-widget-image\" data-id=\"7ead91f\" data-element_type=\"widget\" data-e-type=\"widget\" data-widget_type=\"image.default\">\n\t\t\t\t<div class=\"elementor-widget-container\">\n\t\t\t\t\t\t\t\t\t\t\t\t\t\t\t<img decoding=\"async\" src=\"https:\/\/roboflex.com.br\/wp-content\/uploads\/elementor\/thumbs\/Detalhes-case-lite-es-rcmkddwjfgk4oy0ktxgkuvi2445qvw8iy2rmsq49ci.webp\" title=\"Detalhes case lite es\" alt=\"Detalhes case lite es\" loading=\"lazy\" \/>\t\t\t\t\t\t\t\t\t\t\t\t\t\t\t<\/div>\n\t\t\t\t<\/div>\n\t\t\t\t\t<\/div>\n\t\t\t\t<\/div>\n\t\t\t\t<\/div>\n\t\t","protected":false},"excerpt":{"rendered":"<p>Los soportes para tabletas de la l\u00ednea Roboflex\u00ae Lite son econ\u00f3micos y funcionales, ideales para entornos comerciales y oficinas. Sin necesidad de soporte, pueden adaptarse a las necesidades de su negocio. Pueden fabricarse con un adhesivo de doble cara (opcional) para fijarse a t\u00f3tems, chapas met\u00e1licas, paredes y otras superficies, por ejemplo.<\/p>\n<p>Ofrecen seguridad, eficacia y practicidad, y pueden utilizarse en sistemas de programaci\u00f3n, puntos de venta electr\u00f3nicos, monitores de atenci\u00f3n al cliente y mucho m\u00e1s.<\/p>\n<ul>\n<li>Son compatibles con tabletas de cualquier tama\u00f1o, pantallas de marco abierto o aparatos electr\u00f3nicos con pantallas t\u00e1ctiles.<\/li>\n<li>Fabricadas en acr\u00edlico, ofrecen una protecci\u00f3n fiable y un dise\u00f1o aerodin\u00e1mico y moderno.<\/li>\n<li>Se pueden personalizar con el logotipo y los colores de la empresa.<\/li>\n<\/ul>\n<p>Art\u00edculos incluidos:<\/p>\n<ul>\n<li>1 Funda para tableta de la l\u00ednea Lite<\/li>\n<\/ul>\n","protected":false},"featured_media":26015,"template":"","meta":{"_acf_changed":false,"site-sidebar-layout":"no-sidebar","site-content-layout":"page-builder","ast-site-content-layout":"default","site-content-style":"default","site-sidebar-style":"default","ast-global-header-display":"","ast-banner-title-visibility":"","ast-main-header-display":"","ast-hfb-above-header-display":"","ast-hfb-below-header-display":"","ast-hfb-mobile-header-display":"","site-post-title":"disabled","ast-breadcrumbs-content":"","ast-featured-img":"disabled","footer-sml-layout":"","theme-transparent-header-meta":"default","adv-header-id-meta":"","stick-header-meta":"","header-above-stick-meta":"","header-main-stick-meta":"","header-below-stick-meta":"","astra-migrate-meta-layouts":"set","ast-page-background-enabled":"default","ast-page-background-meta":{"desktop":{"background-color":"var(--ast-global-color-4)","background-image":"","background-repeat":"repeat","background-position":"center center","background-size":"auto","background-attachment":"scroll","background-type":"","background-media":"","overlay-type":"","overlay-color":"","overlay-opacity":"","overlay-gradient":""},"tablet":{"background-color":"","background-image":"","background-repeat":"repeat","background-position":"center center","background-size":"auto","background-attachment":"scroll","background-type":"","background-media":"","overlay-type":"","overlay-color":"","overlay-opacity":"","overlay-gradient":""},"mobile":{"background-color":"","background-image":"","background-repeat":"repeat","background-position":"center center","background-size":"auto","background-attachment":"scroll","background-type":"","background-media":"","overlay-type":"","overlay-color":"","overlay-opacity":"","overlay-gradient":""}},"ast-content-background-meta":{"desktop":{"background-color":"var(--ast-global-color-5)","background-image":"","background-repeat":"repeat","background-position":"center center","background-size":"auto","background-attachment":"scroll","background-type":"","background-media":"","overlay-type":"","overlay-color":"","overlay-opacity":"","overlay-gradient":""},"tablet":{"background-color":"var(--ast-global-color-5)","background-image":"","background-repeat":"repeat","background-position":"center center","background-size":"auto","background-attachment":"scroll","background-type":"","background-media":"","overlay-type":"","overlay-color":"","overlay-opacity":"","overlay-gradient":""},"mobile":{"background-color":"var(--ast-global-color-5)","background-image":"","background-repeat":"repeat","background-position":"center center","background-size":"auto","background-attachment":"scroll","background-type":"","background-media":"","overlay-type":"","overlay-color":"","overlay-opacity":"","overlay-gradient":""}}},"product_brand":[],"product_cat":[350,164],"product_tag":[],"class_list":{"0":"post-26990","1":"product","2":"type-product","3":"status-publish","4":"has-post-thumbnail","6":"product_cat-cases-linha-lite-es","7":"product_cat-fundas","8":"desktop-align-left","9":"tablet-align-left","10":"mobile-align-left","12":"first","13":"instock","14":"shipping-taxable","15":"product-type-simple"},"acf":[],"_links":{"self":[{"href":"https:\/\/roboflex.com.br\/es\/wp-json\/wp\/v2\/product\/26990","targetHints":{"allow":["GET"]}}],"collection":[{"href":"https:\/\/roboflex.com.br\/es\/wp-json\/wp\/v2\/product"}],"about":[{"href":"https:\/\/roboflex.com.br\/es\/wp-json\/wp\/v2\/types\/product"}],"version-history":[{"count":0,"href":"https:\/\/roboflex.com.br\/es\/wp-json\/wp\/v2\/product\/26990\/revisions"}],"wp:featuredmedia":[{"embeddable":true,"href":"https:\/\/roboflex.com.br\/es\/wp-json\/wp\/v2\/media\/26015"}],"wp:attachment":[{"href":"https:\/\/roboflex.com.br\/es\/wp-json\/wp\/v2\/media?parent=26990"}],"wp:term":[{"taxonomy":"product_brand","embeddable":true,"href":"https:\/\/roboflex.com.br\/es\/wp-json\/wp\/v2\/product_brand?post=26990"},{"taxonomy":"product_cat","embeddable":true,"href":"https:\/\/roboflex.com.br\/es\/wp-json\/wp\/v2\/product_cat?post=26990"},{"taxonomy":"product_tag","embeddable":true,"href":"https:\/\/roboflex.com.br\/es\/wp-json\/wp\/v2\/product_tag?post=26990"}],"curies":[{"name":"wp","href":"https:\/\/api.w.org\/{rel}","templated":true}]}}