{"id":26660,"date":"2024-05-16T11:15:58","date_gmt":"2024-05-16T14:15:58","guid":{"rendered":"https:\/\/lightyellow-zebra-660216.hostingersite.com\/produto\/case-connected-charger-para-tablet-samsung-tab-a9-11-magnetica\/"},"modified":"2025-06-05T09:40:37","modified_gmt":"2025-06-05T12:40:37","slug":"case-connected-charger-para-tablet-samsung-tab-a9-11-magnetica","status":"publish","type":"product","link":"https:\/\/roboflex.com.br\/es\/produto\/case-connected-charger-para-tablet-samsung-tab-a9-11-magnetica\/","title":{"rendered":"Funda Magn\u00e9tica Connected Charger para tableta Samsung Tab A9+ Impact"},"content":{"rendered":"\t\t<div data-elementor-type=\"product-post\" data-elementor-id=\"26660\" class=\"elementor elementor-26660 elementor-21128\" data-elementor-post-type=\"product\">\n\t\t\t\t<div class=\"elementor-element elementor-element-852a8c0 elementor-hidden-mobile elementor-hidden-tablet elementor-hidden-desktop e-flex e-con-boxed e-con e-parent\" data-id=\"852a8c0\" data-element_type=\"container\" data-e-type=\"container\">\n\t\t\t\t\t<div class=\"e-con-inner\">\n\t\t\t\t<div class=\"elementor-element elementor-element-1c75af7 elementor-widget__width-initial elementor-widget elementor-widget-button\" data-id=\"1c75af7\" data-element_type=\"widget\" data-e-type=\"widget\" data-widget_type=\"button.default\">\n\t\t\t\t<div class=\"elementor-widget-container\">\n\t\t\t\t\t\t\t\t\t<div class=\"elementor-button-wrapper\">\n\t\t\t\t\t<a class=\"elementor-button elementor-button-link elementor-size-sm\" href=\"https:\/\/roboflex.com.br\/wp-content\/uploads\/2024\/03\/Manual-cases-de-10-a-11pol.pdf\" target=\"_blank\">\n\t\t\t\t\t\t<span class=\"elementor-button-content-wrapper\">\n\t\t\t\t\t\t<span class=\"elementor-button-icon\">\n\t\t\t\t<i aria-hidden=\"true\" class=\"far fa-file-pdf\"><\/i>\t\t\t<\/span>\n\t\t\t\t\t\t\t\t\t<span class=\"elementor-button-text\">Acesse o manual de instru\u00e7\u00f5es<\/span>\n\t\t\t\t\t<\/span>\n\t\t\t\t\t<\/a>\n\t\t\t\t<\/div>\n\t\t\t\t\t\t\t\t<\/div>\n\t\t\t\t<\/div>\n\t\t\t\t\t<\/div>\n\t\t\t\t<\/div>\n\t\t<div class=\"elementor-element elementor-element-337c25a e-flex e-con-boxed e-con e-parent\" data-id=\"337c25a\" data-element_type=\"container\" data-e-type=\"container\">\n\t\t\t\t\t<div class=\"e-con-inner\">\n\t\t\t\t<div class=\"elementor-element elementor-element-9599d07 elementor-widget elementor-widget-image\" data-id=\"9599d07\" data-element_type=\"widget\" data-e-type=\"widget\" data-widget_type=\"image.default\">\n\t\t\t\t<div class=\"elementor-widget-container\">\n\t\t\t\t\t\t\t\t\t\t\t\t\t\t\t<img decoding=\"async\" src=\"https:\/\/roboflex.com.br\/wp-content\/uploads\/elementor\/thumbs\/Frente-A9-magnetica-es-rcmkdkhkq6svl4rb5f0neal7gxhpkj0veovzd17jdc.webp\" title=\"Frente A9 magn\u00e9tica es\" alt=\"Frente A9 magn\u00e9tica es\" loading=\"lazy\" \/>\t\t\t\t\t\t\t\t\t\t\t\t\t\t\t<\/div>\n\t\t\t\t<\/div>\n\t\t\t\t<div class=\"elementor-element elementor-element-8817128 elementor-widget elementor-widget-image\" data-id=\"8817128\" data-element_type=\"widget\" data-e-type=\"widget\" data-widget_type=\"image.default\">\n\t\t\t\t<div class=\"elementor-widget-container\">\n\t\t\t\t\t\t\t\t\t\t\t\t\t\t\t<img decoding=\"async\" src=\"https:\/\/roboflex.com.br\/wp-content\/uploads\/elementor\/thumbs\/Fundo-A9-magnetica-es-rcmkdkhkq6svl4rb5f0neal7gxhpkj0veovzd17ipg.webp\" title=\"Fundo A9 magn\u00e9tica es\" alt=\"Fundo A9 magn\u00e9tica es\" loading=\"lazy\" \/>\t\t\t\t\t\t\t\t\t\t\t\t\t\t\t<\/div>\n\t\t\t\t<\/div>\n\t\t\t\t\t<\/div>\n\t\t\t\t<\/div>\n\t\t<div class=\"elementor-element elementor-element-86d993d elementor-hidden-desktop elementor-hidden-tablet e-flex e-con-boxed e-con e-parent\" data-id=\"86d993d\" data-element_type=\"container\" data-e-type=\"container\">\n\t\t\t\t\t<div class=\"e-con-inner\">\n\t\t\t\t<div class=\"elementor-element elementor-element-74acea5 elementor-widget__width-initial elementor-widget elementor-widget-button\" data-id=\"74acea5\" data-element_type=\"widget\" data-e-type=\"widget\" data-widget_type=\"button.default\">\n\t\t\t\t<div class=\"elementor-widget-container\">\n\t\t\t\t\t\t\t\t\t<div class=\"elementor-button-wrapper\">\n\t\t\t\t\t<a class=\"elementor-button elementor-button-link elementor-size-sm\" href=\"https:\/\/roboflex.com.br\/wp-content\/uploads\/2024\/03\/Manual-cases-de-10-a-11pol.pdf\">\n\t\t\t\t\t\t<span class=\"elementor-button-content-wrapper\">\n\t\t\t\t\t\t<span class=\"elementor-button-icon\">\n\t\t\t\t<i aria-hidden=\"true\" class=\"far fa-file-pdf\"><\/i>\t\t\t<\/span>\n\t\t\t\t\t\t\t\t\t<span class=\"elementor-button-text\">Acesse o manual de instru\u00e7\u00f5es<\/span>\n\t\t\t\t\t<\/span>\n\t\t\t\t\t<\/a>\n\t\t\t\t<\/div>\n\t\t\t\t\t\t\t\t<\/div>\n\t\t\t\t<\/div>\n\t\t\t\t\t<\/div>\n\t\t\t\t<\/div>\n\t\t<div class=\"elementor-element elementor-element-683316e elementor-hidden-mobile e-flex e-con-boxed e-con e-parent\" data-id=\"683316e\" data-element_type=\"container\" data-e-type=\"container\">\n\t\t\t\t\t<div class=\"e-con-inner\">\n\t\t\t\t<div class=\"elementor-element elementor-element-b3ab2f5 elementor-widget elementor-widget-heading\" data-id=\"b3ab2f5\" data-element_type=\"widget\" data-e-type=\"widget\" data-widget_type=\"heading.default\">\n\t\t\t\t<div class=\"elementor-widget-container\">\n\t\t\t\t\t<h2 class=\"elementor-heading-title elementor-size-default\">Complete su soluci\u00f3n<\/h2>\t\t\t\t<\/div>\n\t\t\t\t<\/div>\n\t\t\t\t\t<\/div>\n\t\t\t\t<\/div>\n\t\t<div class=\"elementor-element elementor-element-df486ad elementor-hidden-desktop elementor-hidden-tablet e-flex e-con-boxed e-con e-parent\" data-id=\"df486ad\" data-element_type=\"container\" data-e-type=\"container\">\n\t\t\t\t\t<div class=\"e-con-inner\">\n\t\t\t\t<div class=\"elementor-element elementor-element-b0aa746 elementor-widget elementor-widget-heading\" data-id=\"b0aa746\" data-element_type=\"widget\" data-e-type=\"widget\" data-widget_type=\"heading.default\">\n\t\t\t\t<div class=\"elementor-widget-container\">\n\t\t\t\t\t<h2 class=\"elementor-heading-title elementor-size-default\">Complete su soluci\u00f3n<\/h2>\t\t\t\t<\/div>\n\t\t\t\t<\/div>\n\t\t\t\t\t<\/div>\n\t\t\t\t<\/div>\n\t\t\t\t<\/div>\n\t\t","protected":false},"excerpt":{"rendered":"<p><img decoding=\"async\" class=\"alignnone wp-image-23991\" src=\"https:\/\/lightyellow-zebra-660216.hostingersite.com\/wp-content\/uploads\/2024\/05\/icone-impact.webp\" alt=\"\" width=\"75\" height=\"75\" srcset=\"https:\/\/roboflex.com.br\/wp-content\/uploads\/2024\/05\/icone-impact.webp 500w, https:\/\/roboflex.com.br\/wp-content\/uploads\/2024\/05\/icone-impact-300x300.webp 300w, https:\/\/roboflex.com.br\/wp-content\/uploads\/2024\/05\/icone-impact-150x150.webp 150w, https:\/\/roboflex.com.br\/wp-content\/uploads\/2024\/05\/icone-impact-100x100.webp 100w\" sizes=\"(max-width: 75px) 100vw, 75px\" \/>Conformidad IP54: protecci\u00f3n contra el polvo y las proyecciones de agua.<\/p>\n<p>&nbsp;<\/p>\n<p><img decoding=\"async\" class=\"alignleft wp-image-5986\" src=\"https:\/\/lightyellow-zebra-660216.hostingersite.com\/wp-content\/uploads\/2023\/07\/MIL-STD-810G-300x300.png\" alt=\"\" width=\"60\" height=\"60\" srcset=\"https:\/\/roboflex.com.br\/wp-content\/uploads\/2023\/07\/MIL-STD-810G-300x300.png 300w, https:\/\/roboflex.com.br\/wp-content\/uploads\/2023\/07\/MIL-STD-810G-150x150.png 150w, https:\/\/roboflex.com.br\/wp-content\/uploads\/2023\/07\/MIL-STD-810G-100x100.png 100w, https:\/\/roboflex.com.br\/wp-content\/uploads\/2023\/07\/MIL-STD-810G.png 500w\" sizes=\"(max-width: 60px) 100vw, 60px\" \/><\/p>\n<p>Protecci\u00f3n y resistencia contra ca\u00eddas, impactos y vibraciones conforme a MIL-STD 810G.<\/p>\n<p>&nbsp;<\/p>\n<p><img decoding=\"async\" class=\"alignleft wp-image-16687\" src=\"https:\/\/lightyellow-zebra-660216.hostingersite.com\/wp-content\/uploads\/2024\/01\/certificacao-safety-2-1.png\" alt=\"\" width=\"60\" height=\"60\" srcset=\"https:\/\/roboflex.com.br\/wp-content\/uploads\/2024\/01\/certificacao-safety-2-1.png 500w, https:\/\/roboflex.com.br\/wp-content\/uploads\/2024\/01\/certificacao-safety-2-1-300x300.png 300w, https:\/\/roboflex.com.br\/wp-content\/uploads\/2024\/01\/certificacao-safety-2-1-150x150.png 150w, https:\/\/roboflex.com.br\/wp-content\/uploads\/2024\/01\/certificacao-safety-2-1-100x100.png 100w\" sizes=\"(max-width: 60px) 100vw, 60px\" \/><\/p>\n<p>Certificado conforme a las normas internacionales de seguridad<\/p>\n<p>&nbsp;<\/p>\n<ul>\n<li>El sistema magn\u00e9tico es una tecnolog\u00eda exclusiva que permite cargar dispositivos en fundas del ecosistema Roboflex.<\/li>\n<li>Compatible con la tecnolog\u00eda Connected Charger, permite conectar perif\u00e9ricos y cargar el dispositivo simult\u00e1neamente, manteniendo el dispositivo protegido.<\/li>\n<li>Ofrece robustez sobre el terreno, soportando situaciones agresivas como vibraciones, impactos e inclemencias meteorol\u00f3gicas.<\/li>\n<li>Ideal para situaciones en las que el producto debe extraerse constantemente durante el transcurso de la operaci\u00f3n, como las listas de comprobaci\u00f3n operativas, la necesidad de tomar notas fuera del lugar de sujeci\u00f3n y la posibilidad de trasladar el dispositivo a otro lugar de operaci\u00f3n.<\/li>\n<\/ul>\n<ul>\n<li>Peso: 520g<\/li>\n<li>Tableta no incluida<\/li>\n<li>Requiere enchufe magn\u00e9tico<\/li>\n<li>Art\u00edculos incluidos:\n<ul>\n<li>1 unda compatible con Tab A9+ SM-X210\/X216B 11 pulgadas<\/li>\n<li>6 tornillos para cerrar la caja<\/li>\n<\/ul>\n<\/li>\n<\/ul>\n<ul>\n<li style=\"list-style-type: none;\"><\/li>\n<\/ul>\n<p hidden=\"Refer\u00eancia: CST040161\">\n","protected":false},"featured_media":13692,"template":"","meta":{"_acf_changed":false,"site-sidebar-layout":"no-sidebar","site-content-layout":"page-builder","ast-site-content-layout":"default","site-content-style":"default","site-sidebar-style":"default","ast-global-header-display":"","ast-banner-title-visibility":"","ast-main-header-display":"","ast-hfb-above-header-display":"","ast-hfb-below-header-display":"","ast-hfb-mobile-header-display":"","site-post-title":"disabled","ast-breadcrumbs-content":"","ast-featured-img":"disabled","footer-sml-layout":"","theme-transparent-header-meta":"default","adv-header-id-meta":"","stick-header-meta":"","header-above-stick-meta":"","header-main-stick-meta":"","header-below-stick-meta":"","astra-migrate-meta-layouts":"set","ast-page-background-enabled":"default","ast-page-background-meta":{"desktop":{"background-color":"var(--ast-global-color-4)","background-image":"","background-repeat":"repeat","background-position":"center center","background-size":"auto","background-attachment":"scroll","background-type":"","background-media":"","overlay-type":"","overlay-color":"","overlay-opacity":"","overlay-gradient":""},"tablet":{"background-color":"","background-image":"","background-repeat":"repeat","background-position":"center center","background-size":"auto","background-attachment":"scroll","background-type":"","background-media":"","overlay-type":"","overlay-color":"","overlay-opacity":"","overlay-gradient":""},"mobile":{"background-color":"","background-image":"","background-repeat":"repeat","background-position":"center center","background-size":"auto","background-attachment":"scroll","background-type":"","background-media":"","overlay-type":"","overlay-color":"","overlay-opacity":"","overlay-gradient":""}},"ast-content-background-meta":{"desktop":{"background-color":"var(--ast-global-color-5)","background-image":"","background-repeat":"repeat","background-position":"center center","background-size":"auto","background-attachment":"scroll","background-type":"","background-media":"","overlay-type":"","overlay-color":"","overlay-opacity":"","overlay-gradient":""},"tablet":{"background-color":"var(--ast-global-color-5)","background-image":"","background-repeat":"repeat","background-position":"center center","background-size":"auto","background-attachment":"scroll","background-type":"","background-media":"","overlay-type":"","overlay-color":"","overlay-opacity":"","overlay-gradient":""},"mobile":{"background-color":"var(--ast-global-color-5)","background-image":"","background-repeat":"repeat","background-position":"center center","background-size":"auto","background-attachment":"scroll","background-type":"","background-media":"","overlay-type":"","overlay-color":"","overlay-opacity":"","overlay-gradient":""}}},"product_brand":[],"product_cat":[164,309],"product_tag":[286,285,324,323,278],"class_list":{"0":"post-26660","1":"product","2":"type-product","3":"status-publish","4":"has-post-thumbnail","6":"product_cat-fundas","7":"product_cat-tab-a9-x210-x216-es","8":"product_tag-10-a-10-5","9":"product_tag-case-magnetica","10":"product_tag-impact","11":"product_tag-linha-connected-charger","12":"product_tag-samsung","13":"desktop-align-left","14":"tablet-align-left","15":"mobile-align-left","17":"first","18":"instock","19":"shipping-taxable","20":"product-type-simple"},"acf":[],"_links":{"self":[{"href":"https:\/\/roboflex.com.br\/es\/wp-json\/wp\/v2\/product\/26660","targetHints":{"allow":["GET"]}}],"collection":[{"href":"https:\/\/roboflex.com.br\/es\/wp-json\/wp\/v2\/product"}],"about":[{"href":"https:\/\/roboflex.com.br\/es\/wp-json\/wp\/v2\/types\/product"}],"version-history":[{"count":1,"href":"https:\/\/roboflex.com.br\/es\/wp-json\/wp\/v2\/product\/26660\/revisions"}],"predecessor-version":[{"id":36399,"href":"https:\/\/roboflex.com.br\/es\/wp-json\/wp\/v2\/product\/26660\/revisions\/36399"}],"wp:featuredmedia":[{"embeddable":true,"href":"https:\/\/roboflex.com.br\/es\/wp-json\/wp\/v2\/media\/13692"}],"wp:attachment":[{"href":"https:\/\/roboflex.com.br\/es\/wp-json\/wp\/v2\/media?parent=26660"}],"wp:term":[{"taxonomy":"product_brand","embeddable":true,"href":"https:\/\/roboflex.com.br\/es\/wp-json\/wp\/v2\/product_brand?post=26660"},{"taxonomy":"product_cat","embeddable":true,"href":"https:\/\/roboflex.com.br\/es\/wp-json\/wp\/v2\/product_cat?post=26660"},{"taxonomy":"product_tag","embeddable":true,"href":"https:\/\/roboflex.com.br\/es\/wp-json\/wp\/v2\/product_tag?post=26660"}],"curies":[{"name":"wp","href":"https:\/\/api.w.org\/{rel}","templated":true}]}}