{"id":26047,"date":"2024-04-26T15:31:18","date_gmt":"2024-04-26T18:31:18","guid":{"rendered":"https:\/\/lightyellow-zebra-660216.hostingersite.com\/produto\/case-para-tablet-samsung-active-5-magnetica\/"},"modified":"2024-07-31T16:40:48","modified_gmt":"2024-07-31T19:40:48","slug":"case-para-tablet-samsung-active-5-magnetica","status":"publish","type":"product","link":"https:\/\/roboflex.com.br\/es\/produto\/case-para-tablet-samsung-active-5-magnetica\/","title":{"rendered":"Funda magn\u00e9tica para tableta Samsung Active 5 X306B\/X300 Impact"},"content":{"rendered":"\t\t<div data-elementor-type=\"product-post\" data-elementor-id=\"26047\" class=\"elementor elementor-26047 elementor-19826\" data-elementor-post-type=\"product\">\n\t\t\t\t<div class=\"elementor-element elementor-element-f095044 elementor-hidden-mobile elementor-hidden-desktop elementor-hidden-tablet e-flex e-con-boxed e-con e-parent\" data-id=\"f095044\" data-element_type=\"container\" data-e-type=\"container\">\n\t\t\t\t\t<div class=\"e-con-inner\">\n\t\t\t\t<div class=\"elementor-element elementor-element-9c11aeb elementor-widget__width-initial elementor-widget elementor-widget-button\" data-id=\"9c11aeb\" data-element_type=\"widget\" data-e-type=\"widget\" data-widget_type=\"button.default\">\n\t\t\t\t<div class=\"elementor-widget-container\">\n\t\t\t\t\t\t\t\t\t<div class=\"elementor-button-wrapper\">\n\t\t\t\t\t<a class=\"elementor-button elementor-button-link elementor-size-sm\" href=\"https:\/\/roboflex.com.br\/wp-content\/uploads\/2024\/03\/Manual-cases-Samsung-de-8-a-8.7-pol-3.pdf\" target=\"_blank\">\n\t\t\t\t\t\t<span class=\"elementor-button-content-wrapper\">\n\t\t\t\t\t\t<span class=\"elementor-button-icon\">\n\t\t\t\t<i aria-hidden=\"true\" class=\"far fa-file-pdf\"><\/i>\t\t\t<\/span>\n\t\t\t\t\t\t\t\t\t<span class=\"elementor-button-text\">Acesse o manual de instru\u00e7\u00f5es<\/span>\n\t\t\t\t\t<\/span>\n\t\t\t\t\t<\/a>\n\t\t\t\t<\/div>\n\t\t\t\t\t\t\t\t<\/div>\n\t\t\t\t<\/div>\n\t\t\t\t\t<\/div>\n\t\t\t\t<\/div>\n\t\t<div class=\"elementor-element elementor-element-a5bec58 e-flex e-con-boxed e-con e-parent\" data-id=\"a5bec58\" data-element_type=\"container\" data-e-type=\"container\">\n\t\t\t\t\t<div class=\"e-con-inner\">\n\t\t\t\t<div class=\"elementor-element elementor-element-b7e6db7 elementor-hidden-desktop elementor-hidden-tablet elementor-hidden-mobile elementor-widget elementor-widget-image\" data-id=\"b7e6db7\" data-element_type=\"widget\" data-e-type=\"widget\" data-widget_type=\"image.default\">\n\t\t\t\t<div class=\"elementor-widget-container\">\n\t\t\t\t\t\t\t\t\t\t\t\t\t\t\t<img fetchpriority=\"high\" decoding=\"async\" width=\"1024\" height=\"614\" src=\"https:\/\/roboflex.com.br\/wp-content\/uploads\/2023\/06\/Active-3-impact-CST040093-e-CST040105-pt-1-1024x614.png\" class=\"attachment-large size-large wp-image-14207\" alt=\"\" srcset=\"https:\/\/roboflex.com.br\/wp-content\/uploads\/2023\/06\/Active-3-impact-CST040093-e-CST040105-pt-1-1024x614.png 1024w, https:\/\/roboflex.com.br\/wp-content\/uploads\/2023\/06\/Active-3-impact-CST040093-e-CST040105-pt-1-300x180.png 300w, https:\/\/roboflex.com.br\/wp-content\/uploads\/2023\/06\/Active-3-impact-CST040093-e-CST040105-pt-1-768x461.png 768w, https:\/\/roboflex.com.br\/wp-content\/uploads\/2023\/06\/Active-3-impact-CST040093-e-CST040105-pt-1-500x300.png 500w, https:\/\/roboflex.com.br\/wp-content\/uploads\/2023\/06\/Active-3-impact-CST040093-e-CST040105-pt-1.png 1500w\" sizes=\"(max-width: 1024px) 100vw, 1024px\" \/>\t\t\t\t\t\t\t\t\t\t\t\t\t\t\t<\/div>\n\t\t\t\t<\/div>\n\t\t\t\t<div class=\"elementor-element elementor-element-57e8c25 elementor-widget elementor-widget-image\" data-id=\"57e8c25\" data-element_type=\"widget\" data-e-type=\"widget\" data-widget_type=\"image.default\">\n\t\t\t\t<div class=\"elementor-widget-container\">\n\t\t\t\t\t\t\t\t\t\t\t\t\t\t\t<img decoding=\"async\" src=\"https:\/\/roboflex.com.br\/wp-content\/uploads\/elementor\/thumbs\/Frente-Active-5-magnetica-es-rcmkdhnzud0vfmbgghn7vrkyg4xhwad25inl35tgn8.webp\" title=\"Frente Active 5 magn\u00e9tica es\" alt=\"Frente Active 5 magn\u00e9tica es\" loading=\"lazy\" \/>\t\t\t\t\t\t\t\t\t\t\t\t\t\t\t<\/div>\n\t\t\t\t<\/div>\n\t\t\t\t<div class=\"elementor-element elementor-element-58184de elementor-widget elementor-widget-image\" data-id=\"58184de\" data-element_type=\"widget\" data-e-type=\"widget\" data-widget_type=\"image.default\">\n\t\t\t\t<div class=\"elementor-widget-container\">\n\t\t\t\t\t\t\t\t\t\t\t\t\t\t\t<img decoding=\"async\" src=\"https:\/\/roboflex.com.br\/wp-content\/uploads\/elementor\/thumbs\/Fundo-Active-5-magnetica-es-rcmkdhnzud0vfmbgghn7vrkyg4xhwad25inl35tgn8.webp\" title=\"Fundo Active 5 magn\u00e9tica es\" alt=\"Fundo Active 5 magn\u00e9tica es\" loading=\"lazy\" \/>\t\t\t\t\t\t\t\t\t\t\t\t\t\t\t<\/div>\n\t\t\t\t<\/div>\n\t\t\t\t\t<\/div>\n\t\t\t\t<\/div>\n\t\t<div class=\"elementor-element elementor-element-aa5b96a e-flex e-con-boxed e-con e-parent\" data-id=\"aa5b96a\" data-element_type=\"container\" data-e-type=\"container\">\n\t\t\t\t\t<div class=\"e-con-inner\">\n\t\t\t\t<div class=\"elementor-element elementor-element-938442b elementor-widget elementor-widget-video\" data-id=\"938442b\" data-element_type=\"widget\" data-e-type=\"widget\" data-settings=\"{&quot;youtube_url&quot;:&quot;https:\\\/\\\/www.youtube.com\\\/watch?v=EkvFqPa1d4A&quot;,&quot;mute&quot;:&quot;yes&quot;,&quot;video_type&quot;:&quot;youtube&quot;,&quot;controls&quot;:&quot;yes&quot;}\" data-widget_type=\"video.default\">\n\t\t\t\t<div class=\"elementor-widget-container\">\n\t\t\t\t\t\t\t<div class=\"elementor-wrapper elementor-open-inline\">\n\t\t\t<div class=\"elementor-video\"><\/div>\t\t<\/div>\n\t\t\t\t\t\t<\/div>\n\t\t\t\t<\/div>\n\t\t\t\t\t<\/div>\n\t\t\t\t<\/div>\n\t\t<div class=\"elementor-element elementor-element-4e5c55b elementor-hidden-desktop elementor-hidden-tablet e-flex e-con-boxed e-con e-parent\" data-id=\"4e5c55b\" data-element_type=\"container\" data-e-type=\"container\">\n\t\t\t\t\t<div class=\"e-con-inner\">\n\t\t\t\t<div class=\"elementor-element elementor-element-9145dd0 elementor-widget__width-initial elementor-widget elementor-widget-button\" data-id=\"9145dd0\" data-element_type=\"widget\" data-e-type=\"widget\" data-widget_type=\"button.default\">\n\t\t\t\t<div class=\"elementor-widget-container\">\n\t\t\t\t\t\t\t\t\t<div class=\"elementor-button-wrapper\">\n\t\t\t\t\t<a class=\"elementor-button elementor-button-link elementor-size-sm\" href=\"https:\/\/roboflex.com.br\/wp-content\/uploads\/2024\/03\/Manual-cases-Samsung-de-8-a-8.7-pol-3.pdf\" target=\"_blank\">\n\t\t\t\t\t\t<span class=\"elementor-button-content-wrapper\">\n\t\t\t\t\t\t<span class=\"elementor-button-icon\">\n\t\t\t\t<i aria-hidden=\"true\" class=\"far fa-file-pdf\"><\/i>\t\t\t<\/span>\n\t\t\t\t\t\t\t\t\t<span class=\"elementor-button-text\">Acesse o manual de instru\u00e7\u00f5es<\/span>\n\t\t\t\t\t<\/span>\n\t\t\t\t\t<\/a>\n\t\t\t\t<\/div>\n\t\t\t\t\t\t\t\t<\/div>\n\t\t\t\t<\/div>\n\t\t\t\t\t<\/div>\n\t\t\t\t<\/div>\n\t\t<div class=\"elementor-element elementor-element-5b0a913 elementor-hidden-mobile e-flex e-con-boxed e-con e-parent\" data-id=\"5b0a913\" data-element_type=\"container\" data-e-type=\"container\">\n\t\t\t\t\t<div class=\"e-con-inner\">\n\t\t\t\t<div class=\"elementor-element elementor-element-f986e5b elementor-widget elementor-widget-heading\" data-id=\"f986e5b\" data-element_type=\"widget\" data-e-type=\"widget\" data-widget_type=\"heading.default\">\n\t\t\t\t<div class=\"elementor-widget-container\">\n\t\t\t\t\t<h2 class=\"elementor-heading-title elementor-size-default\">Complete su soluci\u00f3n<\/h2>\t\t\t\t<\/div>\n\t\t\t\t<\/div>\n\t\t\t\t\t<\/div>\n\t\t\t\t<\/div>\n\t\t<div class=\"elementor-element elementor-element-8ccab0a elementor-hidden-desktop elementor-hidden-tablet e-flex e-con-boxed e-con e-parent\" data-id=\"8ccab0a\" data-element_type=\"container\" data-e-type=\"container\">\n\t\t\t\t\t<div class=\"e-con-inner\">\n\t\t\t\t<div class=\"elementor-element elementor-element-503e478 elementor-widget elementor-widget-heading\" data-id=\"503e478\" data-element_type=\"widget\" data-e-type=\"widget\" data-widget_type=\"heading.default\">\n\t\t\t\t<div class=\"elementor-widget-container\">\n\t\t\t\t\t<h2 class=\"elementor-heading-title elementor-size-default\">Complete su soluci\u00f3n<\/h2>\t\t\t\t<\/div>\n\t\t\t\t<\/div>\n\t\t\t\t\t<\/div>\n\t\t\t\t<\/div>\n\t\t\t\t<\/div>\n\t\t","protected":false},"excerpt":{"rendered":"<p><img decoding=\"async\" class=\"alignnone wp-image-23991\" src=\"https:\/\/lightyellow-zebra-660216.hostingersite.com\/wp-content\/uploads\/2024\/05\/icone-impact.webp\" alt=\"\" width=\"75\" height=\"75\" srcset=\"https:\/\/roboflex.com.br\/wp-content\/uploads\/2024\/05\/icone-impact.webp 500w, https:\/\/roboflex.com.br\/wp-content\/uploads\/2024\/05\/icone-impact-300x300.webp 300w, https:\/\/roboflex.com.br\/wp-content\/uploads\/2024\/05\/icone-impact-150x150.webp 150w, https:\/\/roboflex.com.br\/wp-content\/uploads\/2024\/05\/icone-impact-100x100.webp 100w\" sizes=\"(max-width: 75px) 100vw, 75px\" \/> Conformidad IP54: protecci\u00f3n contra el polvo y las proyecciones de agua.<\/p>\n<p>&nbsp;<\/p>\n<p><img decoding=\"async\" class=\"alignleft wp-image-5986\" src=\"https:\/\/lightyellow-zebra-660216.hostingersite.com\/wp-content\/uploads\/2023\/07\/MIL-STD-810G-300x300.png\" alt=\"\" width=\"60\" height=\"60\" srcset=\"https:\/\/roboflex.com.br\/wp-content\/uploads\/2023\/07\/MIL-STD-810G-300x300.png 300w, https:\/\/roboflex.com.br\/wp-content\/uploads\/2023\/07\/MIL-STD-810G-150x150.png 150w, https:\/\/roboflex.com.br\/wp-content\/uploads\/2023\/07\/MIL-STD-810G-100x100.png 100w, https:\/\/roboflex.com.br\/wp-content\/uploads\/2023\/07\/MIL-STD-810G.png 500w\" sizes=\"(max-width: 60px) 100vw, 60px\" \/><\/p>\n<p>Protecci\u00f3n y resistencia contra ca\u00eddas, impactos y vibraciones conforme a MIL-STD 810G.<\/p>\n<p>&nbsp;<\/p>\n<p><img loading=\"lazy\" decoding=\"async\" class=\"wp-image-16687 alignleft\" src=\"https:\/\/lightyellow-zebra-660216.hostingersite.com\/wp-content\/uploads\/2024\/01\/certificacao-safety-2-1.png\" alt=\"\" width=\"60\" height=\"60\" srcset=\"https:\/\/roboflex.com.br\/wp-content\/uploads\/2024\/01\/certificacao-safety-2-1.png 500w, https:\/\/roboflex.com.br\/wp-content\/uploads\/2024\/01\/certificacao-safety-2-1-300x300.png 300w, https:\/\/roboflex.com.br\/wp-content\/uploads\/2024\/01\/certificacao-safety-2-1-150x150.png 150w, https:\/\/roboflex.com.br\/wp-content\/uploads\/2024\/01\/certificacao-safety-2-1-100x100.png 100w\" sizes=\"(max-width: 60px) 100vw, 60px\" \/><\/p>\n<p>Producto certificado conforme a las normas internacionales de seguridad<\/p>\n<p>&nbsp;<\/p>\n<ul>\n<li>El sistema magn\u00e9tico es una tecnolog\u00eda exclusiva que permite cargar dispositivos en las fundas del ecosistema Roboflex.<\/li>\n<li>Compatible con la tecnolog\u00eda Connected Charger, que permite conectar perif\u00e9ricos y cargar el dispositivo simult\u00e1neamente mientras lo mantiene protegido.<\/li>\n<li>Ofrece robustez sobre el terreno, soportando situaciones agresivas como vibraciones, impactos e inclemencias meteorol\u00f3gicas.<\/li>\n<li>Ideal para situaciones en las que el producto debe retirarse constantemente durante el transcurso de la operaci\u00f3n, como las listas de comprobaci\u00f3n operativas, la necesidad de tomar notas fuera del lugar de fijaci\u00f3n y la posibilidad de trasladar el dispositivo a otro lugar de operaci\u00f3n.<\/li>\n<\/ul>\n<ul>\n<li>Peso: 440g<\/li>\n<li>Tableta no incluida<\/li>\n<li>Enchufe magn\u00e9tico necesario<\/li>\n<li>Art\u00edculos incluidos:\n<ul>\n<li>1 Funda compatible con la tableta Active 5 SM-X306B\/X300 magn\u00e9tica<\/li>\n<li>9 tornillos para cerrar la funda<\/li>\n<li>Manual de instrucciones<\/li>\n<\/ul>\n<\/li>\n<\/ul>\n<p hidden=\"Refer\u00eancia: CST040176\">\n","protected":false},"featured_media":19809,"template":"","meta":{"_acf_changed":false,"site-sidebar-layout":"no-sidebar","site-content-layout":"page-builder","ast-site-content-layout":"full-width-container","site-content-style":"unboxed","site-sidebar-style":"unboxed","ast-global-header-display":"","ast-banner-title-visibility":"","ast-main-header-display":"","ast-hfb-above-header-display":"","ast-hfb-below-header-display":"","ast-hfb-mobile-header-display":"","site-post-title":"disabled","ast-breadcrumbs-content":"","ast-featured-img":"disabled","footer-sml-layout":"","theme-transparent-header-meta":"default","adv-header-id-meta":"","stick-header-meta":"","header-above-stick-meta":"","header-main-stick-meta":"","header-below-stick-meta":"","astra-migrate-meta-layouts":"set","ast-page-background-enabled":"default","ast-page-background-meta":{"desktop":{"background-color":"var(--ast-global-color-4)","background-image":"","background-repeat":"repeat","background-position":"center center","background-size":"auto","background-attachment":"scroll","background-type":"","background-media":"","overlay-type":"","overlay-color":"","overlay-opacity":"","overlay-gradient":""},"tablet":{"background-color":"","background-image":"","background-repeat":"repeat","background-position":"center center","background-size":"auto","background-attachment":"scroll","background-type":"","background-media":"","overlay-type":"","overlay-color":"","overlay-opacity":"","overlay-gradient":""},"mobile":{"background-color":"","background-image":"","background-repeat":"repeat","background-position":"center center","background-size":"auto","background-attachment":"scroll","background-type":"","background-media":"","overlay-type":"","overlay-color":"","overlay-opacity":"","overlay-gradient":""}},"ast-content-background-meta":{"desktop":{"background-color":"var(--ast-global-color-5)","background-image":"","background-repeat":"repeat","background-position":"center center","background-size":"auto","background-attachment":"scroll","background-type":"","background-media":"","overlay-type":"","overlay-color":"","overlay-opacity":"","overlay-gradient":""},"tablet":{"background-color":"var(--ast-global-color-5)","background-image":"","background-repeat":"repeat","background-position":"center center","background-size":"auto","background-attachment":"scroll","background-type":"","background-media":"","overlay-type":"","overlay-color":"","overlay-opacity":"","overlay-gradient":""},"mobile":{"background-color":"var(--ast-global-color-5)","background-image":"","background-repeat":"repeat","background-position":"center center","background-size":"auto","background-attachment":"scroll","background-type":"","background-media":"","overlay-type":"","overlay-color":"","overlay-opacity":"","overlay-gradient":""}}},"product_brand":[],"product_cat":[164,333],"product_tag":[284,285,324,323,278],"class_list":{"0":"post-26047","1":"product","2":"type-product","3":"status-publish","4":"has-post-thumbnail","6":"product_cat-fundas","7":"product_cat-active-5-es","8":"product_tag-8-a-8-7","9":"product_tag-case-magnetica","10":"product_tag-impact","11":"product_tag-linha-connected-charger","12":"product_tag-samsung","13":"desktop-align-left","14":"tablet-align-left","15":"mobile-align-left","17":"first","18":"instock","19":"shipping-taxable","20":"product-type-simple"},"acf":[],"_links":{"self":[{"href":"https:\/\/roboflex.com.br\/es\/wp-json\/wp\/v2\/product\/26047","targetHints":{"allow":["GET"]}}],"collection":[{"href":"https:\/\/roboflex.com.br\/es\/wp-json\/wp\/v2\/product"}],"about":[{"href":"https:\/\/roboflex.com.br\/es\/wp-json\/wp\/v2\/types\/product"}],"version-history":[{"count":0,"href":"https:\/\/roboflex.com.br\/es\/wp-json\/wp\/v2\/product\/26047\/revisions"}],"wp:featuredmedia":[{"embeddable":true,"href":"https:\/\/roboflex.com.br\/es\/wp-json\/wp\/v2\/media\/19809"}],"wp:attachment":[{"href":"https:\/\/roboflex.com.br\/es\/wp-json\/wp\/v2\/media?parent=26047"}],"wp:term":[{"taxonomy":"product_brand","embeddable":true,"href":"https:\/\/roboflex.com.br\/es\/wp-json\/wp\/v2\/product_brand?post=26047"},{"taxonomy":"product_cat","embeddable":true,"href":"https:\/\/roboflex.com.br\/es\/wp-json\/wp\/v2\/product_cat?post=26047"},{"taxonomy":"product_tag","embeddable":true,"href":"https:\/\/roboflex.com.br\/es\/wp-json\/wp\/v2\/product_tag?post=26047"}],"curies":[{"name":"wp","href":"https:\/\/api.w.org\/{rel}","templated":true}]}}