{"id":13333,"date":"2024-01-11T10:19:03","date_gmt":"2024-01-11T13:19:03","guid":{"rendered":"https:\/\/lightyellow-zebra-660216.hostingersite.com\/produto\/case-para-tablet-samsung-tab-a9-sm-x115-magnetica\/"},"modified":"2024-01-22T10:23:25","modified_gmt":"2024-01-22T13:23:25","slug":"case-para-tablet-samsung-tab-a9-sm-x115-magnetica","status":"publish","type":"product","link":"https:\/\/roboflex.com.br\/es\/produto\/case-para-tablet-samsung-tab-a9-sm-x115-magnetica\/","title":{"rendered":"Funda magn\u00e9tica para tableta Samsung Tab A9 8,7&#8243; SM-X110\/X115"},"content":{"rendered":"\t\t<div data-elementor-type=\"product-post\" data-elementor-id=\"13333\" class=\"elementor elementor-13333\" data-elementor-post-type=\"product\">\n\t\t\t\t<div class=\"elementor-element elementor-element-852a8c0 elementor-hidden-mobile elementor-hidden-desktop elementor-hidden-tablet e-flex e-con-boxed e-con e-parent\" data-id=\"852a8c0\" data-element_type=\"container\" data-e-type=\"container\">\n\t\t\t\t\t<div class=\"e-con-inner\">\n\t\t\t\t<div class=\"elementor-element elementor-element-1c75af7 elementor-widget__width-initial elementor-widget elementor-widget-button\" data-id=\"1c75af7\" data-element_type=\"widget\" data-e-type=\"widget\" data-widget_type=\"button.default\">\n\t\t\t\t<div class=\"elementor-widget-container\">\n\t\t\t\t\t\t\t\t\t<div class=\"elementor-button-wrapper\">\n\t\t\t\t\t<a class=\"elementor-button elementor-button-link elementor-size-sm\" href=\"https:\/\/roboflex.com.br\/wp-content\/uploads\/2024\/01\/manual-cases-A9.pdf\" target=\"_blank\">\n\t\t\t\t\t\t<span class=\"elementor-button-content-wrapper\">\n\t\t\t\t\t\t<span class=\"elementor-button-icon\">\n\t\t\t\t<i aria-hidden=\"true\" class=\"far fa-file-pdf\"><\/i>\t\t\t<\/span>\n\t\t\t\t\t\t\t\t\t<span class=\"elementor-button-text\">Acesse o manual de instru\u00e7\u00f5es<\/span>\n\t\t\t\t\t<\/span>\n\t\t\t\t\t<\/a>\n\t\t\t\t<\/div>\n\t\t\t\t\t\t\t\t<\/div>\n\t\t\t\t<\/div>\n\t\t\t\t\t<\/div>\n\t\t\t\t<\/div>\n\t\t<div class=\"elementor-element elementor-element-337c25a e-flex e-con-boxed e-con e-parent\" data-id=\"337c25a\" data-element_type=\"container\" data-e-type=\"container\">\n\t\t\t\t\t<div class=\"e-con-inner\">\n\t\t\t\t<div class=\"elementor-element elementor-element-9599d07 elementor-widget elementor-widget-image\" data-id=\"9599d07\" data-element_type=\"widget\" data-e-type=\"widget\" data-widget_type=\"image.default\">\n\t\t\t\t<div class=\"elementor-widget-container\">\n\t\t\t\t\t\t\t\t\t\t\t\t\t\t\t<img fetchpriority=\"high\" decoding=\"async\" width=\"1024\" height=\"410\" src=\"https:\/\/roboflex.com.br\/wp-content\/uploads\/2024\/01\/A9-CST040152-es-1024x410.webp\" class=\"attachment-large size-large wp-image-13351\" alt=\"\" srcset=\"https:\/\/roboflex.com.br\/wp-content\/uploads\/2024\/01\/A9-CST040152-es-1024x410.webp 1024w, https:\/\/roboflex.com.br\/wp-content\/uploads\/2024\/01\/A9-CST040152-es-300x120.webp 300w, https:\/\/roboflex.com.br\/wp-content\/uploads\/2024\/01\/A9-CST040152-es-768x307.webp 768w, https:\/\/roboflex.com.br\/wp-content\/uploads\/2024\/01\/A9-CST040152-es-500x200.webp 500w, https:\/\/roboflex.com.br\/wp-content\/uploads\/2024\/01\/A9-CST040152-es.webp 1500w\" sizes=\"(max-width: 1024px) 100vw, 1024px\" \/>\t\t\t\t\t\t\t\t\t\t\t\t\t\t\t<\/div>\n\t\t\t\t<\/div>\n\t\t\t\t<div class=\"elementor-element elementor-element-8817128 elementor-widget elementor-widget-image\" data-id=\"8817128\" data-element_type=\"widget\" data-e-type=\"widget\" data-widget_type=\"image.default\">\n\t\t\t\t<div class=\"elementor-widget-container\">\n\t\t\t\t\t\t\t\t\t\t\t\t\t\t\t<img decoding=\"async\" width=\"1024\" height=\"410\" src=\"https:\/\/roboflex.com.br\/wp-content\/uploads\/2024\/01\/Fundo-A9-magnetico-impact-CST040152-es-1024x410.webp\" class=\"attachment-large size-large wp-image-13354\" alt=\"\" srcset=\"https:\/\/roboflex.com.br\/wp-content\/uploads\/2024\/01\/Fundo-A9-magnetico-impact-CST040152-es-1024x410.webp 1024w, https:\/\/roboflex.com.br\/wp-content\/uploads\/2024\/01\/Fundo-A9-magnetico-impact-CST040152-es-300x120.webp 300w, https:\/\/roboflex.com.br\/wp-content\/uploads\/2024\/01\/Fundo-A9-magnetico-impact-CST040152-es-768x307.webp 768w, https:\/\/roboflex.com.br\/wp-content\/uploads\/2024\/01\/Fundo-A9-magnetico-impact-CST040152-es-500x200.webp 500w, https:\/\/roboflex.com.br\/wp-content\/uploads\/2024\/01\/Fundo-A9-magnetico-impact-CST040152-es.webp 1500w\" sizes=\"(max-width: 1024px) 100vw, 1024px\" \/>\t\t\t\t\t\t\t\t\t\t\t\t\t\t\t<\/div>\n\t\t\t\t<\/div>\n\t\t\t\t\t<\/div>\n\t\t\t\t<\/div>\n\t\t<div class=\"elementor-element elementor-element-673013e e-flex e-con-boxed e-con e-parent\" data-id=\"673013e\" data-element_type=\"container\" data-e-type=\"container\">\n\t\t\t\t\t<div class=\"e-con-inner\">\n\t\t\t\t<div class=\"elementor-element elementor-element-1c4e253 elementor-widget elementor-widget-video\" data-id=\"1c4e253\" data-element_type=\"widget\" data-e-type=\"widget\" data-settings=\"{&quot;youtube_url&quot;:&quot;https:\\\/\\\/www.youtube.com\\\/watch?v=EkvFqPa1d4A&quot;,&quot;mute&quot;:&quot;yes&quot;,&quot;video_type&quot;:&quot;youtube&quot;,&quot;controls&quot;:&quot;yes&quot;}\" data-widget_type=\"video.default\">\n\t\t\t\t<div class=\"elementor-widget-container\">\n\t\t\t\t\t\t\t<div class=\"elementor-wrapper elementor-open-inline\">\n\t\t\t<div class=\"elementor-video\"><\/div>\t\t<\/div>\n\t\t\t\t\t\t<\/div>\n\t\t\t\t<\/div>\n\t\t\t\t\t<\/div>\n\t\t\t\t<\/div>\n\t\t<div class=\"elementor-element elementor-element-bc1a83b elementor-hidden-desktop elementor-hidden-tablet elementor-hidden-mobile e-flex e-con-boxed e-con e-parent\" data-id=\"bc1a83b\" data-element_type=\"container\" data-e-type=\"container\">\n\t\t\t\t\t<div class=\"e-con-inner\">\n\t\t\t\t<div data-dce-background-color=\"#3D8B8E\" class=\"elementor-element elementor-element-2954ea9 elementor-widget__width-initial elementor-widget elementor-widget-button\" data-id=\"2954ea9\" data-element_type=\"widget\" data-e-type=\"widget\" data-widget_type=\"button.default\">\n\t\t\t\t<div class=\"elementor-widget-container\">\n\t\t\t\t\t\t\t\t\t<div class=\"elementor-button-wrapper\">\n\t\t\t\t\t<a class=\"elementor-button elementor-button-link elementor-size-sm\" href=\"https:\/\/roboflex.com.br\/wp-content\/uploads\/2024\/01\/manual-cases-A9.pdf\">\n\t\t\t\t\t\t<span class=\"elementor-button-content-wrapper\">\n\t\t\t\t\t\t<span class=\"elementor-button-icon\">\n\t\t\t\t<i aria-hidden=\"true\" class=\"far fa-file-pdf\"><\/i>\t\t\t<\/span>\n\t\t\t\t\t\t\t\t\t<span class=\"elementor-button-text\">Acesse o manual de instru\u00e7\u00f5es<\/span>\n\t\t\t\t\t<\/span>\n\t\t\t\t\t<\/a>\n\t\t\t\t<\/div>\n\t\t\t\t\t\t\t\t<\/div>\n\t\t\t\t<\/div>\n\t\t\t\t\t<\/div>\n\t\t\t\t<\/div>\n\t\t<div class=\"elementor-element elementor-element-683316e elementor-hidden-mobile e-flex e-con-boxed e-con e-parent\" data-id=\"683316e\" data-element_type=\"container\" data-e-type=\"container\">\n\t\t\t\t\t<div class=\"e-con-inner\">\n\t\t\t\t<div class=\"elementor-element elementor-element-b3ab2f5 elementor-widget elementor-widget-heading\" data-id=\"b3ab2f5\" data-element_type=\"widget\" data-e-type=\"widget\" data-widget_type=\"heading.default\">\n\t\t\t\t<div class=\"elementor-widget-container\">\n\t\t\t\t\t<h2 class=\"elementor-heading-title elementor-size-default\">Complete su soluci\u00f3n<\/h2>\t\t\t\t<\/div>\n\t\t\t\t<\/div>\n\t\t\t\t\t<\/div>\n\t\t\t\t<\/div>\n\t\t<div class=\"elementor-element elementor-element-df486ad elementor-hidden-desktop elementor-hidden-tablet e-flex e-con-boxed e-con e-parent\" data-id=\"df486ad\" data-element_type=\"container\" data-e-type=\"container\">\n\t\t\t\t\t<div class=\"e-con-inner\">\n\t\t\t\t<div class=\"elementor-element elementor-element-b0aa746 elementor-widget elementor-widget-heading\" data-id=\"b0aa746\" data-element_type=\"widget\" data-e-type=\"widget\" data-widget_type=\"heading.default\">\n\t\t\t\t<div class=\"elementor-widget-container\">\n\t\t\t\t\t<h2 class=\"elementor-heading-title elementor-size-default\">Complete su soluci\u00f3n<\/h2>\t\t\t\t<\/div>\n\t\t\t\t<\/div>\n\t\t\t\t\t<\/div>\n\t\t\t\t<\/div>\n\t\t\t\t<\/div>\n\t\t","protected":false},"excerpt":{"rendered":"<p><img decoding=\"async\" class=\"wp-image-4391 alignleft\" src=\"https:\/\/lightyellow-zebra-660216.hostingersite.com\/wp-content\/uploads\/2023\/06\/IP54-novo-300x300.png\" alt=\"\" width=\"60\" height=\"60\" srcset=\"https:\/\/roboflex.com.br\/wp-content\/uploads\/2023\/06\/IP54-novo-300x300.png 300w, https:\/\/roboflex.com.br\/wp-content\/uploads\/2023\/06\/IP54-novo-150x150.png 150w, https:\/\/roboflex.com.br\/wp-content\/uploads\/2023\/06\/IP54-novo-100x100.png 100w, https:\/\/roboflex.com.br\/wp-content\/uploads\/2023\/06\/IP54-novo.png 500w\" sizes=\"(max-width: 60px) 100vw, 60px\" \/>Protecci\u00f3n contra el polvo y las proyecciones de agua.<\/p>\n<p>&nbsp;<\/p>\n<p><img loading=\"lazy\" decoding=\"async\" class=\"alignleft wp-image-5986\" src=\"https:\/\/lightyellow-zebra-660216.hostingersite.com\/wp-content\/uploads\/2023\/07\/MIL-STD-810G-300x300.png\" alt=\"\" width=\"60\" height=\"60\" srcset=\"https:\/\/roboflex.com.br\/wp-content\/uploads\/2023\/07\/MIL-STD-810G-300x300.png 300w, https:\/\/roboflex.com.br\/wp-content\/uploads\/2023\/07\/MIL-STD-810G-150x150.png 150w, https:\/\/roboflex.com.br\/wp-content\/uploads\/2023\/07\/MIL-STD-810G-100x100.png 100w, https:\/\/roboflex.com.br\/wp-content\/uploads\/2023\/07\/MIL-STD-810G.png 500w\" sizes=\"(max-width: 60px) 100vw, 60px\" \/><\/p>\n<p>Protecci\u00f3n y resistencia contra ca\u00eddas, impactos y vibraciones conforme a MIL-STD 810G.<\/p>\n<p>&nbsp;<\/p>\n<ul>\n<li>El sistema magn\u00e9tico es una tecnolog\u00eda patentada que permite cargar los dispositivos en las fundas del ecosistema Roboflex.<\/li>\n<li>Ofrece robustez en la actividad de campo, soportando situaciones agresivas como vibraciones, impactos y condiciones meteorol\u00f3gicas.<\/li>\n<li>Ideal para situaciones en las que hay que retirar constantemente el producto durante la operaci\u00f3n, como las listas de comprobaci\u00f3n operativas, la necesidad de realizar anotaciones fuera del lugar de fijaci\u00f3n y la posibilidad de trasladar el dispositivo a otro lugar de operaci\u00f3n.<\/li>\n<\/ul>\n<ul>\n<li>Peso: 428g<\/li>\n<li>Tableta no incluida<\/li>\n<li>Se necesita conector magn\u00e9tico<\/li>\n<li>Art\u00edculos incluidos:\n<ul>\n<li>1 \u00a0funda magn\u00e9tica compatible con la tableta Tab A9 SM-X110\/X115 8,7&#8243;<\/li>\n<li>8 tornillos para cerrar la funda<\/li>\n<\/ul>\n<\/li>\n<\/ul>\n<p hidden=\"Refer\u00eancia: CST040152\">\n","protected":false},"featured_media":12885,"template":"","meta":{"_acf_changed":false,"site-sidebar-layout":"no-sidebar","site-content-layout":"page-builder","ast-site-content-layout":"default","site-content-style":"default","site-sidebar-style":"default","ast-global-header-display":"","ast-banner-title-visibility":"","ast-main-header-display":"","ast-hfb-above-header-display":"","ast-hfb-below-header-display":"","ast-hfb-mobile-header-display":"","site-post-title":"disabled","ast-breadcrumbs-content":"","ast-featured-img":"disabled","footer-sml-layout":"","theme-transparent-header-meta":"default","adv-header-id-meta":"","stick-header-meta":"","header-above-stick-meta":"","header-main-stick-meta":"","header-below-stick-meta":"","astra-migrate-meta-layouts":"set","ast-page-background-enabled":"default","ast-page-background-meta":{"desktop":{"background-color":"var(--ast-global-color-4)","background-image":"","background-repeat":"repeat","background-position":"center center","background-size":"auto","background-attachment":"scroll","background-type":"","background-media":"","overlay-type":"","overlay-color":"","overlay-opacity":"","overlay-gradient":""},"tablet":{"background-color":"","background-image":"","background-repeat":"repeat","background-position":"center center","background-size":"auto","background-attachment":"scroll","background-type":"","background-media":"","overlay-type":"","overlay-color":"","overlay-opacity":"","overlay-gradient":""},"mobile":{"background-color":"","background-image":"","background-repeat":"repeat","background-position":"center center","background-size":"auto","background-attachment":"scroll","background-type":"","background-media":"","overlay-type":"","overlay-color":"","overlay-opacity":"","overlay-gradient":""}},"ast-content-background-meta":{"desktop":{"background-color":"var(--ast-global-color-5)","background-image":"","background-repeat":"repeat","background-position":"center center","background-size":"auto","background-attachment":"scroll","background-type":"","background-media":"","overlay-type":"","overlay-color":"","overlay-opacity":"","overlay-gradient":""},"tablet":{"background-color":"var(--ast-global-color-5)","background-image":"","background-repeat":"repeat","background-position":"center center","background-size":"auto","background-attachment":"scroll","background-type":"","background-media":"","overlay-type":"","overlay-color":"","overlay-opacity":"","overlay-gradient":""},"mobile":{"background-color":"var(--ast-global-color-5)","background-image":"","background-repeat":"repeat","background-position":"center center","background-size":"auto","background-attachment":"scroll","background-type":"","background-media":"","overlay-type":"","overlay-color":"","overlay-opacity":"","overlay-gradient":""}}},"product_brand":[],"product_cat":[164,306],"product_tag":[278,302],"class_list":{"0":"post-13333","1":"product","2":"type-product","3":"status-publish","4":"has-post-thumbnail","6":"product_cat-fundas","7":"product_cat-tab-a9-es","8":"product_tag-samsung","9":"product_tag-tab-a9-8-7","10":"desktop-align-left","11":"tablet-align-left","12":"mobile-align-left","14":"first","15":"instock","16":"shipping-taxable","17":"product-type-simple"},"acf":[],"_links":{"self":[{"href":"https:\/\/roboflex.com.br\/es\/wp-json\/wp\/v2\/product\/13333","targetHints":{"allow":["GET"]}}],"collection":[{"href":"https:\/\/roboflex.com.br\/es\/wp-json\/wp\/v2\/product"}],"about":[{"href":"https:\/\/roboflex.com.br\/es\/wp-json\/wp\/v2\/types\/product"}],"version-history":[{"count":0,"href":"https:\/\/roboflex.com.br\/es\/wp-json\/wp\/v2\/product\/13333\/revisions"}],"wp:featuredmedia":[{"embeddable":true,"href":"https:\/\/roboflex.com.br\/es\/wp-json\/wp\/v2\/media\/12885"}],"wp:attachment":[{"href":"https:\/\/roboflex.com.br\/es\/wp-json\/wp\/v2\/media?parent=13333"}],"wp:term":[{"taxonomy":"product_brand","embeddable":true,"href":"https:\/\/roboflex.com.br\/es\/wp-json\/wp\/v2\/product_brand?post=13333"},{"taxonomy":"product_cat","embeddable":true,"href":"https:\/\/roboflex.com.br\/es\/wp-json\/wp\/v2\/product_cat?post=13333"},{"taxonomy":"product_tag","embeddable":true,"href":"https:\/\/roboflex.com.br\/es\/wp-json\/wp\/v2\/product_tag?post=13333"}],"curies":[{"name":"wp","href":"https:\/\/api.w.org\/{rel}","templated":true}]}}