{"id":13299,"date":"2023-11-17T13:53:52","date_gmt":"2023-11-17T16:53:52","guid":{"rendered":"https:\/\/lightyellow-zebra-660216.hostingersite.com\/produto\/case-para-tablet-multilaser-m8-nb358-nb385-8-magnetica\/"},"modified":"2024-01-19T15:39:40","modified_gmt":"2024-01-19T18:39:40","slug":"case-para-tablet-multilaser-m8-nb358-nb385-8-magnetica","status":"publish","type":"product","link":"https:\/\/roboflex.com.br\/es\/produto\/case-para-tablet-multilaser-m8-nb358-nb385-8-magnetica\/","title":{"rendered":"Funda magn\u00e9tica para tableta Multilaser M8 NB358\/NB385 8&#8243;"},"content":{"rendered":"\t\t<div data-elementor-type=\"product-post\" data-elementor-id=\"13299\" class=\"elementor elementor-13299 elementor-11601\" data-elementor-post-type=\"product\">\n\t\t\t\t<div class=\"elementor-element elementor-element-36b1185 e-flex e-con-boxed e-con e-parent\" data-id=\"36b1185\" data-element_type=\"container\" data-e-type=\"container\">\n\t\t\t\t\t<div class=\"e-con-inner\">\n\t\t\t\t<div class=\"elementor-element elementor-element-793bb00 elementor-widget elementor-widget-image\" data-id=\"793bb00\" data-element_type=\"widget\" data-e-type=\"widget\" data-widget_type=\"image.default\">\n\t\t\t\t<div class=\"elementor-widget-container\">\n\t\t\t\t\t\t\t\t\t\t\t\t\t\t\t<img decoding=\"async\" src=\"https:\/\/roboflex.com.br\/wp-content\/uploads\/elementor\/thumbs\/Frente-Multilaser-impact-M8-es-rcmkdziyo2h6pmeyn1jua432dy8wcekhua55bv17s0.png\" title=\"Frente Multilaser impact M8 es\" alt=\"Frente Multilaser impact M8 es\" loading=\"lazy\" \/>\t\t\t\t\t\t\t\t\t\t\t\t\t\t\t<\/div>\n\t\t\t\t<\/div>\n\t\t\t\t<div class=\"elementor-element elementor-element-2c909f4 elementor-widget elementor-widget-image\" data-id=\"2c909f4\" data-element_type=\"widget\" data-e-type=\"widget\" data-widget_type=\"image.default\">\n\t\t\t\t<div class=\"elementor-widget-container\">\n\t\t\t\t\t\t\t\t\t\t\t\t\t\t\t<img decoding=\"async\" src=\"https:\/\/roboflex.com.br\/wp-content\/uploads\/elementor\/thumbs\/Fundo-Multilaser-impact-magnetico-M8-es-rcmkdziz183y21nsnw7gcszkkzz4k5xutrvcke7w6a.webp\" title=\"Fundo-Multilaser-impact-magn\u00e9tico-M8-es\" alt=\"Fundo-Multilaser-impact-magn\u00e9tico-M8-es\" loading=\"lazy\" \/>\t\t\t\t\t\t\t\t\t\t\t\t\t\t\t<\/div>\n\t\t\t\t<\/div>\n\t\t\t\t\t<\/div>\n\t\t\t\t<\/div>\n\t\t<div class=\"elementor-element elementor-element-814013f e-flex e-con-boxed e-con e-parent\" data-id=\"814013f\" data-element_type=\"container\" data-e-type=\"container\">\n\t\t\t\t\t<div class=\"e-con-inner\">\n\t\t\t\t<div class=\"elementor-element elementor-element-32f9418 elementor-widget elementor-widget-video\" data-id=\"32f9418\" data-element_type=\"widget\" data-e-type=\"widget\" data-settings=\"{&quot;youtube_url&quot;:&quot;https:\\\/\\\/www.youtube.com\\\/watch?v=EkvFqPa1d4A&quot;,&quot;mute&quot;:&quot;yes&quot;,&quot;video_type&quot;:&quot;youtube&quot;,&quot;controls&quot;:&quot;yes&quot;}\" data-widget_type=\"video.default\">\n\t\t\t\t<div class=\"elementor-widget-container\">\n\t\t\t\t\t\t\t<div class=\"elementor-wrapper elementor-open-inline\">\n\t\t\t<div class=\"elementor-video\"><\/div>\t\t<\/div>\n\t\t\t\t\t\t<\/div>\n\t\t\t\t<\/div>\n\t\t\t\t\t<\/div>\n\t\t\t\t<\/div>\n\t\t<div class=\"elementor-element elementor-element-cc7e360 elementor-hidden-mobile e-flex e-con-boxed e-con e-parent\" data-id=\"cc7e360\" data-element_type=\"container\" data-e-type=\"container\">\n\t\t\t\t\t<div class=\"e-con-inner\">\n\t\t\t\t<div class=\"elementor-element elementor-element-daad3ab elementor-widget elementor-widget-heading\" data-id=\"daad3ab\" data-element_type=\"widget\" data-e-type=\"widget\" data-widget_type=\"heading.default\">\n\t\t\t\t<div class=\"elementor-widget-container\">\n\t\t\t\t\t<h2 class=\"elementor-heading-title elementor-size-default\">Complete su soluci\u00f3n<\/h2>\t\t\t\t<\/div>\n\t\t\t\t<\/div>\n\t\t\t\t\t<\/div>\n\t\t\t\t<\/div>\n\t\t<div class=\"elementor-element elementor-element-a512895 elementor-hidden-desktop elementor-hidden-tablet e-flex e-con-boxed e-con e-parent\" data-id=\"a512895\" data-element_type=\"container\" data-e-type=\"container\">\n\t\t\t\t\t<div class=\"e-con-inner\">\n\t\t\t\t<div class=\"elementor-element elementor-element-a28757b elementor-widget elementor-widget-heading\" data-id=\"a28757b\" data-element_type=\"widget\" data-e-type=\"widget\" data-widget_type=\"heading.default\">\n\t\t\t\t<div class=\"elementor-widget-container\">\n\t\t\t\t\t<h2 class=\"elementor-heading-title elementor-size-default\">Complete su soluci\u00f3n<\/h2>\t\t\t\t<\/div>\n\t\t\t\t<\/div>\n\t\t\t\t\t<\/div>\n\t\t\t\t<\/div>\n\t\t\t\t<\/div>\n\t\t","protected":false},"excerpt":{"rendered":"<p><img decoding=\"async\" class=\"wp-image-4391 alignleft\" src=\"https:\/\/lightyellow-zebra-660216.hostingersite.com\/wp-content\/uploads\/2023\/06\/IP54-novo-300x300.png\" alt=\"\" width=\"60\" height=\"60\" srcset=\"https:\/\/roboflex.com.br\/wp-content\/uploads\/2023\/06\/IP54-novo-300x300.png 300w, https:\/\/roboflex.com.br\/wp-content\/uploads\/2023\/06\/IP54-novo-150x150.png 150w, https:\/\/roboflex.com.br\/wp-content\/uploads\/2023\/06\/IP54-novo-100x100.png 100w, https:\/\/roboflex.com.br\/wp-content\/uploads\/2023\/06\/IP54-novo.png 500w\" sizes=\"(max-width: 60px) 100vw, 60px\" \/>Protecci\u00f3n contra el polvo y las proyecciones de agua.<\/p>\n<p>&nbsp;<\/p>\n<p><img decoding=\"async\" class=\"wp-image-5986 alignleft\" style=\"font-weight: inherit;\" src=\"https:\/\/lightyellow-zebra-660216.hostingersite.com\/wp-content\/uploads\/2023\/07\/MIL-STD-810G-300x300.png\" alt=\"\" width=\"60\" height=\"60\" srcset=\"https:\/\/roboflex.com.br\/wp-content\/uploads\/2023\/07\/MIL-STD-810G-300x300.png 300w, https:\/\/roboflex.com.br\/wp-content\/uploads\/2023\/07\/MIL-STD-810G-150x150.png 150w, https:\/\/roboflex.com.br\/wp-content\/uploads\/2023\/07\/MIL-STD-810G-100x100.png 100w, https:\/\/roboflex.com.br\/wp-content\/uploads\/2023\/07\/MIL-STD-810G.png 500w\" sizes=\"(max-width: 60px) 100vw, 60px\" \/><\/p>\n<p>Protecci\u00f3n y resistencia contra ca\u00eddas, impactos y vibraciones conforme a MIL-STD 810G.<\/p>\n<p>&nbsp;<\/p>\n<ul>\n<li>El sistema magn\u00e9tico es una tecnolog\u00eda patentada que permite cargar los dispositivos en las fundas del ecosistema Roboflex.<\/li>\n<li>Ofrece robustez en la actividad de campo, soportando situaciones agresivas como vibraciones, impactos y condiciones meteorol\u00f3gicas.<\/li>\n<li>Ideal para situaciones en las que hay que retirar constantemente el producto durante la operaci\u00f3n, como las listas de comprobaci\u00f3n operativas, la necesidad de realizar anotaciones fuera del lugar de fijaci\u00f3n y la posibilidad de trasladar el dispositivo a otro lugar de operaci\u00f3n.<\/li>\n<\/ul>\n<ul>\n<li>Peso: 447g<\/li>\n<li>Tableta no incluida<\/li>\n<li>Se necesita conector magn\u00e9tico<\/li>\n<li>Art\u00edculos incluidos:\n<ul>\n<li>1 funda magn\u00e9tica compatible con la tableta Multilaser M8 8&#8243;<\/li>\n<li>10 tornillos para cerrar la funda<\/li>\n<\/ul>\n<\/li>\n<\/ul>\n<p hidden=\"Refer\u00eancia: CST040150\">\n","protected":false},"featured_media":11543,"template":"","meta":{"_acf_changed":false,"site-sidebar-layout":"default","site-content-layout":"","ast-site-content-layout":"default","site-content-style":"default","site-sidebar-style":"default","ast-global-header-display":"","ast-banner-title-visibility":"","ast-main-header-display":"","ast-hfb-above-header-display":"","ast-hfb-below-header-display":"","ast-hfb-mobile-header-display":"","site-post-title":"","ast-breadcrumbs-content":"","ast-featured-img":"","footer-sml-layout":"","theme-transparent-header-meta":"default","adv-header-id-meta":"","stick-header-meta":"","header-above-stick-meta":"","header-main-stick-meta":"","header-below-stick-meta":"","astra-migrate-meta-layouts":"set","ast-page-background-enabled":"default","ast-page-background-meta":{"desktop":{"background-color":"var(--ast-global-color-4)","background-image":"","background-repeat":"repeat","background-position":"center center","background-size":"auto","background-attachment":"scroll","background-type":"","background-media":"","overlay-type":"","overlay-color":"","overlay-opacity":"","overlay-gradient":""},"tablet":{"background-color":"","background-image":"","background-repeat":"repeat","background-position":"center center","background-size":"auto","background-attachment":"scroll","background-type":"","background-media":"","overlay-type":"","overlay-color":"","overlay-opacity":"","overlay-gradient":""},"mobile":{"background-color":"","background-image":"","background-repeat":"repeat","background-position":"center center","background-size":"auto","background-attachment":"scroll","background-type":"","background-media":"","overlay-type":"","overlay-color":"","overlay-opacity":"","overlay-gradient":""}},"ast-content-background-meta":{"desktop":{"background-color":"var(--ast-global-color-5)","background-image":"","background-repeat":"repeat","background-position":"center center","background-size":"auto","background-attachment":"scroll","background-type":"","background-media":"","overlay-type":"","overlay-color":"","overlay-opacity":"","overlay-gradient":""},"tablet":{"background-color":"var(--ast-global-color-5)","background-image":"","background-repeat":"repeat","background-position":"center center","background-size":"auto","background-attachment":"scroll","background-type":"","background-media":"","overlay-type":"","overlay-color":"","overlay-opacity":"","overlay-gradient":""},"mobile":{"background-color":"var(--ast-global-color-5)","background-image":"","background-repeat":"repeat","background-position":"center center","background-size":"auto","background-attachment":"scroll","background-type":"","background-media":"","overlay-type":"","overlay-color":"","overlay-opacity":"","overlay-gradient":""}}},"product_brand":[],"product_cat":[164,304],"product_tag":[287],"class_list":{"0":"post-13299","1":"product","2":"type-product","3":"status-publish","4":"has-post-thumbnail","6":"product_cat-fundas","7":"product_cat-multilaser-m8-es","8":"product_tag-multilaser","9":"desktop-align-left","10":"tablet-align-left","11":"mobile-align-left","13":"first","14":"instock","15":"shipping-taxable","16":"product-type-simple"},"acf":[],"_links":{"self":[{"href":"https:\/\/roboflex.com.br\/es\/wp-json\/wp\/v2\/product\/13299","targetHints":{"allow":["GET"]}}],"collection":[{"href":"https:\/\/roboflex.com.br\/es\/wp-json\/wp\/v2\/product"}],"about":[{"href":"https:\/\/roboflex.com.br\/es\/wp-json\/wp\/v2\/types\/product"}],"version-history":[{"count":0,"href":"https:\/\/roboflex.com.br\/es\/wp-json\/wp\/v2\/product\/13299\/revisions"}],"wp:featuredmedia":[{"embeddable":true,"href":"https:\/\/roboflex.com.br\/es\/wp-json\/wp\/v2\/media\/11543"}],"wp:attachment":[{"href":"https:\/\/roboflex.com.br\/es\/wp-json\/wp\/v2\/media?parent=13299"}],"wp:term":[{"taxonomy":"product_brand","embeddable":true,"href":"https:\/\/roboflex.com.br\/es\/wp-json\/wp\/v2\/product_brand?post=13299"},{"taxonomy":"product_cat","embeddable":true,"href":"https:\/\/roboflex.com.br\/es\/wp-json\/wp\/v2\/product_cat?post=13299"},{"taxonomy":"product_tag","embeddable":true,"href":"https:\/\/roboflex.com.br\/es\/wp-json\/wp\/v2\/product_tag?post=13299"}],"curies":[{"name":"wp","href":"https:\/\/api.w.org\/{rel}","templated":true}]}}