{"id":7286,"date":"2023-06-12T17:40:31","date_gmt":"2023-06-12T20:40:31","guid":{"rendered":"https:\/\/lightyellow-zebra-660216.hostingersite.com\/?page_id=7286"},"modified":"2023-07-13T12:03:48","modified_gmt":"2023-07-13T15:03:48","slug":"termos-de-uso","status":"publish","type":"page","link":"https:\/\/roboflex.com.br\/es\/termos-de-uso\/","title":{"rendered":"Termos de Uso"},"content":{"rendered":"<p>Al acceder y utilizar la plataforma Roboflex, usted, como usuario, conoce y acepta las normas establecidas en las Condiciones de uso y la Pol\u00edtica de privacidad, as\u00ed como otras pol\u00edticas establecidas en la plataforma.<\/p>\n<p>Si no est\u00e1 de acuerdo con alguna condici\u00f3n, le aconsejamos que no utilice la plataforma y se ponga en contacto con nosotros a trav\u00e9s de los canales que se indican a continuaci\u00f3n:<\/p>\n<p>Correo electr\u00f3nico: <a href=\"mailto:comercial@lightyellow-zebra-660216.hostingersite.com\">comercial@lightyellow-zebra-660216.hostingersite.com<\/a><\/p>\n<p>Tel\u00e9fono: (31) 98352-0942<\/p>\n<p><strong>INFORMACI\u00d3N GENERAL<\/strong><\/p>\n<p>La plataforma es gestionada por la empresa MATRIXX DESENVOLVIMENTO DE PE\u00c7AS T\u00c9CNICAS LTDA, CNPJ n\u00ba 16.875.130\/0001-08, nombre de fantas\u00eda \u00abROBOFLEX\u00bb.<\/p>\n<p>Roboflex pone a disposici\u00f3n, a trav\u00e9s de la plataforma, productos y servicios ofrecidos por la empresa. Desarrolla, produce y comercializa soluciones para integrar la tecnolog\u00eda en los m\u00e1s diversos ambientes corporativos.<\/p>\n<p>Con el objetivo de mejorar las condiciones de uso y funcionalidad, Roboflex se reserva el derecho de actualizar la plataforma, as\u00ed como sus Condiciones de Uso, en cualquier momento. Por ello, le recomendamos que acceda con frecuencia a nuestras Condiciones de Uso, o siempre que tenga dudas, para estar al tanto de los cambios realizados.<\/p>\n<p><strong>ACCESO A LA PLATAFORMA<\/strong><\/p>\n<p>El usuario de la plataforma debe ser mayor de 18 (dieciocho) a\u00f1os, as\u00ed como tener capacidad legal para registrarse en el sitio web y realizar compras.<\/p>\n<p>Con el fin de tener un acceso m\u00e1s personalizado, el usuario acceder\u00e1 a la plataforma a trav\u00e9s de una cuenta de su propiedad. El acceso a la cuenta se realizar\u00e1 a trav\u00e9s de un correo electr\u00f3nico y una contrase\u00f1a personales, siendo el usuario responsable de la confidencialidad de estos datos y de mantener completa su informaci\u00f3n personal.<\/p>\n<p>El usuario debe ser consciente de las acciones que realiza dentro de la plataforma, asumiendo plena y amplia responsabilidad por las actividades realizadas a trav\u00e9s de su cuenta y comprometi\u00e9ndose a no permitir el acceso y uso por parte de terceros.<\/p>\n<p>Roboflex se reserva el derecho de suspender o excluir al usuario ante la mera sospecha o evidencia de que ha utilizado pr\u00e1cticas irregulares, desleales o que infrinjan las presentes Condiciones de Uso o cualquier otra normativa vigente.<\/p>\n<p><strong>DIVULGACIONES E INTERACCIONES<\/strong><\/p>\n<p>Las divulgaciones de nuevos productos y servicios de Roboflex podr\u00e1n ser propagadas a trav\u00e9s del sitio web o del e-mail suministrado por el usuario, adem\u00e1s de encuestas de satisfacci\u00f3n, sugerencias, aclaraciones, entre otras interacciones que puedan ocurrir entre Roboflex y el usuario.<\/p>\n<p>Los mensajes o informaciones suministrados por los usuarios que contengan datos personales ser\u00e1n tratados de acuerdo con nuestra Pol\u00edtica de Privacidad.<\/p>\n<p><strong>DEBERES<\/strong><\/p>\n<p>El usuario, al acceder a la plataforma, se compromete a actuar de forma \u00e9tica y l\u00edcita, respetando el presente documento de Condiciones de Uso, adem\u00e1s de no utilizar medios fraudulentos para acceder a la misma.<\/p>\n<p>Queda expresamente prohibida la utilizaci\u00f3n de la plataforma para difundir contenidos abusivos, obscenos, ofensivos o discriminatorios, que atenten contra las buenas costumbres y la moral, as\u00ed como informaciones difamatorias y calumniosas que atenten contra el honor y la imagen de la persona, incluso jur\u00eddica, como Roboflex.<\/p>\n<p>Es deber del usuario facilitar sus datos e informaci\u00f3n con compromiso de veracidad y autenticidad, manteniendo su acceso siempre actualizado. La informaci\u00f3n personal ser\u00e1 tratada seg\u00fan lo dispuesto en nuestra Pol\u00edtica de Privacidad.<\/p>\n<p><strong>RESPONSABILIDAD<\/strong><\/p>\n<p>Roboflex se esfuerza en adoptar todos los mecanismos posibles para mantener la plataforma a salvo de interferencias de terceros. Pero incluso con todos los mecanismos de seguridad, estamos sujetos a eventos maliciosos por parte de terceros.<\/p>\n<p>En este sentido, Roboflex no se hace responsable de los da\u00f1os, perjuicios o p\u00e9rdidas derivados de posibles intrusiones en las plataformas de comunicaci\u00f3n por eventos de terceros, incluyendo virus o programas transmitidos maliciosamente, hackers, fallos del sistema o del servidor o funcionamiento incorrecto.<\/p>\n<p>En el entorno virtual, se recomienda precauci\u00f3n al hacer clic en enlaces desconocidos, siendo la apertura del enlace responsabilidad exclusiva del usuario.<\/p>\n<p>Roboflex s\u00f3lo se hace responsable de los da\u00f1os materiales debidamente probados por acci\u00f3n directa y dolosa de la empresa Roboflex, excluyendo el lucro cesante.<\/p>\n<p><strong>PROPIEDAD INTELECTUAL<\/strong><\/p>\n<p>Roboflex es titular de los derechos de su marca y logotipo, as\u00ed como de los correspondientes registros legales de su tecnolog\u00eda.<\/p>\n<p>Todo el contenido presentado en la plataforma o compartido con el usuario es propiedad exclusiva o licencia de Roboflex, incluyendo informaci\u00f3n, im\u00e1genes, v\u00eddeos, marca, nombre corporativo, horarios, archivos, entre otros contenidos.<\/p>\n<p>El uso de la plataforma no genera ninguna presunci\u00f3n de transferencia o licencia de propiedad sobre el contenido, no pudiendo ser divulgado por terceros sin referencia a Roboflex.<\/p>\n<p>En caso de uso indebido o divulgaci\u00f3n no autorizada por parte de Roboflex de informaciones relativas a la propiedad intelectual, se establecer\u00e1 un delito de competencia desleal, con base en el art. 195 de la Ley n\u00ba 9.278\/96, y la parte causante ser\u00e1 debidamente responsabilizada.<\/p>\n","protected":false},"excerpt":{"rendered":"<p>Al acceder y utilizar la plataforma Roboflex, usted, como usuario, conoce y acepta las normas establecidas en las Condiciones de uso y la Pol\u00edtica de privacidad, as\u00ed como otras pol\u00edticas establecidas en la plataforma. Si no est\u00e1 de acuerdo con alguna condici\u00f3n, le aconsejamos que no utilice la plataforma y se ponga en contacto con [&hellip;]<\/p>\n","protected":false},"author":11,"featured_media":3970,"parent":0,"menu_order":0,"comment_status":"closed","ping_status":"closed","template":"","meta":{"_acf_changed":false,"site-sidebar-layout":"default","site-content-layout":"default","ast-site-content-layout":"default","site-content-style":"default","site-sidebar-style":"default","ast-global-header-display":"","ast-banner-title-visibility":"","ast-main-header-display":"","ast-hfb-above-header-display":"","ast-hfb-below-header-display":"","ast-hfb-mobile-header-display":"","site-post-title":"","ast-breadcrumbs-content":"","ast-featured-img":"","footer-sml-layout":"","theme-transparent-header-meta":"default","adv-header-id-meta":"","stick-header-meta":"","header-above-stick-meta":"","header-main-stick-meta":"","header-below-stick-meta":"","astra-migrate-meta-layouts":"default","ast-page-background-enabled":"default","ast-page-background-meta":{"desktop":{"background-color":"var(--ast-global-color-4)","background-image":"","background-repeat":"repeat","background-position":"center center","background-size":"auto","background-attachment":"scroll","background-type":"","background-media":"","overlay-type":"","overlay-color":"","overlay-opacity":"","overlay-gradient":""},"tablet":{"background-color":"","background-image":"","background-repeat":"repeat","background-position":"center center","background-size":"auto","background-attachment":"scroll","background-type":"","background-media":"","overlay-type":"","overlay-color":"","overlay-opacity":"","overlay-gradient":""},"mobile":{"background-color":"","background-image":"","background-repeat":"repeat","background-position":"center center","background-size":"auto","background-attachment":"scroll","background-type":"","background-media":"","overlay-type":"","overlay-color":"","overlay-opacity":"","overlay-gradient":""}},"ast-content-background-meta":{"desktop":{"background-color":"var(--ast-global-color-5)","background-image":"","background-repeat":"repeat","background-position":"center center","background-size":"auto","background-attachment":"scroll","background-type":"","background-media":"","overlay-type":"","overlay-color":"","overlay-opacity":"","overlay-gradient":""},"tablet":{"background-color":"var(--ast-global-color-5)","background-image":"","background-repeat":"repeat","background-position":"center center","background-size":"auto","background-attachment":"scroll","background-type":"","background-media":"","overlay-type":"","overlay-color":"","overlay-opacity":"","overlay-gradient":""},"mobile":{"background-color":"var(--ast-global-color-5)","background-image":"","background-repeat":"repeat","background-position":"center center","background-size":"auto","background-attachment":"scroll","background-type":"","background-media":"","overlay-type":"","overlay-color":"","overlay-opacity":"","overlay-gradient":""}},"footnotes":""},"class_list":["post-7286","page","type-page","status-publish","has-post-thumbnail","hentry"],"acf":[],"_links":{"self":[{"href":"https:\/\/roboflex.com.br\/es\/wp-json\/wp\/v2\/pages\/7286","targetHints":{"allow":["GET"]}}],"collection":[{"href":"https:\/\/roboflex.com.br\/es\/wp-json\/wp\/v2\/pages"}],"about":[{"href":"https:\/\/roboflex.com.br\/es\/wp-json\/wp\/v2\/types\/page"}],"author":[{"embeddable":true,"href":"https:\/\/roboflex.com.br\/es\/wp-json\/wp\/v2\/users\/11"}],"replies":[{"embeddable":true,"href":"https:\/\/roboflex.com.br\/es\/wp-json\/wp\/v2\/comments?post=7286"}],"version-history":[{"count":0,"href":"https:\/\/roboflex.com.br\/es\/wp-json\/wp\/v2\/pages\/7286\/revisions"}],"wp:featuredmedia":[{"embeddable":true,"href":"https:\/\/roboflex.com.br\/es\/wp-json\/wp\/v2\/media\/3970"}],"wp:attachment":[{"href":"https:\/\/roboflex.com.br\/es\/wp-json\/wp\/v2\/media?parent=7286"}],"curies":[{"name":"wp","href":"https:\/\/api.w.org\/{rel}","templated":true}]}}