{"id":25275,"date":"2024-04-04T15:25:47","date_gmt":"2024-04-04T18:25:47","guid":{"rendered":"https:\/\/lightyellow-zebra-660216.hostingersite.com\/pecuaria\/"},"modified":"2025-06-17T17:24:00","modified_gmt":"2025-06-17T20:24:00","slug":"pecuaria","status":"publish","type":"page","link":"https:\/\/roboflex.com.br\/es\/pecuaria\/","title":{"rendered":"Ganader\u00eda"},"content":{"rendered":"\t\t<div data-elementor-type=\"wp-page\" data-elementor-id=\"25275\" class=\"elementor elementor-25275 elementor-18203\" data-elementor-post-type=\"page\">\n\t\t\t\t<div class=\"elementor-element elementor-element-21286f3 e-flex e-con-boxed e-con e-parent\" data-id=\"21286f3\" data-element_type=\"container\" data-e-type=\"container\">\n\t\t\t\t\t<div class=\"e-con-inner\">\n\t\t<div class=\"elementor-element elementor-element-91f1ea5 e-flex e-con-boxed e-con e-child\" data-id=\"91f1ea5\" data-element_type=\"container\" data-e-type=\"container\">\n\t\t\t\t\t<div class=\"e-con-inner\">\n\t\t<div class=\"elementor-element elementor-element-508c444 e-con-full e-flex e-con e-child\" data-id=\"508c444\" data-element_type=\"container\" data-e-type=\"container\">\n\t\t\t\t<div class=\"elementor-element elementor-element-ee7ab25 elementor-position-left elementor-vertical-align-middle elementor-widget elementor-widget-image-box\" data-id=\"ee7ab25\" data-element_type=\"widget\" data-e-type=\"widget\" data-widget_type=\"image-box.default\">\n\t\t\t\t<div class=\"elementor-widget-container\">\n\t\t\t\t\t<div class=\"elementor-image-box-wrapper\"><figure class=\"elementor-image-box-img\"><img decoding=\"async\" width=\"3\" height=\"72\" src=\"https:\/\/roboflex.com.br\/wp-content\/uploads\/2023\/06\/Detalhe.svg\" class=\"attachment-full size-full wp-image-219\" alt=\"\" \/><\/figure><div class=\"elementor-image-box-content\"><h2 class=\"elementor-image-box-title\">Tecnolog\u00eda para Ganader\u00eda<\/h2><\/div><\/div>\t\t\t\t<\/div>\n\t\t\t\t<\/div>\n\t\t\t\t<div class=\"elementor-element elementor-element-db0236c elementor-widget elementor-widget-text-editor\" data-id=\"db0236c\" data-element_type=\"widget\" data-e-type=\"widget\" data-widget_type=\"text-editor.default\">\n\t\t\t\t<div class=\"elementor-widget-container\">\n\t\t\t\t\t\t\t\t\t<p>En el manejo moderno, la informaci\u00f3n en el momento adecuado marca toda la diferencia. Las soluciones Roboflex llevan su software de gesti\u00f3n directamente al campo, protegiendo la tablet y fij\u00e1ndola donde usted lo necesite \u2014 en el veh\u00edculo, en el corral o en la oficina. Resultado: m\u00e1s productividad, menores costos y decisiones basadas en datos en tiempo real.<\/p><p>Elimine costos de mantenimiento en tablets, garantice conectividad con sensores y otros dispositivos, y tenga mayor flexibilidad y seguridad en el uso de los dispositivos en campo.<\/p>\t\t\t\t\t\t\t\t<\/div>\n\t\t\t\t<\/div>\n\t\t<div class=\"elementor-element elementor-element-3628034 e-con-full e-flex e-con e-child\" data-id=\"3628034\" data-element_type=\"container\" data-e-type=\"container\">\n\t\t\t\t<div class=\"elementor-element elementor-element-f2ddc07 elementor-widget elementor-widget-heading\" data-id=\"f2ddc07\" data-element_type=\"widget\" data-e-type=\"widget\" data-widget_type=\"heading.default\">\n\t\t\t\t<div class=\"elementor-widget-container\">\n\t\t\t\t\t<h3 class=\"elementor-heading-title elementor-size-default\">\u00bfListo para transformar sus datos de campo en una ventaja competitiva?<\/h3>\t\t\t\t<\/div>\n\t\t\t\t<\/div>\n\t\t\t\t<div class=\"elementor-element elementor-element-f4b3a7f elementor-widget elementor-widget-text-editor\" data-id=\"f4b3a7f\" data-element_type=\"widget\" data-e-type=\"widget\" data-widget_type=\"text-editor.default\">\n\t\t\t\t<div class=\"elementor-widget-container\">\n\t\t\t\t\t\t\t\t\t<p>Solicite una demostraci\u00f3n y descubra c\u00f3mo las soluciones Roboflex se adaptan a la rutina de su finca.<\/p>\t\t\t\t\t\t\t\t<\/div>\n\t\t\t\t<\/div>\n\t\t\t\t<\/div>\n\t\t<div class=\"elementor-element elementor-element-61a9257 e-con-full e-flex e-con e-child\" data-id=\"61a9257\" data-element_type=\"container\" data-e-type=\"container\">\n\t\t\t\t<div class=\"elementor-element elementor-element-5181b94 elementor-tablet-align-justify elementor-mobile-align-justify elementor-widget elementor-widget-button\" data-id=\"5181b94\" data-element_type=\"widget\" data-e-type=\"widget\" data-widget_type=\"button.default\">\n\t\t\t\t<div class=\"elementor-widget-container\">\n\t\t\t\t\t\t\t\t\t<div class=\"elementor-button-wrapper\">\n\t\t\t\t\t<a class=\"elementor-button elementor-button-link elementor-size-sm\" href=\"https:\/\/wa.me\/5531983923756?text=Gostaria+de+mais+informa%C3%A7%C3%B5es+sobre+Ganader\u00eda\" target=\"_blank\" id=\"whats\" rel=\"noopener\">\n\t\t\t\t\t\t<span class=\"elementor-button-content-wrapper\">\n\t\t\t\t\t\t\t\t\t<span class=\"elementor-button-text\">Hablar con un especialista<\/span>\n\t\t\t\t\t<\/span>\n\t\t\t\t\t<\/a>\n\t\t\t\t<\/div>\n\t\t\t\t\t\t\t\t<\/div>\n\t\t\t\t<\/div>\n\t\t\t\t<div class=\"elementor-element elementor-element-803021c elementor-tablet-align-justify elementor-mobile-align-justify elementor-widget elementor-widget-button\" data-id=\"803021c\" data-element_type=\"widget\" data-e-type=\"widget\" data-widget_type=\"button.default\">\n\t\t\t\t<div class=\"elementor-widget-container\">\n\t\t\t\t\t\t\t\t\t<div class=\"elementor-button-wrapper\">\n\t\t\t\t\t<a class=\"elementor-button elementor-button-link elementor-size-sm\" href=\"https:\/\/roboflex.com.br\/produtos\/\">\n\t\t\t\t\t\t<span class=\"elementor-button-content-wrapper\">\n\t\t\t\t\t\t\t\t\t<span class=\"elementor-button-text\">Ver Cat\u00e1logo<\/span>\n\t\t\t\t\t<\/span>\n\t\t\t\t\t<\/a>\n\t\t\t\t<\/div>\n\t\t\t\t\t\t\t\t<\/div>\n\t\t\t\t<\/div>\n\t\t\t\t<\/div>\n\t\t\t\t<\/div>\n\t\t<div class=\"elementor-element elementor-element-8043a75 e-con-full e-flex e-con e-child\" data-id=\"8043a75\" data-element_type=\"container\" data-e-type=\"container\">\n\t\t\t\t<div class=\"elementor-element elementor-element-4369c6d elementor--h-position-center elementor--v-position-middle elementor-arrows-position-inside elementor-pagination-position-inside elementor-widget elementor-widget-slides\" data-id=\"4369c6d\" data-element_type=\"widget\" data-e-type=\"widget\" data-settings=\"{&quot;navigation&quot;:&quot;both&quot;,&quot;infinite&quot;:&quot;yes&quot;,&quot;transition&quot;:&quot;slide&quot;,&quot;transition_speed&quot;:500}\" data-widget_type=\"slides.default\">\n\t\t\t\t<div class=\"elementor-widget-container\">\n\t\t\t\t\t\t\t\t\t<div class=\"elementor-swiper\">\n\t\t\t\t\t<div class=\"elementor-slides-wrapper elementor-main-swiper swiper\" role=\"region\" aria-roledescription=\"carousel\" aria-label=\"Slides\" dir=\"ltr\" data-animation=\"fadeInUp\">\n\t\t\t\t<div class=\"swiper-wrapper elementor-slides\">\n\t\t\t\t\t\t\t\t\t\t<div class=\"elementor-repeater-item-f4fd789 swiper-slide\" role=\"group\" aria-roledescription=\"slide\"><div class=\"swiper-slide-bg\" role=\"img\" aria-label=\"pecuaria 3\"><\/div><div class=\"elementor-background-overlay\"><\/div><a class=\"swiper-slide-inner\" href=\"https:\/\/roboflex.com.br\/es\/linhas-de-case\/\"><div class=\"swiper-slide-contents\"><div class=\"elementor-slide-description\"><p>Conversi\u00f3n de la tablet en un dispositivo robusto para operaciones de recolecci\u00f3n y env\u00edo de datos, monitoreo y mapeo de informaci\u00f3n de su finca.<\/p>\n<\/div><div  class=\"elementor-button elementor-slide-button elementor-size-sm\">Conozca nuestras l\u00edneas de productos<\/div><\/div><\/a><\/div><div class=\"elementor-repeater-item-87b85e6 swiper-slide\" role=\"group\" aria-roledescription=\"slide\"><div class=\"swiper-slide-bg\" role=\"img\" aria-label=\"pecuaria 2\"><\/div><div class=\"elementor-background-overlay\"><\/div><a class=\"swiper-slide-inner\" href=\"https:\/\/roboflex.com.br\/es\/connected-charger\/\"><div class=\"swiper-slide-contents\"><div class=\"elementor-slide-description\"><p>Conectividad entre hardware y software del ecosistema de gesti\u00f3n de los procesos de su finca, desde los veh\u00edculos hasta la administraci\u00f3n.<\/p>\n<\/div><div  class=\"elementor-button elementor-slide-button elementor-size-sm\">Conozca las tecnolog\u00edas de conectividad<\/div><\/div><\/a><\/div><div class=\"elementor-repeater-item-95ef0ef swiper-slide\" role=\"group\" aria-roledescription=\"slide\"><div class=\"swiper-slide-bg\" role=\"img\" aria-label=\"pecuaria 1\"><\/div><div class=\"elementor-background-overlay\"><\/div><a class=\"swiper-slide-inner\" href=\"https:\/\/roboflex.com.br\/es\/produtos\/\"><div class=\"swiper-slide-contents\"><div class=\"elementor-slide-description\"><p>L\u00ednea de soportes adaptable a sus necesidades. La instalaci\u00f3n simple y eficiente permite que nuestra soluci\u00f3n sea aplicada f\u00e1cilmente en diferentes ambientes, equipos y maquinarias de su finca.<\/p>\n<\/div><div  class=\"elementor-button elementor-slide-button elementor-size-sm\">Conozca nuestros productos y aplicaciones<\/div><\/div><\/a><\/div>\t\t\t\t<\/div>\n\t\t\t\t\t\t\t\t\t\t\t\t\t\t\t<div class=\"elementor-swiper-button elementor-swiper-button-prev\" role=\"button\" tabindex=\"0\" aria-label=\"Previous slide\">\n\t\t\t\t\t\t\t<i aria-hidden=\"true\" class=\"eicon-chevron-left\"><\/i>\t\t\t\t\t\t<\/div>\n\t\t\t\t\t\t<div class=\"elementor-swiper-button elementor-swiper-button-next\" role=\"button\" tabindex=\"0\" aria-label=\"Next slide\">\n\t\t\t\t\t\t\t<i aria-hidden=\"true\" class=\"eicon-chevron-right\"><\/i>\t\t\t\t\t\t<\/div>\n\t\t\t\t\t\t\t\t\t\t\t\t\t\t\t\t<div class=\"swiper-pagination\"><\/div>\n\t\t\t\t\t\t\t\t\t\t\t\t<\/div>\n\t\t\t\t<\/div>\n\t\t\t\t\t\t\t\t<\/div>\n\t\t\t\t<\/div>\n\t\t\t\t<\/div>\n\t\t\t\t\t<\/div>\n\t\t\t\t<\/div>\n\t\t\t\t\t<\/div>\n\t\t\t\t<\/div>\n\t\t<div class=\"elementor-element elementor-element-d053fc3 e-flex e-con-boxed e-con e-parent\" data-id=\"d053fc3\" data-element_type=\"container\" data-e-type=\"container\">\n\t\t\t\t\t<div class=\"e-con-inner\">\n\t\t<div class=\"elementor-element elementor-element-1d27a78 e-flex e-con-boxed e-con e-child\" data-id=\"1d27a78\" data-element_type=\"container\" data-e-type=\"container\">\n\t\t\t\t\t<div class=\"e-con-inner\">\n\t\t<div class=\"elementor-element elementor-element-6787b2b e-con-full e-flex e-con e-child\" data-id=\"6787b2b\" data-element_type=\"container\" data-e-type=\"container\">\n\t\t\t\t<div class=\"elementor-element elementor-element-4ad4a8f elementor-position-left elementor-vertical-align-middle elementor-widget elementor-widget-image-box\" data-id=\"4ad4a8f\" data-element_type=\"widget\" data-e-type=\"widget\" data-widget_type=\"image-box.default\">\n\t\t\t\t<div class=\"elementor-widget-container\">\n\t\t\t\t\t<div class=\"elementor-image-box-wrapper\"><figure class=\"elementor-image-box-img\"><img decoding=\"async\" width=\"3\" height=\"72\" src=\"https:\/\/roboflex.com.br\/wp-content\/uploads\/2023\/06\/Detalhe.svg\" class=\"attachment-full size-full wp-image-219\" alt=\"\" \/><\/figure><div class=\"elementor-image-box-content\"><h2 class=\"elementor-image-box-title\">Conozca nuestras soluciones en campo<\/h2><\/div><\/div>\t\t\t\t<\/div>\n\t\t\t\t<\/div>\n\t\t\t\t<\/div>\n\t\t\t\t<div class=\"elementor-element elementor-element-4f3a045 elementor-widget elementor-widget-image-gallery\" data-id=\"4f3a045\" data-element_type=\"widget\" data-e-type=\"widget\" data-widget_type=\"image-gallery.default\">\n\t\t\t\t<div class=\"elementor-widget-container\">\n\t\t\t\t\t\t\t<div class=\"elementor-image-gallery\">\n\t\t\t<div id='gallery-1' class='gallery galleryid-25275 gallery-columns-4 gallery-size-large'><figure class='gallery-item'>\n\t\t\t<div class='gallery-icon landscape'>\n\t\t\t\t<a data-elementor-open-lightbox=\"yes\" data-elementor-lightbox-slideshow=\"4f3a045\" data-elementor-lightbox-title=\"case pecu\u00e1ria\" data-e-action-hash=\"#elementor-action%3Aaction%3Dlightbox%26settings%3DeyJpZCI6MTgzODIsInVybCI6Imh0dHBzOlwvXC9yb2JvZmxleC5jb20uYnJcL3dwLWNvbnRlbnRcL3VwbG9hZHNcLzIwMjRcLzA0XC9jYXNlLXBlY3VhcmlhLXNjYWxlZC53ZWJwIiwic2xpZGVzaG93IjoiNGYzYTA0NSJ9\" href=\"https:\/\/roboflex.com.br\/wp-content\/uploads\/2024\/04\/case-pecuaria-scaled.webp\"><img fetchpriority=\"high\" width=\"1024\" height=\"768\" src=\"https:\/\/roboflex.com.br\/wp-content\/uploads\/2024\/04\/case-pecuaria-1024x768.webp\" class=\"attachment-large size-large\" alt=\"\" aria-describedby=\"gallery-1-18382\" decoding=\"async\" srcset=\"https:\/\/roboflex.com.br\/wp-content\/uploads\/2024\/04\/case-pecuaria-1024x768.webp 1024w, https:\/\/roboflex.com.br\/wp-content\/uploads\/2024\/04\/case-pecuaria-300x225.webp 300w, https:\/\/roboflex.com.br\/wp-content\/uploads\/2024\/04\/case-pecuaria-768x576.webp 768w, https:\/\/roboflex.com.br\/wp-content\/uploads\/2024\/04\/case-pecuaria-1536x1152.webp 1536w, https:\/\/roboflex.com.br\/wp-content\/uploads\/2024\/04\/case-pecuaria-2048x1536.webp 2048w, https:\/\/roboflex.com.br\/wp-content\/uploads\/2024\/04\/case-pecuaria-500x375.webp 500w\" sizes=\"(max-width: 1024px) 100vw, 1024px\" \/><\/a>\n\t\t\t<\/div>\n\t\t\t\t<figcaption class='wp-caption-text gallery-caption' id='gallery-1-18382'>\n\t\t\t\tCase Roboflex para pecu\u00e1ria\n\t\t\t\t<\/figcaption><\/figure><figure class='gallery-item'>\n\t\t\t<div class='gallery-icon landscape'>\n\t\t\t\t<a data-elementor-open-lightbox=\"yes\" data-elementor-lightbox-slideshow=\"4f3a045\" data-elementor-lightbox-title=\"edi\u00e7\u00e3o - 2\" data-e-action-hash=\"#elementor-action%3Aaction%3Dlightbox%26settings%3DeyJpZCI6MTg0MDEsInVybCI6Imh0dHBzOlwvXC9yb2JvZmxleC5jb20uYnJcL3dwLWNvbnRlbnRcL3VwbG9hZHNcLzIwMjRcLzA0XC9jYXNlLXBhcmEtdGFibGV0LXBlY3VhcmlhLTQuanBnIiwic2xpZGVzaG93IjoiNGYzYTA0NSJ9\" href=\"https:\/\/roboflex.com.br\/wp-content\/uploads\/2024\/04\/case-para-tablet-pecuaria-4.jpg\"><img width=\"1024\" height=\"755\" src=\"https:\/\/roboflex.com.br\/wp-content\/uploads\/2024\/04\/case-para-tablet-pecuaria-4-1024x755.jpg\" class=\"attachment-large size-large\" alt=\"\" aria-describedby=\"gallery-1-18401\" decoding=\"async\" srcset=\"https:\/\/roboflex.com.br\/wp-content\/uploads\/2024\/04\/case-para-tablet-pecuaria-4-1024x755.jpg 1024w, https:\/\/roboflex.com.br\/wp-content\/uploads\/2024\/04\/case-para-tablet-pecuaria-4-300x221.jpg 300w, https:\/\/roboflex.com.br\/wp-content\/uploads\/2024\/04\/case-para-tablet-pecuaria-4-768x566.jpg 768w, https:\/\/roboflex.com.br\/wp-content\/uploads\/2024\/04\/case-para-tablet-pecuaria-4-500x369.jpg 500w, https:\/\/roboflex.com.br\/wp-content\/uploads\/2024\/04\/case-para-tablet-pecuaria-4.jpg 1465w\" sizes=\"(max-width: 1024px) 100vw, 1024px\" \/><\/a>\n\t\t\t<\/div>\n\t\t\t\t<figcaption class='wp-caption-text gallery-caption' id='gallery-1-18401'>\n\t\t\t\tedi\u00e7\u00e3o &#8211; 2\n\t\t\t\t<\/figcaption><\/figure><figure class='gallery-item'>\n\t\t\t<div class='gallery-icon landscape'>\n\t\t\t\t<a data-elementor-open-lightbox=\"yes\" data-elementor-lightbox-slideshow=\"4f3a045\" data-elementor-lightbox-title=\"case-para-tablet-pecuaria-2\" data-e-action-hash=\"#elementor-action%3Aaction%3Dlightbox%26settings%3DeyJpZCI6MTgzODksInVybCI6Imh0dHBzOlwvXC9yb2JvZmxleC5jb20uYnJcL3dwLWNvbnRlbnRcL3VwbG9hZHNcLzIwMjRcLzA0XC9jYXNlLXBhcmEtdGFibGV0LXBlY3VhcmlhLTIud2VicCIsInNsaWRlc2hvdyI6IjRmM2EwNDUifQ%3D%3D\" href=\"https:\/\/roboflex.com.br\/wp-content\/uploads\/2024\/04\/case-para-tablet-pecuaria-2.webp\"><img loading=\"lazy\" width=\"1024\" height=\"770\" src=\"https:\/\/roboflex.com.br\/wp-content\/uploads\/2024\/04\/case-para-tablet-pecuaria-2-1024x770.webp\" class=\"attachment-large size-large\" alt=\"\" aria-describedby=\"gallery-1-18389\" decoding=\"async\" srcset=\"https:\/\/roboflex.com.br\/wp-content\/uploads\/2024\/04\/case-para-tablet-pecuaria-2-1024x770.webp 1024w, https:\/\/roboflex.com.br\/wp-content\/uploads\/2024\/04\/case-para-tablet-pecuaria-2-300x225.webp 300w, https:\/\/roboflex.com.br\/wp-content\/uploads\/2024\/04\/case-para-tablet-pecuaria-2-768x577.webp 768w, https:\/\/roboflex.com.br\/wp-content\/uploads\/2024\/04\/case-para-tablet-pecuaria-2-500x376.webp 500w, https:\/\/roboflex.com.br\/wp-content\/uploads\/2024\/04\/case-para-tablet-pecuaria-2.webp 1437w\" sizes=\"(max-width: 1024px) 100vw, 1024px\" \/><\/a>\n\t\t\t<\/div>\n\t\t\t\t<figcaption class='wp-caption-text gallery-caption' id='gallery-1-18389'>\n\t\t\t\tCase Roboflex para pecu\u00e1ria\n\t\t\t\t<\/figcaption><\/figure><figure class='gallery-item'>\n\t\t\t<div class='gallery-icon landscape'>\n\t\t\t\t<a data-elementor-open-lightbox=\"yes\" data-elementor-lightbox-slideshow=\"4f3a045\" data-elementor-lightbox-title=\"case-trator-pecuaria-agro\" data-e-action-hash=\"#elementor-action%3Aaction%3Dlightbox%26settings%3DeyJpZCI6MTgyNjUsInVybCI6Imh0dHBzOlwvXC9yb2JvZmxleC5jb20uYnJcL3dwLWNvbnRlbnRcL3VwbG9hZHNcLzIwMjRcLzA0XC9jYXNlLXRyYXRvci1wZWN1YXJpYS1hZ3JvLndlYnAiLCJzbGlkZXNob3ciOiI0ZjNhMDQ1In0%3D\" href=\"https:\/\/roboflex.com.br\/wp-content\/uploads\/2024\/04\/case-trator-pecuaria-agro.webp\"><img loading=\"lazy\" width=\"1024\" height=\"768\" src=\"https:\/\/roboflex.com.br\/wp-content\/uploads\/2024\/04\/case-trator-pecuaria-agro-1024x768.webp\" class=\"attachment-large size-large\" alt=\"\" aria-describedby=\"gallery-1-18265\" decoding=\"async\" srcset=\"https:\/\/roboflex.com.br\/wp-content\/uploads\/2024\/04\/case-trator-pecuaria-agro-1024x768.webp 1024w, https:\/\/roboflex.com.br\/wp-content\/uploads\/2024\/04\/case-trator-pecuaria-agro-300x225.webp 300w, https:\/\/roboflex.com.br\/wp-content\/uploads\/2024\/04\/case-trator-pecuaria-agro-768x576.webp 768w, https:\/\/roboflex.com.br\/wp-content\/uploads\/2024\/04\/case-trator-pecuaria-agro-500x375.webp 500w, https:\/\/roboflex.com.br\/wp-content\/uploads\/2024\/04\/case-trator-pecuaria-agro.webp 1440w\" sizes=\"(max-width: 1024px) 100vw, 1024px\" \/><\/a>\n\t\t\t<\/div>\n\t\t\t\t<figcaption class='wp-caption-text gallery-caption' id='gallery-1-18265'>\n\t\t\t\tCase Roboflex para pecu\u00e1ria\n\t\t\t\t<\/figcaption><\/figure>\n\t\t<\/div>\n\t\t<\/div>\n\t\t\t\t\t\t<\/div>\n\t\t\t\t<\/div>\n\t\t\t\t\t<\/div>\n\t\t\t\t<\/div>\n\t\t<div class=\"elementor-element elementor-element-6344388 e-flex e-con-boxed e-con e-child\" data-id=\"6344388\" data-element_type=\"container\" data-e-type=\"container\">\n\t\t\t\t\t<div class=\"e-con-inner\">\n\t\t\t\t<div class=\"elementor-element elementor-element-65fc3d9 elementor-widget__width-inherit elementor-widget elementor-widget-video\" data-id=\"65fc3d9\" data-element_type=\"widget\" data-e-type=\"widget\" data-settings=\"{&quot;youtube_url&quot;:&quot;https:\\\/\\\/www.youtube.com\\\/watch?v=c0XtZSR6B1Q&amp;ab_channel=RoboflexSolu%C3%A7%C3%B5esTecnol%C3%B3gicas&quot;,&quot;mute&quot;:&quot;yes&quot;,&quot;video_type&quot;:&quot;youtube&quot;,&quot;controls&quot;:&quot;yes&quot;}\" data-widget_type=\"video.default\">\n\t\t\t\t<div class=\"elementor-widget-container\">\n\t\t\t\t\t\t\t<div class=\"elementor-wrapper elementor-open-inline\">\n\t\t\t<div class=\"elementor-video\"><\/div>\t\t<\/div>\n\t\t\t\t\t\t<\/div>\n\t\t\t\t<\/div>\n\t\t\t\t\t<\/div>\n\t\t\t\t<\/div>\n\t\t\t\t\t<\/div>\n\t\t\t\t<\/div>\n\t\t<div class=\"elementor-element elementor-element-f9756eb e-con-full elementor-hidden-desktop elementor-hidden-tablet elementor-hidden-mobile e-flex e-con e-parent\" data-id=\"f9756eb\" data-element_type=\"container\" data-e-type=\"container\">\n\t\t<div class=\"elementor-element elementor-element-a83d5a6 e-con-full e-flex e-con e-child\" data-id=\"a83d5a6\" data-element_type=\"container\" data-e-type=\"container\">\n\t\t\t\t<div class=\"elementor-element elementor-element-591fb5e elementor-position-left elementor-vertical-align-middle elementor-widget elementor-widget-image-box\" data-id=\"591fb5e\" data-element_type=\"widget\" data-e-type=\"widget\" data-widget_type=\"image-box.default\">\n\t\t\t\t<div class=\"elementor-widget-container\">\n\t\t\t\t\t<div class=\"elementor-image-box-wrapper\"><figure class=\"elementor-image-box-img\"><img decoding=\"async\" width=\"3\" height=\"72\" src=\"https:\/\/roboflex.com.br\/wp-content\/uploads\/2023\/06\/Detalhe.svg\" class=\"attachment-full size-full wp-image-219\" alt=\"\" \/><\/figure><div class=\"elementor-image-box-content\"><h2 class=\"elementor-image-box-title\">Produtos relacionados<\/h2><\/div><\/div>\t\t\t\t<\/div>\n\t\t\t\t<\/div>\n\t\t\t\t<\/div>\n\t\t<div class=\"elementor-element elementor-element-39466eb e-flex e-con-boxed e-con e-child\" data-id=\"39466eb\" data-element_type=\"container\" data-e-type=\"container\">\n\t\t\t\t\t<div class=\"e-con-inner\">\n\t\t\t\t<div class=\"elementor-element elementor-element-7e63548 elementor-position-left elementor-vertical-align-middle elementor-widget elementor-widget-image-box\" data-id=\"7e63548\" data-element_type=\"widget\" data-e-type=\"widget\" data-widget_type=\"image-box.default\">\n\t\t\t\t<div class=\"elementor-widget-container\">\n\t\t\t\t\t<div class=\"elementor-image-box-wrapper\"><figure class=\"elementor-image-box-img\"><img decoding=\"async\" width=\"3\" height=\"72\" src=\"https:\/\/roboflex.com.br\/wp-content\/uploads\/2023\/06\/Detalhe.svg\" class=\"attachment-full size-full wp-image-219\" alt=\"\" \/><\/figure><div class=\"elementor-image-box-content\"><h2 class=\"elementor-image-box-title\">Produtos relacionados<\/h2><\/div><\/div>\t\t\t\t<\/div>\n\t\t\t\t<\/div>\n\t\t\t\t\t<\/div>\n\t\t\t\t<\/div>\n\t\t\t\t<\/div>\n\t\t\t\t<\/div>\n\t\t","protected":false},"excerpt":{"rendered":"<p>Tecnolog\u00eda para Ganader\u00eda En el manejo moderno, la informaci\u00f3n en el momento adecuado marca toda la diferencia. Las soluciones Roboflex llevan su software de gesti\u00f3n directamente al campo, protegiendo la tablet y fij\u00e1ndola donde usted lo necesite \u2014 en el veh\u00edculo, en el corral o en la oficina. Resultado: m\u00e1s productividad, menores costos y decisiones [&hellip;]<\/p>\n","protected":false},"author":1,"featured_media":18208,"parent":0,"menu_order":0,"comment_status":"closed","ping_status":"closed","template":"","meta":{"_acf_changed":false,"site-sidebar-layout":"no-sidebar","site-content-layout":"page-builder","ast-site-content-layout":"full-width-container","site-content-style":"unboxed","site-sidebar-style":"unboxed","ast-global-header-display":"","ast-banner-title-visibility":"","ast-main-header-display":"","ast-hfb-above-header-display":"","ast-hfb-below-header-display":"","ast-hfb-mobile-header-display":"","site-post-title":"disabled","ast-breadcrumbs-content":"","ast-featured-img":"disabled","footer-sml-layout":"","theme-transparent-header-meta":"default","adv-header-id-meta":"","stick-header-meta":"","header-above-stick-meta":"","header-main-stick-meta":"","header-below-stick-meta":"","astra-migrate-meta-layouts":"set","ast-page-background-enabled":"default","ast-page-background-meta":{"desktop":{"background-color":"var(--ast-global-color-4)","background-image":"","background-repeat":"repeat","background-position":"center center","background-size":"auto","background-attachment":"scroll","background-type":"","background-media":"","overlay-type":"","overlay-color":"","overlay-opacity":"","overlay-gradient":""},"tablet":{"background-color":"","background-image":"","background-repeat":"repeat","background-position":"center center","background-size":"auto","background-attachment":"scroll","background-type":"","background-media":"","overlay-type":"","overlay-color":"","overlay-opacity":"","overlay-gradient":""},"mobile":{"background-color":"","background-image":"","background-repeat":"repeat","background-position":"center center","background-size":"auto","background-attachment":"scroll","background-type":"","background-media":"","overlay-type":"","overlay-color":"","overlay-opacity":"","overlay-gradient":""}},"ast-content-background-meta":{"desktop":{"background-color":"var(--ast-global-color-5)","background-image":"","background-repeat":"repeat","background-position":"center center","background-size":"auto","background-attachment":"scroll","background-type":"","background-media":"","overlay-type":"","overlay-color":"","overlay-opacity":"","overlay-gradient":""},"tablet":{"background-color":"var(--ast-global-color-5)","background-image":"","background-repeat":"repeat","background-position":"center center","background-size":"auto","background-attachment":"scroll","background-type":"","background-media":"","overlay-type":"","overlay-color":"","overlay-opacity":"","overlay-gradient":""},"mobile":{"background-color":"var(--ast-global-color-5)","background-image":"","background-repeat":"repeat","background-position":"center center","background-size":"auto","background-attachment":"scroll","background-type":"","background-media":"","overlay-type":"","overlay-color":"","overlay-opacity":"","overlay-gradient":""}},"footnotes":""},"class_list":["post-25275","page","type-page","status-publish","has-post-thumbnail","hentry"],"acf":[],"_links":{"self":[{"href":"https:\/\/roboflex.com.br\/es\/wp-json\/wp\/v2\/pages\/25275","targetHints":{"allow":["GET"]}}],"collection":[{"href":"https:\/\/roboflex.com.br\/es\/wp-json\/wp\/v2\/pages"}],"about":[{"href":"https:\/\/roboflex.com.br\/es\/wp-json\/wp\/v2\/types\/page"}],"author":[{"embeddable":true,"href":"https:\/\/roboflex.com.br\/es\/wp-json\/wp\/v2\/users\/1"}],"replies":[{"embeddable":true,"href":"https:\/\/roboflex.com.br\/es\/wp-json\/wp\/v2\/comments?post=25275"}],"version-history":[{"count":4,"href":"https:\/\/roboflex.com.br\/es\/wp-json\/wp\/v2\/pages\/25275\/revisions"}],"predecessor-version":[{"id":36548,"href":"https:\/\/roboflex.com.br\/es\/wp-json\/wp\/v2\/pages\/25275\/revisions\/36548"}],"wp:featuredmedia":[{"embeddable":true,"href":"https:\/\/roboflex.com.br\/es\/wp-json\/wp\/v2\/media\/18208"}],"wp:attachment":[{"href":"https:\/\/roboflex.com.br\/es\/wp-json\/wp\/v2\/media?parent=25275"}],"curies":[{"name":"wp","href":"https:\/\/api.w.org\/{rel}","templated":true}]}}