{"id":24759,"date":"2024-07-11T09:05:16","date_gmt":"2024-07-11T12:05:16","guid":{"rendered":"https:\/\/lightyellow-zebra-660216.hostingersite.com\/?page_id=24759"},"modified":"2025-10-07T13:14:39","modified_gmt":"2025-10-07T16:14:39","slug":"canal-etica-relato","status":"publish","type":"page","link":"https:\/\/roboflex.com.br\/es\/canal-etica-relato\/","title":{"rendered":"Canal de \u00c9tica"},"content":{"rendered":"\t\t<div data-elementor-type=\"wp-page\" data-elementor-id=\"24759\" class=\"elementor elementor-24759\" data-elementor-post-type=\"page\">\n\t\t\t\t<div class=\"elementor-element elementor-element-7206a6d e-flex e-con-boxed e-con e-parent\" data-id=\"7206a6d\" data-element_type=\"container\" data-e-type=\"container\">\n\t\t\t\t\t<div class=\"e-con-inner\">\n\t\t<div class=\"elementor-element elementor-element-3f7b046 e-con-full e-flex e-con e-child\" data-id=\"3f7b046\" data-element_type=\"container\" data-e-type=\"container\">\n\t\t<div class=\"elementor-element elementor-element-c7b2b11 e-con-full e-flex e-con e-child\" data-id=\"c7b2b11\" data-element_type=\"container\" data-e-type=\"container\">\n\t\t<div class=\"elementor-element elementor-element-1951d71 e-con-full e-flex e-con e-child\" data-id=\"1951d71\" data-element_type=\"container\" data-e-type=\"container\">\n\t\t\t\t<div class=\"elementor-element elementor-element-f574cc5 elementor-position-left elementor-vertical-align-middle elementor-widget elementor-widget-image-box\" data-id=\"f574cc5\" data-element_type=\"widget\" data-e-type=\"widget\" data-widget_type=\"image-box.default\">\n\t\t\t\t<div class=\"elementor-widget-container\">\n\t\t\t\t\t<div class=\"elementor-image-box-wrapper\"><figure class=\"elementor-image-box-img\"><img decoding=\"async\" width=\"3\" height=\"72\" src=\"https:\/\/roboflex.com.br\/wp-content\/uploads\/2023\/06\/Detalhe.svg\" class=\"attachment-full size-full wp-image-219\" alt=\"\" \/><\/figure><div class=\"elementor-image-box-content\"><h2 class=\"elementor-image-box-title\">O Canal de \u00c9tica da Roboflex \u00e9 uma ferramenta segura e sigilosa<\/h2><\/div><\/div>\t\t\t\t<\/div>\n\t\t\t\t<\/div>\n\t\t\t\t<div class=\"elementor-element elementor-element-405136f elementor-widget elementor-widget-spacer\" data-id=\"405136f\" data-element_type=\"widget\" data-e-type=\"widget\" data-widget_type=\"spacer.default\">\n\t\t\t\t<div class=\"elementor-widget-container\">\n\t\t\t\t\t\t\t<div class=\"elementor-spacer\">\n\t\t\t<div class=\"elementor-spacer-inner\"><\/div>\n\t\t<\/div>\n\t\t\t\t\t\t<\/div>\n\t\t\t\t<\/div>\n\t\t\t\t<div class=\"elementor-element elementor-element-0e5099f elementor-widget__width-initial elementor-widget elementor-widget-text-editor\" data-id=\"0e5099f\" data-element_type=\"widget\" data-e-type=\"widget\" data-widget_type=\"text-editor.default\">\n\t\t\t\t<div class=\"elementor-widget-container\">\n\t\t\t\t\t\t\t\t\t<p style=\"text-align: left;\"><span class=\"OYPEnA text-decoration-none text-strikethrough-none\">As informa\u00e7\u00f5es recebidas ser\u00e3o tratadas pelo Gestor de RH. Para que seu relato seja conclu\u00eddo com sucesso, \u00e9 importante colocar o m\u00e1ximo de informa\u00e7\u00f5es poss\u00edveis, assim, ser\u00e1 poss\u00edvel validar os dados do seu relato e tomar as medidas necess\u00e1rias.<\/span><\/p>\t\t\t\t\t\t\t\t<\/div>\n\t\t\t\t<\/div>\n\t\t\t\t<div class=\"elementor-element elementor-element-531bf46 elementor-widget elementor-widget-text-editor\" data-id=\"531bf46\" data-element_type=\"widget\" data-e-type=\"widget\" data-widget_type=\"text-editor.default\">\n\t\t\t\t<div class=\"elementor-widget-container\">\n\t\t\t\t\t\t\t\t\t<p><span class=\"OYPEnA text-decoration-none text-strikethrough-none\">Para que seu relato obtenha uma resposta conclusiva, observe os pontos abaixo:<\/span><\/p>\t\t\t\t\t\t\t\t<\/div>\n\t\t\t\t<\/div>\n\t\t<div class=\"elementor-element elementor-element-c66b2e1 e-con-full e-flex e-con e-child\" data-id=\"c66b2e1\" data-element_type=\"container\" data-e-type=\"container\">\n\t\t<div class=\"elementor-element elementor-element-5039526 e-con-full e-flex e-con e-child\" data-id=\"5039526\" data-element_type=\"container\" data-e-type=\"container\">\n\t\t\t\t<div class=\"elementor-element elementor-element-e3e4dcf elementor-widget elementor-widget-image\" data-id=\"e3e4dcf\" data-element_type=\"widget\" data-e-type=\"widget\" data-widget_type=\"image.default\">\n\t\t\t\t<div class=\"elementor-widget-container\">\n\t\t\t\t\t\t\t\t\t\t\t\t\t\t\t<img decoding=\"async\" width=\"150\" height=\"150\" src=\"https:\/\/roboflex.com.br\/wp-content\/uploads\/2024\/06\/White_check.svg-150x150.png\" class=\"attachment-thumbnail size-thumbnail wp-image-23571\" alt=\"\" srcset=\"https:\/\/roboflex.com.br\/wp-content\/uploads\/2024\/06\/White_check.svg-150x150.png 150w, https:\/\/roboflex.com.br\/wp-content\/uploads\/2024\/06\/White_check.svg-300x300.png 300w, https:\/\/roboflex.com.br\/wp-content\/uploads\/2024\/06\/White_check.svg-500x500.png 500w, https:\/\/roboflex.com.br\/wp-content\/uploads\/2024\/06\/White_check.svg-100x100.png 100w, https:\/\/roboflex.com.br\/wp-content\/uploads\/2024\/06\/White_check.svg.png 600w\" sizes=\"(max-width: 150px) 100vw, 150px\" \/>\t\t\t\t\t\t\t\t\t\t\t\t\t\t\t<\/div>\n\t\t\t\t<\/div>\n\t\t\t\t<\/div>\n\t\t<div class=\"elementor-element elementor-element-ed61c95 e-con-full e-flex e-con e-child\" data-id=\"ed61c95\" data-element_type=\"container\" data-e-type=\"container\">\n\t\t\t\t<div class=\"elementor-element elementor-element-07e4e91 elementor-widget elementor-widget-text-editor\" data-id=\"07e4e91\" data-element_type=\"widget\" data-e-type=\"widget\" data-widget_type=\"text-editor.default\">\n\t\t\t\t<div class=\"elementor-widget-container\">\n\t\t\t\t\t\t\t\t\t<p><span class=\"OYPEnA text-decoration-none text-strikethrough-none\">Expor os fatos conforme a verdade;<\/span><\/p>\t\t\t\t\t\t\t\t<\/div>\n\t\t\t\t<\/div>\n\t\t\t\t<\/div>\n\t\t\t\t<\/div>\n\t\t<div class=\"elementor-element elementor-element-5b22b23 e-con-full e-flex e-con e-child\" data-id=\"5b22b23\" data-element_type=\"container\" data-e-type=\"container\">\n\t\t<div class=\"elementor-element elementor-element-d0482e6 e-con-full e-flex e-con e-child\" data-id=\"d0482e6\" data-element_type=\"container\" data-e-type=\"container\">\n\t\t\t\t<div class=\"elementor-element elementor-element-fd46eae elementor-widget elementor-widget-image\" data-id=\"fd46eae\" data-element_type=\"widget\" data-e-type=\"widget\" data-widget_type=\"image.default\">\n\t\t\t\t<div class=\"elementor-widget-container\">\n\t\t\t\t\t\t\t\t\t\t\t\t\t\t\t<img fetchpriority=\"high\" decoding=\"async\" width=\"600\" height=\"600\" src=\"https:\/\/roboflex.com.br\/wp-content\/uploads\/2024\/06\/White_check.svg.png\" class=\"attachment-large size-large wp-image-23571\" alt=\"\" srcset=\"https:\/\/roboflex.com.br\/wp-content\/uploads\/2024\/06\/White_check.svg.png 600w, https:\/\/roboflex.com.br\/wp-content\/uploads\/2024\/06\/White_check.svg-300x300.png 300w, https:\/\/roboflex.com.br\/wp-content\/uploads\/2024\/06\/White_check.svg-150x150.png 150w, https:\/\/roboflex.com.br\/wp-content\/uploads\/2024\/06\/White_check.svg-500x500.png 500w, https:\/\/roboflex.com.br\/wp-content\/uploads\/2024\/06\/White_check.svg-100x100.png 100w\" sizes=\"(max-width: 600px) 100vw, 600px\" \/>\t\t\t\t\t\t\t\t\t\t\t\t\t\t\t<\/div>\n\t\t\t\t<\/div>\n\t\t\t\t<\/div>\n\t\t<div class=\"elementor-element elementor-element-5435bef e-con-full e-flex e-con e-child\" data-id=\"5435bef\" data-element_type=\"container\" data-e-type=\"container\">\n\t\t\t\t<div class=\"elementor-element elementor-element-b5a5443 elementor-widget elementor-widget-text-editor\" data-id=\"b5a5443\" data-element_type=\"widget\" data-e-type=\"widget\" data-widget_type=\"text-editor.default\">\n\t\t\t\t<div class=\"elementor-widget-container\">\n\t\t\t\t\t\t\t\t\t<p><span class=\"OYPEnA text-decoration-none text-strikethrough-none\">Proceder com lealdade, gentileza e boa-f\u00e9;<\/span><\/p>\t\t\t\t\t\t\t\t<\/div>\n\t\t\t\t<\/div>\n\t\t\t\t<\/div>\n\t\t\t\t<\/div>\n\t\t<div class=\"elementor-element elementor-element-6b6e40a e-con-full e-flex e-con e-child\" data-id=\"6b6e40a\" data-element_type=\"container\" data-e-type=\"container\">\n\t\t<div class=\"elementor-element elementor-element-bf72302 e-con-full e-flex e-con e-child\" data-id=\"bf72302\" data-element_type=\"container\" data-e-type=\"container\">\n\t\t\t\t<div class=\"elementor-element elementor-element-5523e90 elementor-widget elementor-widget-image\" data-id=\"5523e90\" data-element_type=\"widget\" data-e-type=\"widget\" data-widget_type=\"image.default\">\n\t\t\t\t<div class=\"elementor-widget-container\">\n\t\t\t\t\t\t\t\t\t\t\t\t\t\t\t<img fetchpriority=\"high\" decoding=\"async\" width=\"600\" height=\"600\" src=\"https:\/\/roboflex.com.br\/wp-content\/uploads\/2024\/06\/White_check.svg.png\" class=\"attachment-large size-large wp-image-23571\" alt=\"\" srcset=\"https:\/\/roboflex.com.br\/wp-content\/uploads\/2024\/06\/White_check.svg.png 600w, https:\/\/roboflex.com.br\/wp-content\/uploads\/2024\/06\/White_check.svg-300x300.png 300w, https:\/\/roboflex.com.br\/wp-content\/uploads\/2024\/06\/White_check.svg-150x150.png 150w, https:\/\/roboflex.com.br\/wp-content\/uploads\/2024\/06\/White_check.svg-500x500.png 500w, https:\/\/roboflex.com.br\/wp-content\/uploads\/2024\/06\/White_check.svg-100x100.png 100w\" sizes=\"(max-width: 600px) 100vw, 600px\" \/>\t\t\t\t\t\t\t\t\t\t\t\t\t\t\t<\/div>\n\t\t\t\t<\/div>\n\t\t\t\t<\/div>\n\t\t<div class=\"elementor-element elementor-element-9f6caee e-con-full e-flex e-con e-child\" data-id=\"9f6caee\" data-element_type=\"container\" data-e-type=\"container\">\n\t\t\t\t<div class=\"elementor-element elementor-element-f5e0bc7 elementor-widget elementor-widget-text-editor\" data-id=\"f5e0bc7\" data-element_type=\"widget\" data-e-type=\"widget\" data-widget_type=\"text-editor.default\">\n\t\t\t\t<div class=\"elementor-widget-container\">\n\t\t\t\t\t\t\t\t\t<p><span class=\"OYPEnA text-decoration-none text-strikethrough-none\">N\u00e3o agir de modo impulsivo;<\/span><\/p>\t\t\t\t\t\t\t\t<\/div>\n\t\t\t\t<\/div>\n\t\t\t\t<\/div>\n\t\t\t\t<\/div>\n\t\t<div class=\"elementor-element elementor-element-dc15270 e-con-full e-flex e-con e-child\" data-id=\"dc15270\" data-element_type=\"container\" data-e-type=\"container\">\n\t\t<div class=\"elementor-element elementor-element-120e9fb e-con-full e-flex e-con e-child\" data-id=\"120e9fb\" data-element_type=\"container\" data-e-type=\"container\">\n\t\t\t\t<div class=\"elementor-element elementor-element-14a06db elementor-widget elementor-widget-image\" data-id=\"14a06db\" data-element_type=\"widget\" data-e-type=\"widget\" data-widget_type=\"image.default\">\n\t\t\t\t<div class=\"elementor-widget-container\">\n\t\t\t\t\t\t\t\t\t\t\t\t\t\t\t<img fetchpriority=\"high\" decoding=\"async\" width=\"600\" height=\"600\" src=\"https:\/\/roboflex.com.br\/wp-content\/uploads\/2024\/06\/White_check.svg.png\" class=\"attachment-large size-large wp-image-23571\" alt=\"\" srcset=\"https:\/\/roboflex.com.br\/wp-content\/uploads\/2024\/06\/White_check.svg.png 600w, https:\/\/roboflex.com.br\/wp-content\/uploads\/2024\/06\/White_check.svg-300x300.png 300w, https:\/\/roboflex.com.br\/wp-content\/uploads\/2024\/06\/White_check.svg-150x150.png 150w, https:\/\/roboflex.com.br\/wp-content\/uploads\/2024\/06\/White_check.svg-500x500.png 500w, https:\/\/roboflex.com.br\/wp-content\/uploads\/2024\/06\/White_check.svg-100x100.png 100w\" sizes=\"(max-width: 600px) 100vw, 600px\" \/>\t\t\t\t\t\t\t\t\t\t\t\t\t\t\t<\/div>\n\t\t\t\t<\/div>\n\t\t\t\t<\/div>\n\t\t<div class=\"elementor-element elementor-element-c2508d8 e-con-full e-flex e-con e-child\" data-id=\"c2508d8\" data-element_type=\"container\" data-e-type=\"container\">\n\t\t\t\t<div class=\"elementor-element elementor-element-5548490 elementor-widget elementor-widget-text-editor\" data-id=\"5548490\" data-element_type=\"widget\" data-e-type=\"widget\" data-widget_type=\"text-editor.default\">\n\t\t\t\t<div class=\"elementor-widget-container\">\n\t\t\t\t\t\t\t\t\t<p><span class=\"OYPEnA text-decoration-none text-strikethrough-none\">Apresentar as informa\u00e7\u00f5es que lhe foram solicitadas para o esclarecimento dos fatos.<\/span><\/p>\t\t\t\t\t\t\t\t<\/div>\n\t\t\t\t<\/div>\n\t\t\t\t<\/div>\n\t\t\t\t<\/div>\n\t\t\t\t<\/div>\n\t\t\t\t<\/div>\n\t\t\t\t<\/div>\n\t\t\t\t\t<\/div>\n\t\t\t\t<\/div>\n\t\t<div class=\"elementor-element elementor-element-d6a139c e-flex e-con-boxed e-con e-parent\" data-id=\"d6a139c\" data-element_type=\"container\" data-e-type=\"container\">\n\t\t\t\t\t<div class=\"e-con-inner\">\n\t\t<div class=\"elementor-element elementor-element-699d41b e-con-full e-flex e-con e-child\" data-id=\"699d41b\" data-element_type=\"container\" data-e-type=\"container\">\n\t\t\t\t<div class=\"elementor-element elementor-element-e387974 elementor-button-align-center form-newsletter elementor-widget elementor-widget-form\" data-id=\"e387974\" data-element_type=\"widget\" data-e-type=\"widget\" data-settings=\"{&quot;step_next_label&quot;:&quot;Pr\\u00f3ximo&quot;,&quot;step_previous_label&quot;:&quot;Anterior&quot;,&quot;button_width&quot;:&quot;100&quot;,&quot;dce_confirm_dialog_enabled&quot;:&quot;no&quot;,&quot;step_type&quot;:&quot;number_text&quot;,&quot;step_icon_shape&quot;:&quot;circle&quot;,&quot;label_icon_size&quot;:{&quot;unit&quot;:&quot;px&quot;,&quot;size&quot;:&quot;&quot;,&quot;sizes&quot;:[]},&quot;field_icon_size&quot;:{&quot;unit&quot;:&quot;px&quot;,&quot;size&quot;:&quot;&quot;,&quot;sizes&quot;:[]}}\" data-widget_type=\"form.default\">\n\t\t\t\t<div class=\"elementor-widget-container\">\n\t\t\t\t\t<div class=\"dce-conditions-js-error-notice elementor-message elementor-message-danger\" style=\"display: none;\">A problem was detected in the following Form. Submitting it could result in errors. Please contact the site administrator.<\/div>\t\t\t<script>\n\t\t\tsetTimeout(function() {\n\t\t\t\tlet el = document.querySelector(\".dce-conditions-js-error-notice\");\n\t\t\t\tif (el)\n\t\t\t\t\tel.style.display = \"block\";\n\t\t\t}, 6000);\n\t\t\t<\/script>\t\t<form class=\"elementor-form\" method=\"post\" id=\"canaldeetica\" name=\"canal_etica\" aria-label=\"canal_etica\">\n\t\t\t<input type=\"hidden\" name=\"post_id\" value=\"24759\"\/>\n\t\t\t<input type=\"hidden\" name=\"form_id\" value=\"e387974\"\/>\n\t\t\t<input type=\"hidden\" name=\"referer_title\" value=\"Canal de \u00c9tica - Roboflex\" \/>\n\n\t\t\t\t\t\t\t<input type=\"hidden\" name=\"queried_id\" value=\"24759\"\/>\n\t\t\t\n\t\t\t<div data-field-conditions=\"[{&quot;id&quot;:&quot;setor&quot;,&quot;condition&quot;:&quot;(identificacao == &#039;Sim&#039;)&quot;,&quot;mode&quot;:&quot;show&quot;,&quot;disableOnly&quot;:false}]\" data-field-ids=\"[&quot;concorda_termos&quot;,&quot;identificacao&quot;,&quot;setor&quot;,&quot;relacao&quot;,&quot;field_c508a4e&quot;,&quot;field_8e239d0&quot;,&quot;message&quot;,&quot;field_b19cbd9&quot;]\" class=\"elementor-form-fields-wrapper elementor-labels-above\">\n\t\t\t\t\t\t\t\t<div class=\"elementor-field-type-acceptance elementor-field-group elementor-column elementor-field-group-concorda_termos elementor-col-100 elementor-field-required\">\n\t\t\t\t\t\t\t<div class=\"elementor-field-subgroup\">\n\t\t\t<span class=\"elementor-field-option\">\n\t\t\t\t<input type=\"checkbox\" name=\"form_fields[concorda_termos]\" id=\"form-field-concorda_termos\" class=\"elementor-field elementor-size-sm  elementor-acceptance-field\" required=\"required\">\n\t\t\t\t<label for=\"form-field-concorda_termos\">Li e estou de acordo com os termos acima<\/label>\t\t\t<\/span>\n\t\t<\/div>\n\t\t\t\t\t\t<\/div>\n\t\t\t\t\t\t\t\t<div class=\"elementor-field-type-radio elementor-field-group elementor-column elementor-field-group-identificacao elementor-col-25 elementor-field-required\">\n\t\t\t\t\t\t\t\t\t\t\t\t<label for=\"form-field-identificacao\" class=\"elementor-field-label\">\n\t\t\t\t\t\t\t\tVoc\u00ea gostaria de se identificar?\t\t\t\t\t\t\t<\/label>\n\t\t\t\t\t\t<div class=\"elementor-field-subgroup  elementor-subgroup-inline\"><span class=\"elementor-field-option\"><input type=\"radio\" value=\"Sim\" id=\"form-field-identificacao-0\" name=\"form_fields[identificacao]\" required=\"required\"> <label for=\"form-field-identificacao-0\">Sim<\/label><\/span><span class=\"elementor-field-option\"><input type=\"radio\" value=\"N\u00e3o\" id=\"form-field-identificacao-1\" name=\"form_fields[identificacao]\" required=\"required\"> <label for=\"form-field-identificacao-1\">N\u00e3o<\/label><\/span><\/div>\t\t\t\t<\/div>\n\t\t\t\t\t\t\t\t<div class=\"elementor-field-type-text elementor-field-group elementor-column elementor-field-group-setor elementor-col-75\">\n\t\t\t\t\t\t\t\t\t\t\t\t<label for=\"form-field-setor\" class=\"elementor-field-label\">\n\t\t\t\t\t\t\t\tCaso queira se identificar coloque seu nome e setor em que trabalha\t\t\t\t\t\t\t<\/label>\n\t\t\t\t\t\t\t\t\t\t\t\t\t\t<input size=\"1\" type=\"text\" name=\"form_fields[setor]\" id=\"form-field-setor\" class=\"elementor-field elementor-size-sm  elementor-field-textual\">\n\t\t\t\t\t\t\t\t\t\t\t<\/div>\n\t\t\t\t\t\t\t\t<div class=\"elementor-field-type-select elementor-field-group elementor-column elementor-field-group-relacao elementor-col-100 elementor-field-required\">\n\t\t\t\t\t\t\t\t\t\t\t\t<label for=\"form-field-relacao\" class=\"elementor-field-label\">\n\t\t\t\t\t\t\t\tQual sua rela\u00e7\u00e3o com a Roboflex?\t\t\t\t\t\t\t<\/label>\n\t\t\t\t\t\t\t\t<div class=\"elementor-field elementor-select-wrapper remove-before \">\n\t\t\t<div class=\"select-caret-down-wrapper\">\n\t\t\t\t<i aria-hidden=\"true\" class=\"eicon-caret-down\"><\/i>\t\t\t<\/div>\n\t\t\t<select name=\"form_fields[relacao]\" id=\"form-field-relacao\" class=\"elementor-field-textual elementor-size-sm\" required=\"required\">\n\t\t\t\t\t\t\t\t\t<option value=\"Selecione\">Selecione<\/option>\n\t\t\t\t\t\t\t\t\t<option value=\"Sou colaborador\">Sou colaborador<\/option>\n\t\t\t\t\t\t\t\t\t<option value=\"Sou representante\">Sou representante<\/option>\n\t\t\t\t\t\t\t\t\t<option value=\"Sou prestador de servi\u00e7o\">Sou prestador de servi\u00e7o<\/option>\n\t\t\t\t\t\t\t\t\t<option value=\"Sou estagi\u00e1rio\">Sou estagi\u00e1rio<\/option>\n\t\t\t\t\t\t\t\t\t<option value=\"Sou fornecedor\">Sou fornecedor<\/option>\n\t\t\t\t\t\t\t\t\t<option value=\"Outros\">Outros<\/option>\n\t\t\t\t\t\t\t<\/select>\n\t\t<\/div>\n\t\t\t\t\t\t<\/div>\n\t\t\t\t\t\t\t\t<div class=\"elementor-field-type-select elementor-field-group elementor-column elementor-field-group-field_c508a4e elementor-col-100 elementor-field-required\">\n\t\t\t\t\t\t\t\t\t\t\t\t<label for=\"form-field-field_c508a4e\" class=\"elementor-field-label\">\n\t\t\t\t\t\t\t\tQual o tipo de den\u00fancia melhor se enquadra ao fato que voc\u00ea est\u00e1 registrando?\t\t\t\t\t\t\t<\/label>\n\t\t\t\t\t\t\t\t<div class=\"elementor-field elementor-select-wrapper remove-before \">\n\t\t\t<div class=\"select-caret-down-wrapper\">\n\t\t\t\t<i aria-hidden=\"true\" class=\"eicon-caret-down\"><\/i>\t\t\t<\/div>\n\t\t\t<select name=\"form_fields[field_c508a4e]\" id=\"form-field-field_c508a4e\" class=\"elementor-field-textual elementor-size-sm\" required=\"required\">\n\t\t\t\t\t\t\t\t\t<option value=\"Selecione\">Selecione<\/option>\n\t\t\t\t\t\t\t\t\t<option value=\"Agress\u00e3o f\u00edsica\">Agress\u00e3o f\u00edsica<\/option>\n\t\t\t\t\t\t\t\t\t<option value=\"Ass\u00e9dio moral\">Ass\u00e9dio moral<\/option>\n\t\t\t\t\t\t\t\t\t<option value=\"Ass\u00e9dio sexual\">Ass\u00e9dio sexual<\/option>\n\t\t\t\t\t\t\t\t\t<option value=\"Comportamento inadequado\">Comportamento inadequado<\/option>\n\t\t\t\t\t\t\t\t\t<option value=\"Roubo, furto ou desvio de mercadorias\">Roubo, furto ou desvio de mercadorias<\/option>\n\t\t\t\t\t\t\t\t\t<option value=\"Destrui\u00e7\u00e3o ou danos a bens da empresa\">Destrui\u00e7\u00e3o ou danos a bens da empresa<\/option>\n\t\t\t\t\t\t\t\t\t<option value=\"Discrimina\u00e7\u00e3o\">Discrimina\u00e7\u00e3o<\/option>\n\t\t\t\t\t\t\t\t\t<option value=\"Viola\u00e7\u00e3o de leis trabalhistas\">Viola\u00e7\u00e3o de leis trabalhistas<\/option>\n\t\t\t\t\t\t\t\t\t<option value=\"Conflito de interesses\">Conflito de interesses<\/option>\n\t\t\t\t\t\t\t\t\t<option value=\"Drogas il\u00edcitas\">Drogas il\u00edcitas<\/option>\n\t\t\t\t\t\t\t\t\t<option value=\"Outros\">Outros<\/option>\n\t\t\t\t\t\t\t<\/select>\n\t\t<\/div>\n\t\t\t\t\t\t<\/div>\n\t\t\t\t\t\t\t\t<div class=\"elementor-field-type-text elementor-field-group elementor-column elementor-field-group-field_8e239d0 elementor-col-100 elementor-field-required\">\n\t\t\t\t\t\t\t\t\t\t\t\t<label for=\"form-field-field_8e239d0\" class=\"elementor-field-label\">\n\t\t\t\t\t\t\t\tIndique a \u00e1rea\/setor onde ocorreu o fato:\t\t\t\t\t\t\t<\/label>\n\t\t\t\t\t\t\t\t\t\t\t\t\t\t<input size=\"1\" type=\"text\" name=\"form_fields[field_8e239d0]\" id=\"form-field-field_8e239d0\" class=\"elementor-field elementor-size-sm  elementor-field-textual\" required=\"required\">\n\t\t\t\t\t\t\t\t\t\t\t<\/div>\n\t\t\t\t\t\t\t\t<div class=\"elementor-field-type-textarea elementor-field-group elementor-column elementor-field-group-message elementor-col-100 elementor-field-required\">\n\t\t\t\t\t\t\t\t\t\t\t\t<label for=\"form-field-message\" class=\"elementor-field-label\">\n\t\t\t\t\t\t\t\tO que voc\u00ea quer denunciar?   (Descreva o mais detalhadamente poss\u00edvel o que aconteceu, indicando o nome(s) da(s) pessoa(s) que est\u00e1(\u00e3o) envolvida(s), bem como quando o fato ocorreu e se ainda continua ocorrendo.)\t\t\t\t\t\t\t<\/label>\n\t\t\t\t\t\t<textarea class=\"elementor-field-textual elementor-field  elementor-size-sm\" name=\"form_fields[message]\" id=\"form-field-message\" rows=\"10\" required=\"required\"><\/textarea>\t\t\t\t<\/div>\n\t\t\t\t\t\t\t\t<div class=\"elementor-field-type-text elementor-field-group elementor-column elementor-field-group-field_b19cbd9 elementor-col-100\">\n\t\t\t\t\t\t\t\t\t\t\t\t<label for=\"form-field-field_b19cbd9\" class=\"elementor-field-label\">\n\t\t\t\t\t\t\t\tExistem testemunhas? Caso exista, indique-as.\t\t\t\t\t\t\t<\/label>\n\t\t\t\t\t\t\t\t\t\t\t\t\t\t<input size=\"1\" type=\"text\" name=\"form_fields[field_b19cbd9]\" id=\"form-field-field_b19cbd9\" class=\"elementor-field elementor-size-sm  elementor-field-textual\">\n\t\t\t\t\t\t\t\t\t\t\t<\/div>\n\t\t\t\t\t\t\t\t<div class=\"elementor-field-group elementor-column elementor-field-type-submit elementor-col-100 e-form__buttons\">\n\t\t\t\t\t<button class=\"elementor-button elementor-size-sm\" type=\"submit\">\n\t\t\t\t\t\t<span class=\"elementor-button-content-wrapper\">\n\t\t\t\t\t\t\t\t\t\t\t\t\t\t\t\t\t\t\t\t\t\t<span class=\"elementor-button-text\">Enviar<\/span>\n\t\t\t\t\t\t\t\t\t\t\t\t\t<\/span>\n\t\t\t\t\t<\/button>\n\t\t\t\t<\/div>\n\t\t\t<\/div>\n\t\t<\/form>\n\t\t\t\t\t\t<\/div>\n\t\t\t\t<\/div>\n\t\t\t\t<\/div>\n\t\t\t\t\t<\/div>\n\t\t\t\t<\/div>\n\t\t\t\t<\/div>\n\t\t","protected":false},"excerpt":{"rendered":"<p>O Canal de \u00c9tica da Roboflex \u00e9 uma ferramenta segura e sigilosa As informa\u00e7\u00f5es recebidas ser\u00e3o tratadas pelo Gestor de RH. Para que seu relato seja conclu\u00eddo com sucesso, \u00e9 importante colocar o m\u00e1ximo de informa\u00e7\u00f5es poss\u00edveis, assim, ser\u00e1 poss\u00edvel validar os dados do seu relato e tomar as medidas necess\u00e1rias. Para que seu relato [&hellip;]<\/p>\n","protected":false},"author":10,"featured_media":24804,"parent":0,"menu_order":0,"comment_status":"closed","ping_status":"closed","template":"","meta":{"_acf_changed":false,"site-sidebar-layout":"no-sidebar","site-content-layout":"page-builder","ast-site-content-layout":"full-width-container","site-content-style":"unboxed","site-sidebar-style":"unboxed","ast-global-header-display":"","ast-banner-title-visibility":"","ast-main-header-display":"","ast-hfb-above-header-display":"","ast-hfb-below-header-display":"","ast-hfb-mobile-header-display":"","site-post-title":"disabled","ast-breadcrumbs-content":"","ast-featured-img":"disabled","footer-sml-layout":"","theme-transparent-header-meta":"default","adv-header-id-meta":"","stick-header-meta":"","header-above-stick-meta":"","header-main-stick-meta":"","header-below-stick-meta":"","astra-migrate-meta-layouts":"set","ast-page-background-enabled":"default","ast-page-background-meta":{"desktop":{"background-color":"var(--ast-global-color-4)","background-image":"","background-repeat":"repeat","background-position":"center center","background-size":"auto","background-attachment":"scroll","background-type":"","background-media":"","overlay-type":"","overlay-color":"","overlay-opacity":"","overlay-gradient":""},"tablet":{"background-color":"","background-image":"","background-repeat":"repeat","background-position":"center center","background-size":"auto","background-attachment":"scroll","background-type":"","background-media":"","overlay-type":"","overlay-color":"","overlay-opacity":"","overlay-gradient":""},"mobile":{"background-color":"","background-image":"","background-repeat":"repeat","background-position":"center center","background-size":"auto","background-attachment":"scroll","background-type":"","background-media":"","overlay-type":"","overlay-color":"","overlay-opacity":"","overlay-gradient":""}},"ast-content-background-meta":{"desktop":{"background-color":"var(--ast-global-color-5)","background-image":"","background-repeat":"repeat","background-position":"center center","background-size":"auto","background-attachment":"scroll","background-type":"","background-media":"","overlay-type":"","overlay-color":"","overlay-opacity":"","overlay-gradient":""},"tablet":{"background-color":"var(--ast-global-color-5)","background-image":"","background-repeat":"repeat","background-position":"center center","background-size":"auto","background-attachment":"scroll","background-type":"","background-media":"","overlay-type":"","overlay-color":"","overlay-opacity":"","overlay-gradient":""},"mobile":{"background-color":"var(--ast-global-color-5)","background-image":"","background-repeat":"repeat","background-position":"center center","background-size":"auto","background-attachment":"scroll","background-type":"","background-media":"","overlay-type":"","overlay-color":"","overlay-opacity":"","overlay-gradient":""}},"footnotes":""},"class_list":["post-24759","page","type-page","status-publish","has-post-thumbnail","hentry"],"acf":[],"_links":{"self":[{"href":"https:\/\/roboflex.com.br\/es\/wp-json\/wp\/v2\/pages\/24759","targetHints":{"allow":["GET"]}}],"collection":[{"href":"https:\/\/roboflex.com.br\/es\/wp-json\/wp\/v2\/pages"}],"about":[{"href":"https:\/\/roboflex.com.br\/es\/wp-json\/wp\/v2\/types\/page"}],"author":[{"embeddable":true,"href":"https:\/\/roboflex.com.br\/es\/wp-json\/wp\/v2\/users\/10"}],"replies":[{"embeddable":true,"href":"https:\/\/roboflex.com.br\/es\/wp-json\/wp\/v2\/comments?post=24759"}],"version-history":[{"count":3,"href":"https:\/\/roboflex.com.br\/es\/wp-json\/wp\/v2\/pages\/24759\/revisions"}],"predecessor-version":[{"id":39044,"href":"https:\/\/roboflex.com.br\/es\/wp-json\/wp\/v2\/pages\/24759\/revisions\/39044"}],"wp:featuredmedia":[{"embeddable":true,"href":"https:\/\/roboflex.com.br\/es\/wp-json\/wp\/v2\/media\/24804"}],"wp:attachment":[{"href":"https:\/\/roboflex.com.br\/es\/wp-json\/wp\/v2\/media?parent=24759"}],"curies":[{"name":"wp","href":"https:\/\/api.w.org\/{rel}","templated":true}]}}