{"id":23889,"date":"2024-06-05T13:21:27","date_gmt":"2024-06-05T16:21:27","guid":{"rendered":"https:\/\/lightyellow-zebra-660216.hostingersite.com\/linha-impact\/"},"modified":"2026-02-05T09:36:39","modified_gmt":"2026-02-05T12:36:39","slug":"linha-impact","status":"publish","type":"page","link":"https:\/\/roboflex.com.br\/es\/linha-impact\/","title":{"rendered":"Linha Hard | Impact"},"content":{"rendered":"\t\t<div data-elementor-type=\"wp-page\" data-elementor-id=\"23889\" class=\"elementor elementor-23889 elementor-21617\" data-elementor-post-type=\"page\">\n\t\t\t\t<div class=\"elementor-element elementor-element-a726f38 e-flex e-con-boxed e-con e-parent\" data-id=\"a726f38\" data-element_type=\"container\" data-e-type=\"container\">\n\t\t\t\t\t<div class=\"e-con-inner\">\n\t\t<div class=\"elementor-element elementor-element-5bb97ac e-flex e-con-boxed e-con e-child\" data-id=\"5bb97ac\" data-element_type=\"container\" data-e-type=\"container\">\n\t\t\t\t\t<div class=\"e-con-inner\">\n\t\t\t\t<div class=\"elementor-element elementor-element-d088695 elementor-widget elementor-widget-heading\" data-id=\"d088695\" data-element_type=\"widget\" data-e-type=\"widget\" data-widget_type=\"heading.default\">\n\t\t\t\t<div class=\"elementor-widget-container\">\n\t\t\t\t\t<h2 class=\"elementor-heading-title elementor-size-default\">Prote\u00e7\u00e3o para Ambientes Desafiadores<\/h2>\t\t\t\t<\/div>\n\t\t\t\t<\/div>\n\t\t\t\t\t<\/div>\n\t\t\t\t<\/div>\n\t\t<div class=\"elementor-element elementor-element-7c9cc84 e-flex e-con-boxed e-con e-child\" data-id=\"7c9cc84\" data-element_type=\"container\" data-e-type=\"container\">\n\t\t\t\t\t<div class=\"e-con-inner\">\n\t\t\t\t<div class=\"elementor-element elementor-element-bb153a1 elementor-hidden-tablet elementor-hidden-mobile elementor-widget elementor-widget-text-editor\" data-id=\"bb153a1\" data-element_type=\"widget\" data-e-type=\"widget\" data-widget_type=\"text-editor.default\">\n\t\t\t\t<div class=\"elementor-widget-container\">\n\t\t\t\t\t\t\t\t\t<p style=\"text-align: center;\"><span class=\"OYPEnA text-decoration-none text-strikethrough-none\">As Cases Impact oferecem a prote\u00e7\u00e3o robusta necess\u00e1ria para ambientes onde a resist\u00eancia a elementos \u00e9 indispens\u00e1vel. Garantem que seus dispositivos permane\u00e7am seguros e funcionais mesmo nas condi\u00e7\u00f5es mais adversas.<\/span><\/p>\t\t\t\t\t\t\t\t<\/div>\n\t\t\t\t<\/div>\n\t\t\t\t<div class=\"elementor-element elementor-element-61e1181 elementor-hidden-desktop elementor-widget elementor-widget-text-editor\" data-id=\"61e1181\" data-element_type=\"widget\" data-e-type=\"widget\" data-widget_type=\"text-editor.default\">\n\t\t\t\t<div class=\"elementor-widget-container\">\n\t\t\t\t\t\t\t\t\t<p style=\"text-align: left;\"><span class=\"OYPEnA text-decoration-none text-strikethrough-none\">As Cases Impact oferecem a prote\u00e7\u00e3o robusta necess\u00e1ria para ambientes onde a resist\u00eancia a elementos \u00e9 indispens\u00e1vel. Garantem que seus dispositivos permane\u00e7am seguros e funcionais mesmo nas condi\u00e7\u00f5es mais adversas.<\/span><\/p>\t\t\t\t\t\t\t\t<\/div>\n\t\t\t\t<\/div>\n\t\t\t\t\t<\/div>\n\t\t\t\t<\/div>\n\t\t\t\t\t<\/div>\n\t\t\t\t<\/div>\n\t\t<div class=\"elementor-element elementor-element-1b02131 e-con-full e-flex e-con e-parent\" data-id=\"1b02131\" data-element_type=\"container\" data-e-type=\"container\">\n\t\t\t\t<div class=\"elementor-element elementor-element-09e5475 elementor-widget__width-initial elementor-hidden-desktop elementor-widget elementor-widget-image\" data-id=\"09e5475\" data-element_type=\"widget\" data-e-type=\"widget\" data-widget_type=\"image.default\">\n\t\t\t\t<div class=\"elementor-widget-container\">\n\t\t\t\t\t\t\t\t\t\t\t\t\t\t\t<img fetchpriority=\"high\" decoding=\"async\" width=\"747\" height=\"1024\" src=\"https:\/\/roboflex.com.br\/wp-content\/uploads\/2026\/02\/impact-3.0-mobile-1-747x1024.webp\" class=\"attachment-large size-large wp-image-40426\" alt=\"\" srcset=\"https:\/\/roboflex.com.br\/wp-content\/uploads\/2026\/02\/impact-3.0-mobile-1-747x1024.webp 747w, https:\/\/roboflex.com.br\/wp-content\/uploads\/2026\/02\/impact-3.0-mobile-1-219x300.webp 219w, https:\/\/roboflex.com.br\/wp-content\/uploads\/2026\/02\/impact-3.0-mobile-1-768x1053.webp 768w, https:\/\/roboflex.com.br\/wp-content\/uploads\/2026\/02\/impact-3.0-mobile-1-500x686.webp 500w, https:\/\/roboflex.com.br\/wp-content\/uploads\/2026\/02\/impact-3.0-mobile-1.webp 912w\" sizes=\"(max-width: 747px) 100vw, 747px\" \/>\t\t\t\t\t\t\t\t\t\t\t\t\t\t\t<\/div>\n\t\t\t\t<\/div>\n\t\t\t\t<div class=\"elementor-element elementor-element-26da0f6 elementor-widget__width-initial elementor-hidden-tablet elementor-hidden-mobile elementor-widget elementor-widget-image\" data-id=\"26da0f6\" data-element_type=\"widget\" data-e-type=\"widget\" data-widget_type=\"image.default\">\n\t\t\t\t<div class=\"elementor-widget-container\">\n\t\t\t\t\t\t\t\t\t\t\t\t\t\t\t<img decoding=\"async\" width=\"1024\" height=\"797\" src=\"https:\/\/roboflex.com.br\/wp-content\/uploads\/2026\/02\/impact-3.0-1024x797.webp\" class=\"attachment-large size-large wp-image-40423\" alt=\"\" srcset=\"https:\/\/roboflex.com.br\/wp-content\/uploads\/2026\/02\/impact-3.0-1024x797.webp 1024w, https:\/\/roboflex.com.br\/wp-content\/uploads\/2026\/02\/impact-3.0-300x233.webp 300w, https:\/\/roboflex.com.br\/wp-content\/uploads\/2026\/02\/impact-3.0-768x597.webp 768w, https:\/\/roboflex.com.br\/wp-content\/uploads\/2026\/02\/impact-3.0-500x389.webp 500w, https:\/\/roboflex.com.br\/wp-content\/uploads\/2026\/02\/impact-3.0.webp 1292w\" sizes=\"(max-width: 1024px) 100vw, 1024px\" \/>\t\t\t\t\t\t\t\t\t\t\t\t\t\t\t<\/div>\n\t\t\t\t<\/div>\n\t\t<div class=\"elementor-element elementor-element-8f0806d e-flex e-con-boxed e-con e-child\" data-id=\"8f0806d\" data-element_type=\"container\" data-e-type=\"container\">\n\t\t\t\t\t<div class=\"e-con-inner\">\n\t\t<div class=\"elementor-element elementor-element-cbf545c e-con-full e-flex e-con e-child\" data-id=\"cbf545c\" data-element_type=\"container\" data-e-type=\"container\">\n\t\t\t\t<div class=\"elementor-element elementor-element-df0a97f elementor-widget elementor-widget-heading\" data-id=\"df0a97f\" data-element_type=\"widget\" data-e-type=\"widget\" data-widget_type=\"heading.default\">\n\t\t\t\t<div class=\"elementor-widget-container\">\n\t\t\t\t\t<h2 class=\"elementor-heading-title elementor-size-default\">Durabilidade a longo prazo para os dispositivos m\u00f3veis<\/h2>\t\t\t\t<\/div>\n\t\t\t\t<\/div>\n\t\t\t\t<div class=\"elementor-element elementor-element-9fcc7e6 elementor-widget elementor-widget-text-editor\" data-id=\"9fcc7e6\" data-element_type=\"widget\" data-e-type=\"widget\" data-widget_type=\"text-editor.default\">\n\t\t\t\t<div class=\"elementor-widget-container\">\n\t\t\t\t\t\t\t\t\t<p>As cases Impact foram desenvolvidas para opera\u00e7\u00f5es intensas e oferecem prote\u00e7\u00e3o equivalente ao padr\u00e3o IP51, com resist\u00eancia a poeira moderada, respingos de \u00e1gua, quedas e impactos.<br \/>Produzidas com materiais resistentes e estrutura refor\u00e7ada, garantem seguran\u00e7a confi\u00e1vel no uso di\u00e1rio.<\/p>\t\t\t\t\t\t\t\t<\/div>\n\t\t\t\t<\/div>\n\t\t\t\t<\/div>\n\t\t<div class=\"elementor-element elementor-element-0e1d195 e-con-full elementor-hidden-tablet elementor-hidden-mobile e-flex e-con e-child\" data-id=\"0e1d195\" data-element_type=\"container\" data-e-type=\"container\">\n\t\t\t\t<div class=\"elementor-element elementor-element-2dc11c7 elementor-widget__width-initial elementor-widget elementor-widget-image\" data-id=\"2dc11c7\" data-element_type=\"widget\" data-e-type=\"widget\" data-widget_type=\"image.default\">\n\t\t\t\t<div class=\"elementor-widget-container\">\n\t\t\t\t\t\t\t\t\t\t\t\t\t\t\t<img decoding=\"async\" width=\"1000\" height=\"1000\" src=\"https:\/\/roboflex.com.br\/wp-content\/uploads\/2026\/02\/case-hard-impact-3.0-injetora-2.webp\" class=\"attachment-large size-large wp-image-40438\" alt=\"\" srcset=\"https:\/\/roboflex.com.br\/wp-content\/uploads\/2026\/02\/case-hard-impact-3.0-injetora-2.webp 1000w, https:\/\/roboflex.com.br\/wp-content\/uploads\/2026\/02\/case-hard-impact-3.0-injetora-2-300x300.webp 300w, https:\/\/roboflex.com.br\/wp-content\/uploads\/2026\/02\/case-hard-impact-3.0-injetora-2-150x150.webp 150w, https:\/\/roboflex.com.br\/wp-content\/uploads\/2026\/02\/case-hard-impact-3.0-injetora-2-768x768.webp 768w, https:\/\/roboflex.com.br\/wp-content\/uploads\/2026\/02\/case-hard-impact-3.0-injetora-2-500x500.webp 500w, https:\/\/roboflex.com.br\/wp-content\/uploads\/2026\/02\/case-hard-impact-3.0-injetora-2-100x100.webp 100w\" sizes=\"(max-width: 1000px) 100vw, 1000px\" \/>\t\t\t\t\t\t\t\t\t\t\t\t\t\t\t<\/div>\n\t\t\t\t<\/div>\n\t\t\t\t<div class=\"elementor-element elementor-element-49cb8e1 elementor-widget__width-initial elementor-widget elementor-widget-image\" data-id=\"49cb8e1\" data-element_type=\"widget\" data-e-type=\"widget\" data-widget_type=\"image.default\">\n\t\t\t\t<div class=\"elementor-widget-container\">\n\t\t\t\t\t\t\t\t\t\t\t\t\t\t\t<img loading=\"lazy\" decoding=\"async\" width=\"1000\" height=\"1000\" src=\"https:\/\/roboflex.com.br\/wp-content\/uploads\/2026\/02\/case-hard-impact-parafusada-2.webp\" class=\"attachment-large size-large wp-image-40441\" alt=\"\" srcset=\"https:\/\/roboflex.com.br\/wp-content\/uploads\/2026\/02\/case-hard-impact-parafusada-2.webp 1000w, https:\/\/roboflex.com.br\/wp-content\/uploads\/2026\/02\/case-hard-impact-parafusada-2-300x300.webp 300w, https:\/\/roboflex.com.br\/wp-content\/uploads\/2026\/02\/case-hard-impact-parafusada-2-150x150.webp 150w, https:\/\/roboflex.com.br\/wp-content\/uploads\/2026\/02\/case-hard-impact-parafusada-2-768x768.webp 768w, https:\/\/roboflex.com.br\/wp-content\/uploads\/2026\/02\/case-hard-impact-parafusada-2-500x500.webp 500w, https:\/\/roboflex.com.br\/wp-content\/uploads\/2026\/02\/case-hard-impact-parafusada-2-100x100.webp 100w\" sizes=\"(max-width: 1000px) 100vw, 1000px\" \/>\t\t\t\t\t\t\t\t\t\t\t\t\t\t\t<\/div>\n\t\t\t\t<\/div>\n\t\t\t\t<div class=\"elementor-element elementor-element-d29f044 elementor-widget__width-initial elementor-widget elementor-widget-image\" data-id=\"d29f044\" data-element_type=\"widget\" data-e-type=\"widget\" data-widget_type=\"image.default\">\n\t\t\t\t<div class=\"elementor-widget-container\">\n\t\t\t\t\t\t\t\t\t\t\t\t\t\t\t<img loading=\"lazy\" decoding=\"async\" width=\"1000\" height=\"1000\" src=\"https:\/\/roboflex.com.br\/wp-content\/uploads\/2026\/02\/Case-hard-impact-estoque-2.webp\" class=\"attachment-large size-large wp-image-40444\" alt=\"Case hard impact\" srcset=\"https:\/\/roboflex.com.br\/wp-content\/uploads\/2026\/02\/Case-hard-impact-estoque-2.webp 1000w, https:\/\/roboflex.com.br\/wp-content\/uploads\/2026\/02\/Case-hard-impact-estoque-2-300x300.webp 300w, https:\/\/roboflex.com.br\/wp-content\/uploads\/2026\/02\/Case-hard-impact-estoque-2-150x150.webp 150w, https:\/\/roboflex.com.br\/wp-content\/uploads\/2026\/02\/Case-hard-impact-estoque-2-768x768.webp 768w, https:\/\/roboflex.com.br\/wp-content\/uploads\/2026\/02\/Case-hard-impact-estoque-2-500x500.webp 500w, https:\/\/roboflex.com.br\/wp-content\/uploads\/2026\/02\/Case-hard-impact-estoque-2-100x100.webp 100w\" sizes=\"(max-width: 1000px) 100vw, 1000px\" \/>\t\t\t\t\t\t\t\t\t\t\t\t\t\t\t<\/div>\n\t\t\t\t<\/div>\n\t\t\t\t<\/div>\n\t\t<div class=\"elementor-element elementor-element-87ed887 e-con-full elementor-hidden-desktop e-flex e-con e-child\" data-id=\"87ed887\" data-element_type=\"container\" data-e-type=\"container\">\n\t\t\t\t<div class=\"elementor-element elementor-element-dfe524c elementor-widget__width-initial elementor-widget-mobile__width-inherit elementor-widget elementor-widget-image\" data-id=\"dfe524c\" data-element_type=\"widget\" data-e-type=\"widget\" data-widget_type=\"image.default\">\n\t\t\t\t<div class=\"elementor-widget-container\">\n\t\t\t\t\t\t\t\t\t\t\t\t\t\t\t<img decoding=\"async\" width=\"1000\" height=\"1000\" src=\"https:\/\/roboflex.com.br\/wp-content\/uploads\/2026\/02\/case-hard-impact-3.0-injetora-2.webp\" class=\"attachment-large size-large wp-image-40438\" alt=\"\" srcset=\"https:\/\/roboflex.com.br\/wp-content\/uploads\/2026\/02\/case-hard-impact-3.0-injetora-2.webp 1000w, https:\/\/roboflex.com.br\/wp-content\/uploads\/2026\/02\/case-hard-impact-3.0-injetora-2-300x300.webp 300w, https:\/\/roboflex.com.br\/wp-content\/uploads\/2026\/02\/case-hard-impact-3.0-injetora-2-150x150.webp 150w, https:\/\/roboflex.com.br\/wp-content\/uploads\/2026\/02\/case-hard-impact-3.0-injetora-2-768x768.webp 768w, https:\/\/roboflex.com.br\/wp-content\/uploads\/2026\/02\/case-hard-impact-3.0-injetora-2-500x500.webp 500w, https:\/\/roboflex.com.br\/wp-content\/uploads\/2026\/02\/case-hard-impact-3.0-injetora-2-100x100.webp 100w\" sizes=\"(max-width: 1000px) 100vw, 1000px\" \/>\t\t\t\t\t\t\t\t\t\t\t\t\t\t\t<\/div>\n\t\t\t\t<\/div>\n\t\t\t\t<div class=\"elementor-element elementor-element-513fb98 elementor-widget__width-initial elementor-widget-mobile__width-inherit elementor-widget elementor-widget-image\" data-id=\"513fb98\" data-element_type=\"widget\" data-e-type=\"widget\" data-widget_type=\"image.default\">\n\t\t\t\t<div class=\"elementor-widget-container\">\n\t\t\t\t\t\t\t\t\t\t\t\t\t\t\t<img loading=\"lazy\" decoding=\"async\" width=\"1000\" height=\"1000\" src=\"https:\/\/roboflex.com.br\/wp-content\/uploads\/2026\/02\/case-hard-impact-parafusada-2.webp\" class=\"attachment-large size-large wp-image-40441\" alt=\"\" srcset=\"https:\/\/roboflex.com.br\/wp-content\/uploads\/2026\/02\/case-hard-impact-parafusada-2.webp 1000w, https:\/\/roboflex.com.br\/wp-content\/uploads\/2026\/02\/case-hard-impact-parafusada-2-300x300.webp 300w, https:\/\/roboflex.com.br\/wp-content\/uploads\/2026\/02\/case-hard-impact-parafusada-2-150x150.webp 150w, https:\/\/roboflex.com.br\/wp-content\/uploads\/2026\/02\/case-hard-impact-parafusada-2-768x768.webp 768w, https:\/\/roboflex.com.br\/wp-content\/uploads\/2026\/02\/case-hard-impact-parafusada-2-500x500.webp 500w, https:\/\/roboflex.com.br\/wp-content\/uploads\/2026\/02\/case-hard-impact-parafusada-2-100x100.webp 100w\" sizes=\"(max-width: 1000px) 100vw, 1000px\" \/>\t\t\t\t\t\t\t\t\t\t\t\t\t\t\t<\/div>\n\t\t\t\t<\/div>\n\t\t\t\t<div class=\"elementor-element elementor-element-5601013 elementor-widget__width-initial elementor-widget-mobile__width-inherit elementor-widget elementor-widget-image\" data-id=\"5601013\" data-element_type=\"widget\" data-e-type=\"widget\" data-widget_type=\"image.default\">\n\t\t\t\t<div class=\"elementor-widget-container\">\n\t\t\t\t\t\t\t\t\t\t\t\t\t\t\t<img loading=\"lazy\" decoding=\"async\" width=\"1000\" height=\"1000\" src=\"https:\/\/roboflex.com.br\/wp-content\/uploads\/2026\/02\/Case-hard-impact-estoque-2.webp\" class=\"attachment-large size-large wp-image-40444\" alt=\"Case hard impact\" srcset=\"https:\/\/roboflex.com.br\/wp-content\/uploads\/2026\/02\/Case-hard-impact-estoque-2.webp 1000w, https:\/\/roboflex.com.br\/wp-content\/uploads\/2026\/02\/Case-hard-impact-estoque-2-300x300.webp 300w, https:\/\/roboflex.com.br\/wp-content\/uploads\/2026\/02\/Case-hard-impact-estoque-2-150x150.webp 150w, https:\/\/roboflex.com.br\/wp-content\/uploads\/2026\/02\/Case-hard-impact-estoque-2-768x768.webp 768w, https:\/\/roboflex.com.br\/wp-content\/uploads\/2026\/02\/Case-hard-impact-estoque-2-500x500.webp 500w, https:\/\/roboflex.com.br\/wp-content\/uploads\/2026\/02\/Case-hard-impact-estoque-2-100x100.webp 100w\" sizes=\"(max-width: 1000px) 100vw, 1000px\" \/>\t\t\t\t\t\t\t\t\t\t\t\t\t\t\t<\/div>\n\t\t\t\t<\/div>\n\t\t\t\t<\/div>\n\t\t\t\t\t<\/div>\n\t\t\t\t<\/div>\n\t\t<div class=\"elementor-element elementor-element-35f1ced e-con-full elementor-hidden-desktop elementor-hidden-tablet elementor-hidden-mobile e-flex e-con e-child\" data-id=\"35f1ced\" data-element_type=\"container\" data-e-type=\"container\">\n\t\t<div class=\"elementor-element elementor-element-a3aee63 e-con-full elementor-hidden-tablet elementor-hidden-mobile e-flex e-con e-child\" data-id=\"a3aee63\" data-element_type=\"container\" data-e-type=\"container\">\n\t\t\t\t<div class=\"elementor-element elementor-element-238a980 elementor-widget__width-initial elementor-widget elementor-widget-image\" data-id=\"238a980\" data-element_type=\"widget\" data-e-type=\"widget\" data-widget_type=\"image.default\">\n\t\t\t\t<div class=\"elementor-widget-container\">\n\t\t\t\t\t\t\t\t\t\t\t\t\t\t\t<img loading=\"lazy\" decoding=\"async\" width=\"768\" height=\"749\" src=\"https:\/\/roboflex.com.br\/wp-content\/uploads\/2024\/05\/5-768x749.jpg\" class=\"attachment-medium_large size-medium_large wp-image-20968\" alt=\"\" srcset=\"https:\/\/roboflex.com.br\/wp-content\/uploads\/2024\/05\/5-768x749.jpg 768w, https:\/\/roboflex.com.br\/wp-content\/uploads\/2024\/05\/5-300x292.jpg 300w, https:\/\/roboflex.com.br\/wp-content\/uploads\/2024\/05\/5-1024x998.jpg 1024w, https:\/\/roboflex.com.br\/wp-content\/uploads\/2024\/05\/5-500x487.jpg 500w, https:\/\/roboflex.com.br\/wp-content\/uploads\/2024\/05\/5.jpg 1350w\" sizes=\"(max-width: 768px) 100vw, 768px\" \/>\t\t\t\t\t\t\t\t\t\t\t\t\t\t\t<\/div>\n\t\t\t\t<\/div>\n\t\t\t\t<\/div>\n\t\t<div class=\"elementor-element elementor-element-db91161 e-con-full e-flex e-con e-child\" data-id=\"db91161\" data-element_type=\"container\" data-e-type=\"container\">\n\t\t\t\t<div class=\"elementor-element elementor-element-0726ee7 elementor-widget elementor-widget-text-editor\" data-id=\"0726ee7\" data-element_type=\"widget\" data-e-type=\"widget\" data-widget_type=\"text-editor.default\">\n\t\t\t\t<div class=\"elementor-widget-container\">\n\t\t\t\t\t\t\t\t\t<p style=\"text-align: left;\"><span class=\"OYPEnA text-decoration-none text-strikethrough-none\">Confira as cases Impact e mais produtos do ecossistema Roboflex\u00ae compat\u00edveis\u00a0 e complete sua solu\u00e7\u00e3o.<\/span><\/p>\t\t\t\t\t\t\t\t<\/div>\n\t\t\t\t<\/div>\n\t\t\t\t<div class=\"elementor-element elementor-element-2764fa5 elementor-widget elementor-widget-button\" data-id=\"2764fa5\" data-element_type=\"widget\" data-e-type=\"widget\" data-widget_type=\"button.default\">\n\t\t\t\t<div class=\"elementor-widget-container\">\n\t\t\t\t\t\t\t\t\t<div class=\"elementor-button-wrapper\">\n\t\t\t\t\t<a class=\"elementor-button elementor-button-link elementor-size-sm\" href=\"https:\/\/roboflex.com.br\/produto-tag\/impact\/\">\n\t\t\t\t\t\t<span class=\"elementor-button-content-wrapper\">\n\t\t\t\t\t\t\t\t\t<span class=\"elementor-button-text\">Ver Produtos<\/span>\n\t\t\t\t\t<\/span>\n\t\t\t\t\t<\/a>\n\t\t\t\t<\/div>\n\t\t\t\t\t\t\t\t<\/div>\n\t\t\t\t<\/div>\n\t\t\t\t<\/div>\n\t\t\t\t<\/div>\n\t\t\t\t<\/div>\n\t\t\t\t<\/div>\n\t\t","protected":false},"excerpt":{"rendered":"<p>Prote\u00e7\u00e3o para Ambientes Desafiadores As Cases Impact oferecem a prote\u00e7\u00e3o robusta necess\u00e1ria para ambientes onde a resist\u00eancia a elementos \u00e9 indispens\u00e1vel. Garantem que seus dispositivos permane\u00e7am seguros e funcionais mesmo nas condi\u00e7\u00f5es mais adversas. As Cases Impact oferecem a prote\u00e7\u00e3o robusta necess\u00e1ria para ambientes onde a resist\u00eancia a elementos \u00e9 indispens\u00e1vel. Garantem que seus dispositivos [&hellip;]<\/p>\n","protected":false},"author":1,"featured_media":40521,"parent":0,"menu_order":0,"comment_status":"closed","ping_status":"closed","template":"","meta":{"_acf_changed":false,"site-sidebar-layout":"no-sidebar","site-content-layout":"page-builder","ast-site-content-layout":"full-width-container","site-content-style":"unboxed","site-sidebar-style":"unboxed","ast-global-header-display":"","ast-banner-title-visibility":"","ast-main-header-display":"","ast-hfb-above-header-display":"","ast-hfb-below-header-display":"","ast-hfb-mobile-header-display":"","site-post-title":"disabled","ast-breadcrumbs-content":"","ast-featured-img":"disabled","footer-sml-layout":"","theme-transparent-header-meta":"default","adv-header-id-meta":"","stick-header-meta":"","header-above-stick-meta":"","header-main-stick-meta":"","header-below-stick-meta":"","astra-migrate-meta-layouts":"set","ast-page-background-enabled":"default","ast-page-background-meta":{"desktop":{"background-color":"var(--ast-global-color-4)","background-image":"","background-repeat":"repeat","background-position":"center center","background-size":"auto","background-attachment":"scroll","background-type":"","background-media":"","overlay-type":"","overlay-color":"","overlay-opacity":"","overlay-gradient":""},"tablet":{"background-color":"","background-image":"","background-repeat":"repeat","background-position":"center center","background-size":"auto","background-attachment":"scroll","background-type":"","background-media":"","overlay-type":"","overlay-color":"","overlay-opacity":"","overlay-gradient":""},"mobile":{"background-color":"","background-image":"","background-repeat":"repeat","background-position":"center center","background-size":"auto","background-attachment":"scroll","background-type":"","background-media":"","overlay-type":"","overlay-color":"","overlay-opacity":"","overlay-gradient":""}},"ast-content-background-meta":{"desktop":{"background-color":"var(--ast-global-color-5)","background-image":"","background-repeat":"repeat","background-position":"center center","background-size":"auto","background-attachment":"scroll","background-type":"","background-media":"","overlay-type":"","overlay-color":"","overlay-opacity":"","overlay-gradient":""},"tablet":{"background-color":"var(--ast-global-color-5)","background-image":"","background-repeat":"repeat","background-position":"center center","background-size":"auto","background-attachment":"scroll","background-type":"","background-media":"","overlay-type":"","overlay-color":"","overlay-opacity":"","overlay-gradient":""},"mobile":{"background-color":"var(--ast-global-color-5)","background-image":"","background-repeat":"repeat","background-position":"center center","background-size":"auto","background-attachment":"scroll","background-type":"","background-media":"","overlay-type":"","overlay-color":"","overlay-opacity":"","overlay-gradient":""}},"footnotes":""},"class_list":["post-23889","page","type-page","status-publish","has-post-thumbnail","hentry"],"acf":[],"_links":{"self":[{"href":"https:\/\/roboflex.com.br\/es\/wp-json\/wp\/v2\/pages\/23889","targetHints":{"allow":["GET"]}}],"collection":[{"href":"https:\/\/roboflex.com.br\/es\/wp-json\/wp\/v2\/pages"}],"about":[{"href":"https:\/\/roboflex.com.br\/es\/wp-json\/wp\/v2\/types\/page"}],"author":[{"embeddable":true,"href":"https:\/\/roboflex.com.br\/es\/wp-json\/wp\/v2\/users\/1"}],"replies":[{"embeddable":true,"href":"https:\/\/roboflex.com.br\/es\/wp-json\/wp\/v2\/comments?post=23889"}],"version-history":[{"count":20,"href":"https:\/\/roboflex.com.br\/es\/wp-json\/wp\/v2\/pages\/23889\/revisions"}],"predecessor-version":[{"id":40570,"href":"https:\/\/roboflex.com.br\/es\/wp-json\/wp\/v2\/pages\/23889\/revisions\/40570"}],"wp:featuredmedia":[{"embeddable":true,"href":"https:\/\/roboflex.com.br\/es\/wp-json\/wp\/v2\/media\/40521"}],"wp:attachment":[{"href":"https:\/\/roboflex.com.br\/es\/wp-json\/wp\/v2\/media?parent=23889"}],"curies":[{"name":"wp","href":"https:\/\/api.w.org\/{rel}","templated":true}]}}