{"id":23883,"date":"2024-06-06T08:34:05","date_gmt":"2024-06-06T11:34:05","guid":{"rendered":"https:\/\/lightyellow-zebra-660216.hostingersite.com\/linha-extreme\/"},"modified":"2026-02-05T10:06:17","modified_gmt":"2026-02-05T13:06:17","slug":"linha-extreme","status":"publish","type":"page","link":"https:\/\/roboflex.com.br\/es\/linha-extreme\/","title":{"rendered":"Linha Hard | Extreme"},"content":{"rendered":"\t\t<div data-elementor-type=\"wp-page\" data-elementor-id=\"23883\" class=\"elementor elementor-23883 elementor-21806\" data-elementor-post-type=\"page\">\n\t\t\t\t<div class=\"elementor-element elementor-element-24fd5e9 e-flex e-con-boxed e-con e-parent\" data-id=\"24fd5e9\" data-element_type=\"container\" data-e-type=\"container\">\n\t\t\t\t\t<div class=\"e-con-inner\">\n\t\t\t\t<div class=\"elementor-element elementor-element-ca92465 elementor-widget elementor-widget-heading\" data-id=\"ca92465\" data-element_type=\"widget\" data-e-type=\"widget\" data-widget_type=\"heading.default\">\n\t\t\t\t<div class=\"elementor-widget-container\">\n\t\t\t\t\t<h2 class=\"elementor-heading-title elementor-size-default\">Prote\u00e7\u00e3o em condi\u00e7\u00f5es extremas<\/h2>\t\t\t\t<\/div>\n\t\t\t\t<\/div>\n\t\t\t\t<div class=\"elementor-element elementor-element-4d19103 elementor-hidden-tablet elementor-hidden-mobile elementor-widget elementor-widget-text-editor\" data-id=\"4d19103\" data-element_type=\"widget\" data-e-type=\"widget\" data-widget_type=\"text-editor.default\">\n\t\t\t\t<div class=\"elementor-widget-container\">\n\t\t\t\t\t\t\t\t\t<p style=\"text-align: center;\"><span class=\"OYPEnA text-decoration-none text-strikethrough-none\">As cases Extreme s\u00e3o projetadas para os ambientes mais severos. S\u00e3o ideais para situa\u00e7\u00f5es onde a m\u00e1xima prote\u00e7\u00e3o \u00e9 necess\u00e1ria, assegurando a durabilidade e a confiabilidade dos seus dispositivos em qualquer cen\u00e1rio.<\/span><\/p>\t\t\t\t\t\t\t\t<\/div>\n\t\t\t\t<\/div>\n\t\t\t\t<div class=\"elementor-element elementor-element-85c0771 elementor-hidden-desktop elementor-widget elementor-widget-text-editor\" data-id=\"85c0771\" data-element_type=\"widget\" data-e-type=\"widget\" data-widget_type=\"text-editor.default\">\n\t\t\t\t<div class=\"elementor-widget-container\">\n\t\t\t\t\t\t\t\t\t<p><span class=\"OYPEnA text-decoration-none text-strikethrough-none\">As cases Extreme s\u00e3o projetadas para os ambientes mais severos. S\u00e3o ideais para situa\u00e7\u00f5es onde a m\u00e1xima prote\u00e7\u00e3o \u00e9 necess\u00e1ria, assegurando a durabilidade e a confiabilidade dos seus dispositivos em qualquer cen\u00e1rio.<\/span><\/p>\t\t\t\t\t\t\t\t<\/div>\n\t\t\t\t<\/div>\n\t\t\t\t\t<\/div>\n\t\t\t\t<\/div>\n\t\t<div class=\"elementor-element elementor-element-8eb0d2f e-flex e-con-boxed e-con e-parent\" data-id=\"8eb0d2f\" data-element_type=\"container\" data-e-type=\"container\">\n\t\t\t\t\t<div class=\"e-con-inner\">\n\t\t\t\t<div class=\"elementor-element elementor-element-693cac7 elementor-hidden-desktop elementor-widget elementor-widget-image\" data-id=\"693cac7\" data-element_type=\"widget\" data-e-type=\"widget\" data-widget_type=\"image.default\">\n\t\t\t\t<div class=\"elementor-widget-container\">\n\t\t\t\t\t\t\t\t\t\t\t\t\t\t\t<img fetchpriority=\"high\" decoding=\"async\" width=\"646\" height=\"1024\" src=\"https:\/\/roboflex.com.br\/wp-content\/uploads\/2026\/02\/extreme-3.0-mobile-2-646x1024.webp\" class=\"attachment-large size-large wp-image-40578\" alt=\"\" srcset=\"https:\/\/roboflex.com.br\/wp-content\/uploads\/2026\/02\/extreme-3.0-mobile-2-646x1024.webp 646w, https:\/\/roboflex.com.br\/wp-content\/uploads\/2026\/02\/extreme-3.0-mobile-2-189x300.webp 189w, https:\/\/roboflex.com.br\/wp-content\/uploads\/2026\/02\/extreme-3.0-mobile-2-768x1218.webp 768w, https:\/\/roboflex.com.br\/wp-content\/uploads\/2026\/02\/extreme-3.0-mobile-2-500x793.webp 500w, https:\/\/roboflex.com.br\/wp-content\/uploads\/2026\/02\/extreme-3.0-mobile-2.webp 902w\" sizes=\"(max-width: 646px) 100vw, 646px\" \/>\t\t\t\t\t\t\t\t\t\t\t\t\t\t\t<\/div>\n\t\t\t\t<\/div>\n\t\t\t\t<div class=\"elementor-element elementor-element-6ab5e1b elementor-hidden-tablet elementor-hidden-mobile elementor-widget elementor-widget-image\" data-id=\"6ab5e1b\" data-element_type=\"widget\" data-e-type=\"widget\" data-widget_type=\"image.default\">\n\t\t\t\t<div class=\"elementor-widget-container\">\n\t\t\t\t\t\t\t\t\t\t\t\t\t\t\t<img decoding=\"async\" width=\"1024\" height=\"856\" src=\"https:\/\/roboflex.com.br\/wp-content\/uploads\/2026\/02\/extreme-3.0-_2-1024x856.webp\" class=\"attachment-large size-large wp-image-40574\" alt=\"\" srcset=\"https:\/\/roboflex.com.br\/wp-content\/uploads\/2026\/02\/extreme-3.0-_2-1024x856.webp 1024w, https:\/\/roboflex.com.br\/wp-content\/uploads\/2026\/02\/extreme-3.0-_2-300x251.webp 300w, https:\/\/roboflex.com.br\/wp-content\/uploads\/2026\/02\/extreme-3.0-_2-768x642.webp 768w, https:\/\/roboflex.com.br\/wp-content\/uploads\/2026\/02\/extreme-3.0-_2-500x418.webp 500w, https:\/\/roboflex.com.br\/wp-content\/uploads\/2026\/02\/extreme-3.0-_2.webp 1183w\" sizes=\"(max-width: 1024px) 100vw, 1024px\" \/>\t\t\t\t\t\t\t\t\t\t\t\t\t\t\t<\/div>\n\t\t\t\t<\/div>\n\t\t\t\t\t<\/div>\n\t\t\t\t<\/div>\n\t\t<div class=\"elementor-element elementor-element-bb4e15f e-flex e-con-boxed e-con e-parent\" data-id=\"bb4e15f\" data-element_type=\"container\" data-e-type=\"container\">\n\t\t\t\t\t<div class=\"e-con-inner\">\n\t\t\t\t<div class=\"elementor-element elementor-element-5f5f7a9 elementor-widget elementor-widget-heading\" data-id=\"5f5f7a9\" data-element_type=\"widget\" data-e-type=\"widget\" data-widget_type=\"heading.default\">\n\t\t\t\t<div class=\"elementor-widget-container\">\n\t\t\t\t\t<h2 class=\"elementor-heading-title elementor-size-default\">M\u00e1xima prote\u00e7\u00e3o para os dispositivos<\/h2>\t\t\t\t<\/div>\n\t\t\t\t<\/div>\n\t\t\t\t<div class=\"elementor-element elementor-element-e4af65a elementor-hidden-tablet elementor-hidden-mobile elementor-widget elementor-widget-text-editor\" data-id=\"e4af65a\" data-element_type=\"widget\" data-e-type=\"widget\" data-widget_type=\"text-editor.default\">\n\t\t\t\t<div class=\"elementor-widget-container\">\n\t\t\t\t\t\t\t\t\t<p>As cases Extreme foram desenvolvidas para ambientes exigentes e contam com prote\u00e7\u00e3o equivalente ao padr\u00e3o IP54, oferecendo barreira eficaz contra poeira fina, respingos de \u00e1gua e exposi\u00e7\u00e3o \u00e0 maresia.<br \/>Projetadas com veda\u00e7\u00e3o robusta e materiais de alta resist\u00eancia, garantem seguran\u00e7a confi\u00e1vel em opera\u00e7\u00f5es cr\u00edticas.\u00a0<\/p>\t\t\t\t\t\t\t\t<\/div>\n\t\t\t\t<\/div>\n\t\t\t\t<div class=\"elementor-element elementor-element-0214506 elementor-hidden-desktop elementor-widget elementor-widget-text-editor\" data-id=\"0214506\" data-element_type=\"widget\" data-e-type=\"widget\" data-widget_type=\"text-editor.default\">\n\t\t\t\t<div class=\"elementor-widget-container\">\n\t\t\t\t\t\t\t\t\t<p style=\"text-align: left;\">As cases Extreme foram desenvolvidas para ambientes exigentes e contam com prote\u00e7\u00e3o equivalente ao padr\u00e3o IP54, oferecendo barreira eficaz contra poeira fina, respingos de \u00e1gua e exposi\u00e7\u00e3o \u00e0 maresia.<br \/>Projetadas com veda\u00e7\u00e3o robusta e materiais de alta resist\u00eancia, garantem seguran\u00e7a confi\u00e1vel em opera\u00e7\u00f5es cr\u00edticas.<\/p>\t\t\t\t\t\t\t\t<\/div>\n\t\t\t\t<\/div>\n\t\t<div class=\"elementor-element elementor-element-e932103 e-con-full e-flex e-con e-child\" data-id=\"e932103\" data-element_type=\"container\" data-e-type=\"container\">\n\t\t\t\t<div class=\"elementor-element elementor-element-461dc2f elementor-widget elementor-widget-image\" data-id=\"461dc2f\" data-element_type=\"widget\" data-e-type=\"widget\" data-widget_type=\"image.default\">\n\t\t\t\t<div class=\"elementor-widget-container\">\n\t\t\t\t\t\t\t\t\t\t\t\t\t\t\t<img decoding=\"async\" width=\"1000\" height=\"1000\" src=\"https:\/\/roboflex.com.br\/wp-content\/uploads\/2026\/02\/Case-extreme-3.0-agro-1.webp\" class=\"attachment-large size-large wp-image-40536\" alt=\"Case extreme trator\" srcset=\"https:\/\/roboflex.com.br\/wp-content\/uploads\/2026\/02\/Case-extreme-3.0-agro-1.webp 1000w, https:\/\/roboflex.com.br\/wp-content\/uploads\/2026\/02\/Case-extreme-3.0-agro-1-300x300.webp 300w, https:\/\/roboflex.com.br\/wp-content\/uploads\/2026\/02\/Case-extreme-3.0-agro-1-150x150.webp 150w, https:\/\/roboflex.com.br\/wp-content\/uploads\/2026\/02\/Case-extreme-3.0-agro-1-768x768.webp 768w, https:\/\/roboflex.com.br\/wp-content\/uploads\/2026\/02\/Case-extreme-3.0-agro-1-500x500.webp 500w, https:\/\/roboflex.com.br\/wp-content\/uploads\/2026\/02\/Case-extreme-3.0-agro-1-100x100.webp 100w\" sizes=\"(max-width: 1000px) 100vw, 1000px\" \/>\t\t\t\t\t\t\t\t\t\t\t\t\t\t\t<\/div>\n\t\t\t\t<\/div>\n\t\t\t\t<div class=\"elementor-element elementor-element-51c0905 elementor-widget elementor-widget-image\" data-id=\"51c0905\" data-element_type=\"widget\" data-e-type=\"widget\" data-widget_type=\"image.default\">\n\t\t\t\t<div class=\"elementor-widget-container\">\n\t\t\t\t\t\t\t\t\t\t\t\t\t\t\t<img loading=\"lazy\" decoding=\"async\" width=\"1000\" height=\"1000\" src=\"https:\/\/roboflex.com.br\/wp-content\/uploads\/2026\/02\/Case-extreme-3.0-ponto-1.webp\" class=\"attachment-large size-large wp-image-40539\" alt=\"\" srcset=\"https:\/\/roboflex.com.br\/wp-content\/uploads\/2026\/02\/Case-extreme-3.0-ponto-1.webp 1000w, https:\/\/roboflex.com.br\/wp-content\/uploads\/2026\/02\/Case-extreme-3.0-ponto-1-300x300.webp 300w, https:\/\/roboflex.com.br\/wp-content\/uploads\/2026\/02\/Case-extreme-3.0-ponto-1-150x150.webp 150w, https:\/\/roboflex.com.br\/wp-content\/uploads\/2026\/02\/Case-extreme-3.0-ponto-1-768x768.webp 768w, https:\/\/roboflex.com.br\/wp-content\/uploads\/2026\/02\/Case-extreme-3.0-ponto-1-500x500.webp 500w, https:\/\/roboflex.com.br\/wp-content\/uploads\/2026\/02\/Case-extreme-3.0-ponto-1-100x100.webp 100w\" sizes=\"(max-width: 1000px) 100vw, 1000px\" \/>\t\t\t\t\t\t\t\t\t\t\t\t\t\t\t<\/div>\n\t\t\t\t<\/div>\n\t\t\t\t<div class=\"elementor-element elementor-element-1d3ede2 elementor-widget elementor-widget-image\" data-id=\"1d3ede2\" data-element_type=\"widget\" data-e-type=\"widget\" data-widget_type=\"image.default\">\n\t\t\t\t<div class=\"elementor-widget-container\">\n\t\t\t\t\t\t\t\t\t\t\t\t\t\t\t<img loading=\"lazy\" decoding=\"async\" width=\"1000\" height=\"1000\" src=\"https:\/\/roboflex.com.br\/wp-content\/uploads\/2026\/02\/Case-extreme-3.0-porto-1.webp\" class=\"attachment-large size-large wp-image-40542\" alt=\"Case para tablet porto\" srcset=\"https:\/\/roboflex.com.br\/wp-content\/uploads\/2026\/02\/Case-extreme-3.0-porto-1.webp 1000w, https:\/\/roboflex.com.br\/wp-content\/uploads\/2026\/02\/Case-extreme-3.0-porto-1-300x300.webp 300w, https:\/\/roboflex.com.br\/wp-content\/uploads\/2026\/02\/Case-extreme-3.0-porto-1-150x150.webp 150w, https:\/\/roboflex.com.br\/wp-content\/uploads\/2026\/02\/Case-extreme-3.0-porto-1-768x768.webp 768w, https:\/\/roboflex.com.br\/wp-content\/uploads\/2026\/02\/Case-extreme-3.0-porto-1-500x500.webp 500w, https:\/\/roboflex.com.br\/wp-content\/uploads\/2026\/02\/Case-extreme-3.0-porto-1-100x100.webp 100w\" sizes=\"(max-width: 1000px) 100vw, 1000px\" \/>\t\t\t\t\t\t\t\t\t\t\t\t\t\t\t<\/div>\n\t\t\t\t<\/div>\n\t\t\t\t<\/div>\n\t\t\t\t\t<\/div>\n\t\t\t\t<\/div>\n\t\t<div class=\"elementor-element elementor-element-152d640 e-con-full elementor-hidden-desktop elementor-hidden-tablet elementor-hidden-mobile e-flex e-con e-parent\" data-id=\"152d640\" data-element_type=\"container\" data-e-type=\"container\">\n\t\t<div class=\"elementor-element elementor-element-7070ef1 e-con-full e-flex e-con e-child\" data-id=\"7070ef1\" data-element_type=\"container\" data-e-type=\"container\">\n\t\t\t\t<div class=\"elementor-element elementor-element-e7ad5cb elementor-widget elementor-widget-heading\" data-id=\"e7ad5cb\" data-element_type=\"widget\" data-e-type=\"widget\" data-widget_type=\"heading.default\">\n\t\t\t\t<div class=\"elementor-widget-container\">\n\t\t\t\t\t<h2 class=\"elementor-heading-title elementor-size-default\">Compat\u00edvel com tablet Samsung Active 5 e Multilaser M8<\/h2>\t\t\t\t<\/div>\n\t\t\t\t<\/div>\n\t\t\t\t<div class=\"elementor-element elementor-element-fdfba7a elementor-widget elementor-widget-text-editor\" data-id=\"fdfba7a\" data-element_type=\"widget\" data-e-type=\"widget\" data-widget_type=\"text-editor.default\">\n\t\t\t\t<div class=\"elementor-widget-container\">\n\t\t\t\t\t\t\t\t\t<p style=\"text-align: left;\"><span class=\"OYPEnA text-decoration-none text-strikethrough-none\">Confira as cases Extreme e mais produtos do ecossistema Roboflex\u00ae compat\u00edveis\u00a0 e complete sua solu\u00e7\u00e3o.<\/span><\/p>\t\t\t\t\t\t\t\t<\/div>\n\t\t\t\t<\/div>\n\t\t\t\t<div class=\"elementor-element elementor-element-48b5bb8 elementor-widget elementor-widget-button\" data-id=\"48b5bb8\" data-element_type=\"widget\" data-e-type=\"widget\" data-widget_type=\"button.default\">\n\t\t\t\t<div class=\"elementor-widget-container\">\n\t\t\t\t\t\t\t\t\t<div class=\"elementor-button-wrapper\">\n\t\t\t\t\t<a class=\"elementor-button elementor-button-link elementor-size-sm\" href=\"https:\/\/roboflex.com.br\/produto-tag\/extreme\/\">\n\t\t\t\t\t\t<span class=\"elementor-button-content-wrapper\">\n\t\t\t\t\t\t\t\t\t<span class=\"elementor-button-text\">Ver Produtos<\/span>\n\t\t\t\t\t<\/span>\n\t\t\t\t\t<\/a>\n\t\t\t\t<\/div>\n\t\t\t\t\t\t\t\t<\/div>\n\t\t\t\t<\/div>\n\t\t\t\t<\/div>\n\t\t<div class=\"elementor-element elementor-element-599e3fd e-con-full elementor-hidden-tablet elementor-hidden-mobile e-flex e-con e-child\" data-id=\"599e3fd\" data-element_type=\"container\" data-e-type=\"container\">\n\t\t\t\t<div class=\"elementor-element elementor-element-0d10e86 elementor-widget elementor-widget-image\" data-id=\"0d10e86\" data-element_type=\"widget\" data-e-type=\"widget\" data-widget_type=\"image.default\">\n\t\t\t\t<div class=\"elementor-widget-container\">\n\t\t\t\t\t\t\t\t\t\t\t\t\t\t\t<img loading=\"lazy\" decoding=\"async\" width=\"1024\" height=\"1010\" src=\"https:\/\/roboflex.com.br\/wp-content\/uploads\/2024\/06\/case-fundo-container-portuario-1024x1010.jpg\" class=\"attachment-large size-large wp-image-22738\" alt=\"\" srcset=\"https:\/\/roboflex.com.br\/wp-content\/uploads\/2024\/06\/case-fundo-container-portuario-1024x1010.jpg 1024w, https:\/\/roboflex.com.br\/wp-content\/uploads\/2024\/06\/case-fundo-container-portuario-300x296.jpg 300w, https:\/\/roboflex.com.br\/wp-content\/uploads\/2024\/06\/case-fundo-container-portuario-768x758.jpg 768w, https:\/\/roboflex.com.br\/wp-content\/uploads\/2024\/06\/case-fundo-container-portuario-1536x1516.jpg 1536w, https:\/\/roboflex.com.br\/wp-content\/uploads\/2024\/06\/case-fundo-container-portuario-2048x2021.jpg 2048w, https:\/\/roboflex.com.br\/wp-content\/uploads\/2024\/06\/case-fundo-container-portuario-500x493.jpg 500w, https:\/\/roboflex.com.br\/wp-content\/uploads\/2024\/06\/case-fundo-container-portuario-100x100.jpg 100w\" sizes=\"(max-width: 1024px) 100vw, 1024px\" \/>\t\t\t\t\t\t\t\t\t\t\t\t\t\t\t<\/div>\n\t\t\t\t<\/div>\n\t\t\t\t<\/div>\n\t\t\t\t<\/div>\n\t\t\t\t<\/div>\n\t\t","protected":false},"excerpt":{"rendered":"<p>Prote\u00e7\u00e3o em condi\u00e7\u00f5es extremas As cases Extreme s\u00e3o projetadas para os ambientes mais severos. S\u00e3o ideais para situa\u00e7\u00f5es onde a m\u00e1xima prote\u00e7\u00e3o \u00e9 necess\u00e1ria, assegurando a durabilidade e a confiabilidade dos seus dispositivos em qualquer cen\u00e1rio. As cases Extreme s\u00e3o projetadas para os ambientes mais severos. S\u00e3o ideais para situa\u00e7\u00f5es onde a m\u00e1xima prote\u00e7\u00e3o \u00e9 [&hellip;]<\/p>\n","protected":false},"author":1,"featured_media":40524,"parent":0,"menu_order":0,"comment_status":"closed","ping_status":"closed","template":"","meta":{"_acf_changed":false,"site-sidebar-layout":"no-sidebar","site-content-layout":"page-builder","ast-site-content-layout":"full-width-container","site-content-style":"unboxed","site-sidebar-style":"unboxed","ast-global-header-display":"","ast-banner-title-visibility":"","ast-main-header-display":"","ast-hfb-above-header-display":"","ast-hfb-below-header-display":"","ast-hfb-mobile-header-display":"","site-post-title":"disabled","ast-breadcrumbs-content":"","ast-featured-img":"disabled","footer-sml-layout":"","theme-transparent-header-meta":"default","adv-header-id-meta":"","stick-header-meta":"","header-above-stick-meta":"","header-main-stick-meta":"","header-below-stick-meta":"","astra-migrate-meta-layouts":"set","ast-page-background-enabled":"default","ast-page-background-meta":{"desktop":{"background-color":"var(--ast-global-color-4)","background-image":"","background-repeat":"repeat","background-position":"center center","background-size":"auto","background-attachment":"scroll","background-type":"","background-media":"","overlay-type":"","overlay-color":"","overlay-opacity":"","overlay-gradient":""},"tablet":{"background-color":"","background-image":"","background-repeat":"repeat","background-position":"center center","background-size":"auto","background-attachment":"scroll","background-type":"","background-media":"","overlay-type":"","overlay-color":"","overlay-opacity":"","overlay-gradient":""},"mobile":{"background-color":"","background-image":"","background-repeat":"repeat","background-position":"center center","background-size":"auto","background-attachment":"scroll","background-type":"","background-media":"","overlay-type":"","overlay-color":"","overlay-opacity":"","overlay-gradient":""}},"ast-content-background-meta":{"desktop":{"background-color":"var(--ast-global-color-5)","background-image":"","background-repeat":"repeat","background-position":"center center","background-size":"auto","background-attachment":"scroll","background-type":"","background-media":"","overlay-type":"","overlay-color":"","overlay-opacity":"","overlay-gradient":""},"tablet":{"background-color":"var(--ast-global-color-5)","background-image":"","background-repeat":"repeat","background-position":"center center","background-size":"auto","background-attachment":"scroll","background-type":"","background-media":"","overlay-type":"","overlay-color":"","overlay-opacity":"","overlay-gradient":""},"mobile":{"background-color":"var(--ast-global-color-5)","background-image":"","background-repeat":"repeat","background-position":"center center","background-size":"auto","background-attachment":"scroll","background-type":"","background-media":"","overlay-type":"","overlay-color":"","overlay-opacity":"","overlay-gradient":""}},"footnotes":""},"class_list":["post-23883","page","type-page","status-publish","has-post-thumbnail","hentry"],"acf":[],"_links":{"self":[{"href":"https:\/\/roboflex.com.br\/es\/wp-json\/wp\/v2\/pages\/23883","targetHints":{"allow":["GET"]}}],"collection":[{"href":"https:\/\/roboflex.com.br\/es\/wp-json\/wp\/v2\/pages"}],"about":[{"href":"https:\/\/roboflex.com.br\/es\/wp-json\/wp\/v2\/types\/page"}],"author":[{"embeddable":true,"href":"https:\/\/roboflex.com.br\/es\/wp-json\/wp\/v2\/users\/1"}],"replies":[{"embeddable":true,"href":"https:\/\/roboflex.com.br\/es\/wp-json\/wp\/v2\/comments?post=23883"}],"version-history":[{"count":22,"href":"https:\/\/roboflex.com.br\/es\/wp-json\/wp\/v2\/pages\/23883\/revisions"}],"predecessor-version":[{"id":40583,"href":"https:\/\/roboflex.com.br\/es\/wp-json\/wp\/v2\/pages\/23883\/revisions\/40583"}],"wp:featuredmedia":[{"embeddable":true,"href":"https:\/\/roboflex.com.br\/es\/wp-json\/wp\/v2\/media\/40524"}],"wp:attachment":[{"href":"https:\/\/roboflex.com.br\/es\/wp-json\/wp\/v2\/media?parent=23883"}],"curies":[{"name":"wp","href":"https:\/\/api.w.org\/{rel}","templated":true}]}}