{"id":1826,"date":"2023-06-12T13:58:12","date_gmt":"2023-06-12T16:58:12","guid":{"rendered":"https:\/\/lightyellow-zebra-660216.hostingersite.com\/politica-de-privacidade\/"},"modified":"2023-07-13T12:00:35","modified_gmt":"2023-07-13T15:00:35","slug":"politica-de-privacidad","status":"publish","type":"page","link":"https:\/\/roboflex.com.br\/es\/politica-de-privacidad\/","title":{"rendered":"Pol\u00edtica de privacidad"},"content":{"rendered":"<p>Roboflex respeta su privacidad y valora la relaci\u00f3n mantenida con usted. En este sentido, valora tratar sus datos personales con seguridad y transparencia, respetando la Ley n\u00ba 13.709 \/ 2018 (Ley General de Protecci\u00f3n de Datos Personales \u00abLGPD\u00bb).<\/p>\n<p>Esta Pol\u00edtica de Privacidad describe los tipos de informaci\u00f3n personal que recopilamos, c\u00f3mo la usamos, con qui\u00e9n la compartimos y su derecho como titular de datos personales.<\/p>\n<p>Al facilitar sus datos, usted es consciente de que el responsable del tratamiento de sus datos personales ser\u00e1 Matrixx Desenvolvimento de Pe\u00e7as T\u00e9cnicas, nombre comercial \u00abRoboflex\u00bb, registrada en el CNPJ n\u00ba 16.875.130\/0001-08, con sede en Rua Concei\u00e7\u00e3o do Par\u00e1, n\u00ba 150, Santa In\u00eas, Belo Horizonte\/MG.<\/p>\n<p>Recomendamos una lectura atenta de la Pol\u00edtica de Privacidad, destacando que en caso de cualquier duda, no dude en ponerse en contacto con nosotros.<\/p>\n<p><strong>A QUI\u00c9N SE APLICA<\/strong><\/p>\n<p>La Pol\u00edtica de Privacidad se aplica a los individuos (personas f\u00edsicas) que interact\u00faan con los servicios de Roboflex. Que tengan, de alguna forma, datos personales procesados por nosotros.<\/p>\n<p><strong>ORIGEN DE LA RECOGIDA DE DATOS<\/strong><\/p>\n<p>Recogemos o podemos recoger sus datos personales a trav\u00e9s de las siguientes fuentes de recogida:<\/p>\n<ul>\n<li>P\u00e1gina web de Roboflex y cookies: la p\u00e1gina web puede ser utilizada para recoger datos personales durante la navegaci\u00f3n y sobre el dispositivo utilizado, mediante cookies. Se consideran sitios web aquellos que operamos directamente a trav\u00e9s de nuestro dominio y direcciones IP, as\u00ed como p\u00e1ginas que establecemos servicios, como Facebook, Instagram, Linkedin, y otros terceros que ofrecen este tipo de servicios;<\/li>\n<li>Directamente por el interesado: los datos podr\u00e1n ser compartidos entre el interesado y Roboflex a trav\u00e9s de llamadas, apps de mensajer\u00eda, correos electr\u00f3nicos o en persona. Hacemos hincapi\u00e9 en que Roboflex s\u00f3lo enviar\u00e1 correos electr\u00f3nicos con direcciones de su dominio, por ejemplo xxx@lightyellow-zebra-660216.hostingersite.com, por lo que advertimos a todo el mundo que compruebe los correos electr\u00f3nicos enviados;<\/li>\n<li>Servicio posventa y centro de ventas: contactos realizados a trav\u00e9s de nuestros centros de llamadas;<\/li>\n<li>Socios comerciales, representantes y proveedores de servicios: datos obtenidos a trav\u00e9s de empresas de an\u00e1lisis de datos, redes publicitarias, representantes de empresas y terceros con los que trabajamos;<\/li>\n<li>Anuncios, publicidad y formularios: las interacciones entre Roboflex y terceros pueden dar lugar al intercambio de datos;<\/li>\n<li>Comercio electr\u00f3nico: cuando la compra se realiza en una de nuestras plataformas digitales, se pueden recopilar datos para validar la entrega de la mercanc\u00eda, la validaci\u00f3n del pago, la identificaci\u00f3n del cliente, entre otros datos cruciales.<\/li>\n<\/ul>\n<p><strong>DATOS PERSONALES RECOPILADOS<\/strong><\/p>\n<p>Durante su interacci\u00f3n con Roboflex, podemos recopilar algunos datos personales sobre usted, como se indica a continuaci\u00f3n:<\/p>\n<ul>\n<li>Informaci\u00f3n de contacto e identificadores personales: datos para facilitar el contacto, como nombre, direcci\u00f3n, correo electr\u00f3nico, n\u00famero de tel\u00e9fono, redes sociales, profesi\u00f3n, informaci\u00f3n para identificar la empresa para la que trabaja y cargo;<\/li>\n<li>Informaci\u00f3n de identificaci\u00f3n del dispositivo: datos que identifican su dispositivo y ubicaci\u00f3n, como direcci\u00f3n IP, ID del dispositivo y coordenadas GPS;<\/li>\n<li>Informaci\u00f3n de inicio de sesi\u00f3n: datos para identificarse en los servicios ofrecidos por Roboflex, como direcci\u00f3n o nombre de inicio de sesi\u00f3n, contrase\u00f1a individual de acceso y pregunta de seguridad;<\/li>\n<li>Informaci\u00f3n demogr\u00e1fica y de intereses: datos que identifican sus caracter\u00edsticas, como fecha de nacimiento, edad, sexo, ubicaci\u00f3n, productos solicitados o buscados y otros intereses en la marca;<\/li>\n<li>Informaci\u00f3n sobre la actividad en l\u00ednea o en la red: datos obtenidos a trav\u00e9s de la navegaci\u00f3n por el sitio web de Roboflex, como b\u00fasquedas frecuentes, productos comprados y visitados y tiempo de visita;<\/li>\n<li>Informaci\u00f3n audiovisual: datos recogidos mediante grabaciones de voz a trav\u00e9s de llamadas y conversaciones en aplicaciones de comunicaci\u00f3n, as\u00ed como im\u00e1genes recogidas por circuitos cerrados de televisi\u00f3n, ubicados en la sede de la empresa;<\/li>\n<li>Informaci\u00f3n sobre pagos: datos que permiten la identificaci\u00f3n y facturaci\u00f3n, como informaci\u00f3n sobre cuotas, datos de la tarjeta y direcci\u00f3n de facturaci\u00f3n;<\/li>\n<li>Informaci\u00f3n sobre estudios de mercado y comentarios: datos compartidos voluntariamente sobre la experiencia con el uso de los productos Roboflex y los servicios prestados;<\/li>\n<li>Informaci\u00f3n profesional y relacionada con la contrataci\u00f3n: en el caso de la contrataci\u00f3n de empleados de Roboflex, se compartir\u00e1n datos como informaci\u00f3n del curr\u00edculum, historial de contrataci\u00f3n, informaci\u00f3n acad\u00e9mica y certificados de finalizaci\u00f3n de estudios, as\u00ed como datos de identificaci\u00f3n (nombre, CPF, direcci\u00f3n completa, tarjeta de trabajo y datos de las personas a cargo, si fuera necesario) e informaci\u00f3n financiera (nombre del banco, sucursal y n\u00famero de cuenta);<\/li>\n<li>Datos personales sensibles: Roboflex no suele tratar datos personales considerados sensibles por la ley. Por lo tanto, no tenemos la intenci\u00f3n de recopilar o procesar datos personales sensibles en el curso normal de sus interacciones con nuestro producto o servicios. En caso de que necesitemos tratar sus datos sensibles por cualquier motivo, obtendremos su consentimiento previo para cualquier tratamiento.<\/li>\n<\/ul>\n<p><strong>DATOS PERSONALES DE MENORES<\/strong><\/p>\n<p>Roboflex no solicita, recopila, procesa, almacena ni comparte conscientemente datos personales de menores de 18 (dieciocho) a\u00f1os. Excepto para el registro de dependientes de sus empleados.<\/p>\n<p><span style=\"font-weight: 400;\">Caso a Roboflex tenha conhecimento de qualquer tratamento de dados de menores de idade, de forma n\u00e3o intencional, ir\u00e1 imediatamente remover dos registros referidos dados pessoais.<\/span><\/p>\n<p><strong>TRATAMIENTO DE DATOS PERSONALES<\/strong><\/p>\n<p>Roboflex tratar\u00e1 sus datos con el mayor cuidado posible, valorando siempre la seguridad de la informaci\u00f3n compartida. Los datos se aplicar\u00e1n en situaciones espec\u00edficas y se utilizar\u00e1n de acuerdo con las finalidades que se indican a continuaci\u00f3n:<\/p>\n<ul>\n<li>Presentar y ofrecer productos y servicios, utilizando la informaci\u00f3n compartida para contactar, aclarar dudas, responder a sugerencias, conocer los productos adquiridos, redactar contratos y cumplir con las obligaciones contractuales y legales;<\/li>\n<li>Publicitar y gestionar promociones, campa\u00f1as de marketing y encuestas;<\/li>\n<li>Gestionar compras y pedidos;<\/li>\n<li>Efectuar el pago de los productos adquiridos;<\/li>\n<li>Realizar an\u00e1lisis o recopilar estad\u00edsticas;<\/li>\n<li>Registrar clientes, representantes y proveedores, as\u00ed como actualizar registros internos;<\/li>\n<li>Comprobar su historial crediticio con nuestros proveedores de an\u00e1lisis de cr\u00e9dito;<\/li>\n<li>Cumplir obligaciones contractuales y legales.<\/li>\n<\/ul>\n<p><strong>INTERCAMBIO DE DATOS<\/strong><\/p>\n<p>Teniendo como objetivo la seguridad de los datos personales obtenidos, Roboflex no comparte, alquila, vende o presta ning\u00fan tipo de datos personales de sus clientes a terceras empresas, a excepci\u00f3n de representantes y socios comerciales debidamente registrados con Roboflex, siendo dichos datos compartidos con la \u00fanica y exclusiva finalidad de proporcionar un trato personalizado a nuestros clientes.<\/p>\n<p><strong>PLAZO DE CONSERVACI\u00d3N<\/strong><\/p>\n<p>Tal y como establece la legislaci\u00f3n vigente, Roboflex utiliza y almacena los datos personales durante el tiempo necesario para cumplir con las finalidades para las que fueron recabados, salvo que exista alguna otra raz\u00f3n que justifique su mantenimiento.<\/p>\n<p>Recordando que el titular de los datos personales podr\u00e1 solicitar en cualquier momento la supresi\u00f3n de sus datos.<\/p>\n<p><strong>REVOCACI\u00d3N DEL CONSENTIMIENTO<\/strong><\/p>\n<p>De acuerdo con la legislaci\u00f3n brasile\u00f1a, en particular la Ley General de Protecci\u00f3n de Datos Personales \u00abLGPD\u00bb (Ley n\u00ba 13.709, de 14 de agosto de 2018), el titular de los datos personales tiene derecho a revocar su consentimiento en relaci\u00f3n con las actividades de tratamiento de datos que lo identifiquen, siendo deber de Roboflex cesar inmediatamente el tratamiento de los datos, as\u00ed como devolver la informaci\u00f3n al titular.<\/p>\n<p>La revocaci\u00f3n del consentimiento no afectar\u00e1 a la licitud de los tratamientos realizados con anterioridad.<\/p>\n<p><strong>CAMBIOS EN LA POL\u00cdTICA DE PRIVACIDAD<\/strong><\/p>\n<p>Roboflex se reserva el derecho de actualizar esta Pol\u00edtica de Privacidad en cualquier momento, siempre que se mantenga el cumplimiento de la legislaci\u00f3n vigente.<\/p>\n<p>Le recomendamos que acceda con frecuencia a nuestra Pol\u00edtica de Privacidad, o siempre que tenga alguna duda, para estar al tanto de los cambios realizados.<\/p>\n<p><strong>CANAL DE CONTACTO<\/strong><\/p>\n<p>Si cree que sus datos personales han sido utilizados de forma incompatible con esta Pol\u00edtica de Privacidad o con sus elecciones como titular de datos personales, o si tiene alguna pregunta, comentario o sugerencia relacionada con esta pol\u00edtica, no dude en ponerse en contacto con nosotros, estamos a su disposici\u00f3n para resolver su demanda y atenderle de la mejor forma posible.<\/p>\n<p>Puede ponerse en contacto con nosotros por correo electr\u00f3nico: <a href=\"mailto:rh@lightyellow-zebra-660216.hostingersite.com\">rh@lightyellow-zebra-660216.hostingersite.com<\/a> o por tel\u00e9fono (31) 98393-2802.<\/p>\n","protected":false},"excerpt":{"rendered":"<p>Roboflex respeta su privacidad y valora la relaci\u00f3n mantenida con usted. En este sentido, valora tratar sus datos personales con seguridad y transparencia, respetando la Ley n\u00ba 13.709 \/ 2018 (Ley General de Protecci\u00f3n de Datos Personales \u00abLGPD\u00bb). Esta Pol\u00edtica de Privacidad describe los tipos de informaci\u00f3n personal que recopilamos, c\u00f3mo la usamos, con qui\u00e9n [&hellip;]<\/p>\n","protected":false},"author":10,"featured_media":0,"parent":0,"menu_order":0,"comment_status":"closed","ping_status":"closed","template":"","meta":{"_acf_changed":false,"site-sidebar-layout":"no-sidebar","site-content-layout":"page-builder","ast-site-content-layout":"full-width-container","site-content-style":"unboxed","site-sidebar-style":"unboxed","ast-global-header-display":"","ast-banner-title-visibility":"","ast-main-header-display":"","ast-hfb-above-header-display":"","ast-hfb-below-header-display":"","ast-hfb-mobile-header-display":"","site-post-title":"disabled","ast-breadcrumbs-content":"","ast-featured-img":"disabled","footer-sml-layout":"","theme-transparent-header-meta":"default","adv-header-id-meta":"","stick-header-meta":"","header-above-stick-meta":"","header-main-stick-meta":"","header-below-stick-meta":"","astra-migrate-meta-layouts":"default","ast-page-background-enabled":"default","ast-page-background-meta":{"desktop":{"background-color":"var(--ast-global-color-4)","background-image":"","background-repeat":"repeat","background-position":"center center","background-size":"auto","background-attachment":"scroll","background-type":"","background-media":"","overlay-type":"","overlay-color":"","overlay-opacity":"","overlay-gradient":""},"tablet":{"background-color":"","background-image":"","background-repeat":"repeat","background-position":"center center","background-size":"auto","background-attachment":"scroll","background-type":"","background-media":"","overlay-type":"","overlay-color":"","overlay-opacity":"","overlay-gradient":""},"mobile":{"background-color":"","background-image":"","background-repeat":"repeat","background-position":"center center","background-size":"auto","background-attachment":"scroll","background-type":"","background-media":"","overlay-type":"","overlay-color":"","overlay-opacity":"","overlay-gradient":""}},"ast-content-background-meta":{"desktop":{"background-color":"var(--ast-global-color-5)","background-image":"","background-repeat":"repeat","background-position":"center center","background-size":"auto","background-attachment":"scroll","background-type":"","background-media":"","overlay-type":"","overlay-color":"","overlay-opacity":"","overlay-gradient":""},"tablet":{"background-color":"var(--ast-global-color-5)","background-image":"","background-repeat":"repeat","background-position":"center center","background-size":"auto","background-attachment":"scroll","background-type":"","background-media":"","overlay-type":"","overlay-color":"","overlay-opacity":"","overlay-gradient":""},"mobile":{"background-color":"var(--ast-global-color-5)","background-image":"","background-repeat":"repeat","background-position":"center center","background-size":"auto","background-attachment":"scroll","background-type":"","background-media":"","overlay-type":"","overlay-color":"","overlay-opacity":"","overlay-gradient":""}},"footnotes":""},"class_list":["post-1826","page","type-page","status-publish","hentry"],"acf":[],"_links":{"self":[{"href":"https:\/\/roboflex.com.br\/es\/wp-json\/wp\/v2\/pages\/1826","targetHints":{"allow":["GET"]}}],"collection":[{"href":"https:\/\/roboflex.com.br\/es\/wp-json\/wp\/v2\/pages"}],"about":[{"href":"https:\/\/roboflex.com.br\/es\/wp-json\/wp\/v2\/types\/page"}],"author":[{"embeddable":true,"href":"https:\/\/roboflex.com.br\/es\/wp-json\/wp\/v2\/users\/10"}],"replies":[{"embeddable":true,"href":"https:\/\/roboflex.com.br\/es\/wp-json\/wp\/v2\/comments?post=1826"}],"version-history":[{"count":0,"href":"https:\/\/roboflex.com.br\/es\/wp-json\/wp\/v2\/pages\/1826\/revisions"}],"wp:attachment":[{"href":"https:\/\/roboflex.com.br\/es\/wp-json\/wp\/v2\/media?parent=1826"}],"curies":[{"name":"wp","href":"https:\/\/api.w.org\/{rel}","templated":true}]}}