{"id":17349,"date":"2024-03-05T11:06:27","date_gmt":"2024-03-05T14:06:27","guid":{"rendered":"https:\/\/lightyellow-zebra-660216.hostingersite.com\/seguranca-de-produto\/"},"modified":"2024-03-22T14:10:35","modified_gmt":"2024-03-22T17:10:35","slug":"seguranca-de-produto","status":"publish","type":"page","link":"https:\/\/roboflex.com.br\/es\/seguranca-de-produto\/","title":{"rendered":"Certificaci\u00f3n de Seguridad del Producto"},"content":{"rendered":"\t\t<div data-elementor-type=\"wp-page\" data-elementor-id=\"17349\" class=\"elementor elementor-17349 elementor-16479\" data-elementor-post-type=\"page\">\n\t\t\t\t<div class=\"elementor-element elementor-element-afbdcdf e-flex e-con-boxed e-con e-parent\" data-id=\"afbdcdf\" data-element_type=\"container\" data-e-type=\"container\">\n\t\t\t\t\t<div class=\"e-con-inner\">\n\t\t\t\t<div class=\"elementor-element elementor-element-7f4b218 elementor-widget elementor-widget-spacer\" data-id=\"7f4b218\" data-element_type=\"widget\" data-e-type=\"widget\" data-widget_type=\"spacer.default\">\n\t\t\t\t<div class=\"elementor-widget-container\">\n\t\t\t\t\t\t\t<div class=\"elementor-spacer\">\n\t\t\t<div class=\"elementor-spacer-inner\"><\/div>\n\t\t<\/div>\n\t\t\t\t\t\t<\/div>\n\t\t\t\t<\/div>\n\t\t\t\t\t<\/div>\n\t\t\t\t<\/div>\n\t\t<div class=\"elementor-element elementor-element-8991c31 e-flex e-con-boxed e-con e-parent\" data-id=\"8991c31\" data-element_type=\"container\" data-e-type=\"container\">\n\t\t\t\t\t<div class=\"e-con-inner\">\n\t\t<div class=\"elementor-element elementor-element-7bd828c e-con-full e-flex e-con e-child\" data-id=\"7bd828c\" data-element_type=\"container\" data-e-type=\"container\">\n\t\t\t\t<div class=\"elementor-element elementor-element-c65d48f elementor-widget elementor-widget-heading\" data-id=\"c65d48f\" data-element_type=\"widget\" data-e-type=\"widget\" data-widget_type=\"heading.default\">\n\t\t\t\t<div class=\"elementor-widget-container\">\n\t\t\t\t\t<h2 class=\"elementor-heading-title elementor-size-default\">Roboflex\u00ae est\u00e1 certificado con est\u00e1ndares internacionales de seguridad<\/h2>\t\t\t\t<\/div>\n\t\t\t\t<\/div>\n\t\t\t\t<div class=\"elementor-element elementor-element-85c25f7 elementor-widget elementor-widget-text-editor\" data-id=\"85c25f7\" data-element_type=\"widget\" data-e-type=\"widget\" data-widget_type=\"text-editor.default\">\n\t\t\t\t<div class=\"elementor-widget-container\">\n\t\t\t\t\t\t\t\t\t<p>Lograr la Certificaci\u00f3n Internacional de Seguridad IEC 62368-1:2018 es el resultado de nuestro compromiso con la excelencia y la seguridad en todo lo que hacemos. En Roboflex, la seguridad de nuestros productos y la satisfacci\u00f3n de nuestros clientes siempre han sido prioridades.<\/p><p>La Certificaci\u00f3n Internacional de Seguridad IEC 62368-1:2018 significa que nuestros equipos electr\u00f3nicos y el\u00e9ctricos han sido rigurosamente probados y cumplen con los m\u00e1s altos est\u00e1ndares de seguridad establecidos por la norma. Esto brinda a los clientes una tranquilidad adicional al utilizar nuestros productos, sabiendo que han sido dise\u00f1ados y fabricados de acuerdo con las mejores pr\u00e1cticas de protecci\u00f3n el\u00e9ctrica.<\/p><p>El cumplimiento de IEC 62368-1:2018 demuestra nuestro compromiso continuo de priorizar la seguridad y la satisfacci\u00f3n del cliente al ofrecer productos confiables y de alta calidad. Reafirmamos nuestro compromiso con la calidad, la innovaci\u00f3n y la seguridad en todo lo que hacemos y siempre estamos invirtiendo en tecnolog\u00eda de punta, mejores procesos y capacitaci\u00f3n especializada para garantizar que nuestros productos sigan cumpliendo y superando los m\u00e1s altos est\u00e1ndares de seguridad.<\/p>\t\t\t\t\t\t\t\t<\/div>\n\t\t\t\t<\/div>\n\t\t\t\t<\/div>\n\t\t<div class=\"elementor-element elementor-element-c37c815 e-con-full e-flex e-con e-child\" data-id=\"c37c815\" data-element_type=\"container\" data-e-type=\"container\">\n\t\t\t\t<\/div>\n\t\t<div class=\"elementor-element elementor-element-e4bee22 e-con-full e-flex e-con e-child\" data-id=\"e4bee22\" data-element_type=\"container\" data-e-type=\"container\">\n\t\t\t\t<\/div>\n\t\t\t\t\t<\/div>\n\t\t\t\t<\/div>\n\t\t<div class=\"elementor-element elementor-element-1c4bd2e e-flex e-con-boxed e-con e-parent\" data-id=\"1c4bd2e\" data-element_type=\"container\" data-e-type=\"container\">\n\t\t\t\t\t<div class=\"e-con-inner\">\n\t\t\t\t<div class=\"elementor-element elementor-element-a6c3b34 elementor-widget elementor-widget-spacer\" data-id=\"a6c3b34\" data-element_type=\"widget\" data-e-type=\"widget\" data-widget_type=\"spacer.default\">\n\t\t\t\t<div class=\"elementor-widget-container\">\n\t\t\t\t\t\t\t<div class=\"elementor-spacer\">\n\t\t\t<div class=\"elementor-spacer-inner\"><\/div>\n\t\t<\/div>\n\t\t\t\t\t\t<\/div>\n\t\t\t\t<\/div>\n\t\t\t\t\t<\/div>\n\t\t\t\t<\/div>\n\t\t<div class=\"elementor-element elementor-element-aff7f1e e-flex e-con-boxed e-con e-parent\" data-id=\"aff7f1e\" data-element_type=\"container\" data-e-type=\"container\">\n\t\t\t\t\t<div class=\"e-con-inner\">\n\t\t\t\t<div class=\"elementor-element elementor-element-8c46e53 elementor-widget elementor-widget-heading\" data-id=\"8c46e53\" data-element_type=\"widget\" data-e-type=\"widget\" data-widget_type=\"heading.default\">\n\t\t\t\t<div class=\"elementor-widget-container\">\n\t\t\t\t\t<h2 class=\"elementor-heading-title elementor-size-default\">Acerca de la norma internacional de seguridad IEC 62368-1:2018<\/h2>\t\t\t\t<\/div>\n\t\t\t\t<\/div>\n\t\t\t\t<div class=\"elementor-element elementor-element-9f07096 elementor-widget elementor-widget-text-editor\" data-id=\"9f07096\" data-element_type=\"widget\" data-e-type=\"widget\" data-widget_type=\"text-editor.default\">\n\t\t\t\t<div class=\"elementor-widget-container\">\n\t\t\t\t\t\t\t\t\t<p>IEC 62368-1:2018 es una norma internacional que establece requisitos de seguridad para equipos el\u00e9ctricos y electr\u00f3nicos. Fue desarrollado para reemplazar las normas IEC 60950-1 e IEC 60065, que trataban, respectivamente, de la seguridad de los equipos de tecnolog\u00eda de la informaci\u00f3n y los equipos audiovisuales.<\/p><p>El principal objetivo de la norma IEC 62368-1 es garantizar la seguridad de los usuarios, operadores y entornos en los que se utiliza el equipo. Aborda una amplia gama de aspectos relacionados con la seguridad, incluida la protecci\u00f3n contra descargas el\u00e9ctricas, incendios y otras formas de peligro.<\/p><p>Una de las caracter\u00edsticas importantes de IEC 62368-1 es el enfoque de seguridad basado en principios de ingenier\u00eda, en lugar de prescribir requisitos espec\u00edficos para cada tipo de equipo. Esto significa que la norma proporciona pautas generales y criterios de evaluaci\u00f3n de riesgos que los fabricantes deben seguir al dise\u00f1ar y fabricar sus productos.<\/p><p>La norma IEC 62368-1:2018 es una referencia esencial para fabricantes, reguladores y otras partes interesadas que buscan garantizar la seguridad de los equipos el\u00e9ctricos y electr\u00f3nicos en todo el mundo.<\/p>\t\t\t\t\t\t\t\t<\/div>\n\t\t\t\t<\/div>\n\t\t\t\t\t<\/div>\n\t\t\t\t<\/div>\n\t\t<div class=\"elementor-element elementor-element-1d9e46c e-flex e-con-boxed e-con e-parent\" data-id=\"1d9e46c\" data-element_type=\"container\" data-e-type=\"container\">\n\t\t\t\t\t<div class=\"e-con-inner\">\n\t\t\t\t<div class=\"elementor-element elementor-element-f7460c2 elementor-widget elementor-widget-spacer\" data-id=\"f7460c2\" data-element_type=\"widget\" data-e-type=\"widget\" data-widget_type=\"spacer.default\">\n\t\t\t\t<div class=\"elementor-widget-container\">\n\t\t\t\t\t\t\t<div class=\"elementor-spacer\">\n\t\t\t<div class=\"elementor-spacer-inner\"><\/div>\n\t\t<\/div>\n\t\t\t\t\t\t<\/div>\n\t\t\t\t<\/div>\n\t\t\t\t\t<\/div>\n\t\t\t\t<\/div>\n\t\t<div class=\"elementor-element elementor-element-f0f187c elementor-hidden-desktop elementor-hidden-tablet elementor-hidden-mobile e-flex e-con-boxed e-con e-parent\" data-id=\"f0f187c\" data-element_type=\"container\" data-e-type=\"container\">\n\t\t\t\t\t<div class=\"e-con-inner\">\n\t\t\t\t<div class=\"elementor-element elementor-element-f20e565 elementor-widget elementor-widget-video\" data-id=\"f20e565\" data-element_type=\"widget\" data-e-type=\"widget\" data-settings=\"{&quot;youtube_url&quot;:&quot;https:\\\/\\\/www.youtube.com\\\/watch?v=pgtM09_kyaw&quot;,&quot;video_type&quot;:&quot;youtube&quot;,&quot;controls&quot;:&quot;yes&quot;}\" data-widget_type=\"video.default\">\n\t\t\t\t<div class=\"elementor-widget-container\">\n\t\t\t\t\t\t\t<div class=\"elementor-wrapper elementor-open-inline\">\n\t\t\t<div class=\"elementor-video\"><\/div>\t\t<\/div>\n\t\t\t\t\t\t<\/div>\n\t\t\t\t<\/div>\n\t\t\t\t\t<\/div>\n\t\t\t\t<\/div>\n\t\t<div class=\"elementor-element elementor-element-9232546 e-flex e-con-boxed e-con e-parent\" data-id=\"9232546\" data-element_type=\"container\" data-e-type=\"container\">\n\t\t\t\t\t<div class=\"e-con-inner\">\n\t\t<div class=\"elementor-element elementor-element-15bd14e e-flex e-con-boxed e-con e-child\" data-id=\"15bd14e\" data-element_type=\"container\" data-e-type=\"container\">\n\t\t\t\t\t<div class=\"e-con-inner\">\n\t\t\t\t<div class=\"elementor-element elementor-element-01bd59a elementor-widget elementor-widget-video\" data-id=\"01bd59a\" data-element_type=\"widget\" data-e-type=\"widget\" data-settings=\"{&quot;youtube_url&quot;:&quot;https:\\\/\\\/youtu.be\\\/ihUXPSS8oKo&quot;,&quot;video_type&quot;:&quot;youtube&quot;,&quot;controls&quot;:&quot;yes&quot;}\" data-widget_type=\"video.default\">\n\t\t\t\t<div class=\"elementor-widget-container\">\n\t\t\t\t\t\t\t<div class=\"elementor-wrapper elementor-open-inline\">\n\t\t\t<div class=\"elementor-video\"><\/div>\t\t<\/div>\n\t\t\t\t\t\t<\/div>\n\t\t\t\t<\/div>\n\t\t\t\t\t<\/div>\n\t\t\t\t<\/div>\n\t\t\t\t\t<\/div>\n\t\t\t\t<\/div>\n\t\t\t\t<\/div>\n\t\t","protected":false},"excerpt":{"rendered":"<p>Roboflex\u00ae est\u00e1 certificado con est\u00e1ndares internacionales de seguridad Lograr la Certificaci\u00f3n Internacional de Seguridad IEC 62368-1:2018 es el resultado de nuestro compromiso con la excelencia y la seguridad en todo lo que hacemos. En Roboflex, la seguridad de nuestros productos y la satisfacci\u00f3n de nuestros clientes siempre han sido prioridades. La Certificaci\u00f3n Internacional de Seguridad [&hellip;]<\/p>\n","protected":false},"author":10,"featured_media":16582,"parent":0,"menu_order":0,"comment_status":"closed","ping_status":"closed","template":"","meta":{"_acf_changed":false,"site-sidebar-layout":"default","site-content-layout":"default","ast-site-content-layout":"default","site-content-style":"default","site-sidebar-style":"default","ast-global-header-display":"","ast-banner-title-visibility":"","ast-main-header-display":"","ast-hfb-above-header-display":"","ast-hfb-below-header-display":"","ast-hfb-mobile-header-display":"","site-post-title":"","ast-breadcrumbs-content":"","ast-featured-img":"","footer-sml-layout":"","theme-transparent-header-meta":"default","adv-header-id-meta":"","stick-header-meta":"","header-above-stick-meta":"","header-main-stick-meta":"","header-below-stick-meta":"","astra-migrate-meta-layouts":"set","ast-page-background-enabled":"default","ast-page-background-meta":{"desktop":{"background-color":"var(--ast-global-color-4)","background-image":"","background-repeat":"repeat","background-position":"center center","background-size":"auto","background-attachment":"scroll","background-type":"","background-media":"","overlay-type":"","overlay-color":"","overlay-opacity":"","overlay-gradient":""},"tablet":{"background-color":"","background-image":"","background-repeat":"repeat","background-position":"center center","background-size":"auto","background-attachment":"scroll","background-type":"","background-media":"","overlay-type":"","overlay-color":"","overlay-opacity":"","overlay-gradient":""},"mobile":{"background-color":"","background-image":"","background-repeat":"repeat","background-position":"center center","background-size":"auto","background-attachment":"scroll","background-type":"","background-media":"","overlay-type":"","overlay-color":"","overlay-opacity":"","overlay-gradient":""}},"ast-content-background-meta":{"desktop":{"background-color":"var(--ast-global-color-5)","background-image":"","background-repeat":"repeat","background-position":"center center","background-size":"auto","background-attachment":"scroll","background-type":"","background-media":"","overlay-type":"","overlay-color":"","overlay-opacity":"","overlay-gradient":""},"tablet":{"background-color":"var(--ast-global-color-5)","background-image":"","background-repeat":"repeat","background-position":"center center","background-size":"auto","background-attachment":"scroll","background-type":"","background-media":"","overlay-type":"","overlay-color":"","overlay-opacity":"","overlay-gradient":""},"mobile":{"background-color":"var(--ast-global-color-5)","background-image":"","background-repeat":"repeat","background-position":"center center","background-size":"auto","background-attachment":"scroll","background-type":"","background-media":"","overlay-type":"","overlay-color":"","overlay-opacity":"","overlay-gradient":""}},"footnotes":""},"class_list":["post-17349","page","type-page","status-publish","has-post-thumbnail","hentry"],"acf":[],"_links":{"self":[{"href":"https:\/\/roboflex.com.br\/es\/wp-json\/wp\/v2\/pages\/17349","targetHints":{"allow":["GET"]}}],"collection":[{"href":"https:\/\/roboflex.com.br\/es\/wp-json\/wp\/v2\/pages"}],"about":[{"href":"https:\/\/roboflex.com.br\/es\/wp-json\/wp\/v2\/types\/page"}],"author":[{"embeddable":true,"href":"https:\/\/roboflex.com.br\/es\/wp-json\/wp\/v2\/users\/10"}],"replies":[{"embeddable":true,"href":"https:\/\/roboflex.com.br\/es\/wp-json\/wp\/v2\/comments?post=17349"}],"version-history":[{"count":0,"href":"https:\/\/roboflex.com.br\/es\/wp-json\/wp\/v2\/pages\/17349\/revisions"}],"wp:featuredmedia":[{"embeddable":true,"href":"https:\/\/roboflex.com.br\/es\/wp-json\/wp\/v2\/media\/16582"}],"wp:attachment":[{"href":"https:\/\/roboflex.com.br\/es\/wp-json\/wp\/v2\/media?parent=17349"}],"curies":[{"name":"wp","href":"https:\/\/api.w.org\/{rel}","templated":true}]}}