{"id":10629,"date":"2023-09-06T11:24:00","date_gmt":"2023-09-06T14:24:00","guid":{"rendered":"https:\/\/lightyellow-zebra-660216.hostingersite.com\/certificacoes\/"},"modified":"2024-03-21T17:12:20","modified_gmt":"2024-03-21T20:12:20","slug":"certificaciones","status":"publish","type":"page","link":"https:\/\/roboflex.com.br\/es\/certificaciones\/","title":{"rendered":"Certificaci\u00f3n ISO 9001:2015"},"content":{"rendered":"\t\t<div data-elementor-type=\"wp-page\" data-elementor-id=\"10629\" class=\"elementor elementor-10629 elementor-10438\" data-elementor-post-type=\"page\">\n\t\t\t\t<div class=\"elementor-element elementor-element-0b1a535 e-flex e-con-boxed e-con e-parent\" data-id=\"0b1a535\" data-element_type=\"container\" data-e-type=\"container\">\n\t\t\t\t\t<div class=\"e-con-inner\">\n\t\t\t\t<div class=\"elementor-element elementor-element-24e02cb elementor-widget elementor-widget-heading\" data-id=\"24e02cb\" data-element_type=\"widget\" data-e-type=\"widget\" data-widget_type=\"heading.default\">\n\t\t\t\t<div class=\"elementor-widget-container\">\n\t\t\t\t\t<h2 class=\"elementor-heading-title elementor-size-default\">Roboflex\u00ae cuenta con la certificaci\u00f3n ISO 9001:2015<\/h2>\t\t\t\t<\/div>\n\t\t\t\t<\/div>\n\t\t\t\t<div class=\"elementor-element elementor-element-79113ca elementor-widget elementor-widget-text-editor\" data-id=\"79113ca\" data-element_type=\"widget\" data-e-type=\"widget\" data-widget_type=\"text-editor.default\">\n\t\t\t\t<div class=\"elementor-widget-container\">\n\t\t\t\t\t\t\t\t\t<p>14 de septiembre de 2023<\/p>\t\t\t\t\t\t\t\t<\/div>\n\t\t\t\t<\/div>\n\t\t\t\t\t<\/div>\n\t\t\t\t<\/div>\n\t\t<div class=\"elementor-element elementor-element-cecef6e e-con-full e-flex e-con e-parent\" data-id=\"cecef6e\" data-element_type=\"container\" data-e-type=\"container\">\n\t\t<div class=\"elementor-element elementor-element-f29dcca e-flex e-con-boxed e-con e-child\" data-id=\"f29dcca\" data-element_type=\"container\" data-e-type=\"container\">\n\t\t\t\t\t<div class=\"e-con-inner\">\n\t\t\t\t<div class=\"elementor-element elementor-element-0f8a474 elementor-widget elementor-widget-text-editor\" data-id=\"0f8a474\" data-element_type=\"widget\" data-e-type=\"widget\" data-widget_type=\"text-editor.default\">\n\t\t\t\t<div class=\"elementor-widget-container\">\n\t\t\t\t\t\t\t\t\t<p>Roboflex\u00ae se complace en anunciar que recientemente ha obtenido la prestigiosa certificaci\u00f3n de la norma internacional de calidad ISO 9001:2015.<\/p><p>Esto significa que cada etapa de nuestro proceso de dise\u00f1o, producci\u00f3n y venta est\u00e1 cuidadosamente dise\u00f1ada para ser lo m\u00e1s eficiente y eficaz posible. Esta norma de gesti\u00f3n de la calidad se basa en una serie de principios, como un s\u00f3lido enfoque en la satisfacci\u00f3n del cliente, la motivaci\u00f3n y el compromiso de la alta direcci\u00f3n, un enfoque orientado a los procesos y un compromiso de mejora constante.<\/p><p>Este compromiso de mejora continua garantiza que los productos Roboflex\u00ae y el servicio prestado a nuestros socios sean a\u00fan m\u00e1s eficaces, manteniendo un nivel ejemplar de calidad y excelencia. Adem\u00e1s, a medida que mejoramos nuestras operaciones, contribuimos tambi\u00e9n a aumentar la satisfacci\u00f3n de los empleados en el lugar de trabajo.<\/p>\t\t\t\t\t\t\t\t<\/div>\n\t\t\t\t<\/div>\n\t\t\t\t\t<\/div>\n\t\t\t\t<\/div>\n\t\t<div class=\"elementor-element elementor-element-053b26e e-con-full e-flex e-con e-child\" data-id=\"053b26e\" data-element_type=\"container\" data-e-type=\"container\">\n\t\t\t\t<\/div>\n\t\t\t\t<\/div>\n\t\t<div class=\"elementor-element elementor-element-01b61b5 e-flex e-con-boxed e-con e-parent\" data-id=\"01b61b5\" data-element_type=\"container\" data-e-type=\"container\">\n\t\t\t\t\t<div class=\"e-con-inner\">\n\t\t\t\t<div class=\"elementor-element elementor-element-c963e97 elementor-widget elementor-widget-heading\" data-id=\"c963e97\" data-element_type=\"widget\" data-e-type=\"widget\" data-widget_type=\"heading.default\">\n\t\t\t\t<div class=\"elementor-widget-container\">\n\t\t\t\t\t<h2 class=\"elementor-heading-title elementor-size-default\">\u00bfQu\u00e9 es ISO?<\/h2>\t\t\t\t<\/div>\n\t\t\t\t<\/div>\n\t\t\t\t<div class=\"elementor-element elementor-element-9c500c5 elementor-widget elementor-widget-text-editor\" data-id=\"9c500c5\" data-element_type=\"widget\" data-e-type=\"widget\" data-widget_type=\"text-editor.default\">\n\t\t\t\t<div class=\"elementor-widget-container\">\n\t\t\t\t\t\t\t\t\t<p>ISO son las siglas de Organizaci\u00f3n Internacional de Normalizaci\u00f3n. Es una organizaci\u00f3n internacional no gubernamental independiente formada por 169 organismos nacionales de normalizaci\u00f3n.<\/p><p>Es una instituci\u00f3n que trata de formular normas de referencia para productos y servicios con el fin de garantizar la mejora constante de la calidad, la seguridad y la eficiencia.<\/p><p>ISO 9001:2015 es una norma internacional de gesti\u00f3n de la calidad que establece directrices y criterios para implantar sistemas eficaces de gesti\u00f3n de la calidad.<\/p>\t\t\t\t\t\t\t\t<\/div>\n\t\t\t\t<\/div>\n\t\t\t\t\t<\/div>\n\t\t\t\t<\/div>\n\t\t<div class=\"elementor-element elementor-element-2eb205c e-flex e-con-boxed e-con e-parent\" data-id=\"2eb205c\" data-element_type=\"container\" data-e-type=\"container\">\n\t\t\t\t\t<div class=\"e-con-inner\">\n\t\t\t\t<div class=\"elementor-element elementor-element-84d0b6a elementor-widget elementor-widget-heading\" data-id=\"84d0b6a\" data-element_type=\"widget\" data-e-type=\"widget\" data-widget_type=\"heading.default\">\n\t\t\t\t<div class=\"elementor-widget-container\">\n\t\t\t\t\t<h2 class=\"elementor-heading-title elementor-size-default\">\u00bfPor qu\u00e9 ISO?<\/h2>\t\t\t\t<\/div>\n\t\t\t\t<\/div>\n\t\t\t\t<div class=\"elementor-element elementor-element-29826fe elementor-widget elementor-widget-text-editor\" data-id=\"29826fe\" data-element_type=\"widget\" data-e-type=\"widget\" data-widget_type=\"text-editor.default\">\n\t\t\t\t<div class=\"elementor-widget-container\">\n\t\t\t\t\t\t\t\t\t<p>La certificaci\u00f3n ISO 9001 es un reconocimiento que atestigua el cumplimiento de una empresa con altos est\u00e1ndares de calidad, demostrando su compromiso con la mejora continua en la gesti\u00f3n de procesos y la satisfacci\u00f3n del cliente, reforzando a\u00fan m\u00e1s la historia de dedicaci\u00f3n de Roboflex\u00ae en la aplicaci\u00f3n de su pol\u00edtica de calidad.<\/p><p>ISO 9001 es una norma reconocida internacionalmente, que establece una s\u00f3lida reputaci\u00f3n en el mercado y crea oportunidades de crecimiento. Tambi\u00e9n puede proporcionar un entorno de trabajo m\u00e1s eficaz y sostenible para los empleados y estimular la innovaci\u00f3n y el desarrollo personal a medida que se comprometen en la b\u00fasqueda constante de la excelencia. Tambi\u00e9n aumenta la confianza en los productos y servicios que ofrece la empresa.<\/p>\t\t\t\t\t\t\t\t<\/div>\n\t\t\t\t<\/div>\n\t\t\t\t\t<\/div>\n\t\t\t\t<\/div>\n\t\t<div class=\"elementor-element elementor-element-5141dd5 e-flex e-con-boxed e-con e-parent\" data-id=\"5141dd5\" data-element_type=\"container\" data-e-type=\"container\">\n\t\t\t\t\t<div class=\"e-con-inner\">\n\t\t\t\t<div class=\"elementor-element elementor-element-fea804b elementor-widget elementor-widget-video\" data-id=\"fea804b\" data-element_type=\"widget\" data-e-type=\"widget\" data-settings=\"{&quot;youtube_url&quot;:&quot;https:\\\/\\\/www.youtube.com\\\/watch?v=pgtM09_kyaw&quot;,&quot;video_type&quot;:&quot;youtube&quot;,&quot;controls&quot;:&quot;yes&quot;}\" data-widget_type=\"video.default\">\n\t\t\t\t<div class=\"elementor-widget-container\">\n\t\t\t\t\t\t\t<div class=\"elementor-wrapper elementor-open-inline\">\n\t\t\t<div class=\"elementor-video\"><\/div>\t\t<\/div>\n\t\t\t\t\t\t<\/div>\n\t\t\t\t<\/div>\n\t\t\t\t\t<\/div>\n\t\t\t\t<\/div>\n\t\t\t\t<\/div>\n\t\t","protected":false},"excerpt":{"rendered":"<p>Roboflex\u00ae cuenta con la certificaci\u00f3n ISO 9001:2015 14 de septiembre de 2023 Roboflex\u00ae se complace en anunciar que recientemente ha obtenido la prestigiosa certificaci\u00f3n de la norma internacional de calidad ISO 9001:2015. Esto significa que cada etapa de nuestro proceso de dise\u00f1o, producci\u00f3n y venta est\u00e1 cuidadosamente dise\u00f1ada para ser lo m\u00e1s eficiente y eficaz [&hellip;]<\/p>\n","protected":false},"author":10,"featured_media":10529,"parent":0,"menu_order":0,"comment_status":"closed","ping_status":"closed","template":"","meta":{"_acf_changed":false,"site-sidebar-layout":"default","site-content-layout":"default","ast-site-content-layout":"default","site-content-style":"default","site-sidebar-style":"default","ast-global-header-display":"","ast-banner-title-visibility":"","ast-main-header-display":"","ast-hfb-above-header-display":"","ast-hfb-below-header-display":"","ast-hfb-mobile-header-display":"","site-post-title":"","ast-breadcrumbs-content":"","ast-featured-img":"","footer-sml-layout":"","theme-transparent-header-meta":"default","adv-header-id-meta":"","stick-header-meta":"","header-above-stick-meta":"","header-main-stick-meta":"","header-below-stick-meta":"","astra-migrate-meta-layouts":"set","ast-page-background-enabled":"default","ast-page-background-meta":{"desktop":{"background-color":"var(--ast-global-color-4)","background-image":"","background-repeat":"repeat","background-position":"center center","background-size":"auto","background-attachment":"scroll","background-type":"","background-media":"","overlay-type":"","overlay-color":"","overlay-opacity":"","overlay-gradient":""},"tablet":{"background-color":"","background-image":"","background-repeat":"repeat","background-position":"center center","background-size":"auto","background-attachment":"scroll","background-type":"","background-media":"","overlay-type":"","overlay-color":"","overlay-opacity":"","overlay-gradient":""},"mobile":{"background-color":"","background-image":"","background-repeat":"repeat","background-position":"center center","background-size":"auto","background-attachment":"scroll","background-type":"","background-media":"","overlay-type":"","overlay-color":"","overlay-opacity":"","overlay-gradient":""}},"ast-content-background-meta":{"desktop":{"background-color":"var(--ast-global-color-5)","background-image":"","background-repeat":"repeat","background-position":"center center","background-size":"auto","background-attachment":"scroll","background-type":"","background-media":"","overlay-type":"","overlay-color":"","overlay-opacity":"","overlay-gradient":""},"tablet":{"background-color":"var(--ast-global-color-5)","background-image":"","background-repeat":"repeat","background-position":"center center","background-size":"auto","background-attachment":"scroll","background-type":"","background-media":"","overlay-type":"","overlay-color":"","overlay-opacity":"","overlay-gradient":""},"mobile":{"background-color":"var(--ast-global-color-5)","background-image":"","background-repeat":"repeat","background-position":"center center","background-size":"auto","background-attachment":"scroll","background-type":"","background-media":"","overlay-type":"","overlay-color":"","overlay-opacity":"","overlay-gradient":""}},"footnotes":""},"class_list":["post-10629","page","type-page","status-publish","has-post-thumbnail","hentry"],"acf":[],"_links":{"self":[{"href":"https:\/\/roboflex.com.br\/es\/wp-json\/wp\/v2\/pages\/10629","targetHints":{"allow":["GET"]}}],"collection":[{"href":"https:\/\/roboflex.com.br\/es\/wp-json\/wp\/v2\/pages"}],"about":[{"href":"https:\/\/roboflex.com.br\/es\/wp-json\/wp\/v2\/types\/page"}],"author":[{"embeddable":true,"href":"https:\/\/roboflex.com.br\/es\/wp-json\/wp\/v2\/users\/10"}],"replies":[{"embeddable":true,"href":"https:\/\/roboflex.com.br\/es\/wp-json\/wp\/v2\/comments?post=10629"}],"version-history":[{"count":0,"href":"https:\/\/roboflex.com.br\/es\/wp-json\/wp\/v2\/pages\/10629\/revisions"}],"wp:featuredmedia":[{"embeddable":true,"href":"https:\/\/roboflex.com.br\/es\/wp-json\/wp\/v2\/media\/10529"}],"wp:attachment":[{"href":"https:\/\/roboflex.com.br\/es\/wp-json\/wp\/v2\/media?parent=10629"}],"curies":[{"name":"wp","href":"https:\/\/api.w.org\/{rel}","templated":true}]}}