{"id":8788,"date":"2023-06-27T11:20:34","date_gmt":"2023-06-27T14:20:34","guid":{"rendered":"https:\/\/lightyellow-zebra-660216.hostingersite.com\/produto\/base-4-furos-tamanho-c\/"},"modified":"2023-07-31T11:51:05","modified_gmt":"2023-07-31T14:51:05","slug":"base-4-furos-tamanho-c","status":"publish","type":"product","link":"https:\/\/roboflex.com.br\/en\/produto\/base-4-furos-tamanho-c\/","title":{"rendered":"4-Hole Base Size C"},"content":{"rendered":"\t\t<div data-elementor-type=\"product-post\" data-elementor-id=\"8788\" class=\"elementor elementor-8788 elementor-2835\" data-elementor-post-type=\"product\">\n\t\t\t\t<div class=\"elementor-element elementor-element-1ff19dd elementor-hidden-tablet elementor-hidden-mobile e-flex e-con-boxed e-con e-parent\" data-id=\"1ff19dd\" data-element_type=\"container\" data-e-type=\"container\">\n\t\t\t\t\t<div class=\"e-con-inner\">\n\t\t\t\t<div class=\"elementor-element elementor-element-900ca57 elementor-widget elementor-widget-image\" data-id=\"900ca57\" data-element_type=\"widget\" data-e-type=\"widget\" data-widget_type=\"image.default\">\n\t\t\t\t<div class=\"elementor-widget-container\">\n\t\t\t\t\t\t\t\t\t\t\t\t\t\t\t<img decoding=\"async\" src=\"https:\/\/roboflex.com.br\/wp-content\/uploads\/elementor\/thumbs\/material-resistente-rcmke3a0y964ak5z33uf5rl3azk6734vyqr4lji74g.png\" title=\"material-resistente\" alt=\"material resistente\" loading=\"lazy\" \/>\t\t\t\t\t\t\t\t\t\t\t\t\t\t\t<\/div>\n\t\t\t\t<\/div>\n\t\t\t\t<div class=\"elementor-element elementor-element-09361d7 elementor-widget elementor-widget-text-editor\" data-id=\"09361d7\" data-element_type=\"widget\" data-e-type=\"widget\" data-widget_type=\"text-editor.default\">\n\t\t\t\t<div class=\"elementor-widget-container\">\n\t\t\t\t\t\t\t\t\t<p>\u00a0Made of highly durable and reliable material for the most demanding environments.<\/p>\t\t\t\t\t\t\t\t<\/div>\n\t\t\t\t<\/div>\n\t\t\t\t\t<\/div>\n\t\t\t\t<\/div>\n\t\t<div class=\"elementor-element elementor-element-8b6f878 elementor-hidden-tablet elementor-hidden-mobile e-flex e-con-boxed e-con e-parent\" data-id=\"8b6f878\" data-element_type=\"container\" data-e-type=\"container\">\n\t\t\t\t\t<div class=\"e-con-inner\">\n\t\t\t\t<div class=\"elementor-element elementor-element-0ae1db6 elementor-widget elementor-widget-image\" data-id=\"0ae1db6\" data-element_type=\"widget\" data-e-type=\"widget\" data-widget_type=\"image.default\">\n\t\t\t\t<div class=\"elementor-widget-container\">\n\t\t\t\t\t\t\t\t\t\t\t\t\t\t\t<img decoding=\"async\" src=\"https:\/\/roboflex.com.br\/wp-content\/uploads\/elementor\/thumbs\/intemperies-rcmke3a10g3xvgknt1vz9kj0curr4oao9bzdwm124i.png\" title=\"intemp\u00e9ries\" alt=\"prote\u00e7\u00e3o contra intemp\u00e9ries\" loading=\"lazy\" \/>\t\t\t\t\t\t\t\t\t\t\t\t\t\t\t<\/div>\n\t\t\t\t<\/div>\n\t\t\t\t<div class=\"elementor-element elementor-element-d30a880 elementor-widget elementor-widget-text-editor\" data-id=\"d30a880\" data-element_type=\"widget\" data-e-type=\"widget\" data-widget_type=\"text-editor.default\">\n\t\t\t\t<div class=\"elementor-widget-container\">\n\t\t\t\t\t\t\t\t\t<p>Weather protection (water, light, oxidation, salt spray and other external agents).<\/p>\t\t\t\t\t\t\t\t<\/div>\n\t\t\t\t<\/div>\n\t\t\t\t\t<\/div>\n\t\t\t\t<\/div>\n\t\t<div class=\"elementor-element elementor-element-b720b56 elementor-hidden-tablet elementor-hidden-mobile e-flex e-con-boxed e-con e-parent\" data-id=\"b720b56\" data-element_type=\"container\" data-e-type=\"container\">\n\t\t\t\t\t<div class=\"e-con-inner\">\n\t\t\t\t<div class=\"elementor-element elementor-element-7da8d43 elementor-widget elementor-widget-image\" data-id=\"7da8d43\" data-element_type=\"widget\" data-e-type=\"widget\" data-widget_type=\"image.default\">\n\t\t\t\t<div class=\"elementor-widget-container\">\n\t\t\t\t\t\t\t\t\t\t\t\t\t\t\t<img decoding=\"async\" src=\"https:\/\/roboflex.com.br\/wp-content\/uploads\/elementor\/thumbs\/material-leve-rcmke1eckl3jnc8pe3160s2647tfroxfahg5mzkzgw.png\" title=\"material leve\" alt=\"material leve\" loading=\"lazy\" \/>\t\t\t\t\t\t\t\t\t\t\t\t\t\t\t<\/div>\n\t\t\t\t<\/div>\n\t\t\t\t<div class=\"elementor-element elementor-element-7107331 elementor-widget elementor-widget-text-editor\" data-id=\"7107331\" data-element_type=\"widget\" data-e-type=\"widget\" data-widget_type=\"text-editor.default\">\n\t\t\t\t<div class=\"elementor-widget-container\">\n\t\t\t\t\t\t\t\t\t<p>\u00a0Lightweight product and modern design.<\/p>\t\t\t\t\t\t\t\t<\/div>\n\t\t\t\t<\/div>\n\t\t\t\t\t<\/div>\n\t\t\t\t<\/div>\n\t\t<div class=\"elementor-element elementor-element-cb77542 elementor-hidden-tablet elementor-hidden-mobile e-flex e-con-boxed e-con e-parent\" data-id=\"cb77542\" data-element_type=\"container\" data-e-type=\"container\">\n\t\t\t\t\t<div class=\"e-con-inner\">\n\t\t\t\t<div class=\"elementor-element elementor-element-6f8b0fc elementor-widget elementor-widget-image\" data-id=\"6f8b0fc\" data-element_type=\"widget\" data-e-type=\"widget\" data-widget_type=\"image.default\">\n\t\t\t\t<div class=\"elementor-widget-container\">\n\t\t\t\t\t\t\t\t\t\t\t\t\t\t\t<img decoding=\"async\" src=\"https:\/\/roboflex.com.br\/wp-content\/uploads\/elementor\/thumbs\/longa-duracao-rcmke55pbx8oxs38s4noar40hrawmhccn023k3fes0.png\" title=\"longa dura\u00e7\u00e3o\" alt=\"longa dura\u00e7\u00e3o\" loading=\"lazy\" \/>\t\t\t\t\t\t\t\t\t\t\t\t\t\t\t<\/div>\n\t\t\t\t<\/div>\n\t\t\t\t<div class=\"elementor-element elementor-element-f567072 elementor-widget elementor-widget-text-editor\" data-id=\"f567072\" data-element_type=\"widget\" data-e-type=\"widget\" data-widget_type=\"text-editor.default\">\n\t\t\t\t<div class=\"elementor-widget-container\">\n\t\t\t\t\t\t\t\t\t<p>\u00a0Long life product.<\/p>\t\t\t\t\t\t\t\t<\/div>\n\t\t\t\t<\/div>\n\t\t\t\t\t<\/div>\n\t\t\t\t<\/div>\n\t\t<div class=\"elementor-element elementor-element-e601b98 elementor-hidden-desktop e-flex e-con-boxed e-con e-parent\" data-id=\"e601b98\" data-element_type=\"container\" data-e-type=\"container\">\n\t\t\t\t\t<div class=\"e-con-inner\">\n\t\t\t\t<div class=\"elementor-element elementor-element-f0b298c elementor-widget elementor-widget-image\" data-id=\"f0b298c\" data-element_type=\"widget\" data-e-type=\"widget\" data-widget_type=\"image.default\">\n\t\t\t\t<div class=\"elementor-widget-container\">\n\t\t\t\t\t\t\t\t\t\t\t\t\t\t\t<img fetchpriority=\"high\" decoding=\"async\" width=\"800\" height=\"160\" src=\"https:\/\/roboflex.com.br\/wp-content\/uploads\/2023\/06\/material-resistente-celular-en.png\" class=\"attachment-large size-large wp-image-9349\" alt=\"\" srcset=\"https:\/\/roboflex.com.br\/wp-content\/uploads\/2023\/06\/material-resistente-celular-en.png 800w, https:\/\/roboflex.com.br\/wp-content\/uploads\/2023\/06\/material-resistente-celular-en-300x60.png 300w, https:\/\/roboflex.com.br\/wp-content\/uploads\/2023\/06\/material-resistente-celular-en-768x154.png 768w, https:\/\/roboflex.com.br\/wp-content\/uploads\/2023\/06\/material-resistente-celular-en-500x100.png 500w\" sizes=\"(max-width: 800px) 100vw, 800px\" \/>\t\t\t\t\t\t\t\t\t\t\t\t\t\t\t<\/div>\n\t\t\t\t<\/div>\n\t\t\t\t<div class=\"elementor-element elementor-element-c38317b elementor-widget elementor-widget-image\" data-id=\"c38317b\" data-element_type=\"widget\" data-e-type=\"widget\" data-widget_type=\"image.default\">\n\t\t\t\t<div class=\"elementor-widget-container\">\n\t\t\t\t\t\t\t\t\t\t\t\t\t\t\t<img decoding=\"async\" width=\"800\" height=\"160\" src=\"https:\/\/roboflex.com.br\/wp-content\/uploads\/2023\/06\/intemperies-celular-en.png\" class=\"attachment-large size-large wp-image-9352\" alt=\"\" srcset=\"https:\/\/roboflex.com.br\/wp-content\/uploads\/2023\/06\/intemperies-celular-en.png 800w, https:\/\/roboflex.com.br\/wp-content\/uploads\/2023\/06\/intemperies-celular-en-300x60.png 300w, https:\/\/roboflex.com.br\/wp-content\/uploads\/2023\/06\/intemperies-celular-en-768x154.png 768w, https:\/\/roboflex.com.br\/wp-content\/uploads\/2023\/06\/intemperies-celular-en-500x100.png 500w\" sizes=\"(max-width: 800px) 100vw, 800px\" \/>\t\t\t\t\t\t\t\t\t\t\t\t\t\t\t<\/div>\n\t\t\t\t<\/div>\n\t\t\t\t<div class=\"elementor-element elementor-element-f64ea83 elementor-widget elementor-widget-image\" data-id=\"f64ea83\" data-element_type=\"widget\" data-e-type=\"widget\" data-widget_type=\"image.default\">\n\t\t\t\t<div class=\"elementor-widget-container\">\n\t\t\t\t\t\t\t\t\t\t\t\t\t\t\t<img decoding=\"async\" width=\"800\" height=\"160\" src=\"https:\/\/roboflex.com.br\/wp-content\/uploads\/2023\/06\/material-leve-celular-en.png\" class=\"attachment-large size-large wp-image-9377\" alt=\"\" srcset=\"https:\/\/roboflex.com.br\/wp-content\/uploads\/2023\/06\/material-leve-celular-en.png 800w, https:\/\/roboflex.com.br\/wp-content\/uploads\/2023\/06\/material-leve-celular-en-300x60.png 300w, https:\/\/roboflex.com.br\/wp-content\/uploads\/2023\/06\/material-leve-celular-en-768x154.png 768w, https:\/\/roboflex.com.br\/wp-content\/uploads\/2023\/06\/material-leve-celular-en-500x100.png 500w\" sizes=\"(max-width: 800px) 100vw, 800px\" \/>\t\t\t\t\t\t\t\t\t\t\t\t\t\t\t<\/div>\n\t\t\t\t<\/div>\n\t\t\t\t<div class=\"elementor-element elementor-element-e6b1bc5 elementor-widget elementor-widget-image\" data-id=\"e6b1bc5\" data-element_type=\"widget\" data-e-type=\"widget\" data-widget_type=\"image.default\">\n\t\t\t\t<div class=\"elementor-widget-container\">\n\t\t\t\t\t\t\t\t\t\t\t\t\t\t\t<img loading=\"lazy\" decoding=\"async\" width=\"800\" height=\"160\" src=\"https:\/\/roboflex.com.br\/wp-content\/uploads\/2023\/06\/longa-duracao-celular-en.png\" class=\"attachment-large size-large wp-image-9356\" alt=\"\" srcset=\"https:\/\/roboflex.com.br\/wp-content\/uploads\/2023\/06\/longa-duracao-celular-en.png 800w, https:\/\/roboflex.com.br\/wp-content\/uploads\/2023\/06\/longa-duracao-celular-en-300x60.png 300w, https:\/\/roboflex.com.br\/wp-content\/uploads\/2023\/06\/longa-duracao-celular-en-768x154.png 768w, https:\/\/roboflex.com.br\/wp-content\/uploads\/2023\/06\/longa-duracao-celular-en-500x100.png 500w\" sizes=\"(max-width: 800px) 100vw, 800px\" \/>\t\t\t\t\t\t\t\t\t\t\t\t\t\t\t<\/div>\n\t\t\t\t<\/div>\n\t\t\t\t\t<\/div>\n\t\t\t\t<\/div>\n\t\t<div class=\"elementor-element elementor-element-e20ba30 elementor-hidden-mobile e-flex e-con-boxed e-con e-parent\" data-id=\"e20ba30\" data-element_type=\"container\" data-e-type=\"container\">\n\t\t\t\t\t<div class=\"e-con-inner\">\n\t\t\t\t<div class=\"elementor-element elementor-element-910f361 elementor-widget elementor-widget-heading\" data-id=\"910f361\" data-element_type=\"widget\" data-e-type=\"widget\" data-widget_type=\"heading.default\">\n\t\t\t\t<div class=\"elementor-widget-container\">\n\t\t\t\t\t<h2 class=\"elementor-heading-title elementor-size-default\">Complete your solution<\/h2>\t\t\t\t<\/div>\n\t\t\t\t<\/div>\n\t\t\t\t\t<\/div>\n\t\t\t\t<\/div>\n\t\t<div class=\"elementor-element elementor-element-1d44753 elementor-hidden-desktop elementor-hidden-tablet e-flex e-con-boxed e-con e-parent\" data-id=\"1d44753\" data-element_type=\"container\" data-e-type=\"container\">\n\t\t\t\t\t<div class=\"e-con-inner\">\n\t\t\t\t<div class=\"elementor-element elementor-element-bfd8f50 elementor-widget elementor-widget-heading\" data-id=\"bfd8f50\" data-element_type=\"widget\" data-e-type=\"widget\" data-widget_type=\"heading.default\">\n\t\t\t\t<div class=\"elementor-widget-container\">\n\t\t\t\t\t<h2 class=\"elementor-heading-title elementor-size-default\">Complete your solution<\/h2>\t\t\t\t<\/div>\n\t\t\t\t<\/div>\n\t\t\t\t\t<\/div>\n\t\t\t\t<\/div>\n\t\t\t\t<\/div>\n\t\t","protected":false},"excerpt":{"rendered":"<ul>\n<li>4-hole base for fixing to a flat surface or for fixing to equipment.<\/li>\n<li>Compatible with C size products (1.5&#8243; ball), supports up to 2kg in static state and 1.8kg in vibrational state.<\/li>\n<\/ul>\n<p><img loading=\"lazy\" decoding=\"async\" class=\"size-medium wp-image-2817 alignright\" src=\"https:\/\/lightyellow-zebra-660216.hostingersite.com\/wp-content\/uploads\/2023\/06\/Amps-base-4-furos-300x300.png\" alt=\"\" width=\"300\" height=\"300\" srcset=\"https:\/\/roboflex.com.br\/wp-content\/uploads\/2023\/06\/Amps-base-4-furos-300x300.png 300w, https:\/\/roboflex.com.br\/wp-content\/uploads\/2023\/06\/Amps-base-4-furos-150x150.png 150w, https:\/\/roboflex.com.br\/wp-content\/uploads\/2023\/06\/Amps-base-4-furos-100x100.png 100w, https:\/\/roboflex.com.br\/wp-content\/uploads\/2023\/06\/Amps-base-4-furos.png 500w\" sizes=\"(max-width: 300px) 100vw, 300px\" \/><\/p>\n<p>&nbsp;<\/p>\n<p>&nbsp;<\/p>\n<p>&nbsp;<\/p>\n<ul>\n<li>Hole pattern: 4-hole AMPS<\/li>\n<\/ul>\n<p>&nbsp;<\/p>\n<p>&nbsp;<\/p>\n<ul>\n<li>Weight: 60g<\/li>\n<li>Measures: 62mm x 44.50mm (L x W)<\/li>\n<li>Screws and fasteners not included in the product<\/li>\n<\/ul>\n","protected":false},"featured_media":2837,"template":"","meta":{"_acf_changed":false,"site-sidebar-layout":"default","site-content-layout":"default","ast-site-content-layout":"default","site-content-style":"default","site-sidebar-style":"default","ast-global-header-display":"","ast-banner-title-visibility":"","ast-main-header-display":"","ast-hfb-above-header-display":"","ast-hfb-below-header-display":"","ast-hfb-mobile-header-display":"","site-post-title":"","ast-breadcrumbs-content":"","ast-featured-img":"","footer-sml-layout":"","theme-transparent-header-meta":"default","adv-header-id-meta":"","stick-header-meta":"","header-above-stick-meta":"","header-main-stick-meta":"","header-below-stick-meta":"","astra-migrate-meta-layouts":"default","ast-page-background-enabled":"default","ast-page-background-meta":{"desktop":{"background-color":"var(--ast-global-color-4)","background-image":"","background-repeat":"repeat","background-position":"center center","background-size":"auto","background-attachment":"scroll","background-type":"","background-media":"","overlay-type":"","overlay-color":"","overlay-opacity":"","overlay-gradient":""},"tablet":{"background-color":"","background-image":"","background-repeat":"repeat","background-position":"center center","background-size":"auto","background-attachment":"scroll","background-type":"","background-media":"","overlay-type":"","overlay-color":"","overlay-opacity":"","overlay-gradient":""},"mobile":{"background-color":"","background-image":"","background-repeat":"repeat","background-position":"center center","background-size":"auto","background-attachment":"scroll","background-type":"","background-media":"","overlay-type":"","overlay-color":"","overlay-opacity":"","overlay-gradient":""}},"ast-content-background-meta":{"desktop":{"background-color":"var(--ast-global-color-5)","background-image":"","background-repeat":"repeat","background-position":"center center","background-size":"auto","background-attachment":"scroll","background-type":"","background-media":"","overlay-type":"","overlay-color":"","overlay-opacity":"","overlay-gradient":""},"tablet":{"background-color":"var(--ast-global-color-5)","background-image":"","background-repeat":"repeat","background-position":"center center","background-size":"auto","background-attachment":"scroll","background-type":"","background-media":"","overlay-type":"","overlay-color":"","overlay-opacity":"","overlay-gradient":""},"mobile":{"background-color":"var(--ast-global-color-5)","background-image":"","background-repeat":"repeat","background-position":"center center","background-size":"auto","background-attachment":"scroll","background-type":"","background-media":"","overlay-type":"","overlay-color":"","overlay-opacity":"","overlay-gradient":""}}},"product_brand":[],"product_cat":[179,165,187],"product_tag":[214,215,207],"class_list":{"0":"post-8788","1":"product","2":"type-product","3":"status-publish","4":"has-post-thumbnail","6":"product_cat-bases-en","7":"product_cat-mounts-en","8":"product_cat-screwed-en","9":"product_tag-base-1-5-en","10":"product_tag-base-4-furos-en","11":"product_tag-base-parafusada-en","12":"desktop-align-left","13":"tablet-align-left","14":"mobile-align-left","16":"first","17":"instock","18":"shipping-taxable","19":"product-type-simple"},"acf":[],"_links":{"self":[{"href":"https:\/\/roboflex.com.br\/en\/wp-json\/wp\/v2\/product\/8788","targetHints":{"allow":["GET"]}}],"collection":[{"href":"https:\/\/roboflex.com.br\/en\/wp-json\/wp\/v2\/product"}],"about":[{"href":"https:\/\/roboflex.com.br\/en\/wp-json\/wp\/v2\/types\/product"}],"version-history":[{"count":0,"href":"https:\/\/roboflex.com.br\/en\/wp-json\/wp\/v2\/product\/8788\/revisions"}],"wp:featuredmedia":[{"embeddable":true,"href":"https:\/\/roboflex.com.br\/en\/wp-json\/wp\/v2\/media\/2837"}],"wp:attachment":[{"href":"https:\/\/roboflex.com.br\/en\/wp-json\/wp\/v2\/media?parent=8788"}],"wp:term":[{"taxonomy":"product_brand","embeddable":true,"href":"https:\/\/roboflex.com.br\/en\/wp-json\/wp\/v2\/product_brand?post=8788"},{"taxonomy":"product_cat","embeddable":true,"href":"https:\/\/roboflex.com.br\/en\/wp-json\/wp\/v2\/product_cat?post=8788"},{"taxonomy":"product_tag","embeddable":true,"href":"https:\/\/roboflex.com.br\/en\/wp-json\/wp\/v2\/product_tag?post=8788"}],"curies":[{"name":"wp","href":"https:\/\/api.w.org\/{rel}","templated":true}]}}