{"id":39345,"date":"2025-10-31T08:35:54","date_gmt":"2025-10-31T11:35:54","guid":{"rendered":"https:\/\/roboflex.com.br\/?post_type=product&#038;p=39345"},"modified":"2025-10-31T08:35:54","modified_gmt":"2025-10-31T11:35:54","slug":"base-tubular-gancho-tamanho-b","status":"publish","type":"product","link":"https:\/\/roboflex.com.br\/en\/produto\/base-tubular-gancho-tamanho-b\/","title":{"rendered":"Base Tubular Gancho Tamanho B"},"content":{"rendered":"","protected":false},"excerpt":{"rendered":"<p>A Base Tubular Gancho da Roboflex\u00ae foi desenvolvida para proporcionar fixa\u00e7\u00e3o segura e vers\u00e1til para dispositivos em estruturas cil\u00edndricas. Tem design robusto e f\u00e1cil montagem j\u00e1 que dispensa o uso de ferramentas para instala\u00e7\u00e3o.<\/p>\n<ul>\n<li>A instala\u00e7\u00e3o por encaixe r\u00e1pida e firme, \u00e9 ideal para empilhadeiras, tratores, carrinhos de picking e outros ve\u00edculos ou estruturas cil\u00edndricas.<\/li>\n<li>Compat\u00edvel com tubos de \u00f830mm a \u00f875mm de di\u00e2metro<\/li>\n<li>Compat\u00edvel com bra\u00e7os tamanho B (1&#8243; polegada)<\/li>\n<\/ul>\n","protected":false},"featured_media":39346,"template":"","meta":{"_acf_changed":false,"site-sidebar-layout":"default","site-content-layout":"","ast-site-content-layout":"default","site-content-style":"default","site-sidebar-style":"default","ast-global-header-display":"","ast-banner-title-visibility":"","ast-main-header-display":"","ast-hfb-above-header-display":"","ast-hfb-below-header-display":"","ast-hfb-mobile-header-display":"","site-post-title":"","ast-breadcrumbs-content":"","ast-featured-img":"","footer-sml-layout":"","theme-transparent-header-meta":"default","adv-header-id-meta":"","stick-header-meta":"","header-above-stick-meta":"","header-main-stick-meta":"","header-below-stick-meta":"","astra-migrate-meta-layouts":"set","ast-page-background-enabled":"default","ast-page-background-meta":{"desktop":{"background-color":"var(--ast-global-color-4)","background-image":"","background-repeat":"repeat","background-position":"center center","background-size":"auto","background-attachment":"scroll","background-type":"","background-media":"","overlay-type":"","overlay-color":"","overlay-opacity":"","overlay-gradient":""},"tablet":{"background-color":"","background-image":"","background-repeat":"repeat","background-position":"center center","background-size":"auto","background-attachment":"scroll","background-type":"","background-media":"","overlay-type":"","overlay-color":"","overlay-opacity":"","overlay-gradient":""},"mobile":{"background-color":"","background-image":"","background-repeat":"repeat","background-position":"center center","background-size":"auto","background-attachment":"scroll","background-type":"","background-media":"","overlay-type":"","overlay-color":"","overlay-opacity":"","overlay-gradient":""}},"ast-content-background-meta":{"desktop":{"background-color":"var(--ast-global-color-5)","background-image":"","background-repeat":"repeat","background-position":"center center","background-size":"auto","background-attachment":"scroll","background-type":"","background-media":"","overlay-type":"","overlay-color":"","overlay-opacity":"","overlay-gradient":""},"tablet":{"background-color":"var(--ast-global-color-5)","background-image":"","background-repeat":"repeat","background-position":"center center","background-size":"auto","background-attachment":"scroll","background-type":"","background-media":"","overlay-type":"","overlay-color":"","overlay-opacity":"","overlay-gradient":""},"mobile":{"background-color":"var(--ast-global-color-5)","background-image":"","background-repeat":"repeat","background-position":"center center","background-size":"auto","background-attachment":"scroll","background-type":"","background-media":"","overlay-type":"","overlay-color":"","overlay-opacity":"","overlay-gradient":""}}},"product_brand":[],"product_cat":[28,63,68],"product_tag":[380],"class_list":{"0":"post-39345","1":"product","2":"type-product","3":"status-publish","4":"has-post-thumbnail","6":"product_cat-suportes","7":"product_cat-bases","8":"product_cat-moveis","9":"product_tag-novidade","10":"desktop-align-left","11":"tablet-align-left","12":"mobile-align-left","14":"first","15":"instock","16":"shipping-taxable","17":"product-type-simple"},"acf":[],"_links":{"self":[{"href":"https:\/\/roboflex.com.br\/en\/wp-json\/wp\/v2\/product\/39345","targetHints":{"allow":["GET"]}}],"collection":[{"href":"https:\/\/roboflex.com.br\/en\/wp-json\/wp\/v2\/product"}],"about":[{"href":"https:\/\/roboflex.com.br\/en\/wp-json\/wp\/v2\/types\/product"}],"version-history":[{"count":4,"href":"https:\/\/roboflex.com.br\/en\/wp-json\/wp\/v2\/product\/39345\/revisions"}],"predecessor-version":[{"id":39428,"href":"https:\/\/roboflex.com.br\/en\/wp-json\/wp\/v2\/product\/39345\/revisions\/39428"}],"wp:featuredmedia":[{"embeddable":true,"href":"https:\/\/roboflex.com.br\/en\/wp-json\/wp\/v2\/media\/39346"}],"wp:attachment":[{"href":"https:\/\/roboflex.com.br\/en\/wp-json\/wp\/v2\/media?parent=39345"}],"wp:term":[{"taxonomy":"product_brand","embeddable":true,"href":"https:\/\/roboflex.com.br\/en\/wp-json\/wp\/v2\/product_brand?post=39345"},{"taxonomy":"product_cat","embeddable":true,"href":"https:\/\/roboflex.com.br\/en\/wp-json\/wp\/v2\/product_cat?post=39345"},{"taxonomy":"product_tag","embeddable":true,"href":"https:\/\/roboflex.com.br\/en\/wp-json\/wp\/v2\/product_tag?post=39345"}],"curies":[{"name":"wp","href":"https:\/\/api.w.org\/{rel}","templated":true}]}}