{"id":28500,"date":"2024-10-02T14:36:01","date_gmt":"2024-10-02T17:36:01","guid":{"rendered":"https:\/\/lightyellow-zebra-660216.hostingersite.com\/?post_type=product&#038;p=28500"},"modified":"2026-01-27T16:21:56","modified_gmt":"2026-01-27T19:21:56","slug":"battery-manager","status":"publish","type":"product","link":"https:\/\/roboflex.com.br\/en\/produto\/battery-manager\/","title":{"rendered":"Battery Manager"},"content":{"rendered":"\t\t<div data-elementor-type=\"product-post\" data-elementor-id=\"28500\" class=\"elementor elementor-28500\" data-elementor-post-type=\"product\">\n\t\t\t\t<div class=\"elementor-element elementor-element-71cfea0 elementor-hidden-mobile e-flex e-con-boxed e-con e-parent\" data-id=\"71cfea0\" data-element_type=\"container\" data-e-type=\"container\">\n\t\t\t\t\t<div class=\"e-con-inner\">\n\t\t<div class=\"elementor-element elementor-element-1659976 e-con-full e-flex e-con e-child\" data-id=\"1659976\" data-element_type=\"container\" data-e-type=\"container\">\n\t\t\t\t<div class=\"elementor-element elementor-element-e046d1c elementor-vertical-align-middle elementor-widget elementor-widget-image-box\" data-id=\"e046d1c\" data-element_type=\"widget\" data-e-type=\"widget\" data-widget_type=\"image-box.default\">\n\t\t\t\t<div class=\"elementor-widget-container\">\n\t\t\t\t\t<div class=\"elementor-image-box-wrapper\"><div class=\"elementor-image-box-content\"><h2 class=\"elementor-image-box-title\">Como funciona<\/h2><\/div><\/div>\t\t\t\t<\/div>\n\t\t\t\t<\/div>\n\t\t\t\t<\/div>\n\t\t<div class=\"elementor-element elementor-element-764d22b e-con-full e-flex e-con e-child\" data-id=\"764d22b\" data-element_type=\"container\" data-e-type=\"container\">\n\t\t\t\t<div class=\"elementor-element elementor-element-14c81ad elementor-widget elementor-widget-image\" data-id=\"14c81ad\" data-element_type=\"widget\" data-e-type=\"widget\" data-widget_type=\"image.default\">\n\t\t\t\t<div class=\"elementor-widget-container\">\n\t\t\t\t\t\t\t\t\t\t\t\t\t\t\t<img decoding=\"async\" src=\"https:\/\/roboflex.com.br\/wp-content\/uploads\/elementor\/thumbs\/battery-manager-grafico-1-ria7l6jfk2y95gkh70tjy4z9jihfq9si4fbu3zp8gk.png\" title=\"battery manager gr\u00e1fico 1\" alt=\"battery manager gr\u00e1fico 1\" loading=\"lazy\" \/>\t\t\t\t\t\t\t\t\t\t\t\t\t\t\t<\/div>\n\t\t\t\t<\/div>\n\t\t\t\t<div class=\"elementor-element elementor-element-7f0f51d elementor-widget elementor-widget-image\" data-id=\"7f0f51d\" data-element_type=\"widget\" data-e-type=\"widget\" data-widget_type=\"image.default\">\n\t\t\t\t<div class=\"elementor-widget-container\">\n\t\t\t\t\t\t\t\t\t\t\t\t\t\t\t<img decoding=\"async\" src=\"https:\/\/roboflex.com.br\/wp-content\/uploads\/elementor\/thumbs\/Grafico-battery-manager-2-2-rcmkdo8qwpkcny6u44u4btdyblv2jmrb0ceb0jptsk.png\" title=\"Gr\u00e1fico battery manager 2 (2)\" alt=\"Gr\u00e1fico battery manager 2 (2)\" loading=\"lazy\" \/>\t\t\t\t\t\t\t\t\t\t\t\t\t\t\t<\/div>\n\t\t\t\t<\/div>\n\t\t\t\t<div class=\"elementor-element elementor-element-b89b439 elementor-widget elementor-widget-image\" data-id=\"b89b439\" data-element_type=\"widget\" data-e-type=\"widget\" data-widget_type=\"image.default\">\n\t\t\t\t<div class=\"elementor-widget-container\">\n\t\t\t\t\t\t\t\t\t\t\t\t\t\t\t<img decoding=\"async\" src=\"https:\/\/roboflex.com.br\/wp-content\/uploads\/elementor\/thumbs\/Grafico-battery-manager-3-2-rcmkdnawpvj2cc879mfhrbmhq7zpbxnko7qtj9r7ys.png\" title=\"Gr\u00e1fico battery manager 3 (2)\" alt=\"Gr\u00e1fico battery manager 3 (2)\" loading=\"lazy\" \/>\t\t\t\t\t\t\t\t\t\t\t\t\t\t\t<\/div>\n\t\t\t\t<\/div>\n\t\t\t\t<\/div>\n\t\t\t\t\t<\/div>\n\t\t\t\t<\/div>\n\t\t<div class=\"elementor-element elementor-element-22d3d2b elementor-hidden-desktop elementor-hidden-tablet e-flex e-con-boxed e-con e-parent\" data-id=\"22d3d2b\" data-element_type=\"container\" data-e-type=\"container\">\n\t\t\t\t\t<div class=\"e-con-inner\">\n\t\t\t\t<div class=\"elementor-element elementor-element-8925459 elementor-widget elementor-widget-image\" data-id=\"8925459\" data-element_type=\"widget\" data-e-type=\"widget\" data-widget_type=\"image.default\">\n\t\t\t\t<div class=\"elementor-widget-container\">\n\t\t\t\t\t\t\t\t\t\t\t\t\t\t\t<img decoding=\"async\" src=\"https:\/\/roboflex.com.br\/wp-content\/uploads\/2024\/10\/Grafico-battery-manager-1-1.png\" title=\"\" alt=\"\" loading=\"lazy\" \/>\t\t\t\t\t\t\t\t\t\t\t\t\t\t\t<\/div>\n\t\t\t\t<\/div>\n\t\t\t\t<div class=\"elementor-element elementor-element-26ae371 elementor-widget elementor-widget-image\" data-id=\"26ae371\" data-element_type=\"widget\" data-e-type=\"widget\" data-widget_type=\"image.default\">\n\t\t\t\t<div class=\"elementor-widget-container\">\n\t\t\t\t\t\t\t\t\t\t\t\t\t\t\t<img decoding=\"async\" src=\"https:\/\/roboflex.com.br\/wp-content\/uploads\/2024\/10\/Grafico-battery-manager-2-1.png\" title=\"\" alt=\"\" loading=\"lazy\" \/>\t\t\t\t\t\t\t\t\t\t\t\t\t\t\t<\/div>\n\t\t\t\t<\/div>\n\t\t\t\t<div class=\"elementor-element elementor-element-5a45f3e elementor-widget elementor-widget-image\" data-id=\"5a45f3e\" data-element_type=\"widget\" data-e-type=\"widget\" data-widget_type=\"image.default\">\n\t\t\t\t<div class=\"elementor-widget-container\">\n\t\t\t\t\t\t\t\t\t\t\t\t\t\t\t<img decoding=\"async\" src=\"https:\/\/roboflex.com.br\/wp-content\/uploads\/2024\/10\/Grafico-battery-manager-3.png\" title=\"\" alt=\"\" loading=\"lazy\" \/>\t\t\t\t\t\t\t\t\t\t\t\t\t\t\t<\/div>\n\t\t\t\t<\/div>\n\t\t\t\t\t<\/div>\n\t\t\t\t<\/div>\n\t\t<div class=\"elementor-element elementor-element-295f691 elementor-hidden-mobile elementor-hidden-desktop elementor-hidden-tablet e-flex e-con-boxed e-con e-parent\" data-id=\"295f691\" data-element_type=\"container\" data-e-type=\"container\">\n\t\t\t\t\t<div class=\"e-con-inner\">\n\t\t\t\t<div class=\"elementor-element elementor-element-d697fb3 elementor-widget elementor-widget-heading\" data-id=\"d697fb3\" data-element_type=\"widget\" data-e-type=\"widget\" data-widget_type=\"heading.default\">\n\t\t\t\t<div class=\"elementor-widget-container\">\n\t\t\t\t\t<h2 class=\"elementor-heading-title elementor-size-default\">Complete sua solu\u00e7\u00e3o<\/h2>\t\t\t\t<\/div>\n\t\t\t\t<\/div>\n\t\t\t\t\t<\/div>\n\t\t\t\t<\/div>\n\t\t<div class=\"elementor-element elementor-element-1693ec7 elementor-hidden-desktop elementor-hidden-tablet elementor-hidden-mobile e-flex e-con-boxed e-con e-parent\" data-id=\"1693ec7\" data-element_type=\"container\" data-e-type=\"container\">\n\t\t\t\t\t<div class=\"e-con-inner\">\n\t\t\t\t<div class=\"elementor-element elementor-element-fcaf62c elementor-widget elementor-widget-heading\" data-id=\"fcaf62c\" data-element_type=\"widget\" data-e-type=\"widget\" data-widget_type=\"heading.default\">\n\t\t\t\t<div class=\"elementor-widget-container\">\n\t\t\t\t\t<h2 class=\"elementor-heading-title elementor-size-default\">Complete sua solu\u00e7\u00e3o<\/h2>\t\t\t\t<\/div>\n\t\t\t\t<\/div>\n\t\t\t\t\t<\/div>\n\t\t\t\t<\/div>\n\t\t\t\t<\/div>\n\t\t","protected":false},"excerpt":{"rendered":"<p>Prote\u00e7\u00e3o inteligente para baterias em uso cont\u00ednuo.<br \/>\nO Battery Manager foi desenvolvido para monitorar e otimizar o ciclo de carregamento da bateria, monitorando o carregamento at\u00e9 que a bateria esteja suficientemente carregada.<\/p>\n<p>Tudo isso evita que a bateria permane\u00e7a constantemente em sobrecarga, reduzindo o risco de incha\u00e7o, degrada\u00e7\u00e3o qu\u00edmica e desgaste prematuro, o que resulta em maior vida \u00fatil tanto da bateria quanto do dispositivo.<\/p>\n<p>Por meios de ciclos controlados de carregamento e descarga, o Battery Manager simula o uso natural do dispositivo, ideal para ambientes em que o tablet precisa ficar ligado 24\/7.<\/p>\n<p><strong>Sua opera\u00e7\u00e3o ganha:<\/strong><\/p>\n<ul>\n<li>Monitoramento cont\u00ednuo e a gest\u00e3o de carregamento eficiente.<\/li>\n<li>Sem necessidade de instala\u00e7\u00e3o de aplicativo ou altera\u00e7\u00f5es no sistema do tablet.<\/li>\n<li>Previne o incha\u00e7o e a deteriora\u00e7\u00e3o precoce de baterias em dispositivos m\u00f3veis<\/li>\n<li>Garante opera\u00e7\u00f5es ininterruptas j\u00e1 que os dispositivos estar\u00e3o sempre funcionando.<\/li>\n<li>Redu\u00e7\u00e3o de gastos com reparos, manuten\u00e7\u00e3o e substitui\u00e7\u00e3o de equipamentos.<\/li>\n<li><span style=\"font-weight: 400;\">A vida \u00fatil prolongada dos dispositivos reduz a quantidade de res\u00edduos eletr\u00f4nicos, contribuindo com a sustentabilidade ambiental.<\/span><\/li>\n<\/ul>\n<p><strong>Especifica\u00e7\u00f5es t\u00e9cnicas:<\/strong><\/p>\n<ul>\n<li>Tempo de descarga padr\u00e3o de 3 horas<\/li>\n<li>Tempo inicial de estabiliza\u00e7\u00e3o de 30 minutos ao iniciar o carregamento, independentemente do n\u00edvel de bateria<\/li>\n<\/ul>\n<p><strong>Diferencial Roboflex:<\/strong><\/p>\n<p>Configura\u00e7\u00e3o sob medida para a opera\u00e7\u00e3o: possibilidade de fornecimento com tempo padr\u00e3o de descarga personalizado, configur\u00e1vel entre 1 e 7 horas, de acordo com a necessidade espec\u00edfica de cada opera\u00e7\u00e3o.<\/p>\n<p>&nbsp;<\/p>\n","protected":false},"featured_media":28501,"template":"","meta":{"_acf_changed":false,"site-sidebar-layout":"no-sidebar","site-content-layout":"page-builder","ast-site-content-layout":"default","site-content-style":"default","site-sidebar-style":"default","ast-global-header-display":"","ast-banner-title-visibility":"","ast-main-header-display":"","ast-hfb-above-header-display":"","ast-hfb-below-header-display":"","ast-hfb-mobile-header-display":"","site-post-title":"disabled","ast-breadcrumbs-content":"","ast-featured-img":"disabled","footer-sml-layout":"","theme-transparent-header-meta":"default","adv-header-id-meta":"","stick-header-meta":"","header-above-stick-meta":"","header-main-stick-meta":"","header-below-stick-meta":"","astra-migrate-meta-layouts":"set","ast-page-background-enabled":"default","ast-page-background-meta":{"desktop":{"background-color":"var(--ast-global-color-4)","background-image":"","background-repeat":"repeat","background-position":"center center","background-size":"auto","background-attachment":"scroll","background-type":"","background-media":"","overlay-type":"","overlay-color":"","overlay-opacity":"","overlay-gradient":""},"tablet":{"background-color":"","background-image":"","background-repeat":"repeat","background-position":"center center","background-size":"auto","background-attachment":"scroll","background-type":"","background-media":"","overlay-type":"","overlay-color":"","overlay-opacity":"","overlay-gradient":""},"mobile":{"background-color":"","background-image":"","background-repeat":"repeat","background-position":"center center","background-size":"auto","background-attachment":"scroll","background-type":"","background-media":"","overlay-type":"","overlay-color":"","overlay-opacity":"","overlay-gradient":""}},"ast-content-background-meta":{"desktop":{"background-color":"var(--ast-global-color-5)","background-image":"","background-repeat":"repeat","background-position":"center center","background-size":"auto","background-attachment":"scroll","background-type":"","background-media":"","overlay-type":"","overlay-color":"","overlay-opacity":"","overlay-gradient":""},"tablet":{"background-color":"var(--ast-global-color-5)","background-image":"","background-repeat":"repeat","background-position":"center center","background-size":"auto","background-attachment":"scroll","background-type":"","background-media":"","overlay-type":"","overlay-color":"","overlay-opacity":"","overlay-gradient":""},"mobile":{"background-color":"var(--ast-global-color-5)","background-image":"","background-repeat":"repeat","background-position":"center center","background-size":"auto","background-attachment":"scroll","background-type":"","background-media":"","overlay-type":"","overlay-color":"","overlay-opacity":"","overlay-gradient":""}}},"product_brand":[],"product_cat":[320],"product_tag":[],"class_list":{"0":"post-28500","1":"product","2":"type-product","3":"status-publish","4":"has-post-thumbnail","6":"product_cat-hubs-adaptadores","7":"desktop-align-left","8":"tablet-align-left","9":"mobile-align-left","11":"first","12":"instock","13":"shipping-taxable","14":"product-type-simple"},"acf":[],"_links":{"self":[{"href":"https:\/\/roboflex.com.br\/en\/wp-json\/wp\/v2\/product\/28500","targetHints":{"allow":["GET"]}}],"collection":[{"href":"https:\/\/roboflex.com.br\/en\/wp-json\/wp\/v2\/product"}],"about":[{"href":"https:\/\/roboflex.com.br\/en\/wp-json\/wp\/v2\/types\/product"}],"version-history":[{"count":11,"href":"https:\/\/roboflex.com.br\/en\/wp-json\/wp\/v2\/product\/28500\/revisions"}],"predecessor-version":[{"id":40340,"href":"https:\/\/roboflex.com.br\/en\/wp-json\/wp\/v2\/product\/28500\/revisions\/40340"}],"wp:featuredmedia":[{"embeddable":true,"href":"https:\/\/roboflex.com.br\/en\/wp-json\/wp\/v2\/media\/28501"}],"wp:attachment":[{"href":"https:\/\/roboflex.com.br\/en\/wp-json\/wp\/v2\/media?parent=28500"}],"wp:term":[{"taxonomy":"product_brand","embeddable":true,"href":"https:\/\/roboflex.com.br\/en\/wp-json\/wp\/v2\/product_brand?post=28500"},{"taxonomy":"product_cat","embeddable":true,"href":"https:\/\/roboflex.com.br\/en\/wp-json\/wp\/v2\/product_cat?post=28500"},{"taxonomy":"product_tag","embeddable":true,"href":"https:\/\/roboflex.com.br\/en\/wp-json\/wp\/v2\/product_tag?post=28500"}],"curies":[{"name":"wp","href":"https:\/\/api.w.org\/{rel}","templated":true}]}}