{"id":27456,"date":"2024-05-20T16:49:20","date_gmt":"2024-05-20T19:49:20","guid":{"rendered":"https:\/\/lightyellow-zebra-660216.hostingersite.com\/produto\/case-connected-charger-tablet-samsung-tab-a9-magnetica\/"},"modified":"2025-06-03T15:16:12","modified_gmt":"2025-06-03T18:16:12","slug":"case-connected-charger-tablet-samsung-tab-a9-magnetica","status":"publish","type":"product","link":"https:\/\/roboflex.com.br\/en\/produto\/case-connected-charger-tablet-samsung-tab-a9-magnetica\/","title":{"rendered":"Case Connected Charger for Samsung Tab A9 8.7\u201d tablet Magnetic Impact"},"content":{"rendered":"\t\t<div data-elementor-type=\"product-post\" data-elementor-id=\"27456\" class=\"elementor elementor-27456 elementor-21203\" data-elementor-post-type=\"product\">\n\t\t\t\t<div class=\"elementor-element elementor-element-852a8c0 elementor-hidden-mobile elementor-hidden-desktop elementor-hidden-tablet e-flex e-con-boxed e-con e-parent\" data-id=\"852a8c0\" data-element_type=\"container\" data-e-type=\"container\">\n\t\t\t\t\t<div class=\"e-con-inner\">\n\t\t\t\t<div class=\"elementor-element elementor-element-1c75af7 elementor-widget__width-initial elementor-widget elementor-widget-button\" data-id=\"1c75af7\" data-element_type=\"widget\" data-e-type=\"widget\" data-widget_type=\"button.default\">\n\t\t\t\t<div class=\"elementor-widget-container\">\n\t\t\t\t\t\t\t\t\t<div class=\"elementor-button-wrapper\">\n\t\t\t\t\t<a class=\"elementor-button elementor-button-link elementor-size-sm\" href=\"https:\/\/roboflex.com.br\/wp-content\/uploads\/2024\/03\/Manual-case-A9.pdf\" target=\"_blank\">\n\t\t\t\t\t\t<span class=\"elementor-button-content-wrapper\">\n\t\t\t\t\t\t<span class=\"elementor-button-icon\">\n\t\t\t\t<i aria-hidden=\"true\" class=\"far fa-file-pdf\"><\/i>\t\t\t<\/span>\n\t\t\t\t\t\t\t\t\t<span class=\"elementor-button-text\">Acesse o manual de instru\u00e7\u00f5es<\/span>\n\t\t\t\t\t<\/span>\n\t\t\t\t\t<\/a>\n\t\t\t\t<\/div>\n\t\t\t\t\t\t\t\t<\/div>\n\t\t\t\t<\/div>\n\t\t\t\t\t<\/div>\n\t\t\t\t<\/div>\n\t\t<div class=\"elementor-element elementor-element-337c25a e-flex e-con-boxed e-con e-parent\" data-id=\"337c25a\" data-element_type=\"container\" data-e-type=\"container\">\n\t\t\t\t\t<div class=\"e-con-inner\">\n\t\t\t\t<div class=\"elementor-element elementor-element-9599d07 elementor-widget elementor-widget-image\" data-id=\"9599d07\" data-element_type=\"widget\" data-e-type=\"widget\" data-widget_type=\"image.default\">\n\t\t\t\t<div class=\"elementor-widget-container\">\n\t\t\t\t\t\t\t\t\t\t\t\t\t\t\t<img decoding=\"async\" src=\"https:\/\/roboflex.com.br\/wp-content\/uploads\/elementor\/thumbs\/descricao-A9-cc-en-rcmkdjjqjcrl9isoawm0tstqvjmcctx52k8hvr8xe0.webp\" title=\"descri\u00e7\u00e3o A9 cc en\" alt=\"Descri\u00e7\u00e3o frente case A9\" loading=\"lazy\" \/>\t\t\t\t\t\t\t\t\t\t\t\t\t\t\t<\/div>\n\t\t\t\t<\/div>\n\t\t\t\t<div class=\"elementor-element elementor-element-8817128 elementor-widget elementor-widget-image\" data-id=\"8817128\" data-element_type=\"widget\" data-e-type=\"widget\" data-widget_type=\"image.default\">\n\t\t\t\t<div class=\"elementor-widget-container\">\n\t\t\t\t\t\t\t\t\t\t\t\t\t\t\t<img decoding=\"async\" src=\"https:\/\/roboflex.com.br\/wp-content\/uploads\/elementor\/thumbs\/Descricao-fundo-magnetica-A9-cc-en-rcmkdjjqjcrl9isoawm0tstqvjmcctx52k8hvr8wrs.webp\" title=\"Descri\u00e7\u00e3o fundo magn\u00e9tica A9 cc en\" alt=\"Descri\u00e7\u00e3o fundo magn\u00e9tica A9 cc en\" loading=\"lazy\" \/>\t\t\t\t\t\t\t\t\t\t\t\t\t\t\t<\/div>\n\t\t\t\t<\/div>\n\t\t\t\t\t<\/div>\n\t\t\t\t<\/div>\n\t\t<div class=\"elementor-element elementor-element-673013e e-flex e-con-boxed e-con e-parent\" data-id=\"673013e\" data-element_type=\"container\" data-e-type=\"container\">\n\t\t\t\t\t<div class=\"e-con-inner\">\n\t\t\t\t<div class=\"elementor-element elementor-element-1c4e253 elementor-widget elementor-widget-video\" data-id=\"1c4e253\" data-element_type=\"widget\" data-e-type=\"widget\" data-settings=\"{&quot;youtube_url&quot;:&quot;https:\\\/\\\/www.youtube.com\\\/watch?v=EkvFqPa1d4A&quot;,&quot;mute&quot;:&quot;yes&quot;,&quot;video_type&quot;:&quot;youtube&quot;,&quot;controls&quot;:&quot;yes&quot;}\" data-widget_type=\"video.default\">\n\t\t\t\t<div class=\"elementor-widget-container\">\n\t\t\t\t\t\t\t<div class=\"elementor-wrapper elementor-open-inline\">\n\t\t\t<div class=\"elementor-video\"><\/div>\t\t<\/div>\n\t\t\t\t\t\t<\/div>\n\t\t\t\t<\/div>\n\t\t\t\t\t<\/div>\n\t\t\t\t<\/div>\n\t\t<div class=\"elementor-element elementor-element-bc1a83b elementor-hidden-desktop elementor-hidden-tablet e-flex e-con-boxed e-con e-parent\" data-id=\"bc1a83b\" data-element_type=\"container\" data-e-type=\"container\">\n\t\t\t\t\t<div class=\"e-con-inner\">\n\t\t\t\t<div data-dce-background-color=\"#3D8B8E\" class=\"elementor-element elementor-element-2954ea9 elementor-widget__width-initial elementor-widget elementor-widget-button\" data-id=\"2954ea9\" data-element_type=\"widget\" data-e-type=\"widget\" data-widget_type=\"button.default\">\n\t\t\t\t<div class=\"elementor-widget-container\">\n\t\t\t\t\t\t\t\t\t<div class=\"elementor-button-wrapper\">\n\t\t\t\t\t<a class=\"elementor-button elementor-button-link elementor-size-sm\" href=\"https:\/\/roboflex.com.br\/wp-content\/uploads\/2024\/03\/Manual-case-A9.pdf\">\n\t\t\t\t\t\t<span class=\"elementor-button-content-wrapper\">\n\t\t\t\t\t\t<span class=\"elementor-button-icon\">\n\t\t\t\t<i aria-hidden=\"true\" class=\"far fa-file-pdf\"><\/i>\t\t\t<\/span>\n\t\t\t\t\t\t\t\t\t<span class=\"elementor-button-text\">Acesse o manual de instru\u00e7\u00f5es<\/span>\n\t\t\t\t\t<\/span>\n\t\t\t\t\t<\/a>\n\t\t\t\t<\/div>\n\t\t\t\t\t\t\t\t<\/div>\n\t\t\t\t<\/div>\n\t\t\t\t\t<\/div>\n\t\t\t\t<\/div>\n\t\t<div class=\"elementor-element elementor-element-683316e elementor-hidden-mobile e-flex e-con-boxed e-con e-parent\" data-id=\"683316e\" data-element_type=\"container\" data-e-type=\"container\">\n\t\t\t\t\t<div class=\"e-con-inner\">\n\t\t\t\t<div class=\"elementor-element elementor-element-b3ab2f5 elementor-widget elementor-widget-heading\" data-id=\"b3ab2f5\" data-element_type=\"widget\" data-e-type=\"widget\" data-widget_type=\"heading.default\">\n\t\t\t\t<div class=\"elementor-widget-container\">\n\t\t\t\t\t<h2 class=\"elementor-heading-title elementor-size-default\">Complete your solution<\/h2>\t\t\t\t<\/div>\n\t\t\t\t<\/div>\n\t\t\t\t\t<\/div>\n\t\t\t\t<\/div>\n\t\t<div class=\"elementor-element elementor-element-df486ad elementor-hidden-desktop elementor-hidden-tablet e-flex e-con-boxed e-con e-parent\" data-id=\"df486ad\" data-element_type=\"container\" data-e-type=\"container\">\n\t\t\t\t\t<div class=\"e-con-inner\">\n\t\t\t\t<div class=\"elementor-element elementor-element-b0aa746 elementor-widget elementor-widget-heading\" data-id=\"b0aa746\" data-element_type=\"widget\" data-e-type=\"widget\" data-widget_type=\"heading.default\">\n\t\t\t\t<div class=\"elementor-widget-container\">\n\t\t\t\t\t<h2 class=\"elementor-heading-title elementor-size-default\">Complete your solution<\/h2>\t\t\t\t<\/div>\n\t\t\t\t<\/div>\n\t\t\t\t\t<\/div>\n\t\t\t\t<\/div>\n\t\t\t\t<\/div>\n\t\t","protected":false},"excerpt":{"rendered":"<p><img decoding=\"async\" class=\"alignleft wp-image-23991\" src=\"https:\/\/lightyellow-zebra-660216.hostingersite.com\/wp-content\/uploads\/2024\/05\/icone-impact.webp\" alt=\"\" width=\"75\" height=\"75\" srcset=\"https:\/\/roboflex.com.br\/wp-content\/uploads\/2024\/05\/icone-impact.webp 500w, https:\/\/roboflex.com.br\/wp-content\/uploads\/2024\/05\/icone-impact-300x300.webp 300w, https:\/\/roboflex.com.br\/wp-content\/uploads\/2024\/05\/icone-impact-150x150.webp 150w, https:\/\/roboflex.com.br\/wp-content\/uploads\/2024\/05\/icone-impact-100x100.webp 100w\" sizes=\"(max-width: 75px) 100vw, 75px\" \/>IP54 compliant: protection against dust and water projections.<\/p>\n<p>&nbsp;<\/p>\n<p><img decoding=\"async\" class=\"alignleft wp-image-5986\" src=\"https:\/\/lightyellow-zebra-660216.hostingersite.com\/wp-content\/uploads\/2023\/07\/MIL-STD-810G-300x300.png\" alt=\"\" width=\"60\" height=\"60\" srcset=\"https:\/\/roboflex.com.br\/wp-content\/uploads\/2023\/07\/MIL-STD-810G-300x300.png 300w, https:\/\/roboflex.com.br\/wp-content\/uploads\/2023\/07\/MIL-STD-810G-150x150.png 150w, https:\/\/roboflex.com.br\/wp-content\/uploads\/2023\/07\/MIL-STD-810G-100x100.png 100w, https:\/\/roboflex.com.br\/wp-content\/uploads\/2023\/07\/MIL-STD-810G.png 500w\" sizes=\"(max-width: 60px) 100vw, 60px\" \/><\/p>\n<p>Protection and resistance against falls, impacts and vibrations in accordance with MIL-STD 810G.<\/p>\n<p>&nbsp;<\/p>\n<p><img decoding=\"async\" class=\"wp-image-16687 alignleft\" src=\"https:\/\/lightyellow-zebra-660216.hostingersite.com\/wp-content\/uploads\/2024\/01\/certificacao-safety-2-1.png\" alt=\"\" width=\"60\" height=\"60\" srcset=\"https:\/\/roboflex.com.br\/wp-content\/uploads\/2024\/01\/certificacao-safety-2-1.png 500w, https:\/\/roboflex.com.br\/wp-content\/uploads\/2024\/01\/certificacao-safety-2-1-300x300.png 300w, https:\/\/roboflex.com.br\/wp-content\/uploads\/2024\/01\/certificacao-safety-2-1-150x150.png 150w, https:\/\/roboflex.com.br\/wp-content\/uploads\/2024\/01\/certificacao-safety-2-1-100x100.png 100w\" sizes=\"(max-width: 60px) 100vw, 60px\" \/><\/p>\n<p>Certified to international safety standards<\/p>\n<p>&nbsp;<\/p>\n<ul>\n<li>The magnetic system is a patented technology that allows devices to be charged in Roboflex ecosystem cases.<\/li>\n<li>Compatible with Connected Charger technology which allows you to connect peripherals and charge your device simultaneously while keeping your device protected.<\/li>\n<li>Offers robustness in the field, withstanding aggressive situations such as vibrations, impacts and inclement weather.<\/li>\n<li>Ideal for situations where the product has to be constantly removed during the course of the operation, such as operational checklists, the need to take notes outside the place of attachment and the possibility of moving the device to another place of operation.<\/li>\n<\/ul>\n<ul>\n<li>Weight: 428g<\/li>\n<li>Tablet not included<\/li>\n<li>Magnetic plug required<\/li>\n<li>Items included:\n<ul>\n<li>1 magnetic case compatible with Tab A9 SM-X110\/X115<\/li>\n<li>9 screws to close the case<\/li>\n<\/ul>\n<\/li>\n<\/ul>\n<p hidden=\"Refer\u00eancia: CST040152\">\n","protected":false},"featured_media":21205,"template":"","meta":{"_acf_changed":false,"site-sidebar-layout":"no-sidebar","site-content-layout":"page-builder","ast-site-content-layout":"default","site-content-style":"default","site-sidebar-style":"default","ast-global-header-display":"","ast-banner-title-visibility":"","ast-main-header-display":"","ast-hfb-above-header-display":"","ast-hfb-below-header-display":"","ast-hfb-mobile-header-display":"","site-post-title":"disabled","ast-breadcrumbs-content":"","ast-featured-img":"disabled","footer-sml-layout":"","theme-transparent-header-meta":"default","adv-header-id-meta":"","stick-header-meta":"","header-above-stick-meta":"","header-main-stick-meta":"","header-below-stick-meta":"","astra-migrate-meta-layouts":"set","ast-page-background-enabled":"default","ast-page-background-meta":{"desktop":{"background-color":"var(--ast-global-color-4)","background-image":"","background-repeat":"repeat","background-position":"center center","background-size":"auto","background-attachment":"scroll","background-type":"","background-media":"","overlay-type":"","overlay-color":"","overlay-opacity":"","overlay-gradient":""},"tablet":{"background-color":"","background-image":"","background-repeat":"repeat","background-position":"center center","background-size":"auto","background-attachment":"scroll","background-type":"","background-media":"","overlay-type":"","overlay-color":"","overlay-opacity":"","overlay-gradient":""},"mobile":{"background-color":"","background-image":"","background-repeat":"repeat","background-position":"center center","background-size":"auto","background-attachment":"scroll","background-type":"","background-media":"","overlay-type":"","overlay-color":"","overlay-opacity":"","overlay-gradient":""}},"ast-content-background-meta":{"desktop":{"background-color":"var(--ast-global-color-5)","background-image":"","background-repeat":"repeat","background-position":"center center","background-size":"auto","background-attachment":"scroll","background-type":"","background-media":"","overlay-type":"","overlay-color":"","overlay-opacity":"","overlay-gradient":""},"tablet":{"background-color":"var(--ast-global-color-5)","background-image":"","background-repeat":"repeat","background-position":"center center","background-size":"auto","background-attachment":"scroll","background-type":"","background-media":"","overlay-type":"","overlay-color":"","overlay-opacity":"","overlay-gradient":""},"mobile":{"background-color":"var(--ast-global-color-5)","background-image":"","background-repeat":"repeat","background-position":"center center","background-size":"auto","background-attachment":"scroll","background-type":"","background-media":"","overlay-type":"","overlay-color":"","overlay-opacity":"","overlay-gradient":""}}},"product_brand":[],"product_cat":[163,305],"product_tag":[285,324,323,278,302],"class_list":{"0":"post-27456","1":"product","2":"type-product","3":"status-publish","4":"has-post-thumbnail","6":"product_cat-cases","7":"product_cat-tab-a9-en","8":"product_tag-case-magnetica","9":"product_tag-impact","10":"product_tag-linha-connected-charger","11":"product_tag-samsung","12":"product_tag-tab-a9-8-7","13":"desktop-align-left","14":"tablet-align-left","15":"mobile-align-left","17":"first","18":"instock","19":"shipping-taxable","20":"product-type-simple"},"acf":[],"_links":{"self":[{"href":"https:\/\/roboflex.com.br\/en\/wp-json\/wp\/v2\/product\/27456","targetHints":{"allow":["GET"]}}],"collection":[{"href":"https:\/\/roboflex.com.br\/en\/wp-json\/wp\/v2\/product"}],"about":[{"href":"https:\/\/roboflex.com.br\/en\/wp-json\/wp\/v2\/types\/product"}],"version-history":[{"count":1,"href":"https:\/\/roboflex.com.br\/en\/wp-json\/wp\/v2\/product\/27456\/revisions"}],"predecessor-version":[{"id":36389,"href":"https:\/\/roboflex.com.br\/en\/wp-json\/wp\/v2\/product\/27456\/revisions\/36389"}],"wp:featuredmedia":[{"embeddable":true,"href":"https:\/\/roboflex.com.br\/en\/wp-json\/wp\/v2\/media\/21205"}],"wp:attachment":[{"href":"https:\/\/roboflex.com.br\/en\/wp-json\/wp\/v2\/media?parent=27456"}],"wp:term":[{"taxonomy":"product_brand","embeddable":true,"href":"https:\/\/roboflex.com.br\/en\/wp-json\/wp\/v2\/product_brand?post=27456"},{"taxonomy":"product_cat","embeddable":true,"href":"https:\/\/roboflex.com.br\/en\/wp-json\/wp\/v2\/product_cat?post=27456"},{"taxonomy":"product_tag","embeddable":true,"href":"https:\/\/roboflex.com.br\/en\/wp-json\/wp\/v2\/product_tag?post=27456"}],"curies":[{"name":"wp","href":"https:\/\/api.w.org\/{rel}","templated":true}]}}