{"id":17029,"date":"2024-03-13T15:51:17","date_gmt":"2024-03-13T18:51:17","guid":{"rendered":"https:\/\/lightyellow-zebra-660216.hostingersite.com\/?post_type=product&#038;p=17029"},"modified":"2024-05-15T09:04:20","modified_gmt":"2024-05-15T12:04:20","slug":"suporte-com-base-4-furos-tamanho-b-e-braco-curto","status":"publish","type":"product","link":"https:\/\/roboflex.com.br\/en\/produto\/suporte-com-base-4-furos-tamanho-b-e-braco-curto\/","title":{"rendered":"Suporte com Base 4 Furos Tamanho B e Bra\u00e7o Curto"},"content":{"rendered":"\t\t<div data-elementor-type=\"product-post\" data-elementor-id=\"17029\" class=\"elementor elementor-17029\" data-elementor-post-type=\"product\">\n\t\t\t\t<div class=\"elementor-element elementor-element-0452ccc elementor-hidden-mobile e-flex e-con-boxed e-con e-parent\" data-id=\"0452ccc\" data-element_type=\"container\" data-e-type=\"container\">\n\t\t\t\t\t<div class=\"e-con-inner\">\n\t\t\t\t<div class=\"elementor-element elementor-element-b5bfeef elementor-widget elementor-widget-heading\" data-id=\"b5bfeef\" data-element_type=\"widget\" data-e-type=\"widget\" data-widget_type=\"heading.default\">\n\t\t\t\t<div class=\"elementor-widget-container\">\n\t\t\t\t\t<h2 class=\"elementor-heading-title elementor-size-default\">Complete sua solu\u00e7\u00e3o<\/h2>\t\t\t\t<\/div>\n\t\t\t\t<\/div>\n\t\t\t\t\t<\/div>\n\t\t\t\t<\/div>\n\t\t<div class=\"elementor-element elementor-element-cde5845 elementor-hidden-desktop elementor-hidden-tablet e-flex e-con-boxed e-con e-parent\" data-id=\"cde5845\" data-element_type=\"container\" data-e-type=\"container\">\n\t\t\t\t\t<div class=\"e-con-inner\">\n\t\t\t\t<div class=\"elementor-element elementor-element-4699a92 elementor-widget elementor-widget-heading\" data-id=\"4699a92\" data-element_type=\"widget\" data-e-type=\"widget\" data-widget_type=\"heading.default\">\n\t\t\t\t<div class=\"elementor-widget-container\">\n\t\t\t\t\t<h2 class=\"elementor-heading-title elementor-size-default\">Complete sua solu\u00e7\u00e3o<\/h2>\t\t\t\t<\/div>\n\t\t\t\t<\/div>\n\t\t\t\t\t<\/div>\n\t\t\t\t<\/div>\n\t\t\t\t<\/div>\n\t\t","protected":false},"excerpt":{"rendered":"<ul>\n<li>Solu\u00e7\u00e3o de suporte parafusada, destinada \u00e0 opera\u00e7\u00f5es onde o equipamento ficar\u00e1 em local fixo, sem mobilidade e de f\u00e1cil acesso a todos os usu\u00e1rios.<\/li>\n<li>Inclui duas bases 4 furos e um bra\u00e7o curto com comprimento de 90mm tamanho B (1\u201d).<\/li>\n<li>A tecnologia da esfera em conjunto com o bra\u00e7o permite ajustar o suporte da melhor maneira para a sua opera\u00e7\u00e3o.<\/li>\n<li>Peso do suporte: 260g<\/li>\n<li>Itens inclusos:\n<ul>\n<li>1 Bra\u00e7o curto tamanho B &#8211; BRC040003<\/li>\n<li>2 Bases 4 furos tamanho B &#8211; BSE040007<\/li>\n<\/ul>\n<\/li>\n<\/ul>\n<p hidden=\"Refer\u00eancia: SPT040024\">\n","protected":false},"featured_media":17030,"template":"","meta":{"_acf_changed":false,"site-sidebar-layout":"no-sidebar","site-content-layout":"page-builder","ast-site-content-layout":"full-width-container","site-content-style":"unboxed","site-sidebar-style":"unboxed","ast-global-header-display":"","ast-banner-title-visibility":"","ast-main-header-display":"","ast-hfb-above-header-display":"","ast-hfb-below-header-display":"","ast-hfb-mobile-header-display":"","site-post-title":"disabled","ast-breadcrumbs-content":"","ast-featured-img":"disabled","footer-sml-layout":"","theme-transparent-header-meta":"default","adv-header-id-meta":"","stick-header-meta":"","header-above-stick-meta":"","header-main-stick-meta":"","header-below-stick-meta":"","astra-migrate-meta-layouts":"set","ast-page-background-enabled":"default","ast-page-background-meta":{"desktop":{"background-color":"var(--ast-global-color-4)","background-image":"","background-repeat":"repeat","background-position":"center center","background-size":"auto","background-attachment":"scroll","background-type":"","background-media":"","overlay-type":"","overlay-color":"","overlay-opacity":"","overlay-gradient":""},"tablet":{"background-color":"","background-image":"","background-repeat":"repeat","background-position":"center center","background-size":"auto","background-attachment":"scroll","background-type":"","background-media":"","overlay-type":"","overlay-color":"","overlay-opacity":"","overlay-gradient":""},"mobile":{"background-color":"","background-image":"","background-repeat":"repeat","background-position":"center center","background-size":"auto","background-attachment":"scroll","background-type":"","background-media":"","overlay-type":"","overlay-color":"","overlay-opacity":"","overlay-gradient":""}},"ast-content-background-meta":{"desktop":{"background-color":"var(--ast-global-color-5)","background-image":"","background-repeat":"repeat","background-position":"center center","background-size":"auto","background-attachment":"scroll","background-type":"","background-media":"","overlay-type":"","overlay-color":"","overlay-opacity":"","overlay-gradient":""},"tablet":{"background-color":"var(--ast-global-color-5)","background-image":"","background-repeat":"repeat","background-position":"center center","background-size":"auto","background-attachment":"scroll","background-type":"","background-media":"","overlay-type":"","overlay-color":"","overlay-opacity":"","overlay-gradient":""},"mobile":{"background-color":"var(--ast-global-color-5)","background-image":"","background-repeat":"repeat","background-position":"center center","background-size":"auto","background-attachment":"scroll","background-type":"","background-media":"","overlay-type":"","overlay-color":"","overlay-opacity":"","overlay-gradient":""}}},"product_brand":[],"product_cat":[66,28],"product_tag":[315],"class_list":{"0":"post-17029","1":"product","2":"type-product","3":"status-publish","4":"has-post-thumbnail","6":"product_cat-suporte-completo","7":"product_cat-suportes","8":"product_tag-suportes","9":"desktop-align-left","10":"tablet-align-left","11":"mobile-align-left","13":"first","14":"instock","15":"shipping-taxable","16":"product-type-simple"},"acf":[],"_links":{"self":[{"href":"https:\/\/roboflex.com.br\/en\/wp-json\/wp\/v2\/product\/17029","targetHints":{"allow":["GET"]}}],"collection":[{"href":"https:\/\/roboflex.com.br\/en\/wp-json\/wp\/v2\/product"}],"about":[{"href":"https:\/\/roboflex.com.br\/en\/wp-json\/wp\/v2\/types\/product"}],"version-history":[{"count":0,"href":"https:\/\/roboflex.com.br\/en\/wp-json\/wp\/v2\/product\/17029\/revisions"}],"wp:featuredmedia":[{"embeddable":true,"href":"https:\/\/roboflex.com.br\/en\/wp-json\/wp\/v2\/media\/17030"}],"wp:attachment":[{"href":"https:\/\/roboflex.com.br\/en\/wp-json\/wp\/v2\/media?parent=17029"}],"wp:term":[{"taxonomy":"product_brand","embeddable":true,"href":"https:\/\/roboflex.com.br\/en\/wp-json\/wp\/v2\/product_brand?post=17029"},{"taxonomy":"product_cat","embeddable":true,"href":"https:\/\/roboflex.com.br\/en\/wp-json\/wp\/v2\/product_cat?post=17029"},{"taxonomy":"product_tag","embeddable":true,"href":"https:\/\/roboflex.com.br\/en\/wp-json\/wp\/v2\/product_tag?post=17029"}],"curies":[{"name":"wp","href":"https:\/\/api.w.org\/{rel}","templated":true}]}}