{"id":39677,"date":"2024-07-10T16:57:17","date_gmt":"2024-07-10T19:57:17","guid":{"rendered":"https:\/\/roboflex.com.br\/canal-etica\/"},"modified":"2025-11-24T10:25:03","modified_gmt":"2025-11-24T13:25:03","slug":"canal-etica","status":"publish","type":"page","link":"https:\/\/roboflex.com.br\/en\/canal-etica\/","title":{"rendered":"Ethics Hotline"},"content":{"rendered":"\t\t<div data-elementor-type=\"wp-page\" data-elementor-id=\"39677\" class=\"elementor elementor-39677 elementor-24718\" data-elementor-post-type=\"page\">\n\t\t\t\t<div class=\"elementor-element elementor-element-140e8bb e-flex e-con-boxed e-con e-parent\" data-id=\"140e8bb\" data-element_type=\"container\" data-e-type=\"container\">\n\t\t\t\t\t<div class=\"e-con-inner\">\n\t\t<div class=\"elementor-element elementor-element-5ab52f2 e-con-full e-flex e-con e-child\" data-id=\"5ab52f2\" data-element_type=\"container\" data-e-type=\"container\">\n\t\t\t\t<div class=\"elementor-element elementor-element-02e2713 elementor-position-left elementor-vertical-align-middle elementor-widget elementor-widget-image-box\" data-id=\"02e2713\" data-element_type=\"widget\" data-e-type=\"widget\" data-widget_type=\"image-box.default\">\n\t\t\t\t<div class=\"elementor-widget-container\">\n\t\t\t\t\t<div class=\"elementor-image-box-wrapper\"><figure class=\"elementor-image-box-img\"><img decoding=\"async\" width=\"3\" height=\"72\" src=\"https:\/\/roboflex.com.br\/wp-content\/uploads\/2023\/06\/Detalhe.svg\" class=\"attachment-full size-full wp-image-1576\" alt=\"\" \/><\/figure><div class=\"elementor-image-box-content\"><h2 class=\"elementor-image-box-title\">Bem-vindo ao Canal de \u00c9tica da Roboflex<\/h2><\/div><\/div>\t\t\t\t<\/div>\n\t\t\t\t<\/div>\n\t\t\t\t<div class=\"elementor-element elementor-element-394bea6 elementor-widget elementor-widget-text-editor\" data-id=\"394bea6\" data-element_type=\"widget\" data-e-type=\"widget\" data-widget_type=\"text-editor.default\">\n\t\t\t\t<div class=\"elementor-widget-container\">\n\t\t\t\t\t\t\t\t\t<p class=\"cvGsUA direction-ltr align-start para-style-body\"><span class=\"OYPEnA text-decoration-none text-strikethrough-none\">A Roboflex, orgulha-se de disponibilizar, atrav\u00e9s de suas iniciativas de governan\u00e7a, a Pol\u00edtica de Conduta \u00c9tica. Este documento \u00e9 um pilar essencial para as rela\u00e7\u00f5es profissionais da nossa organiza\u00e7\u00e3o, servindo como guia para comportamentos e pr\u00e1ticas que promovem um ambiente de trabalho respeitoso, transparente e justo.<\/span><\/p>\n<p class=\"cvGsUA direction-ltr align-start para-style-body\"><span class=\"OYPEnA text-decoration-none text-strikethrough-none\">O objetivo deste documento \u00e9 assegurar que todos os colaboradores, diretores, estagi\u00e1rios, clientes, fornecedores, prestadores de servi\u00e7os, representantes e parceiros que pertencem ao ecossistema da institui\u00e7\u00e3o, compreendam e apliquem os princ\u00edpios \u00e9ticos que norteiam nossas a\u00e7\u00f5es, fortalecendo a confian\u00e7a e a colabora\u00e7\u00e3o entre todos os membros. Atrav\u00e9s deste compromisso com a \u00e9tica e a governan\u00e7a, a Roboflex busca n\u00e3o apenas cumprir suas obriga\u00e7\u00f5es legais, mas tamb\u00e9m cultivar uma cultura corporativa que valoriza a integridade e o respeito m\u00fatuo em todas as suas opera\u00e7\u00f5es.<\/span><\/p>\n\t\t\t\t\t\t\t\t<\/div>\n\t\t\t\t<\/div>\n\t\t\t\t<\/div>\n\t\t<div class=\"elementor-element elementor-element-c6f51a8 e-con-full elementor-hidden-mobile e-flex e-con e-child\" data-id=\"c6f51a8\" data-element_type=\"container\" data-e-type=\"container\">\n\t\t\t\t<div class=\"elementor-element elementor-element-26120d5 elementor-widget elementor-widget-button\" data-id=\"26120d5\" data-element_type=\"widget\" data-e-type=\"widget\" data-widget_type=\"button.default\">\n\t\t\t\t<div class=\"elementor-widget-container\">\n\t\t\t\t\t\t\t\t\t<div class=\"elementor-button-wrapper\">\n\t\t\t\t\t<a class=\"elementor-button elementor-button-link elementor-size-sm\" href=\"https:\/\/roboflex.com.br\/wp-content\/uploads\/2025\/11\/Politica-de-Conduta-Etica-Roboflex-2025-v1.pdf\">\n\t\t\t\t\t\t<span class=\"elementor-button-content-wrapper\">\n\t\t\t\t\t\t<span class=\"elementor-button-icon\">\n\t\t\t\t<i aria-hidden=\"true\" class=\"far fa-file-alt\"><\/i>\t\t\t<\/span>\n\t\t\t\t\t\t\t\t\t<span class=\"elementor-button-text\">Acesse nossa Pol\u00edtica de Conduta \u00c9tica<\/span>\n\t\t\t\t\t<\/span>\n\t\t\t\t\t<\/a>\n\t\t\t\t<\/div>\n\t\t\t\t\t\t\t\t<\/div>\n\t\t\t\t<\/div>\n\t\t\t\t<div class=\"elementor-element elementor-element-4d5e4ed elementor-widget elementor-widget-text-editor\" data-id=\"4d5e4ed\" data-element_type=\"widget\" data-e-type=\"widget\" data-widget_type=\"text-editor.default\">\n\t\t\t\t<div class=\"elementor-widget-container\">\n\t\t\t\t\t\t\t\t\t<p style=\"text-align: center;\"><span class=\"OYPEnA text-decoration-none text-strikethrough-none\">Aqui, voc\u00ea encontra um documento importante para baixar e entender melhor nossas diretrizes e pol\u00edticas<\/span><\/p>\n\t\t\t\t\t\t\t\t<\/div>\n\t\t\t\t<\/div>\n\t\t\t\t<\/div>\n\t\t<div class=\"elementor-element elementor-element-282ce33 e-con-full elementor-hidden-desktop elementor-hidden-tablet e-flex e-con e-child\" data-id=\"282ce33\" data-element_type=\"container\" data-e-type=\"container\">\n\t\t\t\t<div class=\"elementor-element elementor-element-d4a46c7 elementor-widget-mobile__width-initial elementor-widget elementor-widget-button\" data-id=\"d4a46c7\" data-element_type=\"widget\" data-e-type=\"widget\" data-widget_type=\"button.default\">\n\t\t\t\t<div class=\"elementor-widget-container\">\n\t\t\t\t\t\t\t\t\t<div class=\"elementor-button-wrapper\">\n\t\t\t\t\t<a class=\"elementor-button elementor-button-link elementor-size-sm\" href=\"https:\/\/roboflex.com.br\/wp-content\/uploads\/2025\/11\/Politica-de-Conduta-Etica-Roboflex-2025-v1.pdf\">\n\t\t\t\t\t\t<span class=\"elementor-button-content-wrapper\">\n\t\t\t\t\t\t<span class=\"elementor-button-icon\">\n\t\t\t\t<i aria-hidden=\"true\" class=\"far fa-file-alt\"><\/i>\t\t\t<\/span>\n\t\t\t\t\t\t\t\t\t<span class=\"elementor-button-text\">Acesse nossa Pol\u00edtica de Conduta \u00c9tica<\/span>\n\t\t\t\t\t<\/span>\n\t\t\t\t\t<\/a>\n\t\t\t\t<\/div>\n\t\t\t\t\t\t\t\t<\/div>\n\t\t\t\t<\/div>\n\t\t\t\t<div class=\"elementor-element elementor-element-0934c3e elementor-widget elementor-widget-text-editor\" data-id=\"0934c3e\" data-element_type=\"widget\" data-e-type=\"widget\" data-widget_type=\"text-editor.default\">\n\t\t\t\t<div class=\"elementor-widget-container\">\n\t\t\t\t\t\t\t\t\t<p style=\"text-align: center;\"><span class=\"OYPEnA text-decoration-none text-strikethrough-none\">Aqui, voc\u00ea encontra um documento importante para baixar e entender melhor nossas diretrizes e pol\u00edticas<\/span><\/p>\n\t\t\t\t\t\t\t\t<\/div>\n\t\t\t\t<\/div>\n\t\t\t\t<\/div>\n\t\t\t\t\t<\/div>\n\t\t\t\t<\/div>\n\t\t<div class=\"elementor-element elementor-element-96f67f4 e-flex e-con-boxed e-con e-parent\" data-id=\"96f67f4\" data-element_type=\"container\" data-e-type=\"container\">\n\t\t\t\t\t<div class=\"e-con-inner\">\n\t\t\t\t<div class=\"elementor-element elementor-element-11568b7 elementor-widget elementor-widget-heading\" data-id=\"11568b7\" data-element_type=\"widget\" data-e-type=\"widget\" data-widget_type=\"heading.default\">\n\t\t\t\t<div class=\"elementor-widget-container\">\n\t\t\t\t\t<h3 class=\"elementor-heading-title elementor-size-default\">Como funciona nosso Canal de \u00c9tica<\/h3>\t\t\t\t<\/div>\n\t\t\t\t<\/div>\n\t\t\t\t<div class=\"elementor-element elementor-element-07fd76e elementor-widget elementor-widget-text-editor\" data-id=\"07fd76e\" data-element_type=\"widget\" data-e-type=\"widget\" data-widget_type=\"text-editor.default\">\n\t\t\t\t<div class=\"elementor-widget-container\">\n\t\t\t\t\t\t\t\t\t<p style=\"text-align: center;\"><span class=\"OYPEnA text-decoration-none text-strikethrough-none\">Este \u00e9 um canal para comunica\u00e7\u00e3o <\/span><strong><span class=\"OYPEnA text-decoration-none text-strikethrough-none\">segura<\/span><\/strong><span class=\"OYPEnA text-decoration-none text-strikethrough-none\"> e <\/span><strong><span class=\"OYPEnA text-decoration-none text-strikethrough-none\">sigilosa<\/span><\/strong><span class=\"OYPEnA text-decoration-none text-strikethrough-none\">, que pode ser usado de forma <\/span><strong><span class=\"OYPEnA text-decoration-none text-strikethrough-none\">an\u00f4nima <\/span><\/strong><span class=\"OYPEnA text-decoration-none text-strikethrough-none\">ou <\/span><strong><span class=\"OYPEnA text-decoration-none text-strikethrough-none\">identificada<\/span><\/strong><span class=\"OYPEnA text-decoration-none text-strikethrough-none\">, para relatar <\/span><strong><span class=\"OYPEnA text-decoration-none text-strikethrough-none\">eventuais fatos<\/span><\/strong><span class=\"OYPEnA text-decoration-none text-strikethrough-none\"> que tenham ocorrido, com voc\u00ea ou terceiros e que estejam em <\/span><span class=\"OYPEnA text-decoration-none text-strikethrough-none\"><strong>desacordo<\/strong> com a nossa <strong>Pol\u00edtica de Conduta \u00c9tica<\/strong><\/span><span class=\"OYPEnA text-decoration-none text-strikethrough-none\">.<\/span><\/p>\n\t\t\t\t\t\t\t\t<\/div>\n\t\t\t\t<\/div>\n\t\t\t\t<div class=\"elementor-element elementor-element-c089fb4 elementor-widget elementor-widget-image\" data-id=\"c089fb4\" data-element_type=\"widget\" data-e-type=\"widget\" data-widget_type=\"image.default\">\n\t\t\t\t<div class=\"elementor-widget-container\">\n\t\t\t\t\t\t\t\t\t\t\t\t\t\t\t<img fetchpriority=\"high\" decoding=\"async\" width=\"768\" height=\"126\" src=\"https:\/\/roboflex.com.br\/wp-content\/uploads\/2024\/07\/relato-768x126.webp\" class=\"attachment-medium_large size-medium_large wp-image-24767\" alt=\"\" srcset=\"https:\/\/roboflex.com.br\/wp-content\/uploads\/2024\/07\/relato-768x126.webp 768w, https:\/\/roboflex.com.br\/wp-content\/uploads\/2024\/07\/relato-300x49.webp 300w, https:\/\/roboflex.com.br\/wp-content\/uploads\/2024\/07\/relato-1024x169.webp 1024w, https:\/\/roboflex.com.br\/wp-content\/uploads\/2024\/07\/relato-1536x253.webp 1536w, https:\/\/roboflex.com.br\/wp-content\/uploads\/2024\/07\/relato-500x82.webp 500w, https:\/\/roboflex.com.br\/wp-content\/uploads\/2024\/07\/relato.webp 1920w\" sizes=\"(max-width: 768px) 100vw, 768px\" \/>\t\t\t\t\t\t\t\t\t\t\t\t\t\t\t<\/div>\n\t\t\t\t<\/div>\n\t\t\t\t<div class=\"elementor-element elementor-element-f4d0f1f elementor-widget elementor-widget-text-editor\" data-id=\"f4d0f1f\" data-element_type=\"widget\" data-e-type=\"widget\" data-widget_type=\"text-editor.default\">\n\t\t\t\t<div class=\"elementor-widget-container\">\n\t\t\t\t\t\t\t\t\t<p style=\"text-align: center;\"><span class=\"OYPEnA text-decoration-none text-strikethrough-none\">Voc\u00ea pode enviar um relato atrav\u00e9s do formul\u00e1rio no bot\u00e3o abaixo e o mesmo ser\u00e1 direcionado ao\u00a0Coordenador de RH ou Coordenador de Compliance<\/span><\/p>\n\t\t\t\t\t\t\t\t<\/div>\n\t\t\t\t<\/div>\n\t\t\t\t<div class=\"elementor-element elementor-element-ddb5a12 elementor-align-center elementor-widget elementor-widget-button\" data-id=\"ddb5a12\" data-element_type=\"widget\" data-e-type=\"widget\" data-widget_type=\"button.default\">\n\t\t\t\t<div class=\"elementor-widget-container\">\n\t\t\t\t\t\t\t\t\t<div class=\"elementor-button-wrapper\">\n\t\t\t\t\t<a class=\"elementor-button elementor-button-link elementor-size-sm\" href=\"https:\/\/roboflex.com.br\/en\/canal-etica-relato\/\">\n\t\t\t\t\t\t<span class=\"elementor-button-content-wrapper\">\n\t\t\t\t\t\t\t\t\t<span class=\"elementor-button-text\">Enviar relato<\/span>\n\t\t\t\t\t<\/span>\n\t\t\t\t\t<\/a>\n\t\t\t\t<\/div>\n\t\t\t\t\t\t\t\t<\/div>\n\t\t\t\t<\/div>\n\t\t\t\t\t<\/div>\n\t\t\t\t<\/div>\n\t\t<div class=\"elementor-element elementor-element-7090c26 e-flex e-con-boxed e-con e-parent\" data-id=\"7090c26\" data-element_type=\"container\" data-e-type=\"container\">\n\t\t\t\t\t<div class=\"e-con-inner\">\n\t\t<div class=\"elementor-element elementor-element-0c0b73f e-con-full e-flex e-con e-child\" data-id=\"0c0b73f\" data-element_type=\"container\" data-e-type=\"container\">\n\t\t\t\t<\/div>\n\t\t\t\t\t<\/div>\n\t\t\t\t<\/div>\n\t\t\t\t<\/div>\n\t\t","protected":false},"excerpt":{"rendered":"<p>Bem-vindo ao Canal de \u00c9tica da Roboflex A Roboflex, orgulha-se de disponibilizar, atrav\u00e9s de suas iniciativas de governan\u00e7a, a Pol\u00edtica de Conduta \u00c9tica. Este documento \u00e9 um pilar essencial para as rela\u00e7\u00f5es profissionais da nossa organiza\u00e7\u00e3o, servindo como guia para comportamentos e pr\u00e1ticas que promovem um ambiente de trabalho respeitoso, transparente e justo. O objetivo [&hellip;]<\/p>\n","protected":false},"author":10,"featured_media":24805,"parent":0,"menu_order":0,"comment_status":"closed","ping_status":"closed","template":"","meta":{"_acf_changed":false,"site-sidebar-layout":"no-sidebar","site-content-layout":"page-builder","ast-site-content-layout":"full-width-container","site-content-style":"unboxed","site-sidebar-style":"unboxed","ast-global-header-display":"","ast-banner-title-visibility":"","ast-main-header-display":"","ast-hfb-above-header-display":"","ast-hfb-below-header-display":"","ast-hfb-mobile-header-display":"","site-post-title":"disabled","ast-breadcrumbs-content":"","ast-featured-img":"disabled","footer-sml-layout":"","theme-transparent-header-meta":"default","adv-header-id-meta":"","stick-header-meta":"","header-above-stick-meta":"","header-main-stick-meta":"","header-below-stick-meta":"","astra-migrate-meta-layouts":"set","ast-page-background-enabled":"default","ast-page-background-meta":{"desktop":{"background-color":"var(--ast-global-color-4)","background-image":"","background-repeat":"repeat","background-position":"center center","background-size":"auto","background-attachment":"scroll","background-type":"","background-media":"","overlay-type":"","overlay-color":"","overlay-opacity":"","overlay-gradient":""},"tablet":{"background-color":"","background-image":"","background-repeat":"repeat","background-position":"center center","background-size":"auto","background-attachment":"scroll","background-type":"","background-media":"","overlay-type":"","overlay-color":"","overlay-opacity":"","overlay-gradient":""},"mobile":{"background-color":"","background-image":"","background-repeat":"repeat","background-position":"center center","background-size":"auto","background-attachment":"scroll","background-type":"","background-media":"","overlay-type":"","overlay-color":"","overlay-opacity":"","overlay-gradient":""}},"ast-content-background-meta":{"desktop":{"background-color":"var(--ast-global-color-5)","background-image":"","background-repeat":"repeat","background-position":"center center","background-size":"auto","background-attachment":"scroll","background-type":"","background-media":"","overlay-type":"","overlay-color":"","overlay-opacity":"","overlay-gradient":""},"tablet":{"background-color":"var(--ast-global-color-5)","background-image":"","background-repeat":"repeat","background-position":"center center","background-size":"auto","background-attachment":"scroll","background-type":"","background-media":"","overlay-type":"","overlay-color":"","overlay-opacity":"","overlay-gradient":""},"mobile":{"background-color":"var(--ast-global-color-5)","background-image":"","background-repeat":"repeat","background-position":"center center","background-size":"auto","background-attachment":"scroll","background-type":"","background-media":"","overlay-type":"","overlay-color":"","overlay-opacity":"","overlay-gradient":""}},"footnotes":""},"class_list":["post-39677","page","type-page","status-publish","has-post-thumbnail","hentry"],"acf":[],"_links":{"self":[{"href":"https:\/\/roboflex.com.br\/en\/wp-json\/wp\/v2\/pages\/39677","targetHints":{"allow":["GET"]}}],"collection":[{"href":"https:\/\/roboflex.com.br\/en\/wp-json\/wp\/v2\/pages"}],"about":[{"href":"https:\/\/roboflex.com.br\/en\/wp-json\/wp\/v2\/types\/page"}],"author":[{"embeddable":true,"href":"https:\/\/roboflex.com.br\/en\/wp-json\/wp\/v2\/users\/10"}],"replies":[{"embeddable":true,"href":"https:\/\/roboflex.com.br\/en\/wp-json\/wp\/v2\/comments?post=39677"}],"version-history":[{"count":2,"href":"https:\/\/roboflex.com.br\/en\/wp-json\/wp\/v2\/pages\/39677\/revisions"}],"predecessor-version":[{"id":39685,"href":"https:\/\/roboflex.com.br\/en\/wp-json\/wp\/v2\/pages\/39677\/revisions\/39685"}],"wp:featuredmedia":[{"embeddable":true,"href":"https:\/\/roboflex.com.br\/en\/wp-json\/wp\/v2\/media\/24805"}],"wp:attachment":[{"href":"https:\/\/roboflex.com.br\/en\/wp-json\/wp\/v2\/media?parent=39677"}],"curies":[{"name":"wp","href":"https:\/\/api.w.org\/{rel}","templated":true}]}}